{"id":28720,"date":"2020-08-16T20:34:56","date_gmt":"2020-08-16T18:34:56","guid":{"rendered":"https:\/\/rebotherm.de\/calentamiento-por-infrarrojos-con-carbon\/"},"modified":"2026-02-27T17:09:01","modified_gmt":"2026-02-27T16:09:01","slug":"calentamiento-por-infrarrojos-con-carbon","status":"publish","type":"page","link":"https:\/\/rebotherm.de\/es\/calentamiento-por-infrarrojos-con-carbon\/","title":{"rendered":"Calentamiento por infrarrojos con carb\u00f3n"},"content":{"rendered":"<p><div class=\"et_d4_element et_pb_section et_pb_section_0 et_pb_section_parallax et_pb_with_background  et_pb_css_mix_blend_mode et_section_regular section_has_divider et_pb_bottom_divider et_block_section\" >\n\t\t\t\t\n\t\t\t\t<span class=\"et_parallax_bg_wrap et-pb-parallax-wrapper\"><span\n\t\t\t\t\t\tclass=\"et_parallax_bg et_pb_parallax_css et_parallax_bg_phone et_parallax_bg_phone--et_pb_section_0\"\n\t\t\t\t\t\tstyle=\"background-image: url(https:\/\/rebotherm.de\/wp-content\/uploads\/2024\/05\/infrarotheizung-mit-carbon-rebotherm.jpg);\"\n\t\t\t\t\t><\/span><\/span>\n\t\t\t\t\n\t\t\t\t\n\t\t\t\t\n\t\t\t\t\n\t\t\t\t<div class=\"et_d4_element et_pb_row et_pb_row_0  et_pb_css_mix_blend_mode et_block_row\">\n\t\t\t\t<div class=\"et_d4_element et_pb_column_1_2 et_pb_column et_pb_column_0  et_pb_css_mix_blend_mode et_block_column\">\n\t\t\t\t\n\t\t\t\t\n\t\t\t\t\n\t\t\t\t\n\t\t\t\t<div class=\"et_pb_module et_d4_element et_pb_text et_pb_text_0  et_pb_text_align_center et_pb_bg_layout_dark\">\n\t\t\t\t\n\t\t\t\t\n\t\t\t\t\n\t\t\t\t\n\t\t\t\t<div class=\"et_pb_text_inner\"><h1 style=\"text-align: left;\">Confort con calefacci\u00f3n por infrarrojos<\/h1><\/div>\n\t\t\t<\/div><div class=\"et_pb_module et_d4_element et_pb_text et_pb_text_1  et_pb_text_align_center et_pb_bg_layout_dark\">\n\t\t\t\t\n\t\t\t\t\n\t\t\t\t\n\t\t\t\t\n\t\t\t\t<div class=\"et_pb_text_inner\"><p style=\"text-align: left;\">\u00bfConoces ya nuestra calefacci\u00f3n de carbono?<\/p><\/div>\n\t\t\t<\/div><div class=\"et_pb_button_module_wrapper et_pb_button_0_wrapper et_pb_button_alignment_left et_pb_module \">\n\t\t\t\t<a class=\"et_pb_button et_d4_element et_pb_button_0 et_pb_bg_layout_dark et_block_module\" href=\"https:\/\/rebotherm.de\/es\/consulta-sobre-el-proyecto\/\" target=\"_blank\">Consulta no vinculante<\/a>\n\t\t\t<\/div>\n\t\t\t<\/div><div class=\"et_d4_element et_pb_column_1_2 et_pb_column et_pb_column_1  et_pb_css_mix_blend_mode et-last-child et_block_column et_pb_column_empty\">\n\t\t\t\t\n\t\t\t\t\n\t\t\t\t\n\t\t\t\t\n\t\t\t\t\n\t\t\t<\/div>\n\t\t\t\t\n\t\t\t\t\n\t\t\t\t\n\t\t\t\t\n\t\t\t<\/div>\n\t\t\t\t\n\t\t\t\t<div class=\"et_pb_bottom_inside_divider et-no-transition\"><\/div>\n\t\t\t<\/div><div class=\"et_d4_element et_pb_section et_pb_section_1 et_pb_with_background  et_pb_css_mix_blend_mode et_section_regular et_block_section\" >\n\t\t\t\t\n\t\t\t\t\n\t\t\t\t\n\t\t\t\t\n\t\t\t\t\n\t\t\t\t\n\t\t\t\t<div class=\"et_d4_element et_pb_row et_pb_row_1  et_pb_css_mix_blend_mode et_block_row\">\n\t\t\t\t<div class=\"et_d4_element et_pb_column_4_4 et_pb_column et_pb_column_2  et_pb_css_mix_blend_mode et-last-child et_block_column\">\n\t\t\t\t\n\t\t\t\t\n\t\t\t\t\n\t\t\t\t\n\t\t\t\t<div class=\"et_pb_module et_d4_element et_pb_text et_pb_text_2  et_pb_text_align_left et_pb_bg_layout_light\">\n\t\t\t\t\n\t\t\t\t\n\t\t\t\t\n\t\t\t\t\n\t\t\t\t<div class=\"et_pb_text_inner\"><h2>Calefacci\u00f3n por infrarrojos con carbono: el nuevo sistema de calefacci\u00f3n<\/h2>\n<p>Si vas a construir una casa nueva, quieres sustituir el viejo sistema de calefacci\u00f3n de tu vivienda o incluso necesitas renovarlo, surge la pregunta de qu\u00e9 tipo de calefacci\u00f3n es el m\u00e1s adecuado. La mejor soluci\u00f3n es un sistema de calefacci\u00f3n que no perjudique al clima ni a nuestro medio ambiente. Por tanto, \u00a1los sistemas de calefacci\u00f3n de gas o incluso de gas\u00f3leo ya no est\u00e1n al d\u00eda! Las bombas de calor el\u00e9ctricas se instalan muy a menudo como alternativa. Los precios de una bomba de calor suelen ser muy elevados. Hay que instalar radiadores y tuber\u00edas, as\u00ed como un acumulador de agua caliente. Todo esto es muy costoso y adem\u00e1s requiere unos gastos de mantenimiento considerables a lo largo de los a\u00f1os. La calefacci\u00f3n por infrarrojos con carb\u00f3n es una opci\u00f3n muy econ\u00f3mica. Los calefactores de infrarrojos tienen muchas ventajas y son la mejor alternativa posible a los sistemas de calefacci\u00f3n convencionales.<\/p>\n<p>Los calefactores de infrarrojos con carb\u00f3n no s\u00f3lo son mucho m\u00e1s baratos de comprar que otros sistemas de calefacci\u00f3n, sino que tambi\u00e9n se pueden instalar de forma invisible como calefacci\u00f3n de techo o en la pared, ahorrando as\u00ed mucho espacio. A continuaci\u00f3n encontrar\u00e1s toda la informaci\u00f3n importante sobre la calefacci\u00f3n radiante por infrarrojos de carbono: \u00a1el mejor de los sistemas de calefacci\u00f3n para tu casa o piso!<\/p>\n<h3>Calefacci\u00f3n por infrarrojos y c\u00f3mo funciona.<\/h3>\n<p>La calefacci\u00f3n por infrarrojos con carb\u00f3n es una calefacci\u00f3n radiante, lo que significa que s\u00f3lo calienta las superficies de las habitaciones, es decir, todas las paredes, suelos, muebles y personas en el rango de radiaci\u00f3n de cuatro a seis metros. Es precisamente este principio el que hace que la calefacci\u00f3n por infrarrojos sea tan popular. La distribuci\u00f3n uniforme del calor a las superficies de la habitaci\u00f3n crea un clima especialmente saludable. El calor no se desplaza por la habitaci\u00f3n, sino que es emitido continuamente por las superficies circundantes. Los sistemas de calefacci\u00f3n convencionales suelen calentar por convecci\u00f3n, lo que significa que calientan el aire de la habitaci\u00f3n. El aire caliente de la sala se pone en movimiento, lo que hace que se arremoline el polvo.<\/p>\n<p>Este efecto, que tambi\u00e9n puede ser perjudicial para la salud y hace que el aire sea muy seco, no se produce con los calefactores radiantes de infrarrojos. Pero, \u00bfqu\u00e9 m\u00e1s puede hacer la calefacci\u00f3n por infrarrojos con carbono? Este sistema de calentamiento puede ser beneficioso para tu salud: Como los rayos infrarrojos penetran profundamente en la piel, se refuerza el sistema inmunitario y se favorece la relajaci\u00f3n muscular. En el caso de enfermedades como la artrosis o el reumatismo, los calentadores de infrarrojos pueden tener un efecto analg\u00e9sico con su agradable calor.<\/p><\/div>\n\t\t\t<\/div><div class=\"et_pb_module et_d4_element et_pb_text et_pb_text_3  et_pb_text_align_left et_pb_bg_layout_light\">\n\t\t\t\t\n\t\t\t\t\n\t\t\t\t\n\t\t\t\t\n\t\t\t\t<div class=\"et_pb_text_inner\"><h2 data-start=\"139\" data-end=\"206\">\u00bfCu\u00e1nto cuesta un calentador de carb\u00f3n y cu\u00e1l es su consumo?<\/h2>\n<p data-start=\"208\" data-end=\"457\"><strong data-start=\"212\" data-end=\"230\">La calefacci\u00f3n de carbono<\/strong> es uno de los sistemas de calefacci\u00f3n m\u00e1s modernos y eficientes de nuestro tiempo. Combina el innovador <strong data-start=\"328\" data-end=\"345\">calor infrarrojo<\/strong> con un consumo m\u00ednimo de energ\u00eda y garantiza as\u00ed un clima interior acogedor con unos costes de calefacci\u00f3n significativamente menores. <\/p>\n<h3 data-start=\"459\" data-end=\"504\">Costes de adquisici\u00f3n de un calentador de carbono<\/h3>\n<p data-start=\"505\" data-end=\"755\">En comparaci\u00f3n con los sistemas de calefacci\u00f3n convencionales, <strong data-start=\"556\" data-end=\"574\">la calefacci\u00f3n de carbono<\/strong> no s\u00f3lo ahorra espacio, sino que su adquisici\u00f3n es especialmente favorable. Dependiendo del tama\u00f1o y el \u00e1rea de aplicaci\u00f3n, los precios empiezan en atractivas soluciones b\u00e1sicas. <\/p>\n<h3 data-start=\"757\" data-end=\"784\">Consumo y eficiencia<\/h3>\n<p data-start=\"785\" data-end=\"1081\">Gracias a la tecnolog\u00eda de carbono m\u00e1s avanzada, el calefactor es extremadamente eficiente desde el punto de vista energ\u00e9tico. El <strong data-start=\"876\" data-end=\"893\">calor infrarrojo<\/strong> generado se emite directamente a las personas, las paredes y los muebles, sin p\u00e9rdidas innecesarias de calor a trav\u00e9s del aire de la habitaci\u00f3n. Esto te ahorra energ\u00eda a largo plazo y puede <strong data-start=\"1048\" data-end=\"1078\">reducir significativamente<\/strong> tus <strong data-start=\"1048\" data-end=\"1078\">gastos de calefacci\u00f3n<\/strong>.  <\/p>\n<h3 data-start=\"1083\" data-end=\"1114\">Las ventajas de un vistazo:<\/h3>\n<ul data-start=\"1115\" data-end=\"1311\">\n<li data-start=\"1115\" data-end=\"1148\">\n<p data-start=\"1117\" data-end=\"1148\">\u2705 Bajos costes de adquisici\u00f3n<\/p>\n<\/li>\n<li data-start=\"1149\" data-end=\"1178\">\n<p data-start=\"1151\" data-end=\"1178\">\u2705 Bajo consumo de energ\u00eda<\/p>\n<\/li>\n<li data-start=\"1179\" data-end=\"1233\">\n<p data-start=\"1181\" data-end=\"1233\">\u2705 Clima interior saludable gracias al agradable calor infrarrojo<\/p>\n<\/li>\n<li data-start=\"1234\" data-end=\"1275\">\n<p data-start=\"1236\" data-end=\"1275\">\u2705 Ideal como calefacci\u00f3n principal o auxiliar<\/p>\n<\/li>\n<li data-start=\"1276\" data-end=\"1311\">\n<p data-start=\"1278\" data-end=\"1311\">\u2705 Sostenible y respetuoso con el medio ambiente<\/p>\n<\/li>\n<\/ul>\n<p data-start=\"1313\" data-end=\"1386\">\ud83d\udc49 <strong data-start=\"1316\" data-end=\"1384\">[<a href=\"https:\/\/rebotherm.de\/es\/calculadora-de-necesidades-de-calefaccion\/\">Inf\u00f3rmate ahora sobre los costes y el consumo de la calefacci\u00f3n de carbono]<\/a>.<\/strong><\/p><\/div>\n\t\t\t<\/div>\n\t\t\t<\/div>\n\t\t\t\t\n\t\t\t\t\n\t\t\t\t\n\t\t\t\t\n\t\t\t<\/div>\n\t\t\t\t\n\t\t\t\t\n\t\t\t<\/div><div class=\"et_d4_element et_pb_section et_pb_section_2 et_pb_with_background  et_pb_css_mix_blend_mode et_section_regular section_has_divider et_pb_bottom_divider et_pb_top_divider et_block_section\" >\n\t\t\t\t<div class=\"et_pb_top_inside_divider et-no-transition\"><\/div>\n\t\t\t\t\n\t\t\t\t\n\t\t\t\t\n\t\t\t\t\n\t\t\t\t\n\t\t\t\t<div class=\"et_d4_element et_pb_row et_pb_row_2  et_pb_css_mix_blend_mode et_block_row\">\n\t\t\t\t<div class=\"et_d4_element et_pb_column_4_4 et_pb_column et_pb_column_3  et_pb_css_mix_blend_mode et-last-child et_block_column\">\n\t\t\t\t\n\t\t\t\t\n\t\t\t\t\n\t\t\t\t\n\t\t\t\t<div class=\"et_pb_module et_d4_element et_pb_text et_pb_text_4  et_pb_text_align_left et_pb_bg_layout_light\">\n\t\t\t\t\n\t\t\t\t\n\t\t\t\t\n\t\t\t\t\n\t\t\t\t<div class=\"et_pb_text_inner\"><h4 style=\"text-align: center;\">\u00bfQu\u00e9 tipos de calentadores de infrarrojos hay?<\/h4><\/div>\n\t\t\t<\/div>\n\t\t\t<\/div>\n\t\t\t\t\n\t\t\t\t\n\t\t\t\t\n\t\t\t\t\n\t\t\t<\/div><div class=\"et_d4_element et_pb_row et_pb_row_3  et_pb_css_mix_blend_mode et_block_row\">\n\t\t\t\t<div class=\"et_d4_element et_pb_column_1_2 et_pb_column et_pb_column_4  et_pb_css_mix_blend_mode et_block_column\">\n\t\t\t\t\n\t\t\t\t\n\t\t\t\t\n\t\t\t\t\n\t\t\t\t<div class=\"et_pb_module et_d4_element et_pb_image et_pb_image_0\">\n\t\t\t\t\n\t\t\t\t\n\t\t\t\t\n\t\t\t\t\n\t\t\t\t<span class=\"et_pb_image_wrap has-box-shadow-overlay\"><div class=\"box-shadow-overlay\"><\/div><img decoding=\"async\" width=\"1920\" height=\"2560\" src=\"https:\/\/rebotherm.de\/wp-content\/uploads\/2024\/05\/heizfarbe-bei-der-badrenovierung.jpg\" alt=\"Pintura calefactora para la renovaci\u00f3n del ba\u00f1o\" title=\"calefacci\u00f3n-pintura-para-la-renovaci\u00f3n-del-ba\u00f1o\" srcset=\"https:\/\/rebotherm.de\/wp-content\/uploads\/2024\/05\/heizfarbe-bei-der-badrenovierung.jpg 1920w, https:\/\/rebotherm.de\/wp-content\/uploads\/2024\/05\/heizfarbe-bei-der-badrenovierung-1280x1707.jpg 1280w, https:\/\/rebotherm.de\/wp-content\/uploads\/2024\/05\/heizfarbe-bei-der-badrenovierung-980x1307.jpg 980w, https:\/\/rebotherm.de\/wp-content\/uploads\/2024\/05\/heizfarbe-bei-der-badrenovierung-480x640.jpg 480w\" sizes=\"(min-width: 0px) and (max-width: 480px) 480px, (min-width: 481px) and (max-width: 980px) 980px, (min-width: 981px) and (max-width: 1280px) 1280px, (min-width: 1281px) 1920px, 100vw\" class=\"wp-image-27471\" \/><\/span>\n\t\t\t<\/div><div class=\"et_pb_module et_d4_element et_pb_text et_pb_text_5  et_pb_text_align_left et_pb_bg_layout_light\">\n\t\t\t\t\n\t\t\t\t\n\t\t\t\t\n\t\t\t\t\n\t\t\t\t<div class=\"et_pb_text_inner\"><p style=\"text-align: center;\"><em>Nota: La imagen muestra una capa de calentamiento mientras se aplica. M\u00e1s tarde no habr\u00e1 ni rastro de esto.<\/em><\/p><\/div>\n\t\t\t<\/div><div class=\"et_pb_module et_d4_element et_pb_text et_pb_text_6  et_pb_text_align_left et_pb_bg_layout_light\">\n\t\t\t\t\n\t\t\t\t\n\t\t\t\t\n\t\t\t\t\n\t\t\t\t<div class=\"et_pb_text_inner\"><p><strong>Calefacci\u00f3n por paneles de infrarrojos con revestimiento t\u00e9rmico de carbono,<\/strong> como calefacci\u00f3n de techo. Aqu\u00ed, la superficie calefactora con pintura calefactora de carbono se aplica sobre una gran superficie del techo con un rodillo de pintura. Como el color de la calefacci\u00f3n se puede cubrir con casi cualquier material, \u00a1la calefacci\u00f3n es invisible!<\/p><\/div>\n\t\t\t<\/div>\n\t\t\t<\/div><div class=\"et_d4_element et_pb_column_1_2 et_pb_column et_pb_column_5  et_pb_css_mix_blend_mode et-last-child et_block_column\">\n\t\t\t\t\n\t\t\t\t\n\t\t\t\t\n\t\t\t\t\n\t\t\t\t<div class=\"et_pb_module et_d4_element et_pb_image et_pb_image_1\">\n\t\t\t\t\n\t\t\t\t\n\t\t\t\t\n\t\t\t\t\n\t\t\t\t<span class=\"et_pb_image_wrap \"><img decoding=\"async\" width=\"400\" height=\"600\" src=\"https:\/\/rebotherm.de\/wp-content\/uploads\/2024\/05\/carbon-heizpaneel-in-fermacellplatte-1.png\" alt=\"Panel calefactor de carbono con placa Fermacell para calefacci\u00f3n de paredes y techos\" title=\"panel calefactor de carbono en tablero fermacell\" srcset=\"https:\/\/rebotherm.de\/wp-content\/uploads\/2024\/05\/carbon-heizpaneel-in-fermacellplatte-1.png 400w, https:\/\/rebotherm.de\/wp-content\/uploads\/2024\/05\/carbon-heizpaneel-in-fermacellplatte-1-200x300.png 200w, https:\/\/rebotherm.de\/wp-content\/uploads\/2024\/05\/carbon-heizpaneel-in-fermacellplatte-1-100x150.png 100w\" sizes=\"(max-width: 400px) 100vw, 400px\" class=\"wp-image-27482\" \/><\/span>\n\t\t\t<\/div><div class=\"et_pb_module et_d4_element et_pb_text et_pb_text_7  et_pb_text_align_left et_pb_bg_layout_light\">\n\t\t\t\t\n\t\t\t\t\n\t\t\t\t\n\t\t\t\t\n\t\t\t\t<div class=\"et_pb_text_inner\"><p style=\"text-align: center;\"><em>Nota: La imagen muestra un panel calefactor de fibra de carbono que no ser\u00e1 visible en tu entorno vital.<\/em><\/p><\/div>\n\t\t\t<\/div><div class=\"et_pb_module et_d4_element et_pb_text et_pb_text_8  et_pb_text_align_left et_pb_bg_layout_light\">\n\t\t\t\t\n\t\t\t\t\n\t\t\t\t\n\t\t\t\t\n\t\t\t\t<div class=\"et_pb_text_inner\"><p><strong>Los paneles calefactores de carbono por infrarrojos<\/strong> - Se trata de un panel portante <b>Fermacell<\/b> con un grosor de 10 o 12,5 mm. Los paneles est\u00e1ndar de 1,5 m\u00b2 est\u00e1n recubiertos de una l\u00e1mina calefactora de carbono y emiten un 100 % de calor infrarrojo. El panel calefactor es una soluci\u00f3n r\u00e1pida para suministrar r\u00e1pidamente calor a habitaciones que se utilizan poco.   S\u00f3lo tienes que colgarlo en la pared como si fuera un cuadro, encenderlo y \u00a1disfrutar del agradable calor radiante! Tambi\u00e9n es ideal para calentar invernaderos o s\u00f3tanos. <a href=\"https:\/\/rebotherm.de\/carbon-heizung-mit-fermacellplatte\/\" target=\"_blank\" rel=\"noopener noreferrer\">Pide calor r\u00e1pido aqu\u00ed:<\/a> <\/p><\/div>\n\t\t\t<\/div>\n\t\t\t<\/div>\n\t\t\t\t\n\t\t\t\t\n\t\t\t\t\n\t\t\t\t\n\t\t\t<\/div><div class=\"et_d4_element et_pb_row et_pb_row_4  et_pb_css_mix_blend_mode et_block_row\">\n\t\t\t\t<div class=\"et_d4_element et_pb_column_4_4 et_pb_column et_pb_column_6  et_pb_css_mix_blend_mode et-last-child et_block_column\">\n\t\t\t\t\n\t\t\t\t\n\t\t\t\t\n\t\t\t\t\n\t\t\t\t<div class=\"et_pb_button_module_wrapper et_pb_button_1_wrapper et_pb_button_alignment_center et_pb_button_alignment_tablet_center et_pb_button_alignment_phone_center et_pb_module \">\n\t\t\t\t<a class=\"et_pb_button et_d4_element et_pb_button_1 et_pb_bg_layout_dark et_block_module\" href=\"https:\/\/rebotherm.de\/es\/consulta-sobre-el-proyecto\/\" target=\"_blank\">Consulta no vinculante<\/a>\n\t\t\t<\/div>\n\t\t\t<\/div>\n\t\t\t\t\n\t\t\t\t\n\t\t\t\t\n\t\t\t\t\n\t\t\t<\/div>\n\t\t\t\t\n\t\t\t\t<div class=\"et_pb_bottom_inside_divider et-no-transition\"><\/div>\n\t\t\t<\/div><div class=\"et_d4_element et_pb_section et_pb_section_3 et_pb_with_background  et_pb_css_mix_blend_mode et_section_regular et_block_section\" >\n\t\t\t\t\n\t\t\t\t\n\t\t\t\t\n\t\t\t\t\n\t\t\t\t\n\t\t\t\t\n\t\t\t\t<div class=\"et_d4_element et_pb_row et_pb_row_5  et_pb_css_mix_blend_mode et_block_row\">\n\t\t\t\t<div class=\"et_d4_element et_pb_column_1_2 et_pb_column et_pb_column_7  et_pb_css_mix_blend_mode et_block_column\">\n\t\t\t\t\n\t\t\t\t\n\t\t\t\t\n\t\t\t\t\n\t\t\t\t<div class=\"et_pb_module et_d4_element et_pb_text et_pb_text_9  et_pb_text_align_left et_pb_bg_layout_light\">\n\t\t\t\t\n\t\t\t\t\n\t\t\t\t\n\t\t\t\t\n\t\t\t\t<div class=\"et_pb_text_inner\"><h5>Las posibles aplicaciones de la calefacci\u00f3n por infrarrojos de un vistazo:<\/h5>\n<p>Los sistemas de calefacci\u00f3n radiante se utilizan tanto en viviendas particulares como en edificios comerciales. Se pueden calentar f\u00e1cil y eficazmente pisos, casas enteras, hoteles, casas de vacaciones y determinadas zonas de trabajo. Calefacci\u00f3n por infrarrojos en el ba\u00f1o como calefacci\u00f3n por suelo radiante o como calefacci\u00f3n de toallas.<\/p>\n<ul>\n<li>Calefacci\u00f3n de carbono en furgonetas camper como panel calefactor o calefactor de alfombras.<\/li>\n<li>Calefacci\u00f3n el\u00e9ctrica en una casa unifamiliar con revestimiento de calefacci\u00f3n de carbono.<\/li>\n<li>Revestimiento calefactado en el dormitorio para un agradable calor en el techo.<\/li>\n<li>Pintura calefactora en la habitaci\u00f3n de los ni\u00f1os para conseguir la temperatura \u00f3ptima.<\/li>\n<\/ul>\n<p>Calefacci\u00f3n por infrarrojos como calefacci\u00f3n adicional en varias habitaciones o como <strong>sistema de calefacci\u00f3n principal<\/strong>.<\/p><\/div>\n\t\t\t<\/div><div class=\"et_pb_module et_d4_element et_pb_text et_pb_text_10  et_pb_text_align_left et_pb_bg_layout_light\">\n\t\t\t\t\n\t\t\t\t\n\t\t\t\t\n\t\t\t\t\n\t\t\t\t<div class=\"et_pb_text_inner\"><h6>Calefacci\u00f3n econ\u00f3mica en una casa unifamiliar: \u00a1confort con calefacci\u00f3n por infrarrojos y carb\u00f3n!<\/h6>\n<p>Especialmente en edificios nuevos, los sistemas de calefacci\u00f3n radiante pueden impresionar en toda la casa con su principio de funcionamiento \u00fanico. Estos inmuebles suelen estar muy bien aislados y, por tanto, requieren poca energ\u00eda para calentarse. Los sistemas de calefacci\u00f3n convencionales requieren mucho trabajo de instalaci\u00f3n y, por tanto, suelen ser demasiado caros. Incluso con temperaturas exteriores muy bajas, las temperaturas en los edificios nuevos bien aislados no suelen bajar nunca de 15 grados Celsius. Entonces, un calefactor el\u00e9ctrico como el calefactor de infrarrojos de carbono puede crear temperaturas ambientales agradables con un consumo de energ\u00eda muy bajo.<\/p>\n<p>Sin embargo, no s\u00f3lo merece la pena pintar los sistemas de calefacci\u00f3n en las nuevas construcciones, sino tambi\u00e9n en las casas o pisos m\u00e1s antiguos. En muchas casas o pisos antiguos, el aislamiento de las paredes o techos exteriores suele ser muy inadecuado o inexistente. Podemos remediarlo con una placa aislante interior ultrafina de 10 a 20 mm.<\/p><\/div>\n\t\t\t<\/div>\n\t\t\t<\/div><div class=\"et_d4_element et_pb_column_1_2 et_pb_column et_pb_column_8  et_pb_css_mix_blend_mode et-last-child et_block_column\">\n\t\t\t\t\n\t\t\t\t\n\t\t\t\t\n\t\t\t\t\n\t\t\t\t<div class=\"et_pb_module et_d4_element et_pb_image et_pb_image_2\">\n\t\t\t\t\n\t\t\t\t\n\t\t\t\t\n\t\t\t\t\n\t\t\t\t<span class=\"et_pb_image_wrap has-box-shadow-overlay\"><div class=\"box-shadow-overlay\"><\/div><img decoding=\"async\" width=\"1080\" height=\"1920\" src=\"https:\/\/rebotherm.de\/wp-content\/uploads\/2024\/05\/carbon-infrarotheizung-im-restaurant.jpeg\" alt=\"Calefacci\u00f3n por infrarrojos de carbono en el techo de un restaurante\" title=\"calefaccion de carbono en el restaurante\" srcset=\"https:\/\/rebotherm.de\/wp-content\/uploads\/2024\/05\/carbon-infrarotheizung-im-restaurant.jpeg 1080w, https:\/\/rebotherm.de\/wp-content\/uploads\/2024\/05\/carbon-infrarotheizung-im-restaurant-980x1742.jpeg 980w, https:\/\/rebotherm.de\/wp-content\/uploads\/2024\/05\/carbon-infrarotheizung-im-restaurant-480x853.jpeg 480w\" sizes=\"(min-width: 0px) and (max-width: 480px) 480px, (min-width: 481px) and (max-width: 980px) 980px, (min-width: 981px) 1080px, 100vw\" class=\"wp-image-27483\" \/><\/span>\n\t\t\t<\/div><div class=\"et_pb_module et_d4_element et_pb_text et_pb_text_11  et_pb_text_align_left et_pb_bg_layout_light\">\n\t\t\t\t\n\t\t\t\t\n\t\t\t\t\n\t\t\t\t\n\t\t\t\t<div class=\"et_pb_text_inner\"><p style=\"text-align: center;\"><em>Nota: La imagen muestra un panel calefactor durante la instalaci\u00f3n. M\u00e1s tarde no habr\u00e1 ni rastro de esto.<\/em><\/p><\/div>\n\t\t\t<\/div>\n\t\t\t<\/div>\n\t\t\t\t\n\t\t\t\t\n\t\t\t\t\n\t\t\t\t\n\t\t\t<\/div><div class=\"et_d4_element et_pb_row et_pb_row_6  et_pb_css_mix_blend_mode et_block_row\">\n\t\t\t\t<div class=\"et_d4_element et_pb_column_4_4 et_pb_column et_pb_column_9  et_pb_css_mix_blend_mode et-last-child et_block_column\">\n\t\t\t\t\n\t\t\t\t\n\t\t\t\t\n\t\t\t\t\n\t\t\t\t<div class=\"et_pb_module et_d4_element et_pb_text et_pb_text_12  et_pb_text_align_left et_pb_bg_layout_light\">\n\t\t\t\t\n\t\t\t\t\n\t\t\t\t\n\t\t\t\t\n\t\t\t\t<div class=\"et_pb_text_inner\"><p>La placa aislante <strong>Superwall<\/strong> es una placa clim\u00e1tica especialmente dise\u00f1ada para el aislamiento de interiores. El panel se pega a la pared o al techo, tiene una barrera de vapor de papel de aluminio en ambas caras y unos excelentes valores de aislamiento de 0,24 W\/m\u00b2K. El revestimiento del panel es de tablero de fibras y es ideal para el revestimiento calefactor de carbono. La l\u00e1mina de aluminio crea una superficie superreflectante para la pintura calentadora y el calentador de infrarrojos alcanza una temperatura de funcionamiento de 35 - 45\u00b0C en pocos segundos. Un tiempo de calentamiento corto significa menos consumo de energ\u00eda. La p\u00e9rdida de calor en la mamposter\u00eda o el techo se reduce casi a cero, lo que hace que el sistema de calefacci\u00f3n <strong>sea<\/strong> muy, muy <strong>econ\u00f3mico<\/strong>. \u00a1Esto es <strong>aislamiento y calefacci\u00f3n a la perfecci\u00f3n! <\/strong> <\/p>\n<p>Los costes de adquisici\u00f3n de un sistema de calefacci\u00f3n de carbono con color de calefacci\u00f3n para una vivienda unifamiliar son inmejorablemente bajos, en torno a 6.000 - 12.000 euros. En comparaci\u00f3n, las bombas de calor cuestan unos 20000 euros y requieren la instalaci\u00f3n de tuber\u00edas y radiadores molestos.<\/p><\/div>\n\t\t\t<\/div>\n\t\t\t<\/div>\n\t\t\t\t\n\t\t\t\t\n\t\t\t\t\n\t\t\t\t\n\t\t\t<\/div><div class=\"et_d4_element et_pb_row et_pb_row_7  et_pb_css_mix_blend_mode et_block_row\">\n\t\t\t\t<div class=\"et_d4_element et_pb_column_4_4 et_pb_column et_pb_column_10  et_pb_css_mix_blend_mode et-last-child et_block_column\">\n\t\t\t\t\n\t\t\t\t\n\t\t\t\t\n\t\t\t\t\n\t\t\t\t<div class=\"et_pb_button_module_wrapper et_pb_button_2_wrapper et_pb_button_alignment_center et_pb_button_alignment_tablet_center et_pb_button_alignment_phone_center et_pb_module \">\n\t\t\t\t<a class=\"et_pb_button et_d4_element et_pb_button_2 et_pb_bg_layout_dark et_block_module\" href=\"https:\/\/rebotherm.de\/es\/consulta-sobre-el-proyecto\/\" target=\"_blank\">Consulta no vinculante<\/a>\n\t\t\t<\/div>\n\t\t\t<\/div>\n\t\t\t\t\n\t\t\t\t\n\t\t\t\t\n\t\t\t\t\n\t\t\t<\/div>\n\t\t\t\t\n\t\t\t\t\n\t\t\t<\/div><\/p>\n","protected":false},"excerpt":{"rendered":"","protected":false},"author":1,"featured_media":0,"parent":0,"menu_order":0,"comment_status":"closed","ping_status":"closed","template":"","meta":{"_acf_changed":false,"_et_pb_use_builder":"on","_et_pb_old_content":"","_et_gb_content_width":"","footnotes":""},"class_list":["post-28720","page","type-page","status-publish","hentry"],"acf":[],"_links":{"self":[{"href":"https:\/\/rebotherm.de\/es\/wp-json\/wp\/v2\/pages\/28720","targetHints":{"allow":["GET"]}}],"collection":[{"href":"https:\/\/rebotherm.de\/es\/wp-json\/wp\/v2\/pages"}],"about":[{"href":"https:\/\/rebotherm.de\/es\/wp-json\/wp\/v2\/types\/page"}],"author":[{"embeddable":true,"href":"https:\/\/rebotherm.de\/es\/wp-json\/wp\/v2\/users\/1"}],"replies":[{"embeddable":true,"href":"https:\/\/rebotherm.de\/es\/wp-json\/wp\/v2\/comments?post=28720"}],"version-history":[{"count":0,"href":"https:\/\/rebotherm.de\/es\/wp-json\/wp\/v2\/pages\/28720\/revisions"}],"wp:attachment":[{"href":"https:\/\/rebotherm.de\/es\/wp-json\/wp\/v2\/media?parent=28720"}],"curies":[{"name":"wp","href":"https:\/\/api.w.org\/{rel}","templated":true}]}}