{"id":28834,"date":"2020-09-20T22:15:44","date_gmt":"2020-09-20T20:15:44","guid":{"rendered":"https:\/\/rebotherm.de\/aislamiento-interior\/"},"modified":"2026-03-05T23:35:33","modified_gmt":"2026-03-05T22:35:33","slug":"aislamiento-interior","status":"publish","type":"page","link":"https:\/\/rebotherm.de\/es\/aislamiento-interior\/","title":{"rendered":"Placa aislante Superwall 10 mm"},"content":{"rendered":"<p><div class=\"et_d4_element et_pb_section et_pb_section_0 et_pb_with_background  et_pb_css_mix_blend_mode et_section_regular section_has_divider et_pb_bottom_divider et_block_section\" >\n\t\t\t\t\n\t\t\t\t\n\t\t\t\t\n\t\t\t\t\n\t\t\t\t\n\t\t\t\t\n\t\t\t\t<div class=\"et_d4_element et_pb_row et_pb_row_0  et_pb_css_mix_blend_mode et_block_row\">\n\t\t\t\t<div class=\"et_d4_element et_pb_column_1_2 et_pb_column et_pb_column_0  et_pb_css_mix_blend_mode et_block_column\">\n\t\t\t\t\n\t\t\t\t\n\t\t\t\t\n\t\t\t\t\n\t\t\t\t<div class=\"et_pb_module et_d4_element et_pb_heading et_pb_heading_0 et_pb_bg_layout_\">\n\t\t\t\t\n\t\t\t\t\n\t\t\t\t\n\t\t\t\t\n\t\t\t\t<div class=\"et_pb_heading_container\"><h1 class=\"et_pb_module_heading\">Placa aislante Superwall 10 mm para aislamiento interior<\/h1><\/div>\n\t\t\t<\/div><div class=\"et_pb_module et_d4_element et_pb_text et_pb_text_0  et_pb_text_align_left et_pb_bg_layout_light\">\n\t\t\t\t\n\t\t\t\t\n\t\t\t\t\n\t\t\t\t\n\t\t\t\t<div class=\"et_pb_text_inner\"><p><span><strong>Placa aislante Superwall para un aislamiento t\u00e9rmico perfecto<br \/><\/strong>Con nuestra placa aislante Superwall de 10 mm de grosor y dimensiones de 125 cm x 80 cm, aislar es un juego de ni\u00f1os, \u00a1incluso a posteriori!<\/span><\/p><\/div>\n\t\t\t<\/div><div class=\"et_pb_button_module_wrapper et_pb_button_0_wrapper et_pb_button_alignment_left et_pb_module \">\n\t\t\t\t<a class=\"et_pb_button et_d4_element et_pb_button_0 et_pb_bg_layout_dark et_block_module\" href=\"https:\/\/rebotherm.de\/superwall-daemmplatte-10mm-fuer-innendaemmung\/\">A la tienda<\/a>\n\t\t\t<\/div>\n\t\t\t<\/div><div class=\"et_d4_element et_pb_column_1_2 et_pb_column et_pb_column_1  et_pb_css_mix_blend_mode et-last-child et_block_column\">\n\t\t\t\t\n\t\t\t\t\n\t\t\t\t\n\t\t\t\t\n\t\t\t\t<div class=\"et_pb_module et_d4_element et_pb_image et_pb_image_0\">\n\t\t\t\t\n\t\t\t\t\n\t\t\t\t\n\t\t\t\t\n\t\t\t\t<span class=\"et_pb_image_wrap has-box-shadow-overlay\"><div class=\"box-shadow-overlay\"><\/div><img decoding=\"async\" width=\"1000\" height=\"900\" src=\"https:\/\/rebotherm.de\/wp-content\/uploads\/2021\/11\/Superwall-Daemmplatte-opt.jpg\" alt=\"placa aislante superwall para el aislamiento de paredes fr\u00edas\" title=\"Placa aislante Superwall para aislar paredes fr\u00edas\" srcset=\"https:\/\/rebotherm.de\/wp-content\/uploads\/2021\/11\/Superwall-Daemmplatte-opt.jpg 1000w, https:\/\/rebotherm.de\/wp-content\/uploads\/2021\/11\/Superwall-Daemmplatte-opt-980x882.jpg 980w, https:\/\/rebotherm.de\/wp-content\/uploads\/2021\/11\/Superwall-Daemmplatte-opt-480x432.jpg 480w\" sizes=\"(min-width: 0px) and (max-width: 480px) 480px, (min-width: 481px) and (max-width: 980px) 980px, (min-width: 981px) 1000px, 100vw\" class=\"wp-image-26855\" \/><\/span>\n\t\t\t<\/div>\n\t\t\t<\/div>\n\t\t\t\t\n\t\t\t\t\n\t\t\t\t\n\t\t\t\t\n\t\t\t<\/div>\n\t\t\t\t\n\t\t\t\t<div class=\"et_pb_bottom_inside_divider et-no-transition\"><\/div>\n\t\t\t<\/div><div class=\"et_d4_element et_pb_section et_pb_section_1  et_pb_css_mix_blend_mode et_section_regular et_block_section\" >\n\t\t\t\t\n\t\t\t\t\n\t\t\t\t\n\t\t\t\t\n\t\t\t\t\n\t\t\t\t\n\t\t\t\t<div class=\"et_d4_element et_pb_row et_pb_row_1  et_pb_css_mix_blend_mode et_block_row\">\n\t\t\t\t<div class=\"et_d4_element et_pb_column_4_4 et_pb_column et_pb_column_2  et_pb_css_mix_blend_mode et-last-child et_block_column\">\n\t\t\t\t\n\t\t\t\t\n\t\t\t\t\n\t\t\t\t\n\t\t\t\t<div class=\"et_pb_module et_d4_element et_pb_text et_pb_text_1  et_pb_text_align_left et_pb_bg_layout_light\">\n\t\t\t\t\n\t\t\t\t\n\t\t\t\t\n\t\t\t\t\n\t\t\t\t<div class=\"et_pb_text_inner\"><h2 style=\"text-align: center;\">Placa aislante Superwall - Soluci\u00f3n innovadora para el aislamiento t\u00e9rmico sostenible y la prevenci\u00f3n del moho<\/h2><\/div>\n\t\t\t<\/div><div class=\"et_pb_module et_d4_element et_pb_text et_pb_text_2  et_pb_text_align_left et_pb_bg_layout_light\">\n\t\t\t\t\n\t\t\t\t\n\t\t\t\t\n\t\t\t\t\n\t\t\t\t<div class=\"et_pb_text_inner\"><p><span>El aislamiento con Superwall es una soluci\u00f3n pionera para el aislamiento energ\u00e9ticamente eficiente de edificios. Con sus extraordinarias propiedades, no s\u00f3lo proporciona un aislamiento t\u00e9rmico sostenible, sino que tambi\u00e9n combate eficazmente la formaci\u00f3n de moho y alivia las paredes fr\u00edas. Inf\u00f3rmate sobre las ventajas \u00fanicas y las posibilidades de aplicaci\u00f3n del exclusivo panel aislante.<\/span><\/p><\/div>\n\t\t\t<\/div>\n\t\t\t<\/div>\n\t\t\t\t\n\t\t\t\t\n\t\t\t\t\n\t\t\t\t\n\t\t\t<\/div><div class=\"et_d4_element et_pb_row et_pb_row_2  et_pb_css_mix_blend_mode et_block_row\">\n\t\t\t\t<div class=\"et_d4_element et_pb_column_1_2 et_pb_column et_pb_column_3  et_pb_css_mix_blend_mode et_block_column\">\n\t\t\t\t\n\t\t\t\t\n\t\t\t\t\n\t\t\t\t\n\t\t\t\t<div class=\"et_pb_module et_d4_element et_pb_image et_pb_image_1\">\n\t\t\t\t\n\t\t\t\t\n\t\t\t\t\n\t\t\t\t\n\t\t\t\t<span class=\"et_pb_image_wrap has-box-shadow-overlay\"><div class=\"box-shadow-overlay\"><\/div><img decoding=\"async\" width=\"972\" height=\"547\" src=\"https:\/\/rebotherm.de\/wp-content\/uploads\/2024\/05\/Innendaemmplatte-1.jpg\" alt=\"aislamiento interior\" title=\"Placa aislante interior para reequipar el aislamiento\" srcset=\"https:\/\/rebotherm.de\/wp-content\/uploads\/2024\/05\/Innendaemmplatte-1.jpg 972w, https:\/\/rebotherm.de\/wp-content\/uploads\/2024\/05\/Innendaemmplatte-1-480x270.jpg 480w\" sizes=\"(min-width: 0px) and (max-width: 480px) 480px, (min-width: 481px) 972px, 100vw\" class=\"wp-image-27485\" \/><\/span>\n\t\t\t<\/div>\n\t\t\t<\/div><div class=\"et_d4_element et_pb_column_1_2 et_pb_column et_pb_column_4  et_pb_css_mix_blend_mode et-last-child et_block_column\">\n\t\t\t\t\n\t\t\t\t\n\t\t\t\t\n\t\t\t\t\n\t\t\t\t<div class=\"et_pb_module et_d4_element et_pb_text et_pb_text_3  et_pb_text_align_left et_pb_bg_layout_light\">\n\t\t\t\t\n\t\t\t\t\n\t\t\t\t\n\t\t\t\t\n\t\t\t\t<div class=\"et_pb_text_inner\"><h2 style=\"text-align: left;\">Aislamiento con Superwall<\/h2><\/div>\n\t\t\t<\/div><div class=\"et_pb_module et_d4_element et_pb_text et_pb_text_4  et_pb_text_align_left et_pb_bg_layout_light\">\n\t\t\t\t\n\t\t\t\t\n\t\t\t\t\n\t\t\t\t\n\t\t\t\t<div class=\"et_pb_text_inner\"><p>El aislamiento interior de los espacios habitables y de trabajo es una necesidad absoluta en un edificio mal o insuficientemente aislado. \u00a1No s\u00f3lo la p\u00e9rdida innecesaria de energ\u00eda, sino tambi\u00e9n la falta de un clima interior confortable y acogedor se remedian con un buen aislamiento!<\/p><\/div>\n\t\t\t<\/div>\n\t\t\t<\/div>\n\t\t\t\t\n\t\t\t\t\n\t\t\t\t\n\t\t\t\t\n\t\t\t<\/div><div class=\"et_d4_element et_pb_row et_pb_row_3  et_pb_css_mix_blend_mode et_block_row\">\n\t\t\t\t<div class=\"et_d4_element et_pb_column_4_4 et_pb_column et_pb_column_5  et_pb_css_mix_blend_mode et-last-child et_block_column\">\n\t\t\t\t\n\t\t\t\t\n\t\t\t\t\n\t\t\t\t\n\t\t\t\t<div class=\"et_pb_module et_d4_element et_pb_text et_pb_text_5  et_pb_text_align_left et_pb_bg_layout_light\">\n\t\t\t\t\n\t\t\t\t\n\t\t\t\t\n\t\t\t\t\n\t\t\t\t<div class=\"et_pb_text_inner\"><p>En Alemania, muchos edificios de viviendas, oficinas, hoteles, talleres y comercios est\u00e1n mal aislados o no lo est\u00e1n en absoluto. Sin embargo, una habitaci\u00f3n con una temperatura agradable irradia acogimiento y nos sentimos c\u00f3modos. Sin embargo, si una habitaci\u00f3n est\u00e1 mal aislada o incluso sin aislamiento, las paredes exteriores irradian el fr\u00edo al interior de la habitaci\u00f3n. Al poco tiempo, empiezas a sentir el aire fr\u00edo en las piernas o en todo el cuerpo y te entran ganas de salir de ese lugar tan inc\u00f3modo lo antes posible.<br \/>A menudo, las paredes est\u00e1n tan fr\u00edas que incluso se forma <strong>moho<\/strong> en la pared o en las esquinas. \u00a1Las medidas para mejorar el clima interior deben tomarse como muy tarde entonces!<\/p>\n<p>&nbsp;<\/p><\/div>\n\t\t\t<\/div>\n\t\t\t<\/div>\n\t\t\t\t\n\t\t\t\t\n\t\t\t\t\n\t\t\t\t\n\t\t\t<\/div>\n\t\t\t\t\n\t\t\t\t\n\t\t\t<\/div><div class=\"et_d4_element et_pb_section et_pb_section_2 et_pb_with_background  et_pb_css_mix_blend_mode et_section_regular section_has_divider et_pb_bottom_divider et_pb_top_divider et_block_section\" >\n\t\t\t\t<div class=\"et_pb_top_inside_divider et-no-transition\"><\/div>\n\t\t\t\t\n\t\t\t\t\n\t\t\t\t\n\t\t\t\t\n\t\t\t\t\n\t\t\t\t<div class=\"et_d4_element et_pb_row et_pb_row_4  et_pb_css_mix_blend_mode et_block_row\">\n\t\t\t\t<div class=\"et_d4_element et_pb_column_4_4 et_pb_column et_pb_column_6  et_pb_css_mix_blend_mode et-last-child et_block_column\">\n\t\t\t\t\n\t\t\t\t\n\t\t\t\t\n\t\t\t\t\n\t\t\t\t<div class=\"et_pb_module et_d4_element et_pb_text et_pb_text_6  et_pb_text_align_left et_pb_bg_layout_light\">\n\t\t\t\t\n\t\t\t\t\n\t\t\t\t\n\t\t\t\t\n\t\t\t\t<div class=\"et_pb_text_inner\"><h3 style=\"text-align: center;\">\u00bfC\u00f3mo ayuda el aislamiento interior contra las paredes fr\u00edas?<\/h3><\/div>\n\t\t\t<\/div><div class=\"et_pb_module et_d4_element et_pb_text et_pb_text_7  et_pb_text_align_left et_pb_bg_layout_light\">\n\t\t\t\t\n\t\t\t\t\n\t\t\t\t\n\t\t\t\t\n\t\t\t\t<div class=\"et_pb_text_inner\"><p>Ahora probablemente est\u00e9s pensando en elaborados aislamientos con gruesos paneles de poliestireno que cambian la hermosa fachada de tu casa desde el exterior. Un tipo de aislamiento muy costoso, con semanas de andamiaje alrededor de la casa y mucho ruido y suciedad.<\/p>\n<p>Pero no tiene por qu\u00e9 ser as\u00ed. Con nuestro <strong>aislamiento interior Superwall <\/strong>, las paredes exteriores fr\u00edas se a\u00edslan desde el <strong>interior <\/strong>. Las placas aislantes s\u00f3lo tienen 1 cm de grosor y se pueden pegar f\u00e1cilmente a cualquier pared enlucida. S\u00f3lo es necesario retirar previamente el papel pintado existente; puede quedar una capa de pintura s\u00f3lida. Las planchas de aislamiento interior se han desarrollado especialmente para este tipo de aislamiento. Nuestros paneles son perfectos para utilizarlos con nuestra <a href=\"https:\/\/rebotherm.de\/es\/lamina-calefactora\/\" target=\"_blank\" rel=\"noopener\">l\u00e1mina calefactora de carbono<\/a>.<\/p>\n<h3 style=\"text-align: center;\">\u00a1Innovaci\u00f3n con barrera de vapor integrada!<\/h3>\n<p style=\"text-align: center;\"><strong>\u00c1mbitos de aplicaci\u00f3n<\/strong><\/p>\n<p>El panel aislante premium est\u00e1 especialmente dise\u00f1ado para el aislamiento interior de paredes exteriores. El aislamiento interior con el panel de alto rendimiento es una soluci\u00f3n ideal para las medidas de renovaci\u00f3n en las que hay que conservar la fachada o no es posible el aislamiento exterior. El aislamiento puede utilizarse en todas las habitaciones de la casa, incluido el ba\u00f1o, ya que la barrera de vapor est\u00e1 integrada en el panel por ambos lados.<\/p>\n<p>Con el aislamiento interior, es muy importante instalar una barrera de vapor en el lado de la habitaci\u00f3n. Esta barrera de vapor se instala dos veces en nuestra placa aislante. La estructura del panel es la siguiente Cart\u00f3n polar de alta calidad por ambas caras, papel de aluminio por ambas caras detr\u00e1s del polar y entre el n\u00facleo aislante de poliuretano con un valor lambda de 0,22 W\/mK. Con estos valores extremadamente bajos, a menudo es posible mejorar significativamente el aislamiento con un grosor de placa de s\u00f3lo 1 cm. Hay disponible un panel de 2 cm de grosor para paredes extremadamente fr\u00edas. Los paneles miden 1250 x 800 mm y pesan s\u00f3lo 1500 g. ligera como una pluma.<\/p><\/div>\n\t\t\t<\/div><div class=\"et_pb_module et_d4_element et_pb_text et_pb_text_8  et_pb_text_align_left et_pb_bg_layout_light\">\n\t\t\t\t\n\t\t\t\t\n\t\t\t\t\n\t\t\t\t\n\t\t\t\t<div class=\"et_pb_text_inner\"><h4 style=\"text-align: center;\">Aislado con Superwall y luego?<\/h4><\/div>\n\t\t\t<\/div><div class=\"et_pb_module et_d4_element et_pb_text et_pb_text_9  et_pb_text_align_left et_pb_bg_layout_light\">\n\t\t\t\t\n\t\t\t\t\n\t\t\t\t\n\t\t\t\t\n\t\t\t\t<div class=\"et_pb_text_inner\"><p style=\"text-align: left;\">La superficie de la placa aislante interior es de cart\u00f3n blanco no tejido y es absolutamente uniforme. S\u00f3lo se biselan los bordes, como con los paneles de yeso. Los bordes se alisan con una masilla fina y luego nada se interpone en el camino del dise\u00f1o creativo de la pared. Las planchas aislantes son f\u00e1ciles de pegar y las puede instalar cualquier aficionado al bricolaje.<\/p>\n<p>Una vez instalado con \u00e9xito el aislamiento interior Superwall, se empapela, alicata, enluce o pinta la superficie. \u00a1Tus gastos de calefacci\u00f3n se reducir\u00e1n considerablemente! Y ya podemos prometerte una cosa No m\u00e1s paredes fr\u00edas ni moho para el resto de tu vida, \u00a1y comodidad absoluta en todo momento!<\/p><\/div>\n\t\t\t<\/div>\n\t\t\t<\/div>\n\t\t\t\t\n\t\t\t\t\n\t\t\t\t\n\t\t\t\t\n\t\t\t<\/div><div class=\"et_d4_element et_pb_row et_pb_row_5  et_pb_css_mix_blend_mode et_block_row\">\n\t\t\t\t<div class=\"et_d4_element et_pb_column_4_4 et_pb_column et_pb_column_7  et_pb_css_mix_blend_mode et-last-child et_block_column\">\n\t\t\t\t\n\t\t\t\t\n\t\t\t\t\n\t\t\t\t\n\t\t\t\t<div class=\"et_pb_button_module_wrapper et_pb_button_1_wrapper et_pb_button_alignment_center et_pb_module \">\n\t\t\t\t<a class=\"et_pb_button et_d4_element et_pb_button_1 et_pb_bg_layout_dark et_block_module\" href=\"\">A la tienda<\/a>\n\t\t\t<\/div>\n\t\t\t<\/div>\n\t\t\t\t\n\t\t\t\t\n\t\t\t\t\n\t\t\t\t\n\t\t\t<\/div>\n\t\t\t\t\n\t\t\t\t<div class=\"et_pb_bottom_inside_divider et-no-transition\"><\/div>\n\t\t\t<\/div><div class=\"et_d4_element et_pb_section et_pb_section_3  et_pb_css_mix_blend_mode et_section_regular et_block_section\" >\n\t\t\t\t\n\t\t\t\t\n\t\t\t\t\n\t\t\t\t\n\t\t\t\t\n\t\t\t\t\n\t\t\t\t<div class=\"et_d4_element et_pb_row et_pb_row_6  et_pb_css_mix_blend_mode et_block_row\">\n\t\t\t\t<div class=\"et_d4_element et_pb_column_1_2 et_pb_column et_pb_column_8  et_pb_css_mix_blend_mode et_block_column\">\n\t\t\t\t\n\t\t\t\t\n\t\t\t\t\n\t\t\t\t\n\t\t\t\t<div class=\"et_pb_module et_d4_element et_pb_image et_pb_image_2\">\n\t\t\t\t\n\t\t\t\t\n\t\t\t\t\n\t\t\t\t\n\t\t\t\t<span class=\"et_pb_image_wrap \"><img decoding=\"async\" width=\"821\" height=\"547\" src=\"https:\/\/rebotherm.de\/wp-content\/uploads\/2020\/07\/Superwall.jpg\" alt=\"Aislamiento interior\" title=\"Buen aislamiento con Superwall\" srcset=\"https:\/\/rebotherm.de\/wp-content\/uploads\/2020\/07\/Superwall.jpg 821w, https:\/\/rebotherm.de\/wp-content\/uploads\/2020\/07\/Superwall-480x320.jpg 480w\" sizes=\"(min-width: 0px) and (max-width: 480px) 480px, (min-width: 481px) 821px, 100vw\" class=\"wp-image-25461\" \/><\/span>\n\t\t\t<\/div><div class=\"et_pb_module et_d4_element et_pb_image et_pb_image_3\">\n\t\t\t\t\n\t\t\t\t\n\t\t\t\t\n\t\t\t\t\n\t\t\t\t<span class=\"et_pb_image_wrap \"><img decoding=\"async\" width=\"551\" height=\"300\" src=\"https:\/\/rebotherm.de\/wp-content\/uploads\/2024\/06\/superwall-innendaemmplatte-rebotherm.jpg\" alt=\"Placa aislante interior Superwall de rebotherm\" title=\"superpared-interior-placa-t\u00e9rmica-rebotherm\" srcset=\"https:\/\/rebotherm.de\/wp-content\/uploads\/2024\/06\/superwall-innendaemmplatte-rebotherm.jpg 551w, https:\/\/rebotherm.de\/wp-content\/uploads\/2024\/06\/superwall-innendaemmplatte-rebotherm-480x261.jpg 480w\" sizes=\"(min-width: 0px) and (max-width: 480px) 480px, (min-width: 481px) 551px, 100vw\" class=\"wp-image-29286\" \/><\/span>\n\t\t\t<\/div>\n\t\t\t<\/div><div class=\"et_d4_element et_pb_column_1_2 et_pb_column et_pb_column_9  et_pb_css_mix_blend_mode et-last-child et_block_column\">\n\t\t\t\t\n\t\t\t\t\n\t\t\t\t\n\t\t\t\t\n\t\t\t\t<div class=\"et_pb_module et_d4_element et_pb_text et_pb_text_10  et_pb_text_align_left et_pb_bg_layout_light\">\n\t\t\t\t\n\t\t\t\t\n\t\t\t\t\n\t\t\t\t\n\t\t\t\t<div class=\"et_pb_text_inner\"><h3 style=\"text-align: left;\">El Supermuro en detalle<\/h3><\/div>\n\t\t\t<\/div><div class=\"et_pb_module et_d4_element et_pb_text et_pb_text_11  et_pb_text_align_left et_pb_bg_layout_light\">\n\t\t\t\t\n\t\t\t\t\n\t\t\t\t\n\t\t\t\t\n\t\t\t\t<div class=\"et_pb_text_inner\"><p>El panel aislante se caracteriza por su sencilla elaboraci\u00f3n, lo que significa que los aficionados al bricolaje pueden realizar ellos mismos el aislamiento interior. Con un n\u00facleo aislante de PU (poliuretano) de alta calidad y una fina capa de aluminio en ambas caras, el panel proporciona una eficaz barrera de vapor. Esto evita que se acumule humedad entre el panel y la pared, lo que a su vez impide eficazmente la formaci\u00f3n de moho.<\/p>\n<p><strong>Las ventajas de un vistazo<\/strong><\/p>\n<p><span> <\/span><span> <\/span>P<strong>revenci\u00f3n sostenible del moho:<\/strong> La barrera de vapor integrada y los materiales de alta calidad de la placa aislante Superwall la convierten en la soluci\u00f3n ideal para combatir y prevenir permanentemente la formaci\u00f3n de moho.<a href=\"https:\/\/www.umweltbundesamt.de\/themen\/gesundheit\/umwelteinfluesse-auf-den-menschen\/schimmel\/haeufige-fragen-bei-schimmelbefall#haufige-fragen-bei-schimmelbefall\" target=\"_blank\" rel=\"noopener\">Puedes encontrar informaci\u00f3n sobre la prevenci\u00f3n del moho aqu\u00ed<\/a><\/p>\n<p><span> <\/span>A<strong>horro de energ\u00eda y protecci\u00f3n del medio ambiente:<\/strong> Gracias a su excelente rendimiento como aislante t\u00e9rmico, el panel aislante ayuda a reducir el consumo de energ\u00eda y a proteger el medio ambiente.<\/p>\n<p><strong>Procesado sencillo para aficionados al bricolaje:<\/strong><span> <\/span>La sencilla instalaci\u00f3n de las planchas aislantes permite a los aficionados al bricolaje conseguir un aislamiento \u00f3ptimo en pocos pasos. Ya se trate de paredes exteriores individuales o de toda la casa, el Supermuro se adapta con flexibilidad a las necesidades.<\/p><\/div>\n\t\t\t<\/div>\n\t\t\t<\/div>\n\t\t\t\t\n\t\t\t\t\n\t\t\t\t\n\t\t\t\t\n\t\t\t<\/div><div class=\"et_d4_element et_pb_row et_pb_row_7  et_pb_css_mix_blend_mode et_block_row\">\n\t\t\t\t<div class=\"et_d4_element et_pb_column_4_4 et_pb_column et_pb_column_10  et_pb_css_mix_blend_mode et-last-child et_block_column\">\n\t\t\t\t\n\t\t\t\t\n\t\t\t\t\n\t\t\t\t\n\t\t\t\t<div class=\"et_pb_module et_d4_element et_pb_text et_pb_text_12  et_pb_text_align_left et_pb_bg_layout_light\">\n\t\t\t\t\n\t\t\t\t\n\t\t\t\t\n\t\t\t\t\n\t\t\t\t<div class=\"et_pb_text_inner\"><p><strong>Nuestro servicio gratuito para ti:<\/strong><\/p>\n<p>Estaremos encantados de asesorarte gratuitamente sobre el mejor aislamiento para tu proyecto. Ponte en <a href=\"https:\/\/rebotherm.de\/es\/contacta-con-nosotros\/\">contacto<\/a> con nosotros ahora.<\/p><\/div>\n\t\t\t<\/div>\n\t\t\t<\/div>\n\t\t\t\t\n\t\t\t\t\n\t\t\t\t\n\t\t\t\t\n\t\t\t<\/div>\n\t\t\t\t\n\t\t\t\t\n\t\t\t<\/div><\/p>\n","protected":false},"excerpt":{"rendered":"","protected":false},"author":1,"featured_media":0,"parent":0,"menu_order":0,"comment_status":"closed","ping_status":"closed","template":"","meta":{"_acf_changed":false,"_et_pb_use_builder":"on","_et_pb_old_content":"","_et_gb_content_width":"","footnotes":""},"class_list":["post-28834","page","type-page","status-publish","hentry"],"acf":[],"_links":{"self":[{"href":"https:\/\/rebotherm.de\/es\/wp-json\/wp\/v2\/pages\/28834","targetHints":{"allow":["GET"]}}],"collection":[{"href":"https:\/\/rebotherm.de\/es\/wp-json\/wp\/v2\/pages"}],"about":[{"href":"https:\/\/rebotherm.de\/es\/wp-json\/wp\/v2\/types\/page"}],"author":[{"embeddable":true,"href":"https:\/\/rebotherm.de\/es\/wp-json\/wp\/v2\/users\/1"}],"replies":[{"embeddable":true,"href":"https:\/\/rebotherm.de\/es\/wp-json\/wp\/v2\/comments?post=28834"}],"version-history":[{"count":0,"href":"https:\/\/rebotherm.de\/es\/wp-json\/wp\/v2\/pages\/28834\/revisions"}],"wp:attachment":[{"href":"https:\/\/rebotherm.de\/es\/wp-json\/wp\/v2\/media?parent=28834"}],"curies":[{"name":"wp","href":"https:\/\/api.w.org\/{rel}","templated":true}]}}