{"id":29114,"date":"2024-06-04T15:37:41","date_gmt":"2024-06-04T13:37:41","guid":{"rendered":"https:\/\/rebotherm.de\/cesta-de-la-compra\/"},"modified":"2026-04-12T17:52:45","modified_gmt":"2026-04-12T15:52:45","slug":"cesta-de-la-compra","status":"publish","type":"page","link":"https:\/\/rebotherm.de\/es\/cesta-de-la-compra\/","title":{"rendered":"Cesta de la compra"},"content":{"rendered":"<div class=\"et_pb_section_0 et_pb_section et_section_regular et_block_section section_has_divider et_pb_bottom_divider\">\n<div class=\"et_pb_row_0 et_pb_row et_block_row\">\n<div class=\"et_pb_column_0 et_pb_column et_pb_column_4_4 et-last-child et_block_column et_pb_css_mix_blend_mode_passthrough\">\n<div class=\"et_pb_text_0 et_pb_text et_pb_bg_layout_light et_pb_module et_block_module\"><div class=\"et_pb_text_inner\"><p>Cesta de la compra<\/p>\n<\/div><\/div>\n<\/div>\n<\/div>\n<div class=\"et_pb_bottom_inside_divider et-no-transition\"><\/div><\/div>\n\n<div class=\"et_pb_section_1 et_pb_section et_section_regular et_flex_section\">\n<div class=\"et_pb_row_1 et_pb_row et_flex_row\">\n<div class=\"et_pb_column_1 et_pb_column et-last-child et_flex_column et_pb_css_mix_blend_mode_passthrough et_flex_column_24_24 et_flex_column_24_24_tablet et_flex_column_24_24_phone\">\n<div class=\"et_pb_text_1 et_pb_text et_pb_bg_layout_light et_pb_module et_flex_module\"><div class=\"et_pb_text_inner\"><div style=\"margin-top: 20px; max-width: 900px;\">\n<p>Sie haben Produkte f\u00fcr Ihr Projekt aus unserem Sortiment rund um <strong>Carbon-Heizungen <\/strong>sowie passende <strong>D\u00e4mmmaterialien<\/strong> f\u00fcr eine effiziente und nachhaltige W\u00e4rmeversorgung ausgew\u00e4hlt.<\/p>\n<p>\u2713 Systeme f\u00fcr Heizung und D\u00e4mmung aus einer Hand<\/p>\n<\/div>\n<div style=\"margin-top: 20px; display: grid; gap: 10px; max-width: 900px;\">\n<div>\u2713 Effiziente W\u00e4rme durch moderne Carbon-Technologie<\/div>\n<\/div>\n<div style=\"margin-top: 20px; max-width: 900px;\">\n<p>&nbsp;<\/p>\n<\/div>\n<\/div><\/div>\n<\/div>\n<\/div>\n<\/div>\n\n<div class=\"et_pb_section_2 et_pb_section et_section_regular et_block_section\">\n<div class=\"et_pb_row_2 et_pb_row et_block_row\">\n<div class=\"et_pb_column_2 et_pb_column et_pb_column_4_4 et-last-child et_block_column et_pb_css_mix_blend_mode_passthrough\">\n<div class=\"et_pb_post_title_0 et_pb_post_title et_pb_bg_layout_light et_pb_module et_block_module\"><div class=\"et_pb_title_container\"><h1 class=\"entry-title\">Cesta de la compra<\/h1><\/div><\/div>\n\n<div class=\"et_pb_wc_cart_notice_0 et_pb_wc_cart_notice et_pb_fields_layout_default et_pb_module\"><div class=\"et_pb_module_inner\">\n\t<div class=\"woocommerce-message\" role=\"alert\">\n\t\t&ldquo;Adhesivo polim\u00e9rico&rdquo; se ha a\u00f1adido a tu carrito. <a href=\"https:\/\/rebotherm.de\/es\/cesta-de-la-compra\/\" class=\"button wc-forward\">Ver carrito<\/a>\t<\/div>\n<\/div><\/div>\n\n<div class=\"et_pb_module et_pb_button_module_wrapper et_pb_button_0_wrapper\"><a class=\"et_pb_button_0 et_pb_button et_pb_bg_layout_light et_pb_module et_block_module\" href=\"https:\/\/rebotherm.de\/es\/tienda\/\">Seguir comprando<\/a><\/div>\n\n<div class=\"et_pb_wc_cart_products_0 et_pb_wc_cart_products woocommerce-cart woocommerce et_pb_wc_cart_empty et_pb_row_layout_default et_pb_module\"><div class=\"et_pb_module_inner\">\n<form class=\"woocommerce-cart-form\" action=\"https:\/\/rebotherm.de\/es\/cesta-de-la-compra\/\" method=\"post\">\n\t\n\t<table class=\"shop_table shop_table_responsive cart woocommerce-cart-form__contents\" cellspacing=\"0\">\n\t\t<thead>\n\t\t\t<tr>\n\t\t\t\t<th class=\"product-remove\">&nbsp;<\/th>\n\t\t\t\t<th class=\"product-thumbnail\">&nbsp;<\/th>\n\t\t\t\t<th class=\"product-name\">Producto<\/th>\n\t\t\t\t<th class=\"product-price\">Precio<\/th>\n\t\t\t\t<th class=\"product-quantity\">Cantidad<\/th>\n\t\t\t\t<th class=\"product-subtotal\">Subtotal<\/th>\n\t\t\t<\/tr>\n\t\t<\/thead>\n\t\t<tbody>\n\t\t\t\n\t\t\t\t\t\t\t\t<tr class=\"woocommerce-cart-form__cart-item cart_item\">\n\n\t\t\t\t\t\t<td class=\"product-remove\">\n\t\t\t\t\t\t\t<a href=\"https:\/\/rebotherm.de\/es\/cesta-de-la-compra\/?remove_item=b706835de79a2b4e80506f582af3676a&#038;_wpnonce=666ffdb314\" class=\"remove\" aria-label=\"Remove this item\" data-product_id=\"999\" data-product_sku=\"product-name\">&times;<\/a>\t\t\t\t\t\t<\/td>\n\n\t\t\t\t\t\t<td class=\"product-thumbnail\">\n\t\t\t\t\t\t<a href=\"#\"><img decoding=\"async\" src=\"data:image\/svg+xml;base64,PHN2ZyBpZD0ibXlTdmdFbGVtZW50IiB3aWR0aD0iNTQwIiBoZWlnaHQ9IjU0MCIgdmlld0JveD0iMCAwIDU0MCA1NDAiIHhtbG5zPSJodHRwOi8vd3d3LnczLm9yZy8yMDAwL3N2ZyI+Cgk8Zz4KCQk8cGF0aCBkPSJNMCwwaDU0MHY1NDBIMFYweiIgZmlsbD0iI0VCRUJFQiIvPgoJCTxwYXRoIGQ9Ik00NDUuNiw1NDBoLTk5bC0yMDItMjAyTDAsNDgyLjZ2LTk5bDExNi40LTExNi40YzE1LjYtMTUuNiw0MC45LTE1LjYsNTYuNiwwTDQ0NS42LDU0MEw0NDUuNiw1NDB6IiBmaWxsLW9wYWNpdHk9Ii4xIiBmaWxsPSIjMDAwIiBmaWxsLXJ1bGU9Im5vbnplcm8iLz4KCQk8Y2lyY2xlIGN4PSIzMzEiIGN5PSIxNDgiIHI9IjcwIiBmaWxsLW9wYWNpdHk9Ii4wNSIgZmlsbD0iIzAwMCIvPgoJCTxwb2x5Z29uIHBvaW50cz0iNTQwLDIxNS4yIDIxNS4yLDU0MCAzMjguMyw1NDAgNTQwLDMyOC4zIiBmaWxsLW9wYWNpdHk9Ii4yIiBmaWxsPSIjMDAwIiBmaWxsLXJ1bGU9Im5vbnplcm8iLz4KCTwvZz4KPC9zdmc+\" alt=\"Imagen del producto\" title=\"\"><\/a>\t\t\t\t\t\t<\/td>\n\n\t\t\t\t\t\t<td class=\"product-name\" data-title=\"Producto\">\n\t\t\t\t\t\t<a href=\"\"><\/a>\t\t\t\t\t\t<\/td>\n\n\t\t\t\t\t\t<td class=\"product-price\" data-title=\"Precio\">\n\t\t\t\t\t\t\t\t\t\t\t\t\t<\/td>\n\n\t\t\t\t\t\t<td class=\"product-quantity\" data-title=\"Cantidad\">\n\t\t\t\t\t\t\t<div class=\"quantity\">\n\t\t\t\t<label class=\"screen-reader-text\" for=\"quantity_69e35084a8f40\">Producto 1 cantidad<\/label>\n\t\t<input\n\t\t\ttype=\"number\"\n\t\t\tid=\"quantity_69e35084a8f40\"\n\t\t\tclass=\"input-text qty text\"\n\t\t\tstep=\"1\"\n\t\t\tmin=\"0\"\n\t\t\tmax=\"50\"\n\t\t\tname=\"cart[b706835de79a2b4e80506f582af3676a][qty]\"\n\t\t\tvalue=\"3\"\n\t\t\ttitle=\"Qty\"\n\t\t\tsize=\"4\"\n\t\t\tplaceholder=\"\"\n\t\t\tinputmode=\"numeric\"\n\t\t\/>\n\t\t\t\t\t<\/div>\n\t\t\t\t\t\t\t<\/td>\n\n\t\t\t\t\t\t<td class=\"product-subtotal\" data-title=\"Subtotal\">\n\t\t\t\t\t\t\t\t\t\t\t\t\t<\/td>\n\t\t\t\t\t<\/tr>\n\t\t\t\t\t\t\t\t\t\t<tr class=\"woocommerce-cart-form__cart-item cart_item\">\n\n\t\t\t\t\t\t<td class=\"product-remove\">\n\t\t\t\t\t\t\t<a href=\"https:\/\/rebotherm.de\/es\/cesta-de-la-compra\/?remove_item=a9b7ba70783b617e9998dc4dd82eb3c5&#038;_wpnonce=666ffdb314\" class=\"remove\" aria-label=\"Remove this item\" data-product_id=\"1000\" data-product_sku=\"product-name\">&times;<\/a>\t\t\t\t\t\t<\/td>\n\n\t\t\t\t\t\t<td class=\"product-thumbnail\">\n\t\t\t\t\t\t<a href=\"#\"><img decoding=\"async\" src=\"data:image\/svg+xml;base64,PHN2ZyBpZD0ibXlTdmdFbGVtZW50IiB3aWR0aD0iNTQwIiBoZWlnaHQ9IjU0MCIgdmlld0JveD0iMCAwIDU0MCA1NDAiIHhtbG5zPSJodHRwOi8vd3d3LnczLm9yZy8yMDAwL3N2ZyI+Cgk8Zz4KCQk8cGF0aCBkPSJNMCwwaDU0MHY1NDBIMFYweiIgZmlsbD0iI0VCRUJFQiIvPgoJCTxwYXRoIGQ9Ik00NDUuNiw1NDBoLTk5bC0yMDItMjAyTDAsNDgyLjZ2LTk5bDExNi40LTExNi40YzE1LjYtMTUuNiw0MC45LTE1LjYsNTYuNiwwTDQ0NS42LDU0MEw0NDUuNiw1NDB6IiBmaWxsLW9wYWNpdHk9Ii4xIiBmaWxsPSIjMDAwIiBmaWxsLXJ1bGU9Im5vbnplcm8iLz4KCQk8Y2lyY2xlIGN4PSIzMzEiIGN5PSIxNDgiIHI9IjcwIiBmaWxsLW9wYWNpdHk9Ii4wNSIgZmlsbD0iIzAwMCIvPgoJCTxwb2x5Z29uIHBvaW50cz0iNTQwLDIxNS4yIDIxNS4yLDU0MCAzMjguMyw1NDAgNTQwLDMyOC4zIiBmaWxsLW9wYWNpdHk9Ii4yIiBmaWxsPSIjMDAwIiBmaWxsLXJ1bGU9Im5vbnplcm8iLz4KCTwvZz4KPC9zdmc+\" alt=\"Imagen del producto\" title=\"\"><\/a>\t\t\t\t\t\t<\/td>\n\n\t\t\t\t\t\t<td class=\"product-name\" data-title=\"Producto\">\n\t\t\t\t\t\t<a href=\"\"><\/a><dl class=\"variation\">\n\t\t\t<dt class=\"variation-Size\">Size:<\/dt>\n\t\t<dd class=\"variation-Size\"><p>Large<\/p>\n<\/dd>\n\t<\/dl>\n\t\t\t\t\t\t<\/td>\n\n\t\t\t\t\t\t<td class=\"product-price\" data-title=\"Precio\">\n\t\t\t\t\t\t\t\t\t\t\t\t\t<\/td>\n\n\t\t\t\t\t\t<td class=\"product-quantity\" data-title=\"Cantidad\">\n\t\t\t\t\t\t\t<div class=\"quantity\">\n\t\t\t\t<label class=\"screen-reader-text\" for=\"quantity_69e35084aa8ec\">Producto 2 cantidad<\/label>\n\t\t<input\n\t\t\ttype=\"number\"\n\t\t\tid=\"quantity_69e35084aa8ec\"\n\t\t\tclass=\"input-text qty text\"\n\t\t\tstep=\"1\"\n\t\t\tmin=\"0\"\n\t\t\tmax=\"50\"\n\t\t\tname=\"cart[a9b7ba70783b617e9998dc4dd82eb3c5][qty]\"\n\t\t\tvalue=\"1\"\n\t\t\ttitle=\"Qty\"\n\t\t\tsize=\"4\"\n\t\t\tplaceholder=\"\"\n\t\t\tinputmode=\"numeric\"\n\t\t\/>\n\t\t\t\t\t<\/div>\n\t\t\t\t\t\t\t<\/td>\n\n\t\t\t\t\t\t<td class=\"product-subtotal\" data-title=\"Subtotal\">\n\t\t\t\t\t\t\t\t\t\t\t\t\t<\/td>\n\t\t\t\t\t<\/tr>\n\t\t\t\t\t\t\t\t\t\t<tr class=\"woocommerce-cart-form__cart-item cart_item\">\n\n\t\t\t\t\t\t<td class=\"product-remove\">\n\t\t\t\t\t\t\t<a href=\"https:\/\/rebotherm.de\/es\/cesta-de-la-compra\/?remove_item=b8c37e33defde51cf91e1e03e51657da&#038;_wpnonce=666ffdb314\" class=\"remove\" aria-label=\"Remove this item\" data-product_id=\"1001\" data-product_sku=\"product-name\">&times;<\/a>\t\t\t\t\t\t<\/td>\n\n\t\t\t\t\t\t<td class=\"product-thumbnail\">\n\t\t\t\t\t\t<a href=\"#\"><img decoding=\"async\" src=\"data:image\/svg+xml;base64,PHN2ZyBpZD0ibXlTdmdFbGVtZW50IiB3aWR0aD0iNTQwIiBoZWlnaHQ9IjU0MCIgdmlld0JveD0iMCAwIDU0MCA1NDAiIHhtbG5zPSJodHRwOi8vd3d3LnczLm9yZy8yMDAwL3N2ZyI+Cgk8Zz4KCQk8cGF0aCBkPSJNMCwwaDU0MHY1NDBIMFYweiIgZmlsbD0iI0VCRUJFQiIvPgoJCTxwYXRoIGQ9Ik00NDUuNiw1NDBoLTk5bC0yMDItMjAyTDAsNDgyLjZ2LTk5bDExNi40LTExNi40YzE1LjYtMTUuNiw0MC45LTE1LjYsNTYuNiwwTDQ0NS42LDU0MEw0NDUuNiw1NDB6IiBmaWxsLW9wYWNpdHk9Ii4xIiBmaWxsPSIjMDAwIiBmaWxsLXJ1bGU9Im5vbnplcm8iLz4KCQk8Y2lyY2xlIGN4PSIzMzEiIGN5PSIxNDgiIHI9IjcwIiBmaWxsLW9wYWNpdHk9Ii4wNSIgZmlsbD0iIzAwMCIvPgoJCTxwb2x5Z29uIHBvaW50cz0iNTQwLDIxNS4yIDIxNS4yLDU0MCAzMjguMyw1NDAgNTQwLDMyOC4zIiBmaWxsLW9wYWNpdHk9Ii4yIiBmaWxsPSIjMDAwIiBmaWxsLXJ1bGU9Im5vbnplcm8iLz4KCTwvZz4KPC9zdmc+\" alt=\"Imagen del producto\" title=\"\"><\/a>\t\t\t\t\t\t<\/td>\n\n\t\t\t\t\t\t<td class=\"product-name\" data-title=\"Producto\">\n\t\t\t\t\t\t<a href=\"\"><\/a><dl class=\"variation\">\n\t\t\t<dt class=\"variation-Color\">Color:<\/dt>\n\t\t<dd class=\"variation-Color\"><p>Black<\/p>\n<\/dd>\n\t<\/dl>\n\t\t\t\t\t\t<\/td>\n\n\t\t\t\t\t\t<td class=\"product-price\" data-title=\"Precio\">\n\t\t\t\t\t\t\t\t\t\t\t\t\t<\/td>\n\n\t\t\t\t\t\t<td class=\"product-quantity\" data-title=\"Cantidad\">\n\t\t\t\t\t\t\t<div class=\"quantity\">\n\t\t\t\t<label class=\"screen-reader-text\" for=\"quantity_69e35084ab8e4\">Producto 3 cantidad<\/label>\n\t\t<input\n\t\t\ttype=\"number\"\n\t\t\tid=\"quantity_69e35084ab8e4\"\n\t\t\tclass=\"input-text qty text\"\n\t\t\tstep=\"1\"\n\t\t\tmin=\"0\"\n\t\t\tmax=\"50\"\n\t\t\tname=\"cart[b8c37e33defde51cf91e1e03e51657da][qty]\"\n\t\t\tvalue=\"2\"\n\t\t\ttitle=\"Qty\"\n\t\t\tsize=\"4\"\n\t\t\tplaceholder=\"\"\n\t\t\tinputmode=\"numeric\"\n\t\t\/>\n\t\t\t\t\t<\/div>\n\t\t\t\t\t\t\t<\/td>\n\n\t\t\t\t\t\t<td class=\"product-subtotal\" data-title=\"Subtotal\">\n\t\t\t\t\t\t\t\t\t\t\t\t\t<\/td>\n\t\t\t\t\t<\/tr>\n\t\t\t\t\t\n\t\t\t\n\t\t\t<tr>\n\t\t\t\t<td colspan=\"6\" class=\"actions\">\n\n\t\t\t\t\t\n\t\t\t\t\t<button type=\"submit\" class=\"button\" name=\"update_cart\" value=\"Actualizar carrito\" disabled=\"disabled\">Actualizar carrito<\/button>\n\n\t\t\t\t\t\n\t\t\t\t\t<input type=\"hidden\" id=\"woocommerce-cart-nonce\" name=\"woocommerce-cart-nonce\" value=\"666ffdb314\" \/><input type=\"hidden\" name=\"_wp_http_referer\" value=\"\/es\/wp-json\/wp\/v2\/pages\/29114\" \/>\t\t\t\t<\/td>\n\t\t\t<\/tr>\n\n\t\t\t\t\t<\/tbody>\n\t<\/table>\n\t<\/form>\n\n\n<div class=\"cart-collaterals\">\n\t<\/div>\n\n<\/div><\/div>\n<\/div>\n<\/div>\n\n<div class=\"et_pb_row_3 et_pb_row et_block_row\">\n<div class=\"et_pb_column_3 et_pb_column et_pb_column_1_2 et_block_column et_pb_css_mix_blend_mode_passthrough\">\n<div class=\"et_pb_wc_cross_sells_0 et_pb_wc_cross_sells et_pb_module\"><div class=\"et_pb_module_inner\">\n\t<div class=\"cross-sells\">\n\t\t\t\t\t<h2>Puede que est\u00e9s interesado en&hellip;<\/h2>\n\t\t\n\t\t<ul class=\"products columns-2\">\n\n\t\t\n\t\t\t<li class=\"product type-product post-1003 status-publish first instock taxable shipping-taxable purchasable product-type-simple\">\n\n\t\t\t\n\t\t\t<img decoding=\"async\" src=\"data:image\/svg+xml;base64,PHN2ZyBpZD0ibXlTdmdFbGVtZW50IiB3aWR0aD0iNTQwIiBoZWlnaHQ9IjU0MCIgdmlld0JveD0iMCAwIDU0MCA1NDAiIHhtbG5zPSJodHRwOi8vd3d3LnczLm9yZy8yMDAwL3N2ZyI+Cgk8Zz4KCQk8cGF0aCBkPSJNMCwwaDU0MHY1NDBIMFYweiIgZmlsbD0iI0VCRUJFQiIvPgoJCTxwYXRoIGQ9Ik00NDUuNiw1NDBoLTk5bC0yMDItMjAyTDAsNDgyLjZ2LTk5bDExNi40LTExNi40YzE1LjYtMTUuNiw0MC45LTE1LjYsNTYuNiwwTDQ0NS42LDU0MEw0NDUuNiw1NDB6IiBmaWxsLW9wYWNpdHk9Ii4xIiBmaWxsPSIjMDAwIiBmaWxsLXJ1bGU9Im5vbnplcm8iLz4KCQk8Y2lyY2xlIGN4PSIzMzEiIGN5PSIxNDgiIHI9IjcwIiBmaWxsLW9wYWNpdHk9Ii4wNSIgZmlsbD0iIzAwMCIvPgoJCTxwb2x5Z29uIHBvaW50cz0iNTQwLDIxNS4yIDIxNS4yLDU0MCAzMjguMyw1NDAgNTQwLDMyOC4zIiBmaWxsLW9wYWNpdHk9Ii4yIiBmaWxsPSIjMDAwIiBmaWxsLXJ1bGU9Im5vbnplcm8iLz4KCTwvZz4KPC9zdmc+\" alt=\"Imagen del producto\" title=\"\">\n\t\t\t<h2 class=\"woocommerce-loop-product__title\">Producto 6<\/h2>\n\t\t\t\t\t\t\t<span class=\"price\"><span class=\"woocommerce-Price-amount amount\"><bdi>38,00&nbsp;<span class=\"woocommerce-Price-currencySymbol\">&euro;<\/span><\/bdi><\/span> <small class=\"woocommerce-price-suffix\">IVA incluido <\/small><\/span> \n\t\t\t\n\t\t\t<\/a>\n\t\t\t<\/li>\n\n\t\t\n\t\t\t<li class=\"product type-product post-1002 status-publish last instock taxable shipping-taxable purchasable product-type-simple\">\n\n\t\t\t\n\t\t\t<img decoding=\"async\" src=\"data:image\/svg+xml;base64,PHN2ZyBpZD0ibXlTdmdFbGVtZW50IiB3aWR0aD0iNTQwIiBoZWlnaHQ9IjU0MCIgdmlld0JveD0iMCAwIDU0MCA1NDAiIHhtbG5zPSJodHRwOi8vd3d3LnczLm9yZy8yMDAwL3N2ZyI+Cgk8Zz4KCQk8cGF0aCBkPSJNMCwwaDU0MHY1NDBIMFYweiIgZmlsbD0iI0VCRUJFQiIvPgoJCTxwYXRoIGQ9Ik00NDUuNiw1NDBoLTk5bC0yMDItMjAyTDAsNDgyLjZ2LTk5bDExNi40LTExNi40YzE1LjYtMTUuNiw0MC45LTE1LjYsNTYuNiwwTDQ0NS42LDU0MEw0NDUuNiw1NDB6IiBmaWxsLW9wYWNpdHk9Ii4xIiBmaWxsPSIjMDAwIiBmaWxsLXJ1bGU9Im5vbnplcm8iLz4KCQk8Y2lyY2xlIGN4PSIzMzEiIGN5PSIxNDgiIHI9IjcwIiBmaWxsLW9wYWNpdHk9Ii4wNSIgZmlsbD0iIzAwMCIvPgoJCTxwb2x5Z29uIHBvaW50cz0iNTQwLDIxNS4yIDIxNS4yLDU0MCAzMjguMyw1NDAgNTQwLDMyOC4zIiBmaWxsLW9wYWNpdHk9Ii4yIiBmaWxsPSIjMDAwIiBmaWxsLXJ1bGU9Im5vbnplcm8iLz4KCTwvZz4KPC9zdmc+\" alt=\"Imagen del producto\" title=\"\">\n\t\t\t<h2 class=\"woocommerce-loop-product__title\">Producto 5<\/h2>\n\t\t\t\t\t\t\t<span class=\"price\"><span class=\"woocommerce-Price-amount amount\"><bdi>75,00&nbsp;<span class=\"woocommerce-Price-currencySymbol\">&euro;<\/span><\/bdi><\/span> <small class=\"woocommerce-price-suffix\">IVA incluido <\/small><\/span> \n\t\t\t\n\t\t\t<\/a>\n\t\t\t<\/li>\n\n\t\t\n\t\t\t<li class=\"product type-product post-1001 status-publish first instock taxable shipping-taxable purchasable product-type-simple\">\n\n\t\t\t\n\t\t\t<img decoding=\"async\" src=\"data:image\/svg+xml;base64,PHN2ZyBpZD0ibXlTdmdFbGVtZW50IiB3aWR0aD0iNTQwIiBoZWlnaHQ9IjU0MCIgdmlld0JveD0iMCAwIDU0MCA1NDAiIHhtbG5zPSJodHRwOi8vd3d3LnczLm9yZy8yMDAwL3N2ZyI+Cgk8Zz4KCQk8cGF0aCBkPSJNMCwwaDU0MHY1NDBIMFYweiIgZmlsbD0iI0VCRUJFQiIvPgoJCTxwYXRoIGQ9Ik00NDUuNiw1NDBoLTk5bC0yMDItMjAyTDAsNDgyLjZ2LTk5bDExNi40LTExNi40YzE1LjYtMTUuNiw0MC45LTE1LjYsNTYuNiwwTDQ0NS42LDU0MEw0NDUuNiw1NDB6IiBmaWxsLW9wYWNpdHk9Ii4xIiBmaWxsPSIjMDAwIiBmaWxsLXJ1bGU9Im5vbnplcm8iLz4KCQk8Y2lyY2xlIGN4PSIzMzEiIGN5PSIxNDgiIHI9IjcwIiBmaWxsLW9wYWNpdHk9Ii4wNSIgZmlsbD0iIzAwMCIvPgoJCTxwb2x5Z29uIHBvaW50cz0iNTQwLDIxNS4yIDIxNS4yLDU0MCAzMjguMyw1NDAgNTQwLDMyOC4zIiBmaWxsLW9wYWNpdHk9Ii4yIiBmaWxsPSIjMDAwIiBmaWxsLXJ1bGU9Im5vbnplcm8iLz4KCTwvZz4KPC9zdmc+\" alt=\"Imagen del producto\" title=\"\">\n\t\t\t<h2 class=\"woocommerce-loop-product__title\">Producto 4<\/h2>\n\t\t\t\t\t\t\t<span class=\"price\"><span class=\"woocommerce-Price-amount amount\"><bdi>12,00&nbsp;<span class=\"woocommerce-Price-currencySymbol\">&euro;<\/span><\/bdi><\/span> <small class=\"woocommerce-price-suffix\">IVA incluido <\/small><\/span> \n\t\t\t\n\t\t\t<\/a>\n\t\t\t<\/li>\n\n\t\t\n\t\t<\/ul>\n\n\t<\/div>\n<\/div><\/div>\n<\/div>\n\n<div class=\"et_pb_column_4 et_pb_column et_pb_column_1_2 et-last-child et_block_column et_pb_css_mix_blend_mode_passthrough\">\n<div class=\"et_pb_wc_cart_totals_0 et_pb_wc_cart_totals woocommerce-cart et_pb_module\"><div class=\"et_pb_module_inner\"><div class=\"cart_totals \">\n\n\t\n\t<h2>Resumen de su sistema de calefacci\u00f3n<\/h2>\n\n\t<table cellspacing=\"0\" class=\"shop_table shop_table_responsive\">\n\n\t\t<tr class=\"cart-subtotal\">\n\t\t\t<th>Precio del sistema<\/th>\n\t\t\t<td data-title=\"Precio del sistema\"><span class=\"woocommerce-Price-amount amount\"><bdi>187,00&nbsp;<span class=\"woocommerce-Price-currencySymbol\">&euro;<\/span><\/bdi><\/span><\/td>\n\t\t<\/tr>\n\n\t\t\n\t\t\t<tr class=\"shipping\">\n\t\t\t\t<th>Env\u00edo<\/th>\n\t\t\t\t<td data-title=\"Env\u00edo\">\n\t\t\t\t\tIntroduce tu direcci\u00f3n para ver las opciones de env\u00edo.\n<form class=\"woocommerce-shipping-calculator\" action=\"https:\/\/rebotherm.de\/es\/cesta-de-la-compra\/\" method=\"post\">\n\n\t<a href=\"#\" class=\"shipping-calculator-button\" aria-expanded=\"false\" aria-controls=\"shipping-calculator-form\" role=\"button\">Calcular env\u00edo<\/a>\n\t<section class=\"shipping-calculator-form\" id=\"shipping-calculator-form\" style=\"display:none;\">\n\n\t\t\t\t\t<p class=\"form-row form-row-wide\" id=\"calc_shipping_country_field\">\n\t\t\t\t<label for=\"calc_shipping_country\">Pa\u00eds \/ Regi\u00f3n<\/label>\n\t\t\t\t<select name=\"calc_shipping_country\" id=\"calc_shipping_country\" class=\"country_to_state country_select\" rel=\"calc_shipping_state\">\n\t\t\t\t\t<option value=\"default\">Selecciona un pa\u00eds\/regi\u00f3n&hellip;<\/option>\n\t\t\t\t\t<option value=\"AT\">Austria<\/option><option value=\"BE\">B\u00e9lgica<\/option><option value=\"BG\">Bulgaria<\/option><option value=\"CY\">Chipre<\/option><option value=\"CZ\">Rep\u00fablica Checa<\/option><option value=\"DE\">Alemania<\/option><option value=\"DK\">Dinamarca<\/option><option value=\"EE\">Estonia<\/option><option value=\"ES\">Espa\u00f1a<\/option><option value=\"FI\">Finlandia<\/option><option value=\"FR\">Francia<\/option><option value=\"GR\">Grecia<\/option><option value=\"HR\">Croacia<\/option><option value=\"HU\">Hungr\u00eda<\/option><option value=\"IE\">Irlanda<\/option><option value=\"IT\">Italia<\/option><option value=\"LT\">Lituania<\/option><option value=\"LU\">Luxemburgo<\/option><option value=\"LV\">Letonia<\/option><option value=\"MT\">Malta<\/option><option value=\"NL\">Pa\u00edses Bajos<\/option><option value=\"PL\">Polonia<\/option><option value=\"PT\">Portugal<\/option><option value=\"RO\">Rumania<\/option><option value=\"SE\">Suecia<\/option><option value=\"SI\">Eslovenia<\/option><option value=\"SK\">Eslovaquia<\/option>\t\t\t\t<\/select>\n\t\t\t<\/p>\n\t\t\n\t\t\t\t\t<p class=\"form-row form-row-wide\" id=\"calc_shipping_state_field\">\n\t\t\t\t\t\t\t\t\t<label for=\"calc_shipping_state\">Regi\u00f3n \/ Provincia<\/label>\n\t\t\t\t\t<input type=\"text\" class=\"input-text\" value=\"\" name=\"calc_shipping_state\" id=\"calc_shipping_state\" \/>\n\t\t\t\t\t\t\t\t<\/p>\n\t\t\n\t\t\t\t\t<p class=\"form-row form-row-wide\" id=\"calc_shipping_city_field\">\n\t\t\t\t<label for=\"calc_shipping_city\">Ciudad:<\/label>\n\t\t\t\t<input type=\"text\" class=\"input-text\" value=\"\" name=\"calc_shipping_city\" id=\"calc_shipping_city\" \/>\n\t\t\t<\/p>\n\t\t\n\t\t\t\t\t<p class=\"form-row form-row-wide\" id=\"calc_shipping_postcode_field\">\n\t\t\t\t<label for=\"calc_shipping_postcode\">C\u00f3digo postal:<\/label>\n\t\t\t\t<input type=\"text\" class=\"input-text\" value=\"\" name=\"calc_shipping_postcode\" id=\"calc_shipping_postcode\" \/>\n\t\t\t<\/p>\n\t\t\n\t\t<p><button type=\"submit\" name=\"calc_shipping\" value=\"1\" class=\"button\">Actualizar<\/button><\/p>\n\t\t<input type=\"hidden\" id=\"woocommerce-shipping-calculator-nonce\" name=\"woocommerce-shipping-calculator-nonce\" value=\"0ac96c4c38\" \/><input type=\"hidden\" name=\"_wp_http_referer\" value=\"\/es\/wp-json\/wp\/v2\/pages\/29114\" \/>\t<\/section>\n<\/form>\n\n\t\t\t\t<\/td>\n\t\t\t<\/tr>\n\n\t\t\n\t\t\n\t\t\n\t\t<tr class=\"order-total\">\n\t\t\t<th>Precio total de su sistema de calefacci\u00f3n<\/th>\n\t\t\t<td data-title=\"Precio total de su sistema de calefacci\u00f3n\"><strong><span class=\"woocommerce-Price-amount amount\"><bdi>187,00&nbsp;<span class=\"woocommerce-Price-currencySymbol\">&euro;<\/span><\/bdi><\/span><\/strong><\/td>\n\t\t<\/tr>\n\n\t\t\n\t<\/table>\n\n\t<div class=\"wc-proceed-to-checkout\">\n\t\t\n<a href=\"https:\/\/rebotherm.de\/es\/caja\/\" class=\"checkout-button button alt wc-forward\">\n\tFinalizar compra<\/a>\n<wc-order-attribution-inputs><\/wc-order-attribution-inputs><div class=\"wc-ppcp-cart-payments__container below\" style=\"display: none\">\n    <ul class=\"wc-ppcp-cart-payment__methods\">\n                    <li class=\"wc-ppcp-cart-payment-method or\">\n                <p class=\"wc-ppcp-cart-or\">\n                    &mdash;&nbsp;o&nbsp;&mdash;\n                <\/p>\n            <\/li>\n                    <li class=\"wc-ppcp-cart-payment-method payment_method_ppcp\">\n                <input type=\"hidden\" class=\"wc-ppcp-payment-method-data\" data-payment-method-data=\"[]\"\/><input type=\"hidden\" id=\"ppcp_paypal_order_id\" name=\"ppcp_paypal_order_id\"\/><div id=\"wc-ppcp-cart-button-container\" class=\"wc-ppcp-cart-button-container\"><\/div>\n            <\/li>\n                    <\/ul>\n<\/div>\n\t<\/div>\n\n\t\n<\/div>\n<\/div><\/div>\n\n<div class=\"et_pb_text_2 et_pb_text et_pb_bg_layout_light et_pb_module et_flex_module rebotherm-checkout-trust\"><div class=\"et_pb_text_inner\"><div style=\"margin-top:10px; font-size:14px; line-height:1.6; color:#444;\">\n\u2713 Sicherer Checkout (SSL)<br \/>\n\u2713 Made in Germany Komponenten<br \/>\n\u2713 Pers\u00f6nlicher Support bei Fragen<br \/>\n\u2713 Schneller Versand aus Deutschland\n<\/div>\n<\/div><\/div>\n<\/div>\n<\/div>\n<\/div>","protected":false},"excerpt":{"rendered":"","protected":false},"author":1,"featured_media":0,"parent":0,"menu_order":0,"comment_status":"closed","ping_status":"closed","template":"","meta":{"_acf_changed":false,"footnotes":""},"class_list":["post-29114","page","type-page","status-publish","hentry"],"acf":[],"_links":{"self":[{"href":"https:\/\/rebotherm.de\/es\/wp-json\/wp\/v2\/pages\/29114","targetHints":{"allow":["GET"]}}],"collection":[{"href":"https:\/\/rebotherm.de\/es\/wp-json\/wp\/v2\/pages"}],"about":[{"href":"https:\/\/rebotherm.de\/es\/wp-json\/wp\/v2\/types\/page"}],"author":[{"embeddable":true,"href":"https:\/\/rebotherm.de\/es\/wp-json\/wp\/v2\/users\/1"}],"replies":[{"embeddable":true,"href":"https:\/\/rebotherm.de\/es\/wp-json\/wp\/v2\/comments?post=29114"}],"version-history":[{"count":27,"href":"https:\/\/rebotherm.de\/es\/wp-json\/wp\/v2\/pages\/29114\/revisions"}],"predecessor-version":[{"id":43132,"href":"https:\/\/rebotherm.de\/es\/wp-json\/wp\/v2\/pages\/29114\/revisions\/43132"}],"wp:attachment":[{"href":"https:\/\/rebotherm.de\/es\/wp-json\/wp\/v2\/media?parent=29114"}],"curies":[{"name":"wp","href":"https:\/\/api.w.org\/{rel}","templated":true}]}}