{"id":29244,"date":"2024-06-05T21:43:51","date_gmt":"2024-06-05T19:43:51","guid":{"rendered":"https:\/\/rebotherm.de\/consulta-sobre-el-proyecto\/"},"modified":"2026-03-01T17:51:50","modified_gmt":"2026-03-01T16:51:50","slug":"consulta-sobre-el-proyecto","status":"publish","type":"page","link":"https:\/\/rebotherm.de\/es\/consulta-sobre-el-proyecto\/","title":{"rendered":"Planificaci\u00f3n del proyecto"},"content":{"rendered":"<p><div class=\"et_d4_element et_pb_section et_pb_section_0  et_pb_css_mix_blend_mode et_section_regular section_has_divider et_pb_bottom_divider et_block_section\" >\n\t\t\t\t\n\t\t\t\t\n\t\t\t\t\n\t\t\t\t\n\t\t\t\t\n\t\t\t\t\n\t\t\t\t<div class=\"et_d4_element et_pb_row et_pb_row_0  et_pb_css_mix_blend_mode et_block_row\">\n\t\t\t\t<div class=\"et_d4_element et_pb_column_4_4 et_pb_column et_pb_column_0  et_pb_css_mix_blend_mode et-last-child et_block_column\">\n\t\t\t\t\n\t\t\t\t\n\t\t\t\t\n\t\t\t\t\n\t\t\t\t<div class=\"et_pb_module et_d4_element et_pb_text et_pb_text_0  et_pb_text_align_left et_pb_bg_layout_light\">\n\t\t\t\t\n\t\t\t\t\n\t\t\t\t\n\t\t\t\t\n\t\t\t\t<div class=\"et_pb_text_inner\"><h1 style=\"text-align: center;\">Planificaci\u00f3n del proyecto<\/h1><\/div>\n\t\t\t<\/div>\n\t\t\t<\/div>\n\t\t\t\t\n\t\t\t\t\n\t\t\t\t\n\t\t\t\t\n\t\t\t<\/div>\n\t\t\t\t\n\t\t\t\t<div class=\"et_pb_bottom_inside_divider et-no-transition\"><\/div>\n\t\t\t<\/div><div class=\"et_d4_element et_pb_section et_pb_section_1 et_pb_with_background  et_pb_css_mix_blend_mode et_section_regular et_block_section\" >\n\t\t\t\t\n\t\t\t\t\n\t\t\t\t\n\t\t\t\t\n\t\t\t\t\n\t\t\t\t\n\t\t\t\t<div id=\"kontakt\" class=\"et_d4_element et_pb_row et_pb_row_1  et_pb_css_mix_blend_mode et_block_row\">\n\t\t\t\t<div class=\"et_d4_element et_pb_column_4_4 et_pb_column et_pb_column_1  et_pb_css_mix_blend_mode et-last-child et_block_column\">\n\t\t\t\t\n\t\t\t\t\n\t\t\t\t\n\t\t\t\t\n\t\t\t\t<div class=\"et_pb_module et_d4_element et_pb_text et_pb_text_1  et_pb_text_align_left et_pb_bg_layout_light\">\n\t\t\t\t\n\t\t\t\t\n\t\t\t\t\n\t\t\t\t\n\t\t\t\t<div class=\"et_pb_text_inner\"><p style=\"text-align: left;\">Estamos siempre a tu disposici\u00f3n para ayudarte y asesorarte en la planificaci\u00f3n de tu proyecto. Ll\u00e1manos, env\u00edanos un correo electr\u00f3nico o env\u00edanos un mensaje utilizando el formulario de contacto y describe tu solicitud.<\/p>\n<p style=\"text-align: left;\">Estaremos encantados de ayudarte a obtener un presupuesto gratuito.<\/p><\/div>\n\t\t\t<\/div>\n\t\t\t<\/div>\n\t\t\t\t\n\t\t\t\t\n\t\t\t\t\n\t\t\t\t\n\t\t\t<\/div><div class=\"et_d4_element et_pb_row et_pb_row_2  et_pb_css_mix_blend_mode et_block_row\">\n\t\t\t\t<div class=\"et_d4_element et_pb_column_3_5 et_pb_column et_pb_column_2  et_pb_css_mix_blend_mode et_block_column\">\n\t\t\t\t\n\t\t\t\t\n\t\t\t\t\n\t\t\t\t\n\t\t\t\t<div class=\"et_pb_module et_d4_element et_pb_code et_pb_code_0\">\n\t\t\t\t\n\t\t\t\t\n\t\t\t\t\n\t\t\t\t\n\t\t\t\t<div class=\"et_pb_code_inner\"><div id=\"form-container\">\n  <form id=\"multistep-form\" enctype=\"multipart\/form-data\">\n    <!-- Seite 1 -->\n    <div class=\"form-page\" id=\"page-1\">\n      <label for=\"object-type\">Selecciona el tipo de objeto que quieres calentar:<\/label>\n      <select id=\"object-type\" name=\"object-type\" required=\"\">\n<option value=\"\">Selecciona...<\/option>\n<option value=\"Haus\">Casa<\/option>\n<option value=\"Gartenhaus\">Cobertizo de jard\u00edn<\/option>\n<option value=\"Tinyhouse\">Casa peque\u00f1a<\/option>\n<option value=\"Wohnmobil\">Autocaravana<\/option>\n<option value=\"Sonstiges\">Varios<\/option>\n      <\/select>\n      <label for=\"construction-year\">A\u00f1o de construcci\u00f3n del inmueble:<\/label>\n      <input type=\"text\" id=\"construction-year\" name=\"construction-year\" required=\"\">\n      <button type=\"button\" class=\"next-button\">M\u00e1s informaci\u00f3n en<\/button>\n    <\/div>\n\n    <!-- Seite 2 -->\n    <div class=\"form-page\" id=\"page-2\">\n      <label for=\"energy-certificate\">\u00bfDispones de certificado energ\u00e9tico?<\/label>\n      <select id=\"energy-certificate\" name=\"energy-certificate\" required=\"\">\n<option value=\"\">Por favor, selecciona...<\/option>\n<option value=\"Ja\">S\u00ed<\/option>\n<option value=\"Nein\">No<\/option>\n      <\/select>\n      <label for=\"energy-need\">Necesidad energ\u00e9tica de la vivienda en kWh:<\/label>\n      <input type=\"text\" id=\"energy-need\" name=\"energy-need\" required=\"\">\n      <label for=\"primary-energy-need\">Necesidad de energ\u00eda primaria del edificio en kWh:<\/label>\n      <input type=\"text\" id=\"primary-energy-need\" name=\"primary-energy-need\" required=\"\">\n      <button type=\"button\" class=\"prev-button\">volver<\/button>\n      <button type=\"button\" class=\"next-button\">Siguiente<\/button>\n    <\/div>\n\n    <!-- Seite 3 -->\n    <div class=\"form-page\" id=\"page-3\">\n      <label for=\"heating-use\">Tipo de utilizaci\u00f3n del sistema de calefacci\u00f3n el\u00e9ctrica deseado:<\/label>\n      <select id=\"heating-use\" name=\"heating-use\" required=\"\">\n<option value=\"\">Selecciona...<\/option>\n<option value=\"als alleinige Heizung\">como \u00fanica calefacci\u00f3n<\/option>\n<option value=\"als Zusatzheizung\">como calefacci\u00f3n auxiliar<\/option>\n<option value=\"zur Schimmelpr\u00e4vention\">para prevenir el moho<\/option>\n<option value=\"Zur Wand- bzw. Kellertrocknung\">Para secar paredes y s\u00f3tanos<\/option>\n<option value=\"Sonstiges\">Varios<\/option>\n      <\/select>\n      <label for=\"additional-heat-sources\">\u00bfHay otras fuentes de calor en la habitaci\u00f3n?<\/label>\n      <select id=\"additional-heat-sources\" name=\"additional-heat-sources\" required=\"\">\n<option value=\"\">Por favor, selecciona...<\/option>\n<option value=\"Ja\">S\u00ed<\/option>\n<option value=\"Nein\">No<\/option>\n      <\/select>\n      <label for=\"mounting-type\">Tipo de montaje:<\/label>\n      <select id=\"mounting-type\" name=\"mounting-type\" required=\"\">\n<option value=\"\">Selecciona...<\/option>\n<option value=\"Fu\u00dfbodenheizung\">Calefacci\u00f3n por suelo radiante<\/option>\n<option value=\"Wandmontage unter Putz\">Montaje en pared bajo yeso<\/option>\n<option value=\"Fermacell-Heizpaneele an der Wand\">Paneles calefactores Fermacell en la pared<\/option>\n<option value=\"Fermacell-Heizpaneele an der Decke\">Paneles calefactores Fermacell en el techo<\/option>\n<option value=\"Heizfolie an der Wand oder Decke verklebt\">L\u00e1mina calefactora pegada a la pared o al techo<\/option>\n      <\/select>\n      <button type=\"button\" class=\"prev-button\">volver<\/button>\n      <button type=\"button\" class=\"next-button\">Siguiente<\/button>\n    <\/div>\n\n    <!-- Seite 4 -->\n    <div class=\"form-page\" id=\"page-4\">\n      <h3>Sube archivos:<\/h3>\n      Env\u00edanos un croquis, un dibujo acotado o un plano que muestre el tama\u00f1o de la sala. Marca todos los muebles\/objetos fijos y totalmente apoyados.\n      <label for=\"file-upload\">Sube archivos:<\/label>\n      <input type=\"file\" id=\"file-upload\" name=\"file-upload[]\" accept=\".jpg,.jpeg,.png,.pdf\" multiple>\n      <button type=\"button\" class=\"prev-button\">volver<\/button>\n      <button type=\"button\" class=\"next-button\">Siguiente<\/button>\n    <\/div>\n\n    <!-- Seite 5 -->\n    <div class=\"form-page\" id=\"page-5\">\n      <label for=\"project-description\">Describe aqu\u00ed tu proyecto deseado o deja informaci\u00f3n adicional:<\/label>\n      <textarea id=\"project-description\" name=\"project-description\" rows=\"4\"><\/textarea>\n      <button type=\"button\" class=\"prev-button\">volver<\/button>\n      <button type=\"button\" class=\"next-button\">Siguiente<\/button>\n    <\/div>\n\n    <!-- Seite 6 -->\n    <div class=\"form-page\" id=\"page-6\">\n      <h3>Tus datos de contacto:<\/h3>\n      <label for=\"name\">Nombre:<\/label>\n      <input type=\"text\" id=\"name\" name=\"name\" required=\"\">\n      <label for=\"email\">Correo electr\u00f3nico:<\/label>\n      <input type=\"email\" id=\"email\" name=\"email\" required=\"\">\n      <label for=\"street\">Calle y n\u00famero de casa:<\/label>\n      <input type=\"text\" id=\"street\" name=\"street\" required=\"\">\n      <label for=\"city\">Localizaci\u00f3n:<\/label>\n      <input type=\"text\" id=\"city\" name=\"city\" required=\"\">\n      <label for=\"zip\">C\u00d3DIGO POSTAL:<\/label>\n      <input type=\"text\" id=\"zip\" name=\"zip\" required=\"\">\n      <label for=\"country\">Pa\u00eds:<\/label>\n      <input type=\"text\" id=\"country\" name=\"country\" required=\"\">\n      <label for=\"phone\">Tel\u00e9fono:<\/label>\n      <input type=\"text\" id=\"phone\" name=\"phone\" required=\"\" pattern=\"[\\+0-9\\s]+\" title=\"Introduce un n\u00famero de tel\u00e9fono v\u00e1lido. Se permiten n\u00fameros, espacios y el signo m\u00e1s.\">\n      <label for=\"company\">Empresa (opcional):<\/label>\n      <input type=\"text\" id=\"company\" name=\"company\">\n      <label for=\"vat-id\">CIF (opcional):<\/label>\n      <input type=\"text\" id=\"vat-id\" name=\"vat-id\">\n      <button type=\"button\" class=\"prev-button\">Volver a<\/button>\n      <button type=\"submit\" class=\"submit-button\">Env\u00eda<\/button>\n      <div id=\"loading\"><\/div>\n    <\/div>\n  <\/form>\n<\/div>\n<\/div>\n\t\t\t<\/div>\n\t\t\t<\/div><div class=\"et_d4_element et_pb_column_2_5 et_pb_column et_pb_column_3  et_pb_css_mix_blend_mode et-last-child et_block_column\">\n\t\t\t\t\n\t\t\t\t\n\t\t\t\t\n\t\t\t\t\n\t\t\t\t<div class=\"et_pb_module et_d4_element et_pb_blurb et_pb_blurb_0 et_clickable  et_pb_text_align_left  et_pb_blurb_position_left et_block_module et_pb_bg_layout_light\">\n\t\t\t\t\n\t\t\t\t\n\t\t\t\t\n\t\t\t\t\n\t\t\t\t<div class=\"et_pb_blurb_content\">\n\t\t\t\t\t<div class=\"et_pb_main_blurb_image et_pb_css_mix_blend_mode\"><a href=\"mailto:info@rebotherm.de\"><span class=\"et_pb_image_wrap\"><span class=\"et-waypoint et_pb_animation_top et_pb_animation_top_tablet et_pb_animation_top_phone et-pb-icon\">\uf0e0<\/span><\/span><\/a><\/div>\n\t\t\t\t\t<div class=\"et_pb_blurb_container\">\n\t\t\t\t\t\t<h4 class=\"et_pb_module_header\"><a href=\"mailto:info@rebotherm.de\">Direcci\u00f3n de correo electr\u00f3nico<\/a><\/h4>\n\t\t\t\t\t\t<div class=\"et_pb_blurb_description\"><p>udo@rebotherm.de<\/p><\/div>\n\t\t\t\t\t<\/div>\n\t\t\t\t<\/div>\n\t\t\t<\/div><div class=\"et_pb_module et_d4_element et_pb_blurb et_pb_blurb_1 et_clickable  et_pb_text_align_left  et_pb_blurb_position_left et_block_module et_pb_bg_layout_light\">\n\t\t\t\t\n\t\t\t\t\n\t\t\t\t\n\t\t\t\t\n\t\t\t\t<div class=\"et_pb_blurb_content\">\n\t\t\t\t\t<div class=\"et_pb_main_blurb_image et_pb_css_mix_blend_mode\"><a href=\"tel:+49-40-35777282\"><span class=\"et_pb_image_wrap\"><span class=\"et-waypoint et_pb_animation_top et_pb_animation_top_tablet et_pb_animation_top_phone et-pb-icon\">\uf879<\/span><\/span><\/a><\/div>\n\t\t\t\t\t<div class=\"et_pb_blurb_container\">\n\t\t\t\t\t\t<h4 class=\"et_pb_module_header\"><a href=\"tel:+49-40-35777282\">Tel\u00e9fono<\/a><\/h4>\n\t\t\t\t\t\t<div class=\"et_pb_blurb_description\"><p>+49-1590 353 9466<\/p><\/div>\n\t\t\t\t\t<\/div>\n\t\t\t\t<\/div>\n\t\t\t<\/div><div class=\"et_pb_module et_d4_element et_pb_blurb et_pb_blurb_2  et_pb_text_align_left  et_pb_blurb_position_left et_block_module et_pb_bg_layout_light\">\n\t\t\t\t\n\t\t\t\t\n\t\t\t\t\n\t\t\t\t\n\t\t\t\t<div class=\"et_pb_blurb_content\">\n\t\t\t\t\t<div class=\"et_pb_main_blurb_image et_pb_css_mix_blend_mode\"><span class=\"et_pb_image_wrap\"><span class=\"et-waypoint et_pb_animation_top et_pb_animation_top_tablet et_pb_animation_top_phone et-pb-icon\">\uf0e0<\/span><\/span><\/div>\n\t\t\t\t\t<div class=\"et_pb_blurb_container\">\n\t\t\t\t\t\t<h4 class=\"et_pb_module_header\"><span>Direcci\u00f3n<\/span><\/h4>\n\t\t\t\t\t\t<div class=\"et_pb_blurb_description\"><p>Ballindamm 3<br \/>20095 Hamburgo<\/p>\n<p>&nbsp;<\/p><\/div>\n\t\t\t\t\t<\/div>\n\t\t\t\t<\/div>\n\t\t\t<\/div>\n\t\t\t<\/div>\n\t\t\t\t\n\t\t\t\t\n\t\t\t\t\n\t\t\t\t\n\t\t\t<\/div>\n\t\t\t\t\n\t\t\t\t\n\t\t\t<\/div><\/p>\n","protected":false},"excerpt":{"rendered":"","protected":false},"author":5,"featured_media":0,"parent":0,"menu_order":0,"comment_status":"closed","ping_status":"closed","template":"","meta":{"_acf_changed":false,"_et_pb_use_builder":"on","_et_pb_old_content":"","_et_gb_content_width":"","footnotes":""},"class_list":["post-29244","page","type-page","status-publish","hentry"],"acf":[],"_links":{"self":[{"href":"https:\/\/rebotherm.de\/es\/wp-json\/wp\/v2\/pages\/29244","targetHints":{"allow":["GET"]}}],"collection":[{"href":"https:\/\/rebotherm.de\/es\/wp-json\/wp\/v2\/pages"}],"about":[{"href":"https:\/\/rebotherm.de\/es\/wp-json\/wp\/v2\/types\/page"}],"author":[{"embeddable":true,"href":"https:\/\/rebotherm.de\/es\/wp-json\/wp\/v2\/users\/5"}],"replies":[{"embeddable":true,"href":"https:\/\/rebotherm.de\/es\/wp-json\/wp\/v2\/comments?post=29244"}],"version-history":[{"count":0,"href":"https:\/\/rebotherm.de\/es\/wp-json\/wp\/v2\/pages\/29244\/revisions"}],"wp:attachment":[{"href":"https:\/\/rebotherm.de\/es\/wp-json\/wp\/v2\/media?parent=29244"}],"curies":[{"name":"wp","href":"https:\/\/api.w.org\/{rel}","templated":true}]}}