{"id":29564,"date":"2024-06-06T15:15:21","date_gmt":"2024-06-06T13:15:21","guid":{"rendered":"https:\/\/rebotherm.de\/proteccion-termica-con-auratherm-contra-el-moho-y-las-paredes-frias\/"},"modified":"2026-04-07T19:46:47","modified_gmt":"2026-04-07T17:46:47","slug":"proteccion-termica-con-auratherm-contra-el-moho-y-las-paredes-frias","status":"publish","type":"page","link":"https:\/\/rebotherm.de\/es\/proteccion-termica-con-auratherm-contra-el-moho-y-las-paredes-frias\/","title":{"rendered":"Protecci\u00f3n t\u00e9rmica con Auratherm: contra el moho y las paredes fr\u00edas"},"content":{"rendered":"<div class=\"et_pb_section_0 et_pb_section et_section_regular et_block_section section_has_divider et_pb_bottom_divider\">\n<div class=\"et_pb_row_0 et_pb_row et_block_row\">\n<div class=\"et_pb_column_0 et_pb_column et_pb_column_1_2 et_block_column et_pb_css_mix_blend_mode_passthrough\">\n<div class=\"et_pb_text_0 et_pb_text et_pb_bg_layout_light et_pb_module et_block_module\"><div class=\"et_pb_text_inner\"><h1 style=\"font-size:32px; line-height:1.15; margin-bottom:18px; color:#222;\">\n  Auratherm Thermopaste: menos moho, m\u00e1s confort de vida<br \/>\n<\/h1>\n<\/div><\/div>\n\n<div class=\"et_pb_text_1 et_pb_text et_pb_bg_layout_light et_pb_module et_block_module\"><div class=\"et_pb_text_inner\"><p style=\"font-size:16px; line-height:1.6; color:#444; margin-bottom:0;\">\n  El revestimiento inteligente contra las paredes fr\u00edas y la condensaci\u00f3n: ideal para edificios antiguos, zonas problem\u00e1ticas e interiores con mayores niveles de humedad.<\/p>\n<\/div><\/div>\n\n<div class=\"et_pb_module et_pb_button_module_wrapper et_pb_button_0_wrapper\"><a class=\"et_pb_button_0 et_pb_button et_pb_bg_layout_dark et_pb_module et_block_module\" href=\"https:\/\/rebotherm.de\/thermopaste-auratherm\/\">A la tienda<\/a><\/div>\n<\/div>\n\n<div class=\"et_pb_column_1 et_pb_column et_pb_column_1_2 et-last-child et_block_column et_pb_css_mix_blend_mode_passthrough\">\n<div class=\"et_pb_image_0 et_pb_image et_pb_module et_block_module\"><span class=\"et_pb_image_wrap\"><img decoding=\"async\" src=\"https:\/\/rebotherm.de\/wp-content\/uploads\/2024\/06\/thermoschutz-farbe-auratherm.png\" width=\"500\" height=\"500\" srcset=\"https:\/\/rebotherm.de\/wp-content\/uploads\/2024\/06\/thermoschutz-farbe-auratherm.png 500w, https:\/\/rebotherm.de\/wp-content\/uploads\/2024\/06\/thermoschutz-farbe-auratherm-480x480.png 480w\" sizes=\"(min-width: 0px) and (max-width: 480px) 480px, (min-width: 481px) 500px, 100vw\" class=\"wp-image-29581\" title=\"protecci\u00f3n t\u00e9rmica-color-auratherm\" alt=\"Color de protecci\u00f3n t\u00e9rmica Auratherm\" \/><\/span><\/div>\n<\/div>\n<\/div>\n<div class=\"et_pb_bottom_inside_divider et-no-transition\"><\/div><\/div>\n\n<div class=\"et_pb_section_1 et_pb_section et_section_regular et_block_section section_has_divider et_pb_bottom_divider\">\n<div class=\"et_pb_row_1 et_pb_row et_block_row\">\n<div class=\"et_pb_column_2 et_pb_column et_pb_column_1_2 et_block_column et_pb_css_mix_blend_mode_passthrough\">\n<div class=\"et_pb_image_1 et_pb_image et_pb_module et_block_module\"><span class=\"et_pb_image_wrap\"><img decoding=\"async\" src=\"https:\/\/rebotherm.de\/wp-content\/uploads\/2024\/06\/thermoschutz-paste-auratherm.png\" width=\"500\" height=\"500\" srcset=\"https:\/\/rebotherm.de\/wp-content\/uploads\/2024\/06\/thermoschutz-paste-auratherm.png 500w, https:\/\/rebotherm.de\/wp-content\/uploads\/2024\/06\/thermoschutz-paste-auratherm-480x480.png 480w\" sizes=\"(min-width: 0px) and (max-width: 480px) 480px, (min-width: 481px) 500px, 100vw\" class=\"wp-image-29586\" title=\"pasta de protecci\u00f3n t\u00e9rmica auratherm\" alt=\"Pasta de protecci\u00f3n t\u00e9rmica Auratherm\" \/><\/span><\/div>\n<\/div>\n\n<div class=\"et_pb_column_3 et_pb_column et_pb_column_1_2 et-last-child et_block_column et_pb_css_mix_blend_mode_passthrough\">\n<div class=\"et_pb_text_2 et_pb_text et_pb_bg_layout_light et_pb_module et_block_module\"><div class=\"et_pb_text_inner\"><h2 style=\"font-size:40px; line-height:1.2; margin-bottom:25px; color:#222;\">\n  \u00bfPor qu\u00e9 Auratherm?<br \/>\n<\/h2>\n<\/div><\/div>\n\n<div class=\"et_pb_text_3 et_pb_text et_pb_bg_layout_light et_pb_module et_block_module\"><div class=\"et_pb_text_inner\"><p style=\"font-size: 18px; line-height: 1.75; color: #444; margin-bottom: 18px;\">Las paredes exteriores fr\u00edas, la humedad y el moho suelen aparecer cuando la temperatura de la superficie es demasiado baja.<br \/><strong>Auratherm empieza justo aqu\u00ed<\/strong>:<\/p>\n<ul style=\"font-size: 18px; line-height: 1.9; color: #444; margin: 0 0 22px 20px; padding: 0;\">\n<li>aumenta la temperatura superficial de la pared<\/li>\n<li>Reduce la condensaci\u00f3n<\/li>\n<li>mejora notablemente el clima interior<\/li>\n<\/ul>\n<p style=\"font-size: 18px; line-height: 1.75; color: #444; margin-bottom: 0;\">Especialmente \u00fatil en <strong>edificios antiguos sin suficiente aislamiento<\/strong>, <strong>puentes t\u00e9rmicos<\/strong> y en <strong>ba\u00f1os, cocinas y otras zonas interiores sensibles<\/strong>.<\/p>\n<\/div><\/div>\n<\/div>\n<\/div>\n\n<div class=\"et_pb_row_2 et_pb_row et_block_row\">\n<div class=\"et_pb_column_4 et_pb_column et_pb_column_4_4 et-last-child et_block_column et_pb_css_mix_blend_mode_passthrough\">\n<div class=\"et_pb_module et_pb_button_module_wrapper et_pb_button_1_wrapper\"><a class=\"et_pb_button_1 et_pb_button et_pb_bg_layout_dark et_pb_module et_block_module\" href=\"https:\/\/rebotherm.de\/thermopaste-auratherm\/\">A la tienda<\/a><\/div>\n<\/div>\n<\/div>\n\n<div class=\"et_pb_row_3 et_pb_row et_pb_equal_columns et_pb_gutters4 et_block_row\">\n<div class=\"et_pb_column_5 et_pb_column et_pb_column_1_2 et_block_column et_pb_css_mix_blend_mode_passthrough\">\n<div class=\"et_pb_text_4 et_pb_text et_pb_bg_layout_light et_pb_module et_block_module\"><div class=\"et_pb_text_inner\"><h2 style=\"font-size:40px; line-height:1.2; margin-bottom:25px; color:#222;\">\n  \u00bfC\u00f3mo funciona Auratherm?<br \/>\n<\/h2>\n<p style=\"font-size:18px; line-height:1.75; color:#444; margin-bottom:18px;\">\n  Auratherm contiene <strong>microcuerpos huecos cer\u00e1micos<\/strong> especiales que influyen positivamente en la disipaci\u00f3n del calor de la superficie de la pared.\n<\/p>\n<p style=\"font-size:18px; line-height:1.75; color:#444; margin-bottom:18px;\">\n  Esto crea unas condiciones de superficie m\u00e1s favorables desde el punto de vista de la f\u00edsica de la construcci\u00f3n:\n<\/p>\n<ul style=\"font-size:18px; line-height:1.9; color:#444; margin:0 0 22px 20px; padding:0;\">\n<li>Mayor temperatura superficial<\/li>\n<li>Menor diferencia de temperatura con el aire ambiente<\/li>\n<li>Menos condensaci\u00f3n en los puntos cr\u00edticos<\/li>\n<\/ul>\n<p style=\"font-size:18px; line-height:1.75; color:#444; margin-bottom:0;\">\n  El resultado es un <strong>clima interior m\u00e1s agradable<\/strong>, un <strong>menor riesgo de moho<\/strong> y un mayor confort en la vivienda, sobre todo en zonas con paredes fr\u00edas y expuestas a la humedad.<\/p>\n<\/div><\/div>\n<\/div>\n\n<div class=\"et_pb_column_6 et_pb_column et_pb_column_1_2 et-last-child et_block_column et_pb_css_mix_blend_mode_passthrough\">\n<div class=\"et_pb_image_2 et_pb_image et_pb_module et_block_module\"><span class=\"et_pb_image_wrap\"><img decoding=\"async\" src=\"https:\/\/rebotherm.de\/wp-content\/uploads\/2024\/06\/auratherm-thermoschutz-von-rebotherm.jpg\" width=\"600\" height=\"400\" srcset=\"https:\/\/rebotherm.de\/wp-content\/uploads\/2024\/06\/auratherm-thermoschutz-von-rebotherm.jpg 600w, https:\/\/rebotherm.de\/wp-content\/uploads\/2024\/06\/auratherm-thermoschutz-von-rebotherm-480x320.jpg 480w\" sizes=\"(min-width: 0px) and (max-width: 480px) 480px, (min-width: 481px) 600px, 100vw\" class=\"wp-image-29592\" title=\"auratherm-protecci\u00f3n-t\u00e9rmica-de-rebotherm\" alt=\"Protecci\u00f3n t\u00e9rmica Auratherm de rebotherm\" \/><\/span><\/div>\n<\/div>\n<\/div>\n<div class=\"et_pb_bottom_inside_divider et-no-transition\"><\/div><\/div>\n\n<div class=\"et_pb_section_2 et_pb_section et_section_regular et_flex_section\">\n<div class=\"et_pb_row_4 et_pb_row et_flex_row\">\n<div class=\"et_pb_column_7 et_pb_column et-last-child et_flex_column et_pb_css_mix_blend_mode_passthrough et_flex_column_24_24 et_flex_column_24_24_tablet et_flex_column_24_24_phone\">\n<div class=\"et_pb_text_5 et_pb_text et_pb_bg_layout_light et_pb_module et_flex_module\"><div class=\"et_pb_text_inner\"><h2 style=\"font-size:40px; line-height:1.2; margin-bottom:25px; color:#222;\">\n  Nota importante<br \/>\n<\/h2>\n<p style=\"font-size:18px; line-height:1.75; color:#444; margin-bottom:18px;\">\n  Auratherm no sustituye al aislamiento t\u00e9rmico convencional, sino que act\u00faa directamente sobre la superficie de la pared.\n<\/p>\n<p style=\"font-size:18px; line-height:1.75; color:#444; margin-bottom:18px;\">\n  Los beneficios residen en particular en\n<\/p>\n<ul style=\"font-size:18px; line-height:1.9; color:#444; margin:0 0 22px 20px; padding:0;\">\n<li>la reducci\u00f3n de los riesgos de condensaci\u00f3n<\/li>\n<li>la mejora de la distribuci\u00f3n del calor<\/li>\n<li>el aumento del confort t\u00e9rmico<\/li>\n<\/ul>\n<p style=\"font-size:18px; line-height:1.75; color:#444; margin-bottom:0;\">\n  Por tanto, Auratherm es especialmente interesante all\u00ed donde las medidas de aislamiento convencionales no son posibles, no se desean o s\u00f3lo pueden realizarse con un gran coste.<\/p>\n<\/div><\/div>\n<\/div>\n<\/div>\n<\/div>\n\n<div class=\"et_pb_section_3 et_pb_section et_section_regular et_flex_section\">\n<div class=\"et_pb_row_5 et_pb_row et_flex_row\">\n<div class=\"et_pb_column_8 et_pb_column et-last-child et_flex_column et_pb_css_mix_blend_mode_passthrough et_flex_column_24_24 et_flex_column_24_24_tablet et_flex_column_24_24_phone\">\n<div class=\"et_pb_text_6 et_pb_text et_pb_bg_layout_light et_pb_module et_flex_module\"><div class=\"et_pb_text_inner\"><h2 style=\"font-size:40px; line-height:1.2; margin-bottom:25px; color:#222;\">\n  Tus ventajas de un vistazo<br \/>\n<\/h2>\n<ul style=\"font-size:18px; line-height:1.95; color:#444; margin:0 0 0 20px; padding:0;\">\n<li>Reduce el riesgo de condensaci\u00f3n y formaci\u00f3n de moho<\/li>\n<li>mejora notablemente el confort de vida<\/li>\n<li>Ideal para edificios antiguos, zonas problem\u00e1ticas y zonas interiores sensibles<\/li>\n<li>abierto a la difusi\u00f3n y pintable<\/li>\n<li>Buena cobertura y alto poder de relleno<\/li>\n<li>Aplicaci\u00f3n sencilla con brocha, rodillo o pulverizador<\/li>\n<li>No requiere medidas estructurales complejas<\/li>\n<\/ul>\n<\/div><\/div>\n<\/div>\n<\/div>\n<\/div>\n\n<div class=\"et_pb_section_4 et_pb_section et_section_regular et_block_section\">\n<div class=\"et_pb_row_6 et_pb_row et_block_row\">\n<div class=\"et_pb_column_9 et_pb_column et_pb_column_4_4 et-last-child et_block_column et_pb_css_mix_blend_mode_passthrough\">\n<div class=\"et_pb_text_7 et_pb_text et_pb_bg_layout_light et_pb_module et_flex_module\"><div class=\"et_pb_text_inner\"><h2 style=\"font-size:40px; line-height:1.2; margin-bottom:25px; color:#222; text-align:center;\">\n  Soluci\u00f3n para paredes fr\u00edas y problemas de moho<br \/>\n<\/h2>\n<p style=\"font-size:18px; line-height:1.75; color:#444; margin:0 auto; max-width:900px; text-align:center;\">\n  \u00bfTienes paredes h\u00famedas y fr\u00edas o problemas recurrentes de moho?<br \/>\n  Auratherm puede ser una soluci\u00f3n sensata para zonas interiores cr\u00edticas, sobre todo en edificios antiguos y en zonas problem\u00e1ticas desde el punto de vista de la f\u00edsica de la construcci\u00f3n.<\/p>\n<\/div><\/div>\n<\/div>\n<\/div>\n\n<div class=\"et_pb_row_7 et_pb_row et_block_row\">\n<div class=\"et_pb_column_10 et_pb_column et_pb_column_4_4 et-last-child et_block_column et_pb_css_mix_blend_mode_passthrough\">\n<div class=\"et_pb_module et_pb_button_module_wrapper et_pb_button_2_wrapper\"><a class=\"et_pb_button_2 et_pb_button et_pb_bg_layout_dark et_pb_module et_block_module\" href=\"https:\/\/rebotherm.de\/thermopaste-auratherm\/\">A la tienda<\/a><\/div>\n<\/div>\n<\/div>\n<\/div>","protected":false},"excerpt":{"rendered":"","protected":false},"author":5,"featured_media":0,"parent":0,"menu_order":0,"comment_status":"closed","ping_status":"closed","template":"","meta":{"_acf_changed":false,"footnotes":""},"class_list":["post-29564","page","type-page","status-publish","hentry"],"acf":[],"_links":{"self":[{"href":"https:\/\/rebotherm.de\/es\/wp-json\/wp\/v2\/pages\/29564","targetHints":{"allow":["GET"]}}],"collection":[{"href":"https:\/\/rebotherm.de\/es\/wp-json\/wp\/v2\/pages"}],"about":[{"href":"https:\/\/rebotherm.de\/es\/wp-json\/wp\/v2\/types\/page"}],"author":[{"embeddable":true,"href":"https:\/\/rebotherm.de\/es\/wp-json\/wp\/v2\/users\/5"}],"replies":[{"embeddable":true,"href":"https:\/\/rebotherm.de\/es\/wp-json\/wp\/v2\/comments?post=29564"}],"version-history":[{"count":2,"href":"https:\/\/rebotherm.de\/es\/wp-json\/wp\/v2\/pages\/29564\/revisions"}],"predecessor-version":[{"id":42711,"href":"https:\/\/rebotherm.de\/es\/wp-json\/wp\/v2\/pages\/29564\/revisions\/42711"}],"wp:attachment":[{"href":"https:\/\/rebotherm.de\/es\/wp-json\/wp\/v2\/media?parent=29564"}],"curies":[{"name":"wp","href":"https:\/\/api.w.org\/{rel}","templated":true}]}}