{"id":30227,"date":"2024-06-13T17:06:27","date_gmt":"2024-06-13T15:06:27","guid":{"rendered":"https:\/\/rebotherm.de\/envio-y-entrega\/"},"modified":"2024-07-04T17:19:31","modified_gmt":"2024-07-04T15:19:31","slug":"envio-y-entrega","status":"publish","type":"page","link":"https:\/\/rebotherm.de\/es\/envio-y-entrega\/","title":{"rendered":"Env\u00edo y entrega"},"content":{"rendered":"<p><div class=\"et_d4_element et_pb_section et_pb_section_0  et_pb_css_mix_blend_mode et_section_regular section_has_divider et_pb_bottom_divider et_block_section\" >\n\t\t\t\t\n\t\t\t\t\n\t\t\t\t\n\t\t\t\t\n\t\t\t\t\n\t\t\t\t\n\t\t\t\t<div class=\"et_d4_element et_pb_row et_pb_row_0  et_pb_css_mix_blend_mode et_block_row\">\n\t\t\t\t<div class=\"et_d4_element et_pb_column_4_4 et_pb_column et_pb_column_0  et_pb_css_mix_blend_mode et-last-child et_block_column\">\n\t\t\t\t\n\t\t\t\t\n\t\t\t\t\n\t\t\t\t\n\t\t\t\t<div class=\"et_pb_module et_d4_element et_pb_text et_pb_text_0  et_pb_text_align_left et_pb_bg_layout_light\">\n\t\t\t\t\n\t\t\t\t\n\t\t\t\t\n\t\t\t\t\n\t\t\t\t<div class=\"et_pb_text_inner\"><h1 style=\"text-align: center;\">Env\u00edos y entregas<\/h1><\/div>\n\t\t\t<\/div>\n\t\t\t<\/div>\n\t\t\t\t\n\t\t\t\t\n\t\t\t\t\n\t\t\t\t\n\t\t\t<\/div>\n\t\t\t\t\n\t\t\t\t<div class=\"et_pb_bottom_inside_divider et-no-transition\"><\/div>\n\t\t\t<\/div><div class=\"et_d4_element et_pb_section et_pb_section_1 et_pb_with_background  et_pb_css_mix_blend_mode et_section_regular et_block_section\" >\n\t\t\t\t\n\t\t\t\t\n\t\t\t\t\n\t\t\t\t\n\t\t\t\t\n\t\t\t\t\n\t\t\t\t<div id=\"kontakt\" class=\"et_d4_element et_pb_row et_pb_row_1  et_pb_css_mix_blend_mode et_block_row\">\n\t\t\t\t<div class=\"et_d4_element et_pb_column_4_4 et_pb_column et_pb_column_1  et_pb_css_mix_blend_mode et-last-child et_block_column\">\n\t\t\t\t\n\t\t\t\t\n\t\t\t\t\n\t\t\t\t\n\t\t\t\t<div class=\"et_pb_module et_d4_element et_pb_text et_pb_text_1  et_pb_text_align_left et_pb_bg_layout_light\">\n\t\t\t\t\n\t\t\t\t\n\t\t\t\t\n\t\t\t\t\n\t\t\t\t<div class=\"et_pb_text_inner\"><p style=\"text-align: left;\">B\u00e1sicamente te ofrecemos dos opciones de env\u00edo. Para los env\u00edos m\u00e1s peque\u00f1os utilizamos DHL. Para las entregas m\u00e1s grandes utilizamos el servicio de transporte <a href=\"https:\/\/cargoboard.com\/de\" target=\"_blank\" rel=\"noopener\">Cargoboard<\/a>. En esta p\u00e1gina encontrar\u00e1s toda la informaci\u00f3n relevante sobre todos los tipos de env\u00edos que recibir\u00e1s de nosotros.<\/p><\/div>\n\t\t\t<\/div>\n\t\t\t<\/div>\n\t\t\t\t\n\t\t\t\t\n\t\t\t\t\n\t\t\t\t\n\t\t\t<\/div><div id=\"kontakt\" class=\"et_d4_element et_pb_row et_pb_row_2  et_pb_css_mix_blend_mode et_block_row\">\n\t\t\t\t<div class=\"et_d4_element et_pb_column_3_4 et_pb_column et_pb_column_2  et_pb_css_mix_blend_mode et_block_column\">\n\t\t\t\t\n\t\t\t\t\n\t\t\t\t\n\t\t\t\t\n\t\t\t\t<div class=\"et_pb_module et_d4_element et_pb_text et_pb_text_2  et_pb_text_align_left et_pb_bg_layout_light\">\n\t\t\t\t\n\t\t\t\t\n\t\t\t\t\n\t\t\t\t\n\t\t\t\t<div class=\"et_pb_text_inner\"><p><strong>Opci\u00f3n 1: Env\u00edo con DHL<\/strong><\/p><\/div>\n\t\t\t<\/div><div class=\"et_pb_module et_d4_element et_pb_text et_pb_text_3  et_pb_text_align_left et_pb_bg_layout_light\">\n\t\t\t\t\n\t\t\t\t\n\t\t\t\t\n\t\t\t\t\n\t\t\t\t<div class=\"et_pb_text_inner\"><p>Para las entregas m\u00e1s peque\u00f1as, utilizamos DHL para enviar tus mercanc\u00edas. El env\u00edo a trav\u00e9s de DHL cuesta una tarifa plana de 8,49 euros para todos los pedidos que puedan enviarse como paquete. Sin embargo, si el producto que has pedido se considera mercanc\u00eda voluminosa debido a sus dimensiones, el precio aumenta a una tarifa plana de 28\u20ac para el transporte de mercanc\u00edas voluminosas a trav\u00e9s de DHL (por ejemplo, para el <a href=\"https:\/\/rebotherm.de\/es\/aislamiento-interior\/\">Superwall<\/a>). El plazo de env\u00edo suele ser de 3 a 5 d\u00edas laborables.<\/p><\/div>\n\t\t\t<\/div>\n\t\t\t<\/div><div class=\"et_d4_element et_pb_column_1_4 et_pb_column et_pb_column_3  et_pb_css_mix_blend_mode et-last-child et_block_column\">\n\t\t\t\t\n\t\t\t\t\n\t\t\t\t\n\t\t\t\t\n\t\t\t\t<div class=\"et_pb_module et_d4_element et_pb_image et_pb_image_0\">\n\t\t\t\t\n\t\t\t\t\n\t\t\t\t\n\t\t\t\t\n\t\t\t\t<span class=\"et_pb_image_wrap \"><img decoding=\"async\" width=\"120\" height=\"40\" src=\"https:\/\/rebotherm.de\/wp-content\/uploads\/2024\/06\/DHL-Versandmethode-rebotherm-shop.png\" alt=\"DHL como m\u00e9todo de env\u00edo desde rebotherm\" title=\"DHL-m\u00e9todo-de-env\u00edo-rebotherm-shop\" class=\"wp-image-29685\" \/><\/span>\n\t\t\t<\/div>\n\t\t\t<\/div>\n\t\t\t\t\n\t\t\t\t\n\t\t\t\t\n\t\t\t\t\n\t\t\t<\/div><div id=\"kontakt\" class=\"et_d4_element et_pb_row et_pb_row_3  et_pb_css_mix_blend_mode et_block_row\">\n\t\t\t\t<div class=\"et_d4_element et_pb_column_1_2 et_pb_column et_pb_column_4  et_pb_css_mix_blend_mode et_block_column\">\n\t\t\t\t\n\t\t\t\t\n\t\t\t\t\n\t\t\t\t\n\t\t\t\t<div class=\"et_pb_module et_d4_element et_pb_text et_pb_text_4  et_pb_text_align_left et_pb_bg_layout_light\">\n\t\t\t\t\n\t\t\t\t\n\t\t\t\t\n\t\t\t\t\n\t\t\t\t<div class=\"et_pb_text_inner\"><p><strong>Opci\u00f3n 2: Env\u00edo por transitario (cargoboard)<\/strong><\/p><\/div>\n\t\t\t<\/div><div class=\"et_pb_module et_d4_element et_pb_text et_pb_text_5  et_pb_text_align_left et_pb_bg_layout_light\">\n\t\t\t\t\n\t\t\t\t\n\t\t\t\t\n\t\t\t\t\n\t\t\t\t<div class=\"et_pb_text_inner\"><p>Si la mercanc\u00eda que has pedido debe ser enviada por una agencia de transportes, los gastos correspondientes ascienden a un importe global de 98 euros.<\/p><\/div>\n\t\t\t<\/div><div class=\"et_pb_module et_d4_element et_pb_text et_pb_text_6  et_pb_text_align_left et_pb_bg_layout_light\">\n\t\t\t\t\n\t\t\t\t\n\t\t\t\t\n\t\t\t\t\n\t\t\t\t<div class=\"et_pb_text_inner\"><p><strong>Procedimiento de env\u00edo<br \/><span style=\"font-weight: 400;\">Los art\u00edculos considerados mercanc\u00edas voluminosas por su tama\u00f1o o peso son entregados por el transportista <\/span><a href=\"https:\/\/cargoboard.com\/de\" target=\"_blank\" rel=\"noopener\"><br \/>\n  <span style=\"font-weight: 400;\">Cargoboard<\/span><br \/>\n<\/a><span style=\"font-weight: 400;\"> a tu destino deseado. El plazo de entrega de los env\u00edos por agencia de transportes depende del lugar de entrega.<\/p>\n<p>El proceso de un vistazo:<\/span><\/strong><\/p>\n<ol>\n<li> <span style=\"font-weight: 400;\"> Tras tu pedido, se env\u00eda la orden de recogida a la empresa de transportes <\/span><a href=\"https:\/\/cargoboard.com\/de\" target=\"_blank\" rel=\"noopener\"><br \/>\n  <span style=\"font-weight: 400;\">Cargoboard<\/span><br \/>\n<\/a><span style=\"font-weight: 400;\"> y se recoge la mercanc\u00eda.<\/span><span style=\"font-weight: 400;\"><\/p>\n<p><\/span><\/li>\n<li><span style=\"font-weight: 400;\">  Recibir\u00e1s un n\u00famero de env\u00edo de Cargoboard y podr\u00e1s seguir tu env\u00edo c\u00f3modamente.  <\/span><span style=\"font-weight: 400;\">\n<p><\/span><\/li>\n<li><span style=\"font-weight: 400;\">  Tras la llegada a la regi\u00f3n de destino, Cargoboard te informar\u00e1 de la fecha de entrega por correo electr\u00f3nico con la debida antelaci\u00f3n.<\/span><\/li>\n<\/ol>\n<p><strong><span style=\"font-weight: 400;\"><\/span><br \/><\/strong><\/p><\/div>\n\t\t\t<\/div>\n\t\t\t<\/div><div class=\"et_d4_element et_pb_column_1_2 et_pb_column et_pb_column_5  et_pb_css_mix_blend_mode et-last-child et_block_column\">\n\t\t\t\t\n\t\t\t\t\n\t\t\t\t\n\t\t\t\t\n\t\t\t\t<div class=\"et_pb_module et_d4_element et_pb_image et_pb_image_1\">\n\t\t\t\t\n\t\t\t\t\n\t\t\t\t\n\t\t\t\t\n\t\t\t\t<span class=\"et_pb_image_wrap \"><img decoding=\"async\" width=\"500\" height=\"500\" src=\"https:\/\/rebotherm.de\/wp-content\/uploads\/2024\/06\/versanddauer-speditionsversand-mit-cargoboard.png\" alt=\"Tiempo de env\u00edo Sepditionsversand con Cargoboard\" title=\"duraci\u00f3n-del-env\u00edo-de-mercanc\u00edas-con-cart\u00f3n\" srcset=\"https:\/\/rebotherm.de\/wp-content\/uploads\/2024\/06\/versanddauer-speditionsversand-mit-cargoboard.png 500w, https:\/\/rebotherm.de\/wp-content\/uploads\/2024\/06\/versanddauer-speditionsversand-mit-cargoboard-480x480.png 480w\" sizes=\"(min-width: 0px) and (max-width: 480px) 480px, (min-width: 481px) 500px, 100vw\" class=\"wp-image-30235\" \/><\/span>\n\t\t\t<\/div>\n\t\t\t<\/div>\n\t\t\t\t\n\t\t\t\t\n\t\t\t\t\n\t\t\t\t\n\t\t\t<\/div><div id=\"kontakt\" class=\"et_d4_element et_pb_row et_pb_row_4  et_pb_css_mix_blend_mode et_block_row\">\n\t\t\t\t<div class=\"et_d4_element et_pb_column_4_4 et_pb_column et_pb_column_6  et_pb_css_mix_blend_mode et-last-child et_block_column\">\n\t\t\t\t\n\t\t\t\t\n\t\t\t\t\n\t\t\t\t\n\t\t\t\t<div class=\"et_pb_module et_d4_element et_pb_text et_pb_text_7  et_pb_text_align_left et_pb_bg_layout_light\">\n\t\t\t\t\n\t\t\t\t\n\t\t\t\t\n\t\t\t\t\n\t\t\t\t<div class=\"et_pb_text_inner\"><p><strong>Preguntas frecuentes sobre el env\u00edo con cargoboard<\/strong><\/p><\/div>\n\t\t\t<\/div><div class=\"et_pb_module et_d4_element et_pb_text et_pb_text_8  et_pb_text_align_left et_pb_bg_layout_light\">\n\t\t\t\t\n\t\t\t\t\n\t\t\t\t\n\t\t\t\t\n\t\t\t\t<div class=\"et_pb_text_inner\"><p><strong>\u00bfExiste un sistema de seguimiento de env\u00edos?<\/strong><\/p>\n<p><span style=\"font-weight: 400;\">Para acceder al sistema de seguimiento de env\u00edos de Cargoboard, s\u00f3lo tienes que visitar la p\u00e1gina <\/span><a href=\"https:\/\/my.cargoboard.com\/de\/tracking\" target=\"_blank\" rel=\"noopener\"><br \/>\n  <span style=\"font-weight: 400;\">https:\/\/my.cargoboard.com\/de\/tracking<\/span><br \/>\n<\/a><span style=\"font-weight: 400;\">. Tras introducir el c\u00f3digo postal y el n\u00famero de env\u00edo, puedes ver aqu\u00ed el estado de tu env\u00edo. Recibir\u00e1s el n\u00famero de env\u00edo por correo electr\u00f3nico; tambi\u00e9n estaremos encantados de proporcion\u00e1rtelo si lo solicitas.<\/span><\/p>\n<p><strong>\u00bfQu\u00e9 puedo hacer si no estoy en casa cuando se haga la entrega?<\/strong><\/p>\n<p><span style=\"font-weight: 400;\">Es posible conceder a Cargoboard una licencia de aparcamiento. Si lo necesitas, puedes reservar este servicio adicional a trav\u00e9s de nosotros. T\u00fa, como destinatario, tambi\u00e9n puedes utilizar este servicio en el  <\/span><a href=\"https:\/\/cargoboard.com\/de\/kontakt\/kundenservice\" target=\"_blank\" rel=\"noopener\"><br \/>\n  <span style=\"font-weight: 400;\">Equipo de Servicio Cargoboard<\/span><br \/>\n<\/a><span style=\"font-weight: 400;\"> reservar en.<\/span><\/p>\n<p><strong>\u00bfPuedo concertar la fecha de entrega por tel\u00e9fono?<\/strong><\/p>\n<p><span style=\"font-weight: 400;\">S\u00ed, Cargoboard ofrece la posibilidad de concertar la fecha de entrega por tel\u00e9fono. Sin embargo, este servicio s\u00f3lo est\u00e1 disponible si se ha reservado con Cargoboard. Si no, tambi\u00e9n puedes reservar el servicio a trav\u00e9s de nosotros m\u00e1s adelante. Esta reserva adicional debe comunicarse al menos un d\u00eda antes de la entrega.<\/span><\/p>\n<p><strong>Tengo una pregunta sobre el programa, \u00bfcon qui\u00e9n puedo ponerme en contacto?  <\/strong><\/p>\n<p><span style=\"font-weight: 400;\">S\u00f3lo tienes que utilizar el chat en directo del <\/span><a href=\"https:\/\/cargoboard.com\/de\" target=\"_blank\" rel=\"noopener\"><br \/>\n  <span style=\"font-weight: 400;\">sitio web<\/span><br \/>\n<\/a><span style=\"font-weight: 400;\"> - Alternativamente, el servicio Cargoboard tambi\u00e9n est\u00e1 disponible por correo electr\u00f3nico (service@cargoboard.com) y por <\/span><a href=\"https:\/\/cargoboard.com\/de\/kontakt\/kundenservice\" target=\"_blank\" rel=\"noopener\"><br \/>\n  <span style=\"font-weight: 400;\">tel\u00e9fono<\/span><br \/>\n<\/a><span style=\"font-weight: 400;\"> y por tel\u00e9fono.<\/span><\/p>\n<p><strong>\u00bfLa entrega es gratuita en la acera?<\/strong><\/p>\n<p><span style=\"font-weight: 400;\">La entrega est\u00e1ndar es gratuita en la acera. Esto significa que la entrega se realiza en la direcci\u00f3n deseada, pero s\u00f3lo en la acera.<\/span><\/p><\/div>\n\t\t\t<\/div>\n\t\t\t<\/div>\n\t\t\t\t\n\t\t\t\t\n\t\t\t\t\n\t\t\t\t\n\t\t\t<\/div>\n\t\t\t\t\n\t\t\t\t\n\t\t\t<\/div><\/p>\n","protected":false},"excerpt":{"rendered":"","protected":false},"author":5,"featured_media":0,"parent":0,"menu_order":0,"comment_status":"closed","ping_status":"closed","template":"","meta":{"_acf_changed":false,"_et_pb_use_builder":"on","_et_pb_old_content":"","_et_gb_content_width":"","footnotes":""},"class_list":["post-30227","page","type-page","status-publish","hentry"],"acf":[],"_links":{"self":[{"href":"https:\/\/rebotherm.de\/es\/wp-json\/wp\/v2\/pages\/30227","targetHints":{"allow":["GET"]}}],"collection":[{"href":"https:\/\/rebotherm.de\/es\/wp-json\/wp\/v2\/pages"}],"about":[{"href":"https:\/\/rebotherm.de\/es\/wp-json\/wp\/v2\/types\/page"}],"author":[{"embeddable":true,"href":"https:\/\/rebotherm.de\/es\/wp-json\/wp\/v2\/users\/5"}],"replies":[{"embeddable":true,"href":"https:\/\/rebotherm.de\/es\/wp-json\/wp\/v2\/comments?post=30227"}],"version-history":[{"count":0,"href":"https:\/\/rebotherm.de\/es\/wp-json\/wp\/v2\/pages\/30227\/revisions"}],"wp:attachment":[{"href":"https:\/\/rebotherm.de\/es\/wp-json\/wp\/v2\/media?parent=30227"}],"curies":[{"name":"wp","href":"https:\/\/api.w.org\/{rel}","templated":true}]}}