{"id":31400,"date":"2024-06-20T12:57:20","date_gmt":"2024-06-20T10:57:20","guid":{"rendered":"https:\/\/rebotherm.de\/formas-de-pago\/"},"modified":"2026-03-05T23:35:33","modified_gmt":"2026-03-05T22:35:33","slug":"formas-de-pago","status":"publish","type":"page","link":"https:\/\/rebotherm.de\/es\/formas-de-pago\/","title":{"rendered":"Formas de pago"},"content":{"rendered":"<p><div class=\"et_d4_element et_pb_section et_pb_section_0  et_pb_css_mix_blend_mode et_section_regular section_has_divider et_pb_bottom_divider et_block_section\" >\n\t\t\t\t\n\t\t\t\t\n\t\t\t\t\n\t\t\t\t\n\t\t\t\t\n\t\t\t\t\n\t\t\t\t<div class=\"et_d4_element et_pb_row et_pb_row_0  et_pb_css_mix_blend_mode et_block_row\">\n\t\t\t\t<div class=\"et_d4_element et_pb_column_4_4 et_pb_column et_pb_column_0  et_pb_css_mix_blend_mode et-last-child et_block_column\">\n\t\t\t\t\n\t\t\t\t\n\t\t\t\t\n\t\t\t\t\n\t\t\t\t<div class=\"et_pb_module et_d4_element et_pb_text et_pb_text_0  et_pb_text_align_left et_pb_bg_layout_light\">\n\t\t\t\t\n\t\t\t\t\n\t\t\t\t\n\t\t\t\t\n\t\t\t\t<div class=\"et_pb_text_inner\"><h1 style=\"text-align: center;\">Formas de pago Tienda Rebotherm<\/h1><\/div>\n\t\t\t<\/div>\n\t\t\t<\/div>\n\t\t\t\t\n\t\t\t\t\n\t\t\t\t\n\t\t\t\t\n\t\t\t<\/div>\n\t\t\t\t\n\t\t\t\t<div class=\"et_pb_bottom_inside_divider et-no-transition\"><\/div>\n\t\t\t<\/div><div class=\"et_d4_element et_pb_section et_pb_section_1 et_pb_with_background  et_pb_css_mix_blend_mode et_section_regular et_block_section\" >\n\t\t\t\t\n\t\t\t\t\n\t\t\t\t\n\t\t\t\t\n\t\t\t\t\n\t\t\t\t\n\t\t\t\t<div id=\"kontakt\" class=\"et_d4_element et_pb_row et_pb_row_1  et_pb_css_mix_blend_mode et_block_row\">\n\t\t\t\t<div class=\"et_d4_element et_pb_column_4_4 et_pb_column et_pb_column_1  et_pb_css_mix_blend_mode et-last-child et_block_column\">\n\t\t\t\t\n\t\t\t\t\n\t\t\t\t\n\t\t\t\t\n\t\t\t\t<div class=\"et_pb_module et_d4_element et_pb_text et_pb_text_1  et_pb_text_align_left et_pb_bg_layout_light\">\n\t\t\t\t\n\t\t\t\t\n\t\t\t\t\n\t\t\t\t\n\t\t\t\t<div class=\"et_pb_text_inner\"><p style=\"text-align: left;\">En nuestra <a href=\"https:\/\/rebotherm.de\/es\/tienda\/\">tienda<\/a> est\u00e1n disponibles las siguientes opciones de pago:<\/p><\/div>\n\t\t\t<\/div>\n\t\t\t<\/div>\n\t\t\t\t\n\t\t\t\t\n\t\t\t\t\n\t\t\t\t\n\t\t\t<\/div><div id=\"kontakt\" class=\"et_d4_element et_pb_row et_pb_row_2  et_pb_css_mix_blend_mode et_block_row\">\n\t\t\t\t<div class=\"et_d4_element et_pb_column_3_4 et_pb_column et_pb_column_2  et_pb_css_mix_blend_mode et_block_column\">\n\t\t\t\t\n\t\t\t\t\n\t\t\t\t\n\t\t\t\t\n\t\t\t\t<div class=\"et_pb_module et_d4_element et_pb_text et_pb_text_2  et_pb_text_align_left et_pb_bg_layout_light\">\n\t\t\t\t\n\t\t\t\t\n\t\t\t\t\n\t\t\t\t\n\t\t\t\t<div class=\"et_pb_text_inner\"><h4><strong>Pago mediante PayPal (incluso sin cuenta PayPal)<\/strong><\/h4><\/div>\n\t\t\t<\/div><div class=\"et_pb_module et_d4_element et_pb_text et_pb_text_3  et_pb_text_align_left et_pb_bg_layout_light\">\n\t\t\t\t\n\t\t\t\t\n\t\t\t\t\n\t\t\t\t\n\t\t\t\t<div class=\"et_pb_text_inner\"><h4 data-start=\"405\" data-end=\"453\">Pago mediante PayPal (incluso sin cuenta PayPal)<\/h4>\n<p data-start=\"455\" data-end=\"549\">En nuestra tienda puede pagar de forma c\u00f3moda y segura con PayPal.<br data-start=\"513\" data-end=\"516\">Puede elegir entre:<\/p>\n<p data-start=\"551\" data-end=\"710\">\u2022 Saldo de PayPal<br data-start=\"568\" data-end=\"571\">\u2022 Tarjeta de cr\u00e9dito (Visa, Mastercard, Amex)<br data-start=\"609\" data-end=\"612\">\u2022 Domiciliaci\u00f3n bancaria<br data-start=\"625\" data-end=\"628\">\u2022 \"Pagar m\u00e1s tarde\" (pago a plazos o fecha de pago posterior, seg\u00fan PayPal)<\/p>\n<p data-start=\"712\" data-end=\"852\">No es <strong data-start=\"733\" data-end=\"764\">obligatorio<\/strong> tener una cuenta de PayPal.<br data-start=\"765\" data-end=\"768\">Simplemente seleccione PayPal al finalizar la compra y, a continuaci\u00f3n, elija su m\u00e9todo de pago preferido.<\/p>\n<p data-start=\"854\" data-end=\"895\">Si tiene alguna pregunta, estaremos encantados de ayudarle.<\/p><\/div>\n\t\t\t<\/div>\n\t\t\t<\/div><div class=\"et_d4_element et_pb_column_1_4 et_pb_column et_pb_column_3  et_pb_css_mix_blend_mode et-last-child et_block_column et_pb_column_empty\">\n\t\t\t\t\n\t\t\t\t\n\t\t\t\t\n\t\t\t\t\n\t\t\t\t\n\t\t\t<\/div>\n\t\t\t\t\n\t\t\t\t\n\t\t\t\t\n\t\t\t\t\n\t\t\t<\/div><div id=\"kontakt\" class=\"et_d4_element et_pb_row et_pb_row_3  et_pb_css_mix_blend_mode et_block_row\">\n\t\t\t\t<div class=\"et_d4_element et_pb_column_3_4 et_pb_column et_pb_column_4  et_pb_css_mix_blend_mode et_block_column\">\n\t\t\t\t\n\t\t\t\t\n\t\t\t\t\n\t\t\t\t\n\t\t\t\t<div class=\"et_pb_module et_d4_element et_pb_text et_pb_text_4  et_pb_text_align_left et_pb_bg_layout_light\">\n\t\t\t\t\n\t\t\t\t\n\t\t\t\t\n\t\t\t\t\n\t\t\t\t<div class=\"et_pb_text_inner\"><p><strong>Para preguntas y problemas<\/strong><\/p><\/div>\n\t\t\t<\/div><div class=\"et_pb_module et_d4_element et_pb_text et_pb_text_5  et_pb_text_align_left et_pb_bg_layout_light\">\n\t\t\t\t\n\t\t\t\t\n\t\t\t\t\n\t\t\t\t\n\t\t\t\t<div class=\"et_pb_text_inner\"><p>\u00a1El servicio de atenci\u00f3n al cliente de Rebotherm est\u00e1 a tu disposici\u00f3n en cualquier momento durante nuestro horario de apertura de lunes a viernes entre las 08:30 y las 18:30! S\u00f3lo tienes que llamarnos al 01590 353 9466 o enviarnos un correo electr\u00f3nico a <a href=\"mailto:info@rebotherm.de\">info@rebotherm.de.<\/a> <\/p>\n<p>Tambi\u00e9n puedes utilizar el <a href=\"https:\/\/rebotherm.de\/es\/contacta-con-nosotros\/\">formulario de contacto<\/a>.<\/p><\/div>\n\t\t\t<\/div>\n\t\t\t<\/div><div class=\"et_d4_element et_pb_column_1_4 et_pb_column et_pb_column_5  et_pb_css_mix_blend_mode et-last-child et_block_column et_pb_column_empty\">\n\t\t\t\t\n\t\t\t\t\n\t\t\t\t\n\t\t\t\t\n\t\t\t\t\n\t\t\t<\/div>\n\t\t\t\t\n\t\t\t\t\n\t\t\t\t\n\t\t\t\t\n\t\t\t<\/div>\n\t\t\t\t\n\t\t\t\t\n\t\t\t<\/div><\/p>\n","protected":false},"excerpt":{"rendered":"","protected":false},"author":5,"featured_media":0,"parent":0,"menu_order":0,"comment_status":"closed","ping_status":"closed","template":"","meta":{"_acf_changed":false,"_et_pb_use_builder":"on","_et_pb_old_content":"","_et_gb_content_width":"","footnotes":""},"class_list":["post-31400","page","type-page","status-publish","hentry"],"acf":[],"_links":{"self":[{"href":"https:\/\/rebotherm.de\/es\/wp-json\/wp\/v2\/pages\/31400","targetHints":{"allow":["GET"]}}],"collection":[{"href":"https:\/\/rebotherm.de\/es\/wp-json\/wp\/v2\/pages"}],"about":[{"href":"https:\/\/rebotherm.de\/es\/wp-json\/wp\/v2\/types\/page"}],"author":[{"embeddable":true,"href":"https:\/\/rebotherm.de\/es\/wp-json\/wp\/v2\/users\/5"}],"replies":[{"embeddable":true,"href":"https:\/\/rebotherm.de\/es\/wp-json\/wp\/v2\/comments?post=31400"}],"version-history":[{"count":0,"href":"https:\/\/rebotherm.de\/es\/wp-json\/wp\/v2\/pages\/31400\/revisions"}],"wp:attachment":[{"href":"https:\/\/rebotherm.de\/es\/wp-json\/wp\/v2\/media?parent=31400"}],"curies":[{"name":"wp","href":"https:\/\/api.w.org\/{rel}","templated":true}]}}