{"id":41589,"date":"2026-03-15T19:07:48","date_gmt":"2026-03-15T18:07:48","guid":{"rendered":"https:\/\/rebotherm.de\/calefaccion-para-edificios-antiguos-sin-radiadores\/"},"modified":"2026-04-12T14:03:59","modified_gmt":"2026-04-12T12:03:59","slug":"calefaccion-para-edificios-antiguos-sin-radiadores","status":"publish","type":"page","link":"https:\/\/rebotherm.de\/es\/calefaccion-para-edificios-antiguos-sin-radiadores\/","title":{"rendered":"Calefacci\u00f3n-para-edificios-antiguos-sin-radiadores"},"content":{"rendered":"<div class=\"et_d4_element et_pb_section et_pb_section_0  et_pb_css_mix_blend_mode et_section_regular et_block_section\" >\n\t\t\t\t\n\t\t\t\t\n\t\t\t\t\n\t\t\t\t\n\t\t\t\t\n\t\t\t\t\n\t\t\t\t<div class=\"et_d4_element et_pb_row et_pb_row_0  et_pb_css_mix_blend_mode et_block_row\">\n\t\t\t\t<div class=\"et_d4_element et_pb_column_4_4 et_pb_column et_pb_column_0  et_pb_css_mix_blend_mode et-last-child et_block_column\">\n\t\t\t\t\n\t\t\t\t\n\t\t\t\t\n\t\t\t\t\n\t\t\t\t<div class=\"et_pb_module et_d4_element et_pb_code et_pb_code_0\">\n\t\t\t\t\n\t\t\t\t\n\t\t\t\t\n\t\t\t\t\n\t\t\t\t<div class=\"et_pb_code_inner\">\n    <h1 style=\"margin:0 0 16px;font-size:38px;line-height:1.15;color:#111;\">Calefacci\u00f3n para edificios antiguos sin radiadores: soluciones modernas para edificios existentes<\/h1>\n    <p style=\"font-size:19px;margin:0 0 14px;\">\n Muchos propietarios desean modernizar su edificio antiguo, pero <strong>sin tener ya los cl\u00e1sicos radiadores en las paredes<\/strong>.\n Al mismo tiempo, la instalaci\u00f3n de suelo radiante suele requerir un gran esfuerzo y la bomba de calor no siempre se adapta autom\u00e1ticamente a todos los edificios.\n Precisamente aqu\u00ed es donde se necesitan soluciones que se adapten a lo existente: <strong>sin grandes intervenciones, sin una carga t\u00e9cnica innecesaria y con un alto confort habitacional<\/strong>.\n    \n    <p style=\"font-size:18px;margin:0;\">\n Una calefacci\u00f3n moderna para edificios antiguos sin radiadores puede funcionar muy bien hoy en d\u00eda, especialmente cuando el calor se emite a trav\u00e9s de \n<strong>superficies de paredes o techos<\/strong> y se tiene en cuenta la situaci\u00f3n del edificio de forma inteligente.\n    \n  <\/header>\n\n\n <\/div>\n\t\t\t<\/div><div class=\"et_pb_module et_d4_element et_pb_image et_pb_image_0\">\n\t\t\t\t\n\t\t\t\t\n\t\t\t\t\n\t\t\t\t\n\t\t\t\t<span class=\"et_pb_image_wrap \"><img decoding=\"async\" width=\"1536\" height=\"1024\" src=\"https:\/\/rebotherm.de\/wp-content\/uploads\/2026\/03\/altbauheizung-ohne-heizkoerper-deckenheizung.jpg\" alt=\"calefaccion-edificios-antiguos-sin-radiadores-techo-radiante\" title=\"calefaccion-edificios-antiguos-sin-radiadores-techo-radiante\" srcset=\"https:\/\/rebotherm.de\/wp-content\/uploads\/2026\/03\/altbauheizung-ohne-heizkoerper-deckenheizung.jpg 1536w, https:\/\/rebotherm.de\/wp-content\/uploads\/2026\/03\/altbauheizung-ohne-heizkoerper-deckenheizung-1280x853.jpg 1280w, https:\/\/rebotherm.de\/wp-content\/uploads\/2026\/03\/altbauheizung-ohne-heizkoerper-deckenheizung-980x653.jpg 980w, https:\/\/rebotherm.de\/wp-content\/uploads\/2026\/03\/altbauheizung-ohne-heizkoerper-deckenheizung-480x320.jpg 480w\" sizes=\"(min-width: 0px) and (max-width: 480px) 480px, (min-width: 481px) and (max-width: 980px) 980px, (min-width: 981px) and (max-width: 1280px) 1280px, (min-width: 1281px) 1536px, 100vw\" class=\"wp-image-41341\" \/><\/span>\n\t\t\t<\/div><div class=\"et_pb_module et_d4_element et_pb_code et_pb_code_1\">\n\t\t\t\t\n\t\t\t\t\n\t\t\t\t\n\t\t\t\t\n\t\t\t\t<div class=\"et_pb_code_inner\"><h2 style=\"font-size:28px;margin-bottom:14px;\">Por qu\u00e9 muchos edificios antiguos se modernizan hoy en d\u00eda sin los radiadores cl\u00e1sicos<\/h2>\n    \n Los radiadores cl\u00e1sicos ocupan espacio, condicionan el dise\u00f1o de las estancias y generan calor principalmente mediante el movimiento del aire.\n En muchos edificios antiguos, ya no encajan en el concepto de vivienda deseado, ni en t\u00e9rminos de dise\u00f1o ni de funcionalidad. Quien renueva,\n a menudo desea paredes libres, una arquitectura interior m\u00e1s tranquila y una distribuci\u00f3n m\u00e1s uniforme del calor en la estancia.\n    \n    \n Al mismo tiempo, la situaci\u00f3n inicial en los edificios existentes es casi siempre m\u00e1s compleja que en las nuevas construcciones. No todos los edificios antiguos son adecuados para una\n soluci\u00f3n est\u00e1ndar. Precisamente por eso, merece la pena considerar <strong>sistemas de calefacci\u00f3n alternativos sin radiadores visibles<\/strong>. \n    \n\n    <div style=\"display:grid;grid-template-columns:repeat(auto-fit,minmax(260px,1fr));gap:14px;margin-top:18px;\">\n      <div style=\"border:1px solid #e8e8e8;border-radius:12px;padding:16px;background:#fff;\">\n        <div style=\"color:#2e9e44;font-weight:bold;font-size:22px;\">\u2714<\/div>\n        <p style=\"margin:6px 0 0;\"><strong>M\u00e1s libertad de dise\u00f1o<\/strong><br \/>Las paredes quedan libres de radiadores.\n      <\/div>\n      <div style=\"border:1px solid #e8e8e8;border-radius:12px;padding:16px;background:#fff;\">\n        <div style=\"color:#2e9e44;font-weight:bold;font-size:22px;\">\u2714<\/div>\n        <p style=\"margin:6px 0 0;\"><strong>Menor intervenci\u00f3n en el suelo<\/strong><br \/>El calor tambi\u00e9n puede provenir de la pared o del techo.\n      <\/div>\n      <div style=\"border:1px solid #e8e8e8;border-radius:12px;padding:16px;background:#fff;\">\n        <div style=\"color:#2e9e44;font-weight:bold;font-size:22px;\">\u2714<\/div>\n        <p style=\"margin:6px 0 0;\"><strong>M\u00e1s confort<\/strong><br \/>La emisi\u00f3n de calor en grandes superficies suele proporcionar una sensaci\u00f3n ambiental m\u00e1s serena.\n      <\/div>\n    <\/div>\n  <\/section>\n\n  <section style=\"margin-bottom:32px;\">\n    <h2 style=\"font-size:28px;margin-bottom:14px;\">Cu\u00e1ndo resulta especialmente \u00fatil una calefacci\u00f3n para edificios antiguos sin radiadores<\/h2>\n    <ul style=\"padding-left:22px;\">\n      <li>Cuando no se desea instalar un nuevo suelo radiante<\/li>\n      <li>Cuando se quieren evitar el recrecido, el polvo y los largos tiempos de obra<\/li>\n      <li>Cuando la altura de la estancia es limitada<\/li>\n      <li>Cuando los radiadores resultan molestos visualmente o bloquean el espacio<\/li>\n      <li>Cuando se modernizan estancias individuales de forma progresiva<\/li>\n      <li>Cuando se debe tener en cuenta la protecci\u00f3n de monumentos o una estructura sensible del edificio<\/li>\n      <li>Cuando la instalaci\u00f3n de una bomba de calor no es viable<\/li>\n    <\/ul>\n    \n Precisamente por estos motivos, aqu\u00ed se analizan diversas situaciones t\u00edpicas en la modernizaci\u00f3n de un edificio antiguo. \nDependiendo de su situaci\u00f3n inicial, en Rebotherm encontrar\u00e1 soluciones adecuadas e informaci\u00f3n detallada.\n    \n  <\/section>\n\n  <section style=\"margin-bottom:34px;\">\n    <h2 style=\"font-size:28px;margin-bottom:18px;\">Resumen de las soluciones m\u00e1s importantes<\/h2>\n\n    <div style=\"display:grid;grid-template-columns:repeat(auto-fit,minmax(300px,1fr));gap:18px;\">\n         \n      <div style=\"border:1px solid #e5e5e5;border-radius:14px;padding:18px;background:#fff;\">\n        <h3 style=\"margin-top:0;\">Calefacci\u00f3n en una casa protegida como patrimonio<\/h3>\n        Cuando lo prioritario son las intervenciones m\u00ednimas, una tecnolog\u00eda discreta y la protecci\u00f3n de la estructura.\n        <a href=\"https:\/\/rebotherm.de\/es\/calefaccion-en-una-casa-protegida-como-patrimonio\/\"><strong>M\u00e1s sobre calefacci\u00f3n en edificios protegidos \u2192<\/strong><\/a>\n      <\/div>\n\n       <div style=\"border:1px solid #e5e5e5;border-radius:14px;padding:18px;background:#fff;\">\n        <h3 style=\"margin-top:0;\">Aislamiento interior sin moho<\/h3>\n        Cuando se desea reducir la p\u00e9rdida de calor sin perder mucho espacio ni tener que aislar por el exterior.\n        <a href=\"https:\/\/rebotherm.de\/es\/aislamiento-interior-sin-moho\/\"><strong>M\u00e1s sobre aislamiento interior sin moho \u2192<\/strong><\/a>\n      <\/div>\n\n      <div style=\"border:1px solid #e5e5e5;border-radius:14px;padding:18px;background:#fff;\">\n        <h3 style=\"margin-top:0;\">\u00bfNo es posible instalar una bomba de calor?<\/h3>\n        Cuando la bomba de calor no es t\u00e9cnica o econ\u00f3micamente viable en un edificio antiguo, se necesitan alternativas.\n        <a href=\"https:\/\/rebotherm.de\/es\/bomba-de-calor-no-viable-en-edificios-antiguos\/\"><strong>Alternativa a la bomba de calor en edificios antiguos \u2192<\/strong><\/a>\n      <\/div>\n    <\/div>\n  <\/section>\n\n  <section style=\"margin-bottom:34px;\">\n    <h2 style=\"font-size:28px;margin-bottom:14px;\">Ventajas de una calefacci\u00f3n de carbono en el techo en edificios antiguos<\/h2>\n    \n Especialmente en edificios antiguos, una <strong>calefacci\u00f3n de superficie de carbono instalada en el techo<\/strong> puede resultar muy interesante.\n Aprovecha una superficie que apenas se utiliza para otros fines en el d\u00eda a d\u00eda y permite climatizar las estancias \n sin necesidad de prever radiadores en las paredes ni una altura de construcci\u00f3n adicional en el suelo.\n    \n\n    <div style=\"background:#fbfbfb;border:1px solid #e5e5e5;border-radius:14px;padding:20px;\">\n      <ul style=\"list-style:none;padding-left:0;margin:0;\">\n        <li style=\"margin-bottom:10px;\"><span style=\"color:#2e9e44;font-weight:bold;\">\u2714<\/span> Las paredes quedan libres para muebles, zonas de ventanas y dise\u00f1o de interiores<\/li>\n        <li style=\"margin-bottom:10px;\"><span style=\"color:#2e9e44;font-weight:bold;\">\u2714<\/span> No requiere una construcci\u00f3n adicional del suelo<\/li>\n        <li style=\"margin-bottom:10px;\"><span style=\"color:#2e9e44;font-weight:bold;\">\u2714<\/span> Especialmente interesante para reformas de edificios antiguos por etapas<\/li>\n        <li style=\"margin-bottom:10px;\"><span style=\"color:#2e9e44;font-weight:bold;\">\u2714<\/span> \u00datil en caso de techos bajos, cuando se desea mantener el suelo intacto<\/li>\n        <li style=\"margin-bottom:10px;\"><span style=\"color:#2e9e44;font-weight:bold;\">\u2714<\/span> Distribuci\u00f3n del calor uniforme y en grandes superficies por toda la estancia<\/li>\n        <li style=\"margin-bottom:10px;\"><span style=\"color:#2e9e44;font-weight:bold;\">\u2714<\/span> Sensaci\u00f3n ambiental m\u00e1s agradable que con la emisi\u00f3n de calor puntual de los radiadores individuales<\/li>\n      <\/ul>\n    <\/div>\n\n    <p style=\"margin-top:16px;\">\n Una ventaja a menudo subestimada: gracias al <strong>calor radiante<\/strong>, no solo se ve afectado el aire,\n sino que tambi\u00e9n las superficies de la estancia absorben calor. Esto hace que el suelo\n <strong>se sienta notablemente m\u00e1s agradable y c\u00e1lido<\/strong> que con el calor por convecci\u00f3n cl\u00e1sico, incluso si no hay calefacci\u00f3n por suelo radiante instalada.\n Esto no sustituye t\u00e9cnicamente a la calefacci\u00f3n por suelo radiante, pero muchos usuarios lo perciben como mucho m\u00e1s c\u00f3modo.\n    \n\nLos sistemas de calefacci\u00f3n de superficie suelen funcionar con calor radiante. Encontrar\u00e1 una explicaci\u00f3n comprensible en el  \n<a href=\"https:\/\/www.energie-lexikon.info\/waermestrahlung.html?s=ak\" target=\"_blank\" rel=\"noopener\">\nDiccionario de energ\u00eda sobre radiaci\u00f3n t\u00e9rmica\n<\/a>.\n\n<\/div>\n\t\t\t<\/div><div class=\"et_pb_module et_d4_element et_pb_image et_pb_image_1\">\n\t\t\t\t\n\t\t\t\t\n\t\t\t\t\n\t\t\t\t\n\t\t\t\t<span class=\"et_pb_image_wrap \"><img decoding=\"async\" width=\"1536\" height=\"1024\" src=\"https:\/\/rebotherm.de\/wp-content\/uploads\/2026\/03\/Altbauheizung-.jpg\" alt=\"calefacci\u00f3n para edificios antiguos con calor radiante\" title=\"Techo radiante en edificios antiguos\" srcset=\"https:\/\/rebotherm.de\/wp-content\/uploads\/2026\/03\/Altbauheizung-.jpg 1536w, https:\/\/rebotherm.de\/wp-content\/uploads\/2026\/03\/Altbauheizung--1280x853.jpg 1280w, https:\/\/rebotherm.de\/wp-content\/uploads\/2026\/03\/Altbauheizung--980x653.jpg 980w, https:\/\/rebotherm.de\/wp-content\/uploads\/2026\/03\/Altbauheizung--480x320.jpg 480w\" sizes=\"(min-width: 0px) and (max-width: 480px) 480px, (min-width: 481px) and (max-width: 980px) 980px, (min-width: 981px) and (max-width: 1280px) 1280px, (min-width: 1281px) 1536px, 100vw\" class=\"wp-image-41360\" \/><\/span>\n\t\t\t<\/div><div class=\"et_pb_module et_d4_element et_pb_code et_pb_code_2\">\n\t\t\t\t\n\t\t\t\t\n\t\t\t\t\n\t\t\t\t\n\t\t\t\t<div class=\"et_pb_code_inner\"><h2 style=\"font-size:28px;margin-bottom:14px;\">Por qu\u00e9 la combinaci\u00f3n con el aislamiento suele ser determinante<\/h2>\n    \n Una calefacci\u00f3n moderna para edificios antiguos sin radiadores no debe considerarse de forma aislada. La mejor soluci\u00f3n de calefacci\u00f3n solo puede \n funcionar de manera econ\u00f3mica y confortable si tambi\u00e9n se tiene en cuenta la envolvente del edificio. Precisamente por eso, el \n <a href=\"https:\/\/rebotherm.de\/es\/aislamiento-interior-sin-moho\/\"><strong>aislamiento interior sin moho<\/strong><\/a> desempe\u00f1a un papel fundamental.  \n    \n    \n Especialmente en edificios antiguos, monumentos o cuando no existe la opci\u00f3n de aislamiento exterior, el aerogel puede ayudar a reducir las p\u00e9rdidas de calor sin perder mucho espacio interior.\n De este modo, se reduce la carga t\u00e9rmica y la soluci\u00f3n global en el edificio existente resulta m\u00e1s coherente.\n     \n  <section style=\"margin-bottom:24px;\">\n        <h2 style=\"font-size:28px;margin-top:20px;margin-bottom:14px;\">\u00bfQu\u00e9 hacer si la bomba de calor no es adecuada?<\/h2>\n    \n Muchos propietarios comienzan su b\u00fasqueda con la bomba de calor y solo m\u00e1s tarde descubren que, en su propio inmueble, \n solo es viable con un gran esfuerzo o no lo es en absoluto. Esto no es una excepci\u00f3n en los edificios antiguos. \n    \n    \n Si se encuentra en este punto, aqu\u00ed encontrar\u00e1 las alternativas adecuadas: \n<a href=\"https:\/\/rebotherm.de\/es\/bomba-de-calor-no-viable-en-edificios-antiguos\/\"><strong>Bomba de calor no viable: soluciones de calefacci\u00f3n alternativas en edificios antiguos<\/strong><\/a>.\n    \n  <\/section>\n\n  <section style=\"margin-bottom:38px;\">\n    <h2 style=\"font-size:28px;margin-bottom:14px;\">Conclusi\u00f3n: la mejor calefacci\u00f3n para edificios antiguos sin radiadores siempre depende del inmueble<\/h2>\n    \n No existe una \u00fanica soluci\u00f3n perfecta para cada edificio antiguo. Los factores determinantes son siempre el estado del edificio, el nivel de aislamiento, \n las superficies disponibles, la altura de construcci\u00f3n, el comportamiento de uso y el objetivo de la reforma. Precisamente por eso, un enfoque orientado al problema es m\u00e1s sensato \n que decidirse prematuramente por un \u00fanico producto est\u00e1ndar.  \n    \n \n<\/div>\n\t\t\t<\/div><div class=\"et_pb_module et_d4_element et_pb_image et_pb_image_2\">\n\t\t\t\t\n\t\t\t\t\n\t\t\t\t\n\t\t\t\t\n\t\t\t\t<span class=\"et_pb_image_wrap \"><img decoding=\"async\" width=\"1536\" height=\"1024\" src=\"https:\/\/rebotherm.de\/wp-content\/uploads\/2026\/03\/altbauheizung-ohne-heizkoerper.jpg\" alt=\"calefacci\u00f3n para edificios antiguos sin radiadores\" title=\"calefacci\u00f3n para edificios antiguos sin radiadores\" srcset=\"https:\/\/rebotherm.de\/wp-content\/uploads\/2026\/03\/altbauheizung-ohne-heizkoerper.jpg 1536w, https:\/\/rebotherm.de\/wp-content\/uploads\/2026\/03\/altbauheizung-ohne-heizkoerper-1280x853.jpg 1280w, https:\/\/rebotherm.de\/wp-content\/uploads\/2026\/03\/altbauheizung-ohne-heizkoerper-980x653.jpg 980w, https:\/\/rebotherm.de\/wp-content\/uploads\/2026\/03\/altbauheizung-ohne-heizkoerper-480x320.jpg 480w\" sizes=\"(min-width: 0px) and (max-width: 480px) 480px, (min-width: 481px) and (max-width: 980px) 980px, (min-width: 981px) and (max-width: 1280px) 1280px, (min-width: 1281px) 1536px, 100vw\" class=\"wp-image-41367\" \/><\/span>\n\t\t\t<\/div><div class=\"et_pb_module et_d4_element et_pb_code et_pb_code_3\">\n\t\t\t\t\n\t\t\t\t\n\t\t\t\t\n\t\t\t\t\n\t\t\t\t<div class=\"et_pb_code_inner\">\n Los sistemas de calefacci\u00f3n de superficie de carbono \u2014especialmente en paredes o techos\u2014 pueden ser una soluci\u00f3n muy eficaz en edificios antiguos \n cuando se desea eliminar los radiadores cl\u00e1sicos y, al mismo tiempo, no se quiere una gran construcci\u00f3n en el suelo.\n    \n  <\/section><\/div>\n\t\t\t<\/div><div class=\"et_pb_module et_d4_element et_pb_code et_pb_code_4\">\n\t\t\t\t\n\t\t\t\t\n\t\t\t\t\n\t\t\t\t\n\t\t\t\t<div class=\"et_pb_code_inner\"><section style=\"background:#fff;color:#000;border:1px solid #e9e9e9;border-radius:18px;padding:30px 28px;margin-bottom:34px;box-shadow:0 8px 24px rgba(0,0,0,0.06);\">\n\n  <h2 style=\"margin:0 0 12px;color:#000;font-size:28px;line-height:1.15;\">\n Solicite ahora una evaluaci\u00f3n sin compromiso para su proyecto de edificio antiguo\n  <\/h2>\n\n  <p style=\"margin:0 0 22px;color:#333;font-size:18px;line-height:1.7;max-width:900px;\">\n \u00bfDesea saber qu\u00e9 calefacci\u00f3n para edificios antiguos sin radiadores es la m\u00e1s adecuada para su inmueble?\n Entonces, comience con una breve evaluaci\u00f3n previa.\n  \n\n  <a href=\"https:\/\/rebotherm.de\/es\/kontakt\/\" style=\"display:inline-block;background:#009DDF;color:#fff;padding:16px 30px;border-radius:12px;text-decoration:none;font-weight:700;font-size:18px;line-height:1.2;\">\n Evaluar proyecto\n  <\/a>\n\n<\/section>\n  \n    <h2 style=\"font-size:28px;margin-bottom:16px;\">Preguntas frecuentes sobre la calefacci\u00f3n para edificios antiguos sin radiadores<\/h2>\n\n    <div style=\"border:1px solid #e5e5e5;border-radius:12px;padding:16px;margin-bottom:12px;\">\n      <h3 style=\"margin-top:0;\">\u00bfRealmente se puede calentar un edificio antiguo sin los radiadores cl\u00e1sicos?<\/h3>\n      <p style=\"margin-bottom:0;\">\n S\u00ed, esto es fundamentalmente posible. Es crucial que haya suficientes superficies adecuadas para la emisi\u00f3n de calor\n y que la soluci\u00f3n se planifique profesionalmente. Dependiendo del edificio, se pueden considerar soluciones de pared o de techo. \n      \n    <\/div>\n\n    <div style=\"border:1px solid #e5e5e5;border-radius:12px;padding:16px;margin-bottom:12px;\">\n      <h3 style=\"margin-top:0;\">\u00bfEs recomendable el techo radiante en edificios antiguos?<\/h3>\n      <p style=\"margin-bottom:0;\">\n En muchos casos, s\u00ed. Especialmente si no se quiere abrir el suelo y se quiere mantener las paredes lo m\u00e1s libres posible.\n Una soluci\u00f3n de techo puede ser muy elegante y ahorrar espacio, especialmente en edificios existentes.\n      \n    <\/div>\n\n    <div style=\"border:1px solid #e5e5e5;border-radius:12px;padding:16px;margin-bottom:12px;\">\n      <h3 style=\"margin-top:0;\">\u00bfSe calienta tambi\u00e9n el suelo con una calefacci\u00f3n de carbono en el techo?<\/h3>\n      <p style=\"margin-bottom:0;\">\n La calefacci\u00f3n de techo no sustituye a la calefacci\u00f3n por suelo radiante cl\u00e1sica. Sin embargo, el calor radiante calienta las superficies de la estancia,\n por lo que el suelo a menudo se siente m\u00e1s agradable que con los radiadores convencionales.\n      \n    <\/div>\n\n    <div style=\"border:1px solid #e5e5e5;border-radius:12px;padding:16px;margin-bottom:12px;\">\n      <h3 style=\"margin-top:0;\">\u00bfQu\u00e9 es mejor: calefacci\u00f3n sin radiadores o bomba de calor?<\/h3>\n      <p style=\"margin-bottom:0;\">\n Depende del edificio. Una bomba de calor puede ser \u00fatil, pero no siempre es autom\u00e1ticamente la mejor o la soluci\u00f3n m\u00e1s econ\u00f3mica.\n En los edificios antiguos, siempre debe evaluarse el inmueble en su conjunto.\n      \n    <\/div>\n\n  <\/div>\n\t\t\t<\/div>\n\t\t\t<\/div>\n\t\t\t\t\n\t\t\t\t\n\t\t\t\t\n\t\t\t\t\n\t\t\t<\/div>\n\t\t\t\t\n\t\t\t\t\n\t\t\t<\/div>\n","protected":false},"excerpt":{"rendered":"","protected":false},"author":1,"featured_media":0,"parent":0,"menu_order":0,"comment_status":"closed","ping_status":"closed","template":"","meta":{"_acf_changed":false,"_et_pb_use_builder":"on","_et_pb_old_content":"","_et_gb_content_width":"","footnotes":""},"class_list":["post-41589","page","type-page","status-publish","hentry"],"acf":[],"_links":{"self":[{"href":"https:\/\/rebotherm.de\/es\/wp-json\/wp\/v2\/pages\/41589","targetHints":{"allow":["GET"]}}],"collection":[{"href":"https:\/\/rebotherm.de\/es\/wp-json\/wp\/v2\/pages"}],"about":[{"href":"https:\/\/rebotherm.de\/es\/wp-json\/wp\/v2\/types\/page"}],"author":[{"embeddable":true,"href":"https:\/\/rebotherm.de\/es\/wp-json\/wp\/v2\/users\/1"}],"replies":[{"embeddable":true,"href":"https:\/\/rebotherm.de\/es\/wp-json\/wp\/v2\/comments?post=41589"}],"version-history":[{"count":2,"href":"https:\/\/rebotherm.de\/es\/wp-json\/wp\/v2\/pages\/41589\/revisions"}],"predecessor-version":[{"id":42632,"href":"https:\/\/rebotherm.de\/es\/wp-json\/wp\/v2\/pages\/41589\/revisions\/42632"}],"wp:attachment":[{"href":"https:\/\/rebotherm.de\/es\/wp-json\/wp\/v2\/media?parent=41589"}],"curies":[{"name":"wp","href":"https:\/\/api.w.org\/{rel}","templated":true}]}}