{"id":42870,"date":"2026-04-09T20:49:45","date_gmt":"2026-04-09T18:49:45","guid":{"rendered":"https:\/\/rebotherm.de\/calcula-la-calefaccion-pidela-y-haz-que-te-la-entreguen\/"},"modified":"2026-04-27T21:37:37","modified_gmt":"2026-04-27T19:37:37","slug":"calcula-la-calefaccion-pidela-y-haz-que-te-la-entreguen","status":"publish","type":"page","link":"https:\/\/rebotherm.de\/es\/calcula-la-calefaccion-pidela-y-haz-que-te-la-entreguen\/","title":{"rendered":"Calcula la calefacci\u00f3n, p\u00eddela y haz que te la entreguen"},"content":{"rendered":"<div class=\"et_pb_section_0 et_pb_section et_section_regular et_flex_section section_has_divider et_pb_bottom_divider\">\n<div class=\"et_pb_row_0 et_pb_row et_flex_row\">\n<div class=\"et_pb_column_0 et_pb_column et-last-child et_flex_column et_pb_css_mix_blend_mode_passthrough et_flex_column_24_24 et_flex_column_24_24_tablet et_flex_column_24_24_phone\">\n<div class=\"et_pb_text_0 et_pb_text et_pb_bg_layout_dark et_pb_module et_flex_module\"><div class=\"et_pb_text_inner\"><h1 style=\"text-align: center;\">Calcula la calefacci\u00f3n, pide y recibe directamente<\/h1>\n<\/div><\/div>\n<\/div>\n<\/div>\n<div class=\"et_pb_bottom_inside_divider et-no-transition\"><\/div><\/div>\n\n<div class=\"et_pb_section_1 et_pb_section et_section_regular et_flex_section\">\n<div class=\"et_pb_row_1 et_pb_row et_flex_row\">\n<div class=\"et_pb_column_1 et_pb_column et-last-child et_flex_column et_pb_css_mix_blend_mode_passthrough et_flex_column_24_24 et_flex_column_24_24_tablet et_flex_column_24_24_phone\">\n<div class=\"et_pb_text_1 et_pb_text et_pb_bg_layout_light et_pb_module et_flex_module\"><div class=\"et_pb_text_inner\"><p style=\"font-size: 20px; line-height: 1.6; margin-top: 12px;\">Sistema de calefacci\u00f3n personalizado para tu habitaci\u00f3n, calculado autom\u00e1ticamente y listo para pedir.<\/p>\n<p>\u2714 Calcula el sistema de calefacci\u00f3n adecuado en unos pocos pasos<br \/>\u2714 Los accesorios y la caja de control se incluyen autom\u00e1ticamente<br \/>\u2714 Se puede pedir inmediatamente, sin necesidad de planificaci\u00f3n<\/p>\n<\/div><\/div>\n\n<div class=\"et_pb_module et_pb_button_module_wrapper et_pb_button_0_wrapper\"><a class=\"et_pb_button_0 et_pb_button et_pb_bg_layout_light et_pb_module et_flex_module\" href=\"https:\/\/rebotherm.de\/es\/tienda\/#heizungsrechner\">Calcula ahora la calefacci\u00f3n adecuada<\/a><\/div>\n<\/div>\n<\/div>\n\n<div class=\"et_pb_row_2 et_pb_row et_flex_row\">\n<div class=\"et_pb_column_2 et_pb_column et-last-child et_flex_column et_pb_css_mix_blend_mode_passthrough et_flex_column_24_24 et_flex_column_24_24_tablet et_flex_column_24_24_phone\">\n<div class=\"et_pb_text_2 et_pb_text et_pb_bg_layout_light et_pb_module et_flex_module\"><div class=\"et_pb_text_inner\"><p style=\"font-size: 14px; color: #6b7280; margin-top: 10px;\">Se tarda menos de 60 segundos - No es necesario registrarse<\/p>\n<\/div><\/div>\n<\/div>\n<\/div>\n<\/div>\n\n<div class=\"et_pb_section_2 et_pb_section et_section_regular et_flex_section\">\n<div class=\"et_pb_row_3 et_pb_row et_flex_row\">\n<div class=\"et_pb_column_3 et_pb_column et-last-child et_flex_column et_pb_css_mix_blend_mode_passthrough et_flex_column_24_24 et_flex_column_24_24_tablet et_flex_column_24_24_phone\">\n<div class=\"et_pb_text_3 et_pb_text et_pb_bg_layout_light et_pb_module et_flex_module\"><div class=\"et_pb_text_inner\"><h2>\u00bfPara qui\u00e9n es adecuada esta calculadora?<\/h2>\n<p>\nLa calculadora es ideal para habitaciones individuales y proyectos manejables. S\u00f3lo tienes que introducir el tama\u00f1o de la habitaci\u00f3n, el nivel de aislamiento y el tipo de calefacci\u00f3n deseado: el sistema elabora autom\u00e1ticamente un conjunto de calefacci\u00f3n adecuado.\n<\/p>\n<ul>\n<li>Cuarto de ba\u00f1o<\/li>\n<li>Salas de estar<\/li>\n<li>Dormitorio<\/li>\n<li>Oficinas<\/li>\n<li>Superficies individuales de pared, techo o suelo<\/li>\n<\/ul>\n<p>\nPara casas completas o la planificaci\u00f3n de proyectos extensos, sigue utilizando nuestra calculadora de calefacci\u00f3n de grandes dimensiones.<\/p>\n<\/div><\/div>\n<\/div>\n<\/div>\n<\/div>\n\n<div class=\"et_pb_section_3 et_pb_section et_section_regular et_flex_section\">\n<div class=\"et_pb_row_4 et_pb_row et_flex_row\">\n<div class=\"et_pb_column_4 et_pb_column et_flex_column et_pb_css_mix_blend_mode_passthrough et_flex_column_8_24 et_flex_column_8_24_tablet et_flex_column_24_24_phone\">\n<div class=\"et_pb_text_4 et_pb_text et_pb_bg_layout_light et_pb_module et_flex_module\"><div class=\"et_pb_text_inner\"><h3>Simplemente calcula<\/h3>\n<p>\nSin complicadas planificaciones ni b\u00fasquedas de componentes individuales. La calculadora te muestra enseguida el sistema de calefacci\u00f3n adecuado para tu habitaci\u00f3n.<\/p>\n<\/div><\/div>\n<\/div>\n\n<div class=\"et_pb_column_5 et_pb_column et_flex_column et_pb_css_mix_blend_mode_passthrough et_flex_column_8_24 et_flex_column_8_24_tablet et_flex_column_24_24_phone\">\n<div class=\"et_pb_text_5 et_pb_text et_pb_bg_layout_light et_pb_module et_flex_module\"><div class=\"et_pb_text_inner\"><h3>Perfecciona autom\u00e1ticamente<\/h3>\n<p>La caja de interruptores, los accesorios, el aislamiento y el material de conexi\u00f3n necesario se tienen en cuenta autom\u00e1ticamente para la configuraci\u00f3n seleccionada.<\/p>\n<\/div><\/div>\n<\/div>\n\n<div class=\"et_pb_column_6 et_pb_column et-last-child et_flex_column et_pb_css_mix_blend_mode_passthrough et_flex_column_8_24 et_flex_column_8_24_tablet et_flex_column_24_24_phone\">\n<div class=\"et_pb_text_6 et_pb_text et_pb_bg_layout_light et_pb_module et_flex_module\"><div class=\"et_pb_text_inner\"><h3>Direkt bestellbar<\/h3>\n<p>Nach der Berechnung legen Sie Ihr komplettes, neues Heizsystem mit einem Klick in den Warenkorb \u2013 ohne weitere Planungsschritte oder Berechnungen.<\/p>\n<\/div><\/div>\n<\/div>\n<\/div>\n<\/div>\n\n<div class=\"et_pb_section_4 et_pb_section et_section_regular et_flex_section\">\n<div class=\"et_pb_row_5 et_pb_row et_flex_row\">\n<div class=\"et_pb_column_7 et_pb_column et-last-child et_flex_column et_pb_css_mix_blend_mode_passthrough et_flex_column_24_24 et_flex_column_24_24_tablet et_flex_column_24_24_phone\">\n<div class=\"et_pb_text_7 et_pb_text et_pb_bg_layout_light et_pb_module et_flex_module\"><div class=\"et_pb_text_inner\"><h2>Was der Rechner f\u00fcr Sie ber\u00fccksichtigt<\/h2>\n<ul>\n<li>D\u00e4mmstandard des Raums<\/li>\n<li>Bad-Zuschlag f\u00fcr h\u00f6heren W\u00e4rmebedarf<\/li>\n<li>Fu\u00dfboden-, Wand- oder Deckenheizung<\/li>\n<li>Heizfolie oder Gipsfaser-Heizplatte<\/li>\n<li>Passenden Schaltkasten bis 1000 W oder 2000 W<\/li>\n<li>Ben\u00f6tigtes Zubeh\u00f6r und Anschlussmaterial<\/li>\n<\/ul>\n<p>So erhalten Sie keine lose Materialliste, sondern ein abgestimmtes Heizsystem f\u00fcr Ihren Raum.<\/p>\n<\/div><\/div>\n<\/div>\n<\/div>\n<\/div>\n\n<div class=\"et_pb_section_5 et_pb_section et_section_regular et_flex_section\">\n<div class=\"et_pb_row_6 et_pb_row et_flex_row\">\n<div class=\"et_pb_column_8 et_pb_column et-last-child et_flex_column et_pb_css_mix_blend_mode_passthrough et_flex_column_24_24 et_flex_column_24_24_tablet et_flex_column_24_24_phone\">\n<div class=\"et_pb_image_0 et_pb_image et_pb_module et_flex_module\"><span class=\"et_pb_image_wrap\"><img decoding=\"async\" src=\"https:\/\/rebotherm.de\/wp-content\/uploads\/2026\/04\/Heizung-berechnen.jpg\" alt=\"heizung berechnen\" title=\"Heizung-berechnen\" width=\"1536\" height=\"1024\" srcset=\"https:\/\/rebotherm.de\/wp-content\/uploads\/2026\/04\/Heizung-berechnen.jpg 1536w, https:\/\/rebotherm.de\/wp-content\/uploads\/2026\/04\/Heizung-berechnen-1280x853.jpg 1280w, https:\/\/rebotherm.de\/wp-content\/uploads\/2026\/04\/Heizung-berechnen-980x653.jpg 980w, https:\/\/rebotherm.de\/wp-content\/uploads\/2026\/04\/Heizung-berechnen-480x320.jpg 480w\" sizes=\"(min-width: 0px) and (max-width: 480px) 480px, (min-width: 481px) and (max-width: 980px) 980px, (min-width: 981px) and (max-width: 1280px) 1280px, (min-width: 1281px) 1536px, 100vw\" class=\"wp-image-43577\" \/><\/span><\/div>\n<\/div>\n<\/div>\n<\/div>\n\n<div class=\"et_pb_section_6 et_pb_section et_section_regular et_flex_section\">\n<div class=\"et_pb_row_7 et_pb_row et_flex_row\">\n<div class=\"et_pb_column_9 et_pb_column et_flex_column et_pb_css_mix_blend_mode_passthrough et_flex_column_8_24 et_flex_column_8_24_tablet et_flex_column_24_24_phone\">\n<div class=\"et_pb_text_8 et_pb_text et_pb_bg_layout_light et_pb_module et_flex_module\"><div class=\"et_pb_text_inner\"><h3>Passende Leistung<\/h3>\n<p>Heizleistung auf den Raum abgestimmt.<br \/>Typische Werte: 45 - 120 W\/m\u00b2<br \/>Heizfolie Fu\u00dfboden: 119 W\/m<br \/>Heizfolie Wand oder Decke 213 W\/m<br \/>Gipsfaser-Heizplatte: 300 W<\/p>\n<\/div><\/div>\n<\/div>\n\n<div class=\"et_pb_column_10 et_pb_column et_flex_column et_pb_css_mix_blend_mode_passthrough et_flex_column_8_24 et_flex_column_8_24_tablet et_flex_column_24_24_phone\">\n<div class=\"et_pb_text_9 et_pb_text et_pb_bg_layout_light et_pb_module et_flex_module\"><div class=\"et_pb_text_inner\"><h3>Einfach integrierbar<\/h3>\n<p>Problemlos in jeden Raum<br \/>Je nach System:<br \/>spachteln, tapezieren, streichen oder fliesen.<br \/>Damit bleibt die Heizung unsichtbar. Ideal bei Renovierung.\u00a0<\/p>\n<\/div><\/div>\n<\/div>\n\n<div class=\"et_pb_column_11 et_pb_column et-last-child et_flex_column et_pb_css_mix_blend_mode_passthrough et_flex_column_8_24 et_flex_column_8_24_tablet et_flex_column_24_24_phone\">\n<div class=\"et_pb_text_10 et_pb_text et_pb_bg_layout_light et_pb_module et_flex_module\"><div class=\"et_pb_text_inner\"><h3>Sicher und effizient<\/h3>\n<p>Niedervoltbereich 36\/48 V<br \/>Strahlungsw\u00e4rme<br \/>Wartungsfrei<br \/>keine beweglichen Teile<br \/>Kein Leistungsverlust durch spachteln, streichen, tapezieren oder fliesen.<\/p>\n<\/div><\/div>\n<\/div>\n<\/div>\n<\/div>\n\n<div class=\"et_pb_section_7 et_pb_section et_section_regular et_flex_section\">\n<div class=\"et_pb_row_8 et_pb_row et_flex_row\">\n<div class=\"et_pb_column_12 et_pb_column et-last-child et_flex_column et_pb_css_mix_blend_mode_passthrough et_flex_column_12_24 et_flex_column_12_24_tablet et_flex_column_24_24_phone\">\n<div class=\"et_pb_module et_pb_button_module_wrapper et_pb_button_1_wrapper\"><a class=\"et_pb_button_1 et_pb_button et_pb_bg_layout_light et_pb_module et_flex_module\" href=\"https:\/\/rebotherm.de\/es\/tienda\/#heizungsrechner\">A la calculadora de calefacci\u00f3n de la tienda<\/a><\/div>\n<\/div>\n<\/div>\n<\/div>\n\n<div class=\"et_pb_section_8 et_pb_section et_section_regular et_flex_section\">\n<div class=\"et_pb_row_9 et_pb_row et_flex_row\">\n<div class=\"et_pb_column_13 et_pb_column et-last-child et_flex_column et_pb_css_mix_blend_mode_passthrough et_flex_column_24_24 et_flex_column_24_24_tablet et_flex_column_24_24_phone\">\n<div class=\"et_pb_text_11 et_pb_text et_pb_bg_layout_light et_pb_module et_flex_module\"><div class=\"et_pb_text_inner\"><h2>Warum Rebotherm?<\/h2>\n<p>Rebotherm steht f\u00fcr durchdachte elektrische Fl\u00e4chenheizungen mit klarer Systemlogik. Statt un\u00fcbersichtlicher Einzell\u00f6sungen erhalten Sie ein abgestimmtes Heizsystem, das auf Ihren Raum und Ihre Einbausituation zugeschnitten ist.<\/p>\n<ul>\n<li>48V Carbon-Heizsysteme<\/li>\n<li>Passende Heizplatten f\u00fcr Trockenbau (Gipsfaserplatten)<\/li>\n<li>D\u00e4mmung und Zubeh\u00f6r systemgerecht ber\u00fccksichtigt<\/li>\n<\/ul>\n<\/div><\/div>\n\n<div class=\"et_pb_text_12 et_pb_text et_pb_bg_layout_light et_pb_module et_flex_module\"><div class=\"et_pb_text_inner\"><h2>No tienes que montar nada t\u00fa mismo<\/h2>\n<p>\nLa calculadora se encarga de la l\u00f3gica b\u00e1sica por ti. En lugar de elegir individualmente la l\u00e1mina calefactora, la caja de interruptores, el aislamiento y los accesorios, recibir\u00e1s enseguida un sistema bien montado.\n<\/p>\n<p>\nEsto ahorra tiempo, reduce los errores y hace que los pedidos sean mucho m\u00e1s seguros.<\/p>\n<\/div><\/div>\n\n<div class=\"et_pb_text_13 et_pb_text et_pb_bg_layout_light et_pb_module et_flex_module\"><div class=\"et_pb_text_inner\"><h2>Calcula ahora el sistema de calefacci\u00f3n y haz el pedido directamente<\/h2>\n<p>\nUtiliza la calculadora de la tienda y tendr\u00e1s tu sistema de calefacci\u00f3n montado autom\u00e1ticamente.<\/p>\n<\/div><\/div>\n\n<div class=\"et_pb_module et_pb_button_module_wrapper et_pb_button_2_wrapper\"><a class=\"et_pb_button_2 et_pb_button et_pb_bg_layout_light et_pb_module et_flex_module\" href=\"https:\/\/rebotherm.de\/es\/tienda\/#heizungsrechner\">Ahora a la calculadora<\/a><\/div>\n<\/div>\n<\/div>\n<\/div>","protected":false},"excerpt":{"rendered":"","protected":false},"author":1,"featured_media":0,"parent":0,"menu_order":0,"comment_status":"closed","ping_status":"closed","template":"","meta":{"_acf_changed":false,"footnotes":""},"class_list":["post-42870","page","type-page","status-publish","hentry"],"acf":[],"_links":{"self":[{"href":"https:\/\/rebotherm.de\/es\/wp-json\/wp\/v2\/pages\/42870","targetHints":{"allow":["GET"]}}],"collection":[{"href":"https:\/\/rebotherm.de\/es\/wp-json\/wp\/v2\/pages"}],"about":[{"href":"https:\/\/rebotherm.de\/es\/wp-json\/wp\/v2\/types\/page"}],"author":[{"embeddable":true,"href":"https:\/\/rebotherm.de\/es\/wp-json\/wp\/v2\/users\/1"}],"replies":[{"embeddable":true,"href":"https:\/\/rebotherm.de\/es\/wp-json\/wp\/v2\/comments?post=42870"}],"version-history":[{"count":31,"href":"https:\/\/rebotherm.de\/es\/wp-json\/wp\/v2\/pages\/42870\/revisions"}],"predecessor-version":[{"id":43581,"href":"https:\/\/rebotherm.de\/es\/wp-json\/wp\/v2\/pages\/42870\/revisions\/43581"}],"wp:attachment":[{"href":"https:\/\/rebotherm.de\/es\/wp-json\/wp\/v2\/media?parent=42870"}],"curies":[{"name":"wp","href":"https:\/\/api.w.org\/{rel}","templated":true}]}}