{"id":44025,"date":"2026-05-09T17:13:26","date_gmt":"2026-05-09T15:13:26","guid":{"rendered":"https:\/\/rebotherm.de\/daemmung-neu\/"},"modified":"2026-05-09T20:40:51","modified_gmt":"2026-05-09T18:40:51","slug":"daemmung-neu","status":"publish","type":"page","link":"https:\/\/rebotherm.de\/es\/daemmung-neu\/","title":{"rendered":"Aislamiento"},"content":{"rendered":"<div class=\"et_pb_section_0 et_pb_section et_section_regular et_block_section section_has_divider et_pb_bottom_divider\">\n<div class=\"et_pb_row_0 et_pb_row et_block_row\">\n<div class=\"et_pb_column_0 et_pb_column et_pb_column_4_4 et-last-child et_block_column et_pb_css_mix_blend_mode_passthrough\">\n<div class=\"et_pb_text_0 et_pb_text et_pb_bg_layout_light et_pb_module et_block_module\"><div class=\"et_pb_text_inner\"><h1 style=\"text-align: center;\">Aislamiento Rebotherm para interior y exterior<\/h1>\n<p style=\"text-align: center;\">Soluciones de aislamiento finas y potentes para edificios antiguos, rehabilitaci\u00f3n y modernizaci\u00f3n.<\/p>\n<\/div><\/div>\n<\/div>\n<\/div>\n<div class=\"et_pb_bottom_inside_divider et-no-transition\"><\/div><\/div>\n\n<div class=\"et_pb_section_1 et_pb_section et_section_regular et_flex_section\">\n<div class=\"et_pb_row_1 et_pb_row et_flex_row\">\n<div class=\"et_pb_column_1 et_pb_column et-last-child et_flex_column et_pb_css_mix_blend_mode_passthrough et_flex_column_24_24 et_flex_column_24_24_tablet et_flex_column_24_24_phone\">\n<div class=\"et_pb_text_1 et_pb_text et_pb_bg_layout_light et_pb_module et_flex_module\"><div class=\"et_pb_text_inner\"><h2>Aislamiento de bajo espesor \u2013 ideal para rehabilitaci\u00f3n y edificios antiguos<\/h2>\n<p>Un buen aislamiento reduce las p\u00e9rdidas de calor, mejora el confort en el hogar y puede reducir significativamente los costes de calefacci\u00f3n. Sin embargo, especialmente en edificios existentes, edificios antiguos o interiores con poco espacio, los materiales aislantes cl\u00e1sicos suelen ser demasiado gruesos o dif\u00edciles de instalar.<br \/>REBOTHERM ofrece soluciones de aislamiento modernas para interior y exterior que combinan un alto rendimiento aislante con un bajo espesor de instalaci\u00f3n. Dependiendo de la aplicaci\u00f3n, se utiliza aislamiento de aerogel, paneles aislantes Superwall o soluciones especiales de protecci\u00f3n t\u00e9rmica. Esto da como resultado sistemas flexibles para paredes, suelos, techos, tuber\u00edas y situaciones de rehabilitaci\u00f3n complejas.   <\/p>\n<\/div><\/div>\n<\/div>\n<\/div>\n<\/div>\n\n<div class=\"et_pb_section_2 et_pb_section et_section_regular et_block_section\">\n<div class=\"et_pb_row_2 et_pb_row et_pb_equal_columns et_block_row\">\n<div class=\"et_pb_column_2 et_pb_column et_pb_column_1_2 et_block_column et_pb_css_mix_blend_mode_passthrough\">\n<div class=\"et_pb_image_0 et_pb_image et_pb_module et_block_module\"><a href=\"https:\/\/rebotherm.de\/superwall-daemmplatte-10mm\/\"><span class=\"et_pb_image_wrap\"><img decoding=\"async\" src=\"https:\/\/rebotherm.de\/wp-content\/uploads\/2024\/05\/rebotherm-daemmungen-innendaemmung-superwall.jpg\" width=\"1280\" height=\"720\" srcset=\"https:\/\/rebotherm.de\/wp-content\/uploads\/2024\/05\/rebotherm-daemmungen-innendaemmung-superwall.jpg 1280w, https:\/\/rebotherm.de\/wp-content\/uploads\/2024\/05\/rebotherm-daemmungen-innendaemmung-superwall-980x551.jpg 980w, https:\/\/rebotherm.de\/wp-content\/uploads\/2024\/05\/rebotherm-daemmungen-innendaemmung-superwall-480x270.jpg 480w\" sizes=\"(min-width: 0px) and (max-width: 480px) 480px, (min-width: 481px) and (max-width: 980px) 980px, (min-width: 981px) 1280px, 100vw\" class=\"wp-image-27580\" title=\"rebotherm-insulation-inside-insulation-superwall\" alt=\"Aislamiento interior rebotherm con Superwall\" \/><\/span><\/a><\/div>\n\n<div class=\"et_pb_text_2 et_pb_text et_pb_bg_layout_light et_pb_module et_block_module\"><div class=\"et_pb_text_inner\"><h2>Placa aislante Superwall<\/h2>\n<p>El panel aislante Superwall es especialmente adecuado para el aislamiento interior posterior de paredes y techos. Con su bajo espesor de instalaci\u00f3n, mejora el aislamiento t\u00e9rmico y favorece un clima interior m\u00e1s agradable, ideal para rehabilitaci\u00f3n, edificios antiguos y habitaciones con paredes interiores fr\u00edas. <\/p>\n<\/div><\/div>\n\n<div class=\"et_pb_module et_pb_button_module_wrapper et_pb_button_0_wrapper\"><a class=\"et_pb_button_0 et_pb_button et_pb_bg_layout_light et_pb_module et_block_module\" href=\"https:\/\/rebotherm.de\/superwall-daemmplatte-10mm\/\">M\u00e1s informaci\u00f3n<\/a><\/div>\n<\/div>\n\n<div class=\"et_pb_column_3 et_pb_column et_pb_column_1_2 et-last-child et_block_column et_pb_css_mix_blend_mode_passthrough\">\n<div class=\"et_pb_image_1 et_pb_image et_pb_module et_block_module\"><a href=\"https:\/\/rebotherm.de\/aerogel-daemmung\/\"><span class=\"et_pb_image_wrap\"><img decoding=\"async\" src=\"https:\/\/rebotherm.de\/wp-content\/uploads\/2024\/05\/rebotherm-daemmungen-aerogel.jpg\" width=\"1280\" height=\"720\" srcset=\"https:\/\/rebotherm.de\/wp-content\/uploads\/2024\/05\/rebotherm-daemmungen-aerogel.jpg 1280w, https:\/\/rebotherm.de\/wp-content\/uploads\/2024\/05\/rebotherm-daemmungen-aerogel-980x551.jpg 980w, https:\/\/rebotherm.de\/wp-content\/uploads\/2024\/05\/rebotherm-daemmungen-aerogel-480x270.jpg 480w\" sizes=\"(min-width: 0px) and (max-width: 480px) 480px, (min-width: 481px) and (max-width: 980px) 980px, (min-width: 981px) 1280px, 100vw\" class=\"wp-image-27579\" title=\"rebotherm-aerogel aislante\" alt=\"aislamiento rebotherm con aerogel\" \/><\/span><\/a><\/div>\n\n<div class=\"et_pb_text_3 et_pb_text et_pb_bg_layout_light et_pb_module et_block_module\"><div class=\"et_pb_text_inner\"><h2>Aislamiento de aerogel<\/h2>\n<p>El aerogel es un aislamiento de alto rendimiento con una conductividad t\u00e9rmica muy baja. Es especialmente adecuado donde hay poco espacio, pero se requiere un fuerte efecto aislante, por ejemplo, en el aislamiento interior, la estructura del suelo, el aislamiento de tuber\u00edas o rehabilitaciones exigentes. <\/p>\n<\/div><\/div>\n\n<div class=\"et_pb_module et_pb_button_module_wrapper et_pb_button_1_wrapper\"><a class=\"et_pb_button_1 et_pb_button et_pb_bg_layout_light et_pb_module et_block_module\" href=\"https:\/\/rebotherm.de\/aerogel-daemmung\/\">M\u00e1s informaci\u00f3n<\/a><\/div>\n<\/div>\n<\/div>\n<\/div>\n\n<div class=\"et_pb_section_3 et_pb_section et_section_regular et_flex_section\">\n<div class=\"et_pb_row_3 et_pb_row et_flex_row\">\n<div class=\"et_pb_column_4 et_pb_column et_flex_column et_pb_css_mix_blend_mode_passthrough et_flex_column_6_24 et_flex_column_12_24_tablet et_flex_column_24_24_phone\">\n<div class=\"et_pb_blurb_0 et_pb_blurb et_pb_bg_layout_light et_pb_blurb_position_top et_pb_module et_flex_module\"><div class=\"et_pb_blurb_content et_flex_module\"><div class=\"et_pb_main_blurb_image\"><span class=\"et_pb_image_wrap\"><span class=\"et-pb-icon\">\ue065<\/span><\/span><\/div><div class=\"et_pb_blurb_container\"><h4 class=\"et_pb_module_header\">Baja altura de construcci\u00f3n<\/h4><div class=\"et_pb_blurb_description\"><p>Ideal para edificios antiguos y reformas con poco espacio.<\/p>\n<\/div><\/div><\/div><\/div>\n<\/div>\n\n<div class=\"et_pb_column_5 et_pb_column et_flex_column et_pb_css_mix_blend_mode_passthrough et_flex_column_6_24 et_flex_column_12_24_tablet et_flex_column_24_24_phone\">\n<div class=\"et_pb_blurb_1 et_pb_blurb et_pb_bg_layout_light et_pb_blurb_position_top et_pb_module et_flex_module\"><div class=\"et_pb_blurb_content et_flex_module\"><div class=\"et_pb_main_blurb_image\"><span class=\"et_pb_image_wrap\"><span class=\"et-pb-icon\">\uf2ca<\/span><\/span><\/div><div class=\"et_pb_blurb_container\"><h4 class=\"et_pb_module_header\">Alto rendimiento de aislamiento<\/h4><div class=\"et_pb_blurb_description\"><p data-start=\"1321\" data-end=\"1380\">Aislamiento t\u00e9rmico eficiente para interior y exterior.<\/p>\n<\/div><\/div><\/div><\/div>\n<\/div>\n\n<div class=\"et_pb_column_6 et_pb_column et_flex_column et_pb_css_mix_blend_mode_passthrough et_flex_column_6_24 et_flex_column_12_24_tablet et_flex_column_24_24_phone\">\n<div class=\"et_pb_blurb_2 et_pb_blurb et_pb_bg_layout_light et_pb_blurb_position_top et_pb_module et_flex_module\"><div class=\"et_pb_blurb_content et_flex_module\"><div class=\"et_pb_main_blurb_image\"><span class=\"et_pb_image_wrap\"><span class=\"et-pb-icon\">\uf6e3<\/span><\/span><\/div><div class=\"et_pb_blurb_container\"><h4 class=\"et_pb_module_header\">F\u00e1cil montaje<\/h4><div class=\"et_pb_blurb_description\"><p data-start=\"1463\" data-end=\"1517\">Adecuado para edificios existentes y modernizaci\u00f3n<\/p>\n<\/div><\/div><\/div><\/div>\n<\/div>\n\n<div class=\"et_pb_column_7 et_pb_column et-last-child et_flex_column et_pb_css_mix_blend_mode_passthrough et_flex_column_6_24 et_flex_column_12_24_tablet et_flex_column_24_24_phone\">\n<div class=\"et_pb_blurb_3 et_pb_blurb et_pb_bg_layout_light et_pb_blurb_position_top et_pb_module et_flex_module\"><div class=\"et_pb_blurb_content et_flex_module\"><div class=\"et_pb_main_blurb_image\"><span class=\"et_pb_image_wrap\"><span class=\"et-pb-icon\">\uf06c<\/span><\/span><\/div><div class=\"et_pb_blurb_container\"><h4 class=\"et_pb_module_header\">Eficiente energ\u00e9ticamente<\/h4><div class=\"et_pb_blurb_description\"><p>Menor p\u00e9rdida de calor y menor consumo de energ\u00eda.<\/p>\n<\/div><\/div><\/div><\/div>\n<\/div>\n<\/div>\n<\/div>\n\n<div class=\"et_pb_section_4 et_pb_section et_section_regular et_flex_section\">\n<div class=\"et_pb_row_4 et_pb_row et_flex_row\">\n<div class=\"et_pb_column_8 et_pb_column et-last-child et_flex_column et_pb_css_mix_blend_mode_passthrough et_flex_column_24_24 et_flex_column_24_24_tablet et_flex_column_24_24_phone\">\n<div class=\"et_pb_text_4 et_pb_text et_pb_bg_layout_light et_pb_module et_flex_module\"><div class=\"et_pb_text_inner\"><h2>\u00bfPara qu\u00e9 aplicaciones es id\u00f3neo el aislamiento REBOTHERM?<\/h2>\n<p>Nuestras soluciones de aislamiento se pueden utilizar en muchos \u00e1mbitos, desde el aislamiento interior cl\u00e1sico hasta el aislamiento t\u00e9cnico en tuber\u00edas, suelos o proyectos especiales.<\/p>\n<\/div><\/div>\n<\/div>\n<\/div>\n\n<div class=\"et_pb_row_5 et_pb_row et_flex_row\">\n<div class=\"et_pb_column_9 et_pb_column et_flex_column et_pb_css_mix_blend_mode_passthrough et_flex_column_12_24 et_flex_column_12_24_tablet et_flex_column_24_24_phone\">\n<div class=\"et_pb_text_5 et_pb_text et_pb_bg_layout_light et_pb_module et_flex_module\"><div class=\"et_pb_text_inner\"><ul>\n<li data-section-id=\"1dwsp5p\" data-start=\"3925\" data-end=\"3951\">Aislamiento interior en edificios antiguos<\/li>\n<li data-section-id=\"2fp2cz\" data-start=\"3952\" data-end=\"3986\">Aislamiento contra paredes interiores fr\u00edas<\/li>\n<li data-section-id=\"1bqsp62\" data-start=\"3987\" data-end=\"4022\">Aislamiento con bajo espesor de instalaci\u00f3n<\/li>\n<li data-section-id=\"1xrc8jl\" data-start=\"4023\" data-end=\"4047\">Aislamiento de suelo de aerogel<\/li>\n<\/ul>\n<\/div><\/div>\n<\/div>\n\n<div class=\"et_pb_column_10 et_pb_column et-last-child et_flex_column et_pb_css_mix_blend_mode_passthrough et_flex_column_12_24 et_flex_column_12_24_tablet et_flex_column_24_24_phone\">\n<div class=\"et_pb_text_6 et_pb_text et_pb_bg_layout_light et_pb_module et_flex_module\"><div class=\"et_pb_text_inner\"><ul>\n<li data-section-id=\"8uy7zr\" data-start=\"4048\" data-end=\"4089\">Aislamiento de tuber\u00edas y aislamiento t\u00e9cnico<\/li>\n<li data-section-id=\"ee7aaj\" data-start=\"4090\" data-end=\"4129\">Complemento para la calefacci\u00f3n de superficie de carbono<\/li>\n<li data-section-id=\"1vaj8nw\" data-start=\"4130\" data-end=\"4173\">Rehabilitaci\u00f3n sin grandes intervenciones estructurales<\/li>\n<li data-section-id=\"1y1ifby\" data-start=\"4174\" data-end=\"4219\">Aislamiento con riesgo de moho y puentes t\u00e9rmicos<\/li>\n<\/ul>\n<\/div><\/div>\n<\/div>\n<\/div>\n\n<div class=\"et_pb_row_6 et_pb_row et_flex_row\">\n<div class=\"et_pb_column_11 et_pb_column et-last-child et_flex_column et_pb_css_mix_blend_mode_passthrough et_flex_column_24_24 et_flex_column_24_24_tablet et_flex_column_24_24_phone\">\n<div class=\"et_pb_text_7 et_pb_text et_pb_bg_layout_light et_pb_module et_flex_module\"><div class=\"et_pb_text_inner\"><h2>Aislamiento y calefacci\u00f3n como sistema global eficiente<\/h2>\n<p data-start=\"4324\" data-end=\"4652\">Un buen aislamiento es la base para reducir los costes de calefacci\u00f3n. Cuanto menos calor se pierda a trav\u00e9s de la pared, el suelo o el techo, m\u00e1s eficiente ser\u00e1 una calefacci\u00f3n de superficie el\u00e9ctrica. Por ello, los aislamientos REBOTHERM se pueden combinar idealmente con l\u00e1minas calefactoras de carbono, paneles calefactores u otros sistemas de calefacci\u00f3n de baja tensi\u00f3n.  <\/p>\n<p data-start=\"4654\" data-end=\"4825\">Especialmente en edificios antiguos, esta combinaci\u00f3n puede ser una alternativa interesante cuando los radiadores de agua, la calefacci\u00f3n por suelo radiante o la bomba de calor son dif\u00edciles de instalar estructuralmente.<\/p>\n<\/div><\/div>\n<\/div>\n<\/div>\n\n<div class=\"et_pb_row_7 et_pb_row et_flex_row\">\n<div class=\"et_pb_column_12 et_pb_column et-last-child et_flex_column et_pb_css_mix_blend_mode_passthrough et_flex_column_24_24 et_flex_column_24_24_tablet et_flex_column_24_24_phone\">\n<div class=\"et_pb_module et_pb_button_module_wrapper et_pb_button_2_wrapper\"><a class=\"et_pb_button_2 et_pb_button et_pb_bg_layout_light et_pb_module et_flex_module\" href=\"https:\/\/rebotherm.de\/es\/calentadores\/\">Ver calefacci\u00f3n de carbono<\/a><\/div>\n<\/div>\n<\/div>\n\n<div class=\"et_pb_row_8 et_pb_row et_flex_row\">\n<div class=\"et_pb_column_13 et_pb_column et-last-child et_flex_column et_pb_css_mix_blend_mode_passthrough et_flex_column_24_24 et_flex_column_24_24_tablet et_flex_column_24_24_phone\">\n<div class=\"et_pb_text_8 et_pb_text et_pb_bg_layout_light et_pb_module et_flex_module\"><div class=\"et_pb_text_inner\"><h2>Preguntas frecuentes sobre el aislamiento<\/h2>\n<p><strong data-start=\"4962\" data-end=\"5008\">\u00bfQu\u00e9 aislamiento es adecuado para paredes interiores?<\/strong><br data-start=\"5008\" data-end=\"5011\">Para paredes interiores, son adecuadas las placas de aislamiento delgadas o los aislamientos de aerogel si se dispone de poco espacio. Es importante que la estructura, el sustrato y la situaci\u00f3n de humedad sean compatibles. <\/p>\n<p><strong data-start=\"5204\" data-end=\"5248\">\u00bfCu\u00e1l es la ventaja del aislamiento de aerogel?<\/strong><br data-start=\"5248\" data-end=\"5251\">El aerogel ofrece un rendimiento de aislamiento muy alto con un bajo espesor de material. Por ello, se utiliza a menudo donde los materiales aislantes cl\u00e1sicos ser\u00edan demasiado gruesos. <\/p>\n<p data-start=\"5401\" data-end=\"5649\"><strong data-start=\"5414\" data-end=\"5452\">\u00bfAyuda el aislamiento interior contra el moho?<\/strong><br data-start=\"5452\" data-end=\"5455\">Un aislamiento interior planificado profesionalmente puede reducir las superficies fr\u00edas y, por lo tanto, disminuir el riesgo de condensaci\u00f3n y moho. La elecci\u00f3n del material, el procesamiento y la protecci\u00f3n contra la humedad son cruciales. <\/p>\n<p data-start=\"5651\" data-end=\"5868\"><strong data-start=\"5664\" data-end=\"5724\">\u00bfSe puede combinar el aislamiento con una calefacci\u00f3n de carbono?<\/strong><br data-start=\"5724\" data-end=\"5727\">S\u00ed. El aislamiento y la calefacci\u00f3n de superficie de carbono se complementan muy bien, ya que se pierde menos calor y la potencia de calefacci\u00f3n se utiliza de forma m\u00e1s eficiente. <\/p>\n<h2 data-start=\"5651\" data-end=\"5868\">\u00bfQu\u00e9 aislamiento se adapta a su proyecto?<\/h2>\n<p>Ya sea para edificios antiguos, paredes interiores, estructuras de suelo o aislamiento t\u00e9cnico, le ayudamos a elegir la soluci\u00f3n adecuada.<\/p>\n<\/div><\/div>\n\n<div class=\"et_pb_module et_pb_button_module_wrapper et_pb_button_3_wrapper\"><a class=\"et_pb_button_3 et_pb_button et_pb_bg_layout_light et_pb_module et_flex_module\" href=\"https:\/\/rebotherm.de\/es\/kontakt\/\">Solicitar asesoramiento<\/a><\/div>\n<\/div>\n<\/div>\n<\/div>","protected":false},"excerpt":{"rendered":"","protected":false},"author":1,"featured_media":0,"parent":0,"menu_order":0,"comment_status":"closed","ping_status":"closed","template":"","meta":{"_acf_changed":false,"footnotes":""},"class_list":["post-44025","page","type-page","status-publish","hentry"],"acf":[],"_links":{"self":[{"href":"https:\/\/rebotherm.de\/es\/wp-json\/wp\/v2\/pages\/44025","targetHints":{"allow":["GET"]}}],"collection":[{"href":"https:\/\/rebotherm.de\/es\/wp-json\/wp\/v2\/pages"}],"about":[{"href":"https:\/\/rebotherm.de\/es\/wp-json\/wp\/v2\/types\/page"}],"author":[{"embeddable":true,"href":"https:\/\/rebotherm.de\/es\/wp-json\/wp\/v2\/users\/1"}],"replies":[{"embeddable":true,"href":"https:\/\/rebotherm.de\/es\/wp-json\/wp\/v2\/comments?post=44025"}],"version-history":[{"count":4,"href":"https:\/\/rebotherm.de\/es\/wp-json\/wp\/v2\/pages\/44025\/revisions"}],"predecessor-version":[{"id":44056,"href":"https:\/\/rebotherm.de\/es\/wp-json\/wp\/v2\/pages\/44025\/revisions\/44056"}],"wp:attachment":[{"href":"https:\/\/rebotherm.de\/es\/wp-json\/wp\/v2\/media?parent=44025"}],"curies":[{"name":"wp","href":"https:\/\/api.w.org\/{rel}","templated":true}]}}