{"id":29845,"date":"2022-12-11T13:53:34","date_gmt":"2022-12-11T12:53:34","guid":{"rendered":"https:\/\/rebotherm.de\/produkt\/termostato\/"},"modified":"2026-04-12T23:10:25","modified_gmt":"2026-04-12T21:10:25","slug":"termostato","status":"publish","type":"product","link":"https:\/\/rebotherm.de\/es\/termostato\/","title":{"rendered":"Termostato 230V Digital"},"content":{"rendered":"<h2>Termostato 230V Digital<\/h2>\n<p>Con este regulador de temperatura de clase confort, podr\u00e1s controlar tu calefacci\u00f3n el\u00e9ctrica de forma eficaz y siempre a la temperatura ambiente perfecta. Gracias al moderno control por APP, puedes controlar y programar c\u00f3modamente la calefacci\u00f3n desde cualquier lugar con tu smartphone. Con este termostato programable, siempre tendr\u00e1s un hogar acogedor y c\u00e1lido.<\/p>\n<p><strong>Especificaciones del producto<\/strong><\/p>\n<p class=\"p\">Alimentaci\u00f3n: 110 240 VCA, 50 60 Hz<\/p>\n<p class=\"p\">Capacidad de transporte de corriente: 16A<\/p>\n<p class=\"p\">Sensor: NTC3950, 10K<\/p>\n<p class=\"p\">Precisi\u00f3n: \u00b1 0,5 \u2103<\/p>\n<p class=\"p\">Rango de temperatura: 0-40 \u2103<\/p>\n<p class=\"p\">Sensor interno: NTCB = 3380 10K a 25\u2103, rango de medici\u00f3n del sensor: 0-40\u2103<\/p>\n<p class=\"p\">Sensor externo: NTCB = 3380 10K a 25 \u2103, longitud = 3 m, rango de medici\u00f3n: 0-99\u2103, rango de ajuste: 5-90\u2103 (ajustes por defecto: protecci\u00f3n contra sobretemperatura 55\u2103)<\/p>\n<p class=\"p\">Rango de temperatura: -5\u00b0C \u2013 45\u2103<\/p>\n<p class=\"p\">&lt;Consumo: 1,5 W<\/p>\n<p class=\"p\">&lt;Desviaci\u00f3n: 1%.<\/p>\n<p class=\"p\">Material de la carcasa: PC + ABS (resistente al fuego)<\/p>\n<p class=\"p\">Caja de empotrar de instalaci\u00f3n: caja cuadrada de 86x86mm o redonda de 60mm<\/p>\n<p class=\"p\">Terminales de cable: Cable 2 x 1,5 mm2 o 1 x 2,5 mm2<\/p>\n<p class=\"p\">Clase de protecci\u00f3n: IP20<\/p>\n<p class=\"p\"><b><span class=\"15\">Contenido del paquete:<\/span><\/b><\/p>\n<p class=\"p\">1x term\u00f3metro<\/p>\n<p class=\"p\">1x cable del sensor de temperatura<\/p>\n<p class=\"p\">2x tornillo de fijaci\u00f3n<\/p>\n<p class=\"p\">1x instrucciones de uso<\/p>\n<p>&nbsp;<\/p>\n","protected":false},"excerpt":{"rendered":"<h1>Termostato con control por app<\/h1>\n<ul>\n<li>Compatible con APP: Admite el control m\u00f3vil de APP-WEBACK. Controla f\u00e1cilmente la temperatura ambiente con un smartphone.<\/li>\n<li>Termostato programable: El controlador de temperatura tambi\u00e9n se puede utilizar con Amazon Echo y Google Home.<\/li>\n<li>&lt;Especificaciones del producto: conexi\u00f3n a la red de 240 V CA, 60 Hz, consumo: 1,5 W.<\/li>\n<li>Pantalla LCD\uff1aPantalla LCD con retroiluminaci\u00f3n.<\/li>\n<li>Sensor: NTC3950, 10K; precisi\u00f3n: \u00b1 0,5 \u2103; temperatura ajustable.<\/li>\n<\/ul>\n<ul>\n<li>El mando WiFi para casa y la oficina tiene una pantalla totalmente programable.<\/li>\n<li>7 d\u00edas con 6 circuitos individuales al d\u00eda.<\/li>\n<\/ul>\n","protected":false},"featured_media":29846,"comment_status":"closed","ping_status":"closed","template":"","meta":{"_acf_changed":false},"product_brand":[],"product_cat":[1013],"product_tag":[],"class_list":{"0":"post-29845","1":"product","2":"type-product","3":"status-publish","4":"has-post-thumbnail","6":"product_cat-componentes","7":"product_shipping_class-paquete-por-849","9":"first","10":"instock","11":"taxable","12":"shipping-taxable","13":"purchasable","14":"product-type-simple"},"acf":[],"_links":{"self":[{"href":"https:\/\/rebotherm.de\/es\/wp-json\/wp\/v2\/product\/29845","targetHints":{"allow":["GET"]}}],"collection":[{"href":"https:\/\/rebotherm.de\/es\/wp-json\/wp\/v2\/product"}],"about":[{"href":"https:\/\/rebotherm.de\/es\/wp-json\/wp\/v2\/types\/product"}],"replies":[{"embeddable":true,"href":"https:\/\/rebotherm.de\/es\/wp-json\/wp\/v2\/comments?post=29845"}],"wp:featuredmedia":[{"embeddable":true,"href":"https:\/\/rebotherm.de\/es\/wp-json\/wp\/v2\/media\/29846"}],"wp:attachment":[{"href":"https:\/\/rebotherm.de\/es\/wp-json\/wp\/v2\/media?parent=29845"}],"wp:term":[{"taxonomy":"product_brand","embeddable":true,"href":"https:\/\/rebotherm.de\/es\/wp-json\/wp\/v2\/product_brand?post=29845"},{"taxonomy":"product_cat","embeddable":true,"href":"https:\/\/rebotherm.de\/es\/wp-json\/wp\/v2\/product_cat?post=29845"},{"taxonomy":"product_tag","embeddable":true,"href":"https:\/\/rebotherm.de\/es\/wp-json\/wp\/v2\/product_tag?post=29845"}],"curies":[{"name":"wp","href":"https:\/\/api.w.org\/{rel}","templated":true}]}}