{"id":29994,"date":"2020-03-01T17:57:50","date_gmt":"2020-03-01T16:57:50","guid":{"rendered":"https:\/\/rebotherm.de\/produkt\/calefaccion-de-alfombras-con-vellon-calefactor-de-carbono\/"},"modified":"2025-10-24T01:07:45","modified_gmt":"2025-10-23T23:07:45","slug":"calefaccion-de-alfombras-con-vellon-calefactor-de-carbono","status":"publish","type":"product","link":"https:\/\/rebotherm.de\/es\/calefaccion-de-alfombras-con-vellon-calefactor-de-carbono\/","title":{"rendered":"Calefacci\u00f3n de alfombras con vell\u00f3n calefactor de carbono"},"content":{"rendered":"<h3>Calefacci\u00f3n de alfombras con vell\u00f3n t\u00e9rmico de carbono \u00a1contra los pies fr\u00edos!<\/h3>\n<p>\u00a1Otra vez estamos en esa inc\u00f3moda \u00e9poca del a\u00f1o en la que llueve y hace un fr\u00edo desagradable! Vuelve a oscurecer pronto y todo el mundo se alegra de estar en la acogedora comodidad de su propia casa. \u00bfQu\u00e9 puede haber m\u00e1s agradable que sentarse en un sill\u00f3n a leer el peri\u00f3dico o ver una pel\u00edcula emocionante en la tele? Pero muy a menudo la comodidad se ve perturbada por los pies fr\u00edos. Y no hay nada m\u00e1s inc\u00f3modo que el fr\u00edo del suelo. A muchas personas les gustar\u00eda tener calefacci\u00f3n por suelo radiante con tejido calefactor Reboheat Carbon bajo los pies.<\/p>\n<p>\u00bfSiempre tienes <strong>los pies fr\u00edos<\/strong> en tu lugar favorito, aunque ya hayas puesto una bonita alfombra en el suelo para que no haga fr\u00edo? Una alfombra por s\u00ed sola no puede aislar si el suelo no est\u00e1 bien aislado del fr\u00edo. Una de las causas m\u00e1s comunes de los suelos fr\u00edos es la calefacci\u00f3n instalada en la habitaci\u00f3n. El calor que sube del radiador calienta el aire de la habitaci\u00f3n y el aire inicialmente caliente pasa por encima de la pared y el techo fr\u00edos y se enfr\u00eda en el proceso. El aire, ahora bastante fr\u00edo, se canaliza por el suelo hasta el aire caliente del radiador y el ciclo vuelve a empezar. El flujo constante de aire fr\u00edo garantiza entonces pies y piernas fr\u00edos.<\/p>\n<h4>\u00a1La calefacci\u00f3n por suelo radiante con l\u00e1mina calefactora de carbono Reboheat aporta calor!<\/h4>\n<p>Todo el mundo quiere calefacci\u00f3n por suelo radiante. Pero reequipar la calefacci\u00f3n por suelo radiante no s\u00f3lo es muy caro. El esfuerzo que supone es enorme y siempre va asociado a mucho ruido, suciedad y largos tiempos de conversi\u00f3n. Nuestra <strong>calefacci\u00f3n por suelo radiante con tejido calefactor de <\/strong>carbono proporciona un remedio inmediato para los pies fr\u00edos, \u00a1sin las molestias de las obras! \u00a1Calienta los pies en segundos con unos sencillos pasos! Apartas la alfombra y colocas nuestra l\u00e1mina aislante especial (de s\u00f3lo 2 mm de grosor), con la cara laminada de aluminio hacia arriba, en la posici\u00f3n deseada. Fija la l\u00e1mina aislante con tiras adhesivas para evitar que se deslice. A continuaci\u00f3n, coloca encima nuestra tela calefactora, f\u00edjala para evitar que resbale y vuelve a colocar encima la alfombra. Ahora s\u00f3lo tienes que conectar el cable a la fuente de alimentaci\u00f3n, enchufarla a la toma de corriente y encenderla con el mando a distancia.<\/p>\n<p>Puedes utilizar la confortable calefacci\u00f3n con tejido calefactor Reboheat Carbon como calefacci\u00f3n de suelo all\u00ed donde el suelo irradie un fr\u00edo desagradable. Ya sea debajo del escritorio, en el taller, en el ba\u00f1o, en la sala de hobbies o incluso en la caravana, \u00a1el calefactor de carbono para alfombras ayuda de forma r\u00e1pida y fiable contra los pies fr\u00edos! En pocos minutos sentir\u00e1s la agradable temperatura de hasta 42 \u00b0C y se te olvidar\u00e1n los pies fr\u00edos.<\/p>\n<p>Si en ese momento no hay ninguna alfombra en tu lugar favorito, puedes encontrar alfombras adecuadas del tama\u00f1o adecuado en los distribuidores de alfombras o en Internet. Tambi\u00e9n hay que mencionar aqu\u00ed un aspecto no del todo irrelevante: la l\u00e1mina calefactora no tiene cables calefactores el\u00e9ctricos, s\u00f3lo el <strong>carbono<\/strong> calienta la l\u00e1mina. La l\u00e1mina de 1,5 metros de largo y 90 cm de ancho funciona con 48 voltios de baja tensi\u00f3n (de ah\u00ed la fuente de alimentaci\u00f3n) y es muy econ\u00f3mica. El tejido calefactor Reboheat Carbon s\u00f3lo necesita 320 vatios de electricidad por hora, y eso cuesta menos de 10 c\u00e9ntimos. Puedes encender y apagar la calefacci\u00f3n c\u00f3modamente desde cualquier lugar con el mando a distancia.<\/p>\n<h3>\u00a1La l\u00e1mina calentadora contra los pies fr\u00edos!<\/h3>\n<p>La l\u00e1mina calefactora, tambi\u00e9n conocida como l\u00e1mina calefactora de carbono, es la variante m\u00e1s fina de las fuentes de calor el\u00e9ctricas. Consiste en dos tiras de cobre que suministran un revestimiento de carbono conductor de la electricidad sobre un material portador. Casi toda la superficie del interior de la l\u00e1mina calefactora se calienta uniformemente, lo que garantiza una agradable emisi\u00f3n de calor sobre la superficie instalada. En comparaci\u00f3n con otros sistemas de calefacci\u00f3n el\u00e9ctrica, la energ\u00eda utilizada se convierte en rayos infrarrojos pr\u00e1cticamente sin p\u00e9rdidas, que es lo que hace que la l\u00e1mina de calefacci\u00f3n por infrarrojos sea tan eficaz. Y un aspecto muy importante es que no es peligroso. En la superficie no fluye corriente. La superficie est\u00e1 protegida con una capa aislante. Pero incluso si, por ejemplo, unas tijeras se caen de la mesa y se clavan en la l\u00e1mina calefactora, <strong style=\"color: #666666; font-size: 14px;\">no<\/strong> pasar\u00e1 nada.<span style=\"color: #666666; font-size: 14px;\"> \u00a1No hay cables el\u00e9ctricos que puedan da\u00f1arse!<\/span><\/p>\n<p><strong>Propiedades:<\/strong><\/p>\n<ul>\n<li>No requiere instalaci\u00f3n: basta con desenrollar, enchufar y calentar<\/li>\n<li>Calentamiento r\u00e1pido y uniforme hasta un m\u00e1ximo de 42 \u00b0C<\/li>\n<li>Aplicaci\u00f3n, por ejemplo, en la oficina o despacho de casa debajo de la mesa, en el sal\u00f3n delante del sof\u00e1, perfecto calentador de suelo en la habitaci\u00f3n de los ni\u00f1os, en el dormitorio, en la cocina debajo de la mesa de comedor, etc.<\/li>\n<li>Gran soluci\u00f3n para pisos de alquiler \u2013 como complemento a la calefacci\u00f3n central<\/li>\n<li>Material de superficie de alta calidad fabricado con tejido de fibra textil<\/li>\n<\/ul>\n<p>Descubre <a href=\"https:\/\/rebotherm.de\/es\/lamina-calefactora\/\" target=\"_blank\" rel=\"noopener\" data-schema-attribute=\"about\">aqu\u00ed<\/a> c\u00f3mo funciona la l\u00e1mina calefactora<\/p>\n","protected":false},"excerpt":{"rendered":"<h2>Calefacci\u00f3n de alfombras con vell\u00f3n t\u00e9rmico de carbono contra los pies fr\u00edos<\/h2>\n<p>\u00a1No vuelvas a tener los pies fr\u00edos con el tejido calefactor de carbono!<\/p>\n<p>Suelo c\u00e1lido y acogedor por s\u00f3lo 10 c\u00e9ntimos la hora<\/p>\n<p>Volumen de suministro:<br \/>\n1,50 m de l\u00e1mina aislante de 100 cm de ancho y 2 mm de grosor<br \/>\n1,5 m de l\u00e1mina calefactora de carbono de 0,90 m de ancho y 0,4 mm de grosor, incl. 2,5 m de cable de conexi\u00f3n<br \/>\n1 x mando a distancia con enchufe pasante,<br \/>\n1 x fuente de alimentaci\u00f3n con cable y enchufe a la red<br \/>\nDisfruta de un agradable calor en los pies de 34\u00b0 a 42 \u00b0C <\/p>\n<p>&nbsp;<\/p>\n","protected":false},"featured_media":32565,"comment_status":"closed","ping_status":"closed","template":"","meta":{"_et_pb_use_builder":"","_et_pb_old_content":"","_et_gb_content_width":""},"product_brand":[],"product_cat":[228],"product_tag":[],"class_list":{"0":"post-29994","1":"product","2":"type-product","3":"status-publish","4":"has-post-thumbnail","6":"product_cat-calefaccion","7":"product_shipping_class-paquete-por-849","9":"first","10":"instock","11":"taxable","12":"shipping-taxable","13":"purchasable","14":"product-type-simple"},"_links":{"self":[{"href":"https:\/\/rebotherm.de\/es\/wp-json\/wp\/v2\/product\/29994","targetHints":{"allow":["GET"]}}],"collection":[{"href":"https:\/\/rebotherm.de\/es\/wp-json\/wp\/v2\/product"}],"about":[{"href":"https:\/\/rebotherm.de\/es\/wp-json\/wp\/v2\/types\/product"}],"replies":[{"embeddable":true,"href":"https:\/\/rebotherm.de\/es\/wp-json\/wp\/v2\/comments?post=29994"}],"wp:featuredmedia":[{"embeddable":true,"href":"https:\/\/rebotherm.de\/es\/wp-json\/wp\/v2\/media\/32565"}],"wp:attachment":[{"href":"https:\/\/rebotherm.de\/es\/wp-json\/wp\/v2\/media?parent=29994"}],"wp:term":[{"taxonomy":"product_brand","embeddable":true,"href":"https:\/\/rebotherm.de\/es\/wp-json\/wp\/v2\/product_brand?post=29994"},{"taxonomy":"product_cat","embeddable":true,"href":"https:\/\/rebotherm.de\/es\/wp-json\/wp\/v2\/product_cat?post=29994"},{"taxonomy":"product_tag","embeddable":true,"href":"https:\/\/rebotherm.de\/es\/wp-json\/wp\/v2\/product_tag?post=29994"}],"curies":[{"name":"wp","href":"https:\/\/api.w.org\/{rel}","templated":true}]}}