{"id":37136,"date":"2025-04-21T12:00:52","date_gmt":"2025-04-21T10:00:52","guid":{"rendered":"https:\/\/rebotherm.de\/?post_type=product&#038;p=37136"},"modified":"2026-04-03T17:05:18","modified_gmt":"2026-04-03T15:05:18","slug":"placa-aislante-superwall-de-10-mm-para-aislamiento-interior-kopie","status":"publish","type":"product","link":"https:\/\/rebotherm.de\/es\/placa-aislante-superwall-de-10-mm-para-aislamiento-interior-kopie\/","title":{"rendered":"Placa aislante Superwall de 10 mm para aislamiento interior"},"content":{"rendered":"<p>[et_pb_section fb_built=\u00bb1&#8243; _builder_version=\u00bb4.16&#8243; custom_padding=\u00bb0px||||false|false\u00bb global_colors_info=\u00bb{}\u00bb][et_pb_row _builder_version=\u00bb4.16&#8243; background_size=\u00bbinitial\u00bb background_position=\u00bbtop_left\u00bb background_repeat=\u00bbrepeat\u00bb width=\u00bb100%\u00bb custom_padding=\u00bb0px||0px||false|false\u00bb global_colors_info=\u00bb{}\u00bb][et_pb_column type=\u00bb4_4&#8243; _builder_version=\u00bb4.16&#8243; custom_padding=\u00bb|||\u00bb global_colors_info=\u00bb{}\u00bb custom_padding__hover=\u00bb|||\u00bb][et_pb_wc_breadcrumb _builder_version=\u00bb4.16&#8243; global_colors_info=\u00bb{}\u00bb][\/et_pb_wc_breadcrumb][et_pb_wc_cart_notice _builder_version=\u00bb4.16&#8243; global_colors_info=\u00bb{}\u00bb][\/et_pb_wc_cart_notice][\/et_pb_column][\/et_pb_row][et_pb_row column_structure=\u00bb1_2,1_2&#8243; _builder_version=\u00bb4.16&#8243; background_size=\u00bbinitial\u00bb background_position=\u00bbtop_left\u00bb background_repeat=\u00bbrepeat\u00bb width=\u00bb100%\u00bb custom_padding=\u00bb0px||||false|false\u00bb global_colors_info=\u00bb{}\u00bb][et_pb_column type=\u00bb1_2&#8243; _builder_version=\u00bb4.16&#8243; custom_padding=\u00bb|||\u00bb global_colors_info=\u00bb{}\u00bb custom_padding__hover=\u00bb|||\u00bb][et_pb_wc_images _builder_version=\u00bb4.16&#8243; global_colors_info=\u00bb{}\u00bb][\/et_pb_wc_images][\/et_pb_column][et_pb_column type=\u00bb1_2&#8243; _builder_version=\u00bb4.16&#8243; custom_padding=\u00bb|||\u00bb global_colors_info=\u00bb{}\u00bb custom_padding__hover=\u00bb|||\u00bb][et_pb_wc_title _builder_version=\u00bb4.16&#8243; global_colors_info=\u00bb{}\u00bb][\/et_pb_wc_title][et_pb_wc_rating _builder_version=\u00bb4.16&#8243; global_colors_info=\u00bb{}\u00bb][\/et_pb_wc_rating][et_pb_wc_price _builder_version=\u00bb4.27.4&#8243; global_colors_info=\u00bb{}\u00bb][\/et_pb_wc_price][et_pb_wc_description _builder_version=\u00bb4.16&#8243; global_colors_info=\u00bb{}\u00bb][\/et_pb_wc_description][et_pb_wc_add_to_cart _builder_version=\u00bb4.16&#8243; global_colors_info=\u00bb{}\u00bb][\/et_pb_wc_add_to_cart][et_pb_wc_meta _builder_version=\u00bb4.16&#8243; global_colors_info=\u00bb{}\u00bb][\/et_pb_wc_meta][\/et_pb_column][\/et_pb_row][et_pb_row _builder_version=\u00bb4.16&#8243; background_size=\u00bbinitial\u00bb background_position=\u00bbtop_left\u00bb background_repeat=\u00bbrepeat\u00bb width=\u00bb100%\u00bb global_colors_info=\u00bb{}\u00bb][et_pb_column type=\u00bb4_4&#8243; _builder_version=\u00bb4.16&#8243; custom_padding=\u00bb|||\u00bb global_colors_info=\u00bb{}\u00bb custom_padding__hover=\u00bb|||\u00bb][et_pb_wc_tabs _builder_version=\u00bb4.16&#8243; global_colors_info=\u00bb{}\u00bb]\t\t\t\t\t[\/et_pb_wc_tabs][et_pb_wc_upsells _builder_version=\u00bb4.16&#8243; global_colors_info=\u00bb{}\u00bb][\/et_pb_wc_upsells][et_pb_wc_related_products _builder_version=\u00bb4.16&#8243; global_colors_info=\u00bb{}\u00bb][\/et_pb_wc_related_products][\/et_pb_column][\/et_pb_row][\/et_pb_section]<\/p>\n","protected":false},"excerpt":{"rendered":"<p><strong>Placa aislante interior Superwall \u2013 protecci\u00f3n contra el moho y aislamiento t\u00e9rmico en uno<\/strong><\/p>\n<ul style=\"list-style-type: disc; margin: 5px 0; padding-left: 20px;\">\n<li><strong>Resistente a la presi\u00f3n y superligero:<\/strong> f\u00e1cil de procesar<\/li>\n<li><strong>Barrera de vapor integrada:<\/strong> protege contra la formaci\u00f3n de moho<\/li>\n<li><strong>Eficiencia energ\u00e9tica:<\/strong> ahorra hasta un 45 % en gastos de calefacci\u00f3n<\/li>\n<li><strong>Ahorro de espacio:<\/strong> s\u00f3lo 10 mm o 20 mm de grosor<\/li>\n<li><strong>Aislamiento interior retrofit:<\/strong> ideal para paredes exteriores h\u00famedas<\/li>\n<li><strong>Aprobado por las autoridades de construcci\u00f3n<\/strong><\/li>\n<li><strong>Formatos de panel:<\/strong> 1.250 x 800 x 10 mm y 1.250 x 800 x 20 mm<\/li>\n<\/ul>\n","protected":false},"featured_media":30099,"comment_status":"closed","ping_status":"closed","template":"","meta":{"_et_pb_use_builder":"on","_et_pb_old_content":"<div style=\"font-family: Montserrat, sans-serif;color: #000000\">\n\n<strong>La placa de aislamiento interior Superwall<\/strong> es la <strong>soluci\u00f3n que ahorra espacio<\/strong> para paredes exteriores fr\u00edas y h\u00famedas. Gracias a la <strong>doble barrera de vapor<\/strong>, impide de forma fiable <strong>la formaci\u00f3n de moho<\/strong> -tanto delante como detr\u00e1s del aislamiento- y reduce <strong>los costes de calefacci\u00f3n<\/strong> hasta <strong>un 45%<\/strong>. \n<h2 style=\"font-family: Montserrat, sans-serif;color: #000000\">Ventajas del aislamiento interior Superwall<\/h2>\n<ul>\n \t<li><strong>Tope antimoho:<\/strong> La doble barrera de vapor protege el aislamiento de la humedad.<\/li>\n \t<li><strong>Ahorro de espacio:<\/strong> S\u00f3lo <strong>10 mm<\/strong> o <strong>20 mm de<\/strong> grosor con un excelente valor de aislamiento t\u00e9rmico (\u03bb = 0,022 W\/mK).<\/li>\n \t<li><strong>Eficiencia energ\u00e9tica:<\/strong> ahorro de costes de calefacci\u00f3n de hasta <strong>el 45 %<\/strong>.<\/li>\n \t<li><strong>Procesamiento sencillo:<\/strong> Corta a medida, pega toda la superficie con adhesivo de dispersi\u00f3n, rellena los bordes.<\/li>\n \t<li><strong>Opciones de dise\u00f1o vers\u00e1tiles:<\/strong> se puede pintar encima, empapelar, enlucir o alicatar directamente.<\/li>\n \t<li><strong>Robusto y ligero:<\/strong> Extremadamente resistente a la presi\u00f3n, sin absorci\u00f3n de agua, resistente a disolventes y adhesivos.<\/li>\n<\/ul>\n<h2 style=\"font-family: Montserrat, sans-serif;color: #000000\">\u00bfPor qu\u00e9 Superwall?<\/h2>\nLa humedad es uno de los mayores retos en las reformas de interiores. Sin una barrera de vapor, la condensaci\u00f3n puede almacenarse en el aislamiento, lo que a menudo provoca la aparici\u00f3n de moho. Gracias a su <strong>barrera de vapor en ambas caras<\/strong>, la <strong>placa Superwall<\/strong> proporciona una protecci\u00f3n doble y permanente.  \n<h2 style=\"font-family: Montserrat, sans-serif;color: #000000\">Datos t\u00e9cnicos<\/h2>\n<ul>\n \t<li><strong>Estructura del panel:<\/strong> Elemento s\u00e1ndwich con n\u00facleo de espuma r\u00edgida PUR, capa superior de cart\u00f3n en ambas caras (cart\u00f3n de celulosa, PE, papel de aluminio, papel tis\u00fa).<\/li>\n \t<li><strong>Formatos:<\/strong> 1.250 \u00d7 800 \u00d7 10 mm y 1.250 \u00d7 800 \u00d7 20 mm<\/li>\n \t<li><strong>Conductividad t\u00e9rmica:<\/strong> 0,025 W\/mK<\/li>\n \t<li><strong>Valor U:<\/strong> 2,50 W\/m\u00b2K (10 mm) \/ 1,25 W\/m\u00b2K (20 mm)<\/li>\n \t<li><strong>Resistencia a la compresi\u00f3n:<\/strong> 0,35 N\/mm\u00b2 al 10 % de compresi\u00f3n<\/li>\n \t<li><strong>Resistencia a la temperatura:<\/strong> de -20 \u00b0C a +100 \u00b0C (hasta +160 \u00b0C durante periodos cortos)<\/li>\n \t<li><strong>Comportamiento frente al fuego:<\/strong> B2 seg\u00fan DIN 4102<\/li>\n \t<li><strong>Normas:<\/strong> DIN EN 13165, DIN EN 13501-1, DIN EN ISO 9001<\/li>\n<\/ul>\n<h3 style=\"font-family: Montserrat, sans-serif;color: #000000\">Instrucciones de procesamiento<\/h3>\nLos paneles aislantes pueden cortarse f\u00e1cilmente a medida y pegarse a toda la superficie de la pared con adhesivo de dispersi\u00f3n. A continuaci\u00f3n, la superficie puede pintarse, empapelarse, enlucirse o alicatarse. La superficie lisa y blanca es especialmente adecuada para papel pintado fino o papel pintado no tejido.  \n\n<\/div>","_et_gb_content_width":""},"product_brand":[],"product_cat":[258],"product_tag":[],"class_list":{"0":"post-37136","1":"product","2":"type-product","3":"status-publish","4":"has-post-thumbnail","6":"product_cat-aislamiento","7":"product_shipping_class-envio-de-mercancias-voluminosas-dhl-28e","9":"first","10":"instock","11":"featured","12":"taxable","13":"shipping-taxable","14":"purchasable","15":"product-type-variable"},"_links":{"self":[{"href":"https:\/\/rebotherm.de\/es\/wp-json\/wp\/v2\/product\/37136","targetHints":{"allow":["GET"]}}],"collection":[{"href":"https:\/\/rebotherm.de\/es\/wp-json\/wp\/v2\/product"}],"about":[{"href":"https:\/\/rebotherm.de\/es\/wp-json\/wp\/v2\/types\/product"}],"replies":[{"embeddable":true,"href":"https:\/\/rebotherm.de\/es\/wp-json\/wp\/v2\/comments?post=37136"}],"wp:featuredmedia":[{"embeddable":true,"href":"https:\/\/rebotherm.de\/es\/wp-json\/wp\/v2\/media\/30099"}],"wp:attachment":[{"href":"https:\/\/rebotherm.de\/es\/wp-json\/wp\/v2\/media?parent=37136"}],"wp:term":[{"taxonomy":"product_brand","embeddable":true,"href":"https:\/\/rebotherm.de\/es\/wp-json\/wp\/v2\/product_brand?post=37136"},{"taxonomy":"product_cat","embeddable":true,"href":"https:\/\/rebotherm.de\/es\/wp-json\/wp\/v2\/product_cat?post=37136"},{"taxonomy":"product_tag","embeddable":true,"href":"https:\/\/rebotherm.de\/es\/wp-json\/wp\/v2\/product_tag?post=37136"}],"curies":[{"name":"wp","href":"https:\/\/api.w.org\/{rel}","templated":true}]}}