{"id":28195,"date":"2019-11-02T17:14:54","date_gmt":"2019-11-02T16:14:54","guid":{"rendered":"https:\/\/rebotherm.de\/mentions-legales\/"},"modified":"2026-03-01T17:29:46","modified_gmt":"2026-03-01T16:29:46","slug":"mentions-legales","status":"publish","type":"page","link":"https:\/\/rebotherm.de\/fr\/mentions-legales\/","title":{"rendered":"Mentions l\u00e9gales"},"content":{"rendered":"<div class=\"et_d4_element et_pb_section et_pb_section_0  et_pb_css_mix_blend_mode et_section_regular et_block_section\" >\n\t\t\t\t\n\t\t\t\t\n\t\t\t\t\n\t\t\t\t\n\t\t\t\t\n\t\t\t\t\n\t\t\t\t<div class=\"et_d4_element et_pb_row et_pb_row_0  et_pb_css_mix_blend_mode et_block_row\">\n\t\t\t\t<div class=\"et_d4_element et_pb_column_4_4 et_pb_column et_pb_column_0  et_pb_css_mix_blend_mode et-last-child et_block_column\">\n\t\t\t\t\n\t\t\t\t\n\t\t\t\t\n\t\t\t\t\n\t\t\t\t<div class=\"et_pb_module et_d4_element et_pb_text et_pb_text_0  et_pb_text_align_left et_pb_bg_layout_light\">\n\t\t\t\t\n\t\t\t\t\n\t\t\t\t\n\t\t\t\t\n\t\t\t\t<div class=\"et_pb_text_inner\"><header class=\"entry-header\">\n<h1 class=\"title-post entry-title\">Mentions l\u00e9gales de la<\/h1>\n<h1 class=\"title-post entry-title\">Rebotherm Energy UG (\u00e0 responsabilit\u00e9 limit\u00e9e)<\/p>\n<\/h1>\n<h1 class=\"title-post entry-title\"><span style=\"font-size: 16px;\">Adresse<\/span><\/h1>\n<\/header>\n<div class=\"entry-content\">\n<p>Ballindamm 3<br \/>20095 Hambourg<br \/>Allemagne<br \/>T\u00e9l\u00e9phone 01590-3539466<br \/>G\u00e9rant : Udo Reifschl\u00e4ger<br \/>E-mail : info@rebotherm.de<\/p>\n<p>HRB 212965 Tribunal d'instance de L\u00fcneburg<br \/>Num\u00e9ro d'identification TVA : DE456439743<\/p>\n<p>&nbsp;<\/p>\n<\/div>\n<div class=\"woocommerce woocommerce-gzd woocommerce-gzd-complaints-shortcode\">\n<p data-start=\"130\" data-end=\"180\"><strong data-start=\"130\" data-end=\"178\">R\u00e8glement alternatif des litiges conform\u00e9ment au \u00a7 36 de la VSBG :<\/strong><\/p>\n<p data-start=\"182\" data-end=\"318\">Nous ne sommes pas tenus de participer \u00e0 une proc\u00e9dure de r\u00e8glement des litiges devant un organisme de conciliation des consommateurs et ne sommes pas dispos\u00e9s \u00e0 le faire.<\/p>\n<\/div><\/div>\n\t\t\t<\/div>\n\t\t\t<\/div>\n\t\t\t\t\n\t\t\t\t\n\t\t\t\t\n\t\t\t\t\n\t\t\t<\/div>\n\t\t\t\t\n\t\t\t\t\n\t\t\t<\/div>\n","protected":false},"excerpt":{"rendered":"","protected":false},"author":1,"featured_media":0,"parent":0,"menu_order":0,"comment_status":"closed","ping_status":"closed","template":"","meta":{"_acf_changed":false,"_et_pb_use_builder":"on","_et_pb_old_content":"","_et_gb_content_width":"","footnotes":""},"class_list":["post-28195","page","type-page","status-publish","hentry"],"acf":[],"_links":{"self":[{"href":"https:\/\/rebotherm.de\/fr\/wp-json\/wp\/v2\/pages\/28195","targetHints":{"allow":["GET"]}}],"collection":[{"href":"https:\/\/rebotherm.de\/fr\/wp-json\/wp\/v2\/pages"}],"about":[{"href":"https:\/\/rebotherm.de\/fr\/wp-json\/wp\/v2\/types\/page"}],"author":[{"embeddable":true,"href":"https:\/\/rebotherm.de\/fr\/wp-json\/wp\/v2\/users\/1"}],"replies":[{"embeddable":true,"href":"https:\/\/rebotherm.de\/fr\/wp-json\/wp\/v2\/comments?post=28195"}],"version-history":[{"count":18,"href":"https:\/\/rebotherm.de\/fr\/wp-json\/wp\/v2\/pages\/28195\/revisions"}],"predecessor-version":[{"id":40805,"href":"https:\/\/rebotherm.de\/fr\/wp-json\/wp\/v2\/pages\/28195\/revisions\/40805"}],"wp:attachment":[{"href":"https:\/\/rebotherm.de\/fr\/wp-json\/wp\/v2\/media?parent=28195"}],"curies":[{"name":"wp","href":"https:\/\/api.w.org\/{rel}","templated":true}]}}