{"id":28232,"date":"2020-04-12T15:59:56","date_gmt":"2020-04-12T13:59:56","guid":{"rendered":"https:\/\/rebotherm.de\/actualites\/"},"modified":"2026-02-27T17:11:10","modified_gmt":"2026-02-27T16:11:10","slug":"actualites","status":"publish","type":"page","link":"https:\/\/rebotherm.de\/fr\/actualites\/","title":{"rendered":"Actualit\u00e9s"},"content":{"rendered":"<p>[et_pb_section fb_built=\u00a0\u00bb1&Prime; custom_padding_last_edited=\u00a0\u00bbon|phone\u00a0\u00bb _builder_version=\u00a0\u00bb4.25.2&Prime; _module_preset=\u00a0\u00bbdefault\u00a0\u00bb use_background_color_gradient=\u00a0\u00bbon\u00a0\u00bb background_color_gradient_direction=\u00a0\u00bb199deg\u00a0\u00bb background_color_gradient_stops=\u00a0\u00bb#009ddf 0%|#0c71c3 100%\u00a0\u00bb custom_padding=\u00a0\u00bb22px||39px|||\u00a0\u00bb custom_padding_tablet=\u00a0\u00bb35px||47px|||\u00a0\u00bb custom_padding_phone=\u00a0\u00bb35px||20px||false|false\u00a0\u00bb bottom_divider_style=\u00a0\u00bbasymmetric4&Prime; bottom_divider_color=\u00a0\u00bb#FFFFFF\u00a0\u00bb bottom_divider_height=\u00a0\u00bb40px\u00a0\u00bb bottom_divider_height_tablet=\u00a0\u00bb40px\u00a0\u00bb bottom_divider_height_phone=\u00a0\u00bb20px\u00a0\u00bb bottom_divider_height_last_edited=\u00a0\u00bbon|phone\u00a0\u00bb locked=\u00a0\u00bboff\u00a0\u00bb global_colors_info=\u00a0\u00bb{}\u00a0\u00bb][et_pb_row _builder_version=\u00a0\u00bb4.16&Prime; _module_preset=\u00a0\u00bbdefault\u00a0\u00bb custom_padding=\u00a0\u00bb6px||12px|||\u00a0\u00bb global_colors_info=\u00a0\u00bb{}\u00a0\u00bb][et_pb_column type=\u00a0\u00bb4_4&Prime; _builder_version=\u00a0\u00bb4.16&Prime; _module_preset=\u00a0\u00bbdefault\u00a0\u00bb global_colors_info=\u00a0\u00bb{}\u00a0\u00bb][et_pb_text _builder_version=\u00a0\u00bb4.27.4&Prime; _module_preset=\u00a0\u00bbdefault\u00a0\u00bb text_text_color=\u00a0\u00bb#FFFFFF\u00a0\u00bb header_text_color=\u00a0\u00bb#FFFFFF\u00a0\u00bb hover_enabled=\u00a0\u00bb0&Prime; text_font_size_tablet=\u00a0\u00bb\u00a0\u00bb text_font_size_phone=\u00a0\u00bb16px\u00a0\u00bb text_font_size_last_edited=\u00a0\u00bbon|phone\u00a0\u00bb global_colors_info=\u00a0\u00bb{}\u00a0\u00bb sticky_enabled=\u00a0\u00bb0&Prime;]<\/p>\n<h1 style=\"text-align: center;\">Actualit\u00e9s Rebotherm<\/h1>\n<p style=\"text-align: center;\">Vous trouverez ici des nouvelles int\u00e9ressantes et tout ce qu&rsquo;il faut savoir sur le chauffage infrarouge au carbone. Nous mettons r\u00e9guli\u00e8rement \u00e0 jour les informations importantes sur l&rsquo;isolation int\u00e9rieure.<\/p>\n<p>[\/et_pb_text][\/et_pb_column][\/et_pb_row][\/et_pb_section][et_pb_section fb_built=\u00a0\u00bb1&Prime; custom_padding_last_edited=\u00a0\u00bbon|phone\u00a0\u00bb _builder_version=\u00a0\u00bb4.24.2&Prime; custom_padding=\u00a0\u00bb27px|||||\u00a0\u00bb custom_padding_tablet=\u00a0\u00bb30px||||false|false\u00a0\u00bb custom_padding_phone=\u00a0\u00bb30px||||false|false\u00a0\u00bb global_colors_info=\u00a0\u00bb{}\u00a0\u00bb][et_pb_row _builder_version=\u00a0\u00bb4.18.0&Prime; global_colors_info=\u00a0\u00bb{}\u00a0\u00bb][et_pb_column type=\u00a0\u00bb4_4&Prime; _builder_version=\u00a0\u00bb4.16&Prime; global_colors_info=\u00a0\u00bb{}\u00a0\u00bb][et_pb_blog fullwidth=\u00a0\u00bboff\u00a0\u00bb posts_number=\u00a0\u00bb50&Prime; include_categories=\u00a0\u00bb37,36,7&Prime; meta_date=\u00a0\u00bbj. M Y\u00a0\u00bb use_manual_excerpt=\u00a0\u00bboff\u00a0\u00bb show_more=\u00a0\u00bbon\u00a0\u00bb show_categories=\u00a0\u00bboff\u00a0\u00bb show_excerpt=\u00a0\u00bboff\u00a0\u00bb show_pagination=\u00a0\u00bboff\u00a0\u00bb use_overlay=\u00a0\u00bbon\u00a0\u00bb overlay_icon_color=\u00a0\u00bb#FFFFFF\u00a0\u00bb hover_overlay_color=\u00a0\u00bbrgba(12,113,195,0.3)\u00a0\u00bb hover_icon=\u00a0\u00bb&#xe07e;||divi||400&Prime; _builder_version=\u00a0\u00bb4.25.2&Prime; header_font=\u00a0\u00bb||||||||\u00a0\u00bb header_font_size=\u00a0\u00bb19px\u00a0\u00bb header_line_height=\u00a0\u00bb1.4em\u00a0\u00bb meta_text_color=\u00a0\u00bb#323333&Prime; meta_font_size=\u00a0\u00bb12px\u00a0\u00bb meta_line_height=\u00a0\u00bb1.5em\u00a0\u00bb read_more_font=\u00a0\u00bb|700||on|||||\u00a0\u00bb read_more_text_color=\u00a0\u00bb#0C71C3&Prime; read_more_line_height=\u00a0\u00bb2em\u00a0\u00bb min_height=\u00a0\u00bb100%\u00a0\u00bb animation_style=\u00a0\u00bbfade\u00a0\u00bb border_radii=\u00a0\u00bbon|15px|15px|15px|15px\u00a0\u00bb border_width_all=\u00a0\u00bb2px\u00a0\u00bb border_radii_image=\u00a0\u00bboff|7px|||\u00a0\u00bb box_shadow_style=\u00a0\u00bbpreset2&Prime; global_colors_info=\u00a0\u00bb{}\u00a0\u00bb][\/et_pb_blog][\/et_pb_column][\/et_pb_row][\/et_pb_section]<\/p>\n","protected":false},"excerpt":{"rendered":"<p>Actualit\u00e9s Rebotherm Vous trouverez ici des nouvelles int\u00e9ressantes et tout ce qu&rsquo;il faut savoir sur le chauffage infrarouge au carbone. Nous mettons r\u00e9guli\u00e8rement \u00e0 jour les informations importantes sur l&rsquo;isolation int\u00e9rieure.<\/p>\n","protected":false},"author":1,"featured_media":0,"parent":0,"menu_order":0,"comment_status":"open","ping_status":"closed","template":"","meta":{"_et_pb_use_builder":"on","_et_pb_old_content":"","_et_gb_content_width":"","footnotes":""},"class_list":["post-28232","page","type-page","status-publish","hentry"],"_links":{"self":[{"href":"https:\/\/rebotherm.de\/fr\/wp-json\/wp\/v2\/pages\/28232","targetHints":{"allow":["GET"]}}],"collection":[{"href":"https:\/\/rebotherm.de\/fr\/wp-json\/wp\/v2\/pages"}],"about":[{"href":"https:\/\/rebotherm.de\/fr\/wp-json\/wp\/v2\/types\/page"}],"author":[{"embeddable":true,"href":"https:\/\/rebotherm.de\/fr\/wp-json\/wp\/v2\/users\/1"}],"replies":[{"embeddable":true,"href":"https:\/\/rebotherm.de\/fr\/wp-json\/wp\/v2\/comments?post=28232"}],"version-history":[{"count":5,"href":"https:\/\/rebotherm.de\/fr\/wp-json\/wp\/v2\/pages\/28232\/revisions"}],"predecessor-version":[{"id":40720,"href":"https:\/\/rebotherm.de\/fr\/wp-json\/wp\/v2\/pages\/28232\/revisions\/40720"}],"wp:attachment":[{"href":"https:\/\/rebotherm.de\/fr\/wp-json\/wp\/v2\/media?parent=28232"}],"curies":[{"name":"wp","href":"https:\/\/api.w.org\/{rel}","templated":true}]}}