{"id":28255,"date":"2020-04-26T21:37:11","date_gmt":"2020-04-26T19:37:11","guid":{"rendered":"https:\/\/rebotherm.de\/demande\/"},"modified":"2024-05-16T14:36:40","modified_gmt":"2024-05-16T12:36:40","slug":"demande","status":"publish","type":"page","link":"https:\/\/rebotherm.de\/fr\/demande\/","title":{"rendered":"Demande"},"content":{"rendered":"<p>[et_pb_section fb_built=\u00a0\u00bb1&Prime; _builder_version=\u00a0\u00bb4.23.2&Prime; global_colors_info=\u00a0\u00bb{}\u00a0\u00bb][et_pb_row _builder_version=\u00a0\u00bb4.23.2&Prime; global_colors_info=\u00a0\u00bb{}\u00a0\u00bb][et_pb_column type=\u00a0\u00bb4_4&Prime; _builder_version=\u00a0\u00bb4.16&Prime; global_colors_info=\u00a0\u00bb{}\u00a0\u00bb][et_pb_text _builder_version=\u00a0\u00bb4.23.2&Prime; hover_enabled=\u00a0\u00bb0&Prime; global_colors_info=\u00a0\u00bb{}\u00a0\u00bb sticky_enabled=\u00a0\u00bb0&Prime;]<\/p>\n<h2 style=\"text-align: center;\">Votre demande de projet<\/h2>\n<p style=\"text-align: center;\">Vous avez la possibilit\u00e9 d&rsquo;envoyer un dessin ou un plan.<br \/>La zone de t\u00e9l\u00e9chargement est indiqu\u00e9e dans le formulaire.<\/p>\n<p>[ARForms id=\u00a0\u00bb113&Prime;]<\/p>\n<p>[\/et_pb_text][\/et_pb_column][\/et_pb_row][\/et_pb_section]<\/p>\n","protected":false},"excerpt":{"rendered":"<p>Votre demande de projet Vous avez la possibilit\u00e9 d&rsquo;envoyer un dessin ou un plan.La zone de t\u00e9l\u00e9chargement est indiqu\u00e9e dans le formulaire. [ARForms id=\u00a0\u00bb113&Prime;]<\/p>\n","protected":false},"author":1,"featured_media":0,"parent":0,"menu_order":0,"comment_status":"closed","ping_status":"closed","template":"","meta":{"_et_pb_use_builder":"on","_et_pb_old_content":"","_et_gb_content_width":"","footnotes":""},"class_list":["post-28255","page","type-page","status-publish","hentry"],"_links":{"self":[{"href":"https:\/\/rebotherm.de\/fr\/wp-json\/wp\/v2\/pages\/28255","targetHints":{"allow":["GET"]}}],"collection":[{"href":"https:\/\/rebotherm.de\/fr\/wp-json\/wp\/v2\/pages"}],"about":[{"href":"https:\/\/rebotherm.de\/fr\/wp-json\/wp\/v2\/types\/page"}],"author":[{"embeddable":true,"href":"https:\/\/rebotherm.de\/fr\/wp-json\/wp\/v2\/users\/1"}],"replies":[{"embeddable":true,"href":"https:\/\/rebotherm.de\/fr\/wp-json\/wp\/v2\/comments?post=28255"}],"version-history":[{"count":0,"href":"https:\/\/rebotherm.de\/fr\/wp-json\/wp\/v2\/pages\/28255\/revisions"}],"wp:attachment":[{"href":"https:\/\/rebotherm.de\/fr\/wp-json\/wp\/v2\/media?parent=28255"}],"curies":[{"name":"wp","href":"https:\/\/api.w.org\/{rel}","templated":true}]}}