{"id":28267,"date":"2020-09-20T22:15:44","date_gmt":"2020-09-20T20:15:44","guid":{"rendered":"https:\/\/rebotherm.de\/isolation-interieure\/"},"modified":"2026-03-05T23:31:28","modified_gmt":"2026-03-05T22:31:28","slug":"isolation-interieure","status":"publish","type":"page","link":"https:\/\/rebotherm.de\/fr\/isolation-interieure\/","title":{"rendered":"Panneau isolant Superwall 10mm"},"content":{"rendered":"<p><div class=\"et_d4_element et_pb_section et_pb_section_0 et_pb_with_background  et_pb_css_mix_blend_mode et_section_regular section_has_divider et_pb_bottom_divider et_block_section\" >\n\t\t\t\t\n\t\t\t\t\n\t\t\t\t\n\t\t\t\t\n\t\t\t\t\n\t\t\t\t\n\t\t\t\t<div class=\"et_d4_element et_pb_row et_pb_row_0  et_pb_css_mix_blend_mode et_block_row\">\n\t\t\t\t<div class=\"et_d4_element et_pb_column_1_2 et_pb_column et_pb_column_0  et_pb_css_mix_blend_mode et_block_column\">\n\t\t\t\t\n\t\t\t\t\n\t\t\t\t\n\t\t\t\t\n\t\t\t\t<div class=\"et_pb_module et_d4_element et_pb_heading et_pb_heading_0 et_pb_bg_layout_\">\n\t\t\t\t\n\t\t\t\t\n\t\t\t\t\n\t\t\t\t\n\t\t\t\t<div class=\"et_pb_heading_container\"><h1 class=\"et_pb_module_heading\">Panneau Superwall 10mm pour l&#039;isolation int\u00e9rieure<\/h1><\/div>\n\t\t\t<\/div><div class=\"et_pb_module et_d4_element et_pb_text et_pb_text_0  et_pb_text_align_left et_pb_bg_layout_light\">\n\t\t\t\t\n\t\t\t\t\n\t\t\t\t\n\t\t\t\t\n\t\t\t\t<div class=\"et_pb_text_inner\"><p><span><strong>Panneau isolant Superwall pour une isolation thermique parfaite !<br \/><\/strong>Avec notre panneau isolant Superwall de 10 mm d'\u00e9paisseur et de 125 cm x 80 cm, l'isolation est un jeu d'enfant - et ce m\u00eame apr\u00e8s coup !<\/span><\/p><\/div>\n\t\t\t<\/div><div class=\"et_pb_button_module_wrapper et_pb_button_0_wrapper et_pb_button_alignment_left et_pb_module \">\n\t\t\t\t<a class=\"et_pb_button et_d4_element et_pb_button_0 et_pb_bg_layout_dark et_block_module\" href=\"https:\/\/rebotherm.de\/superwall-daemmplatte-10mm-fuer-innendaemmung\/\">Vers la boutique<\/a>\n\t\t\t<\/div>\n\t\t\t<\/div><div class=\"et_d4_element et_pb_column_1_2 et_pb_column et_pb_column_1  et_pb_css_mix_blend_mode et-last-child et_block_column\">\n\t\t\t\t\n\t\t\t\t\n\t\t\t\t\n\t\t\t\t\n\t\t\t\t<div class=\"et_pb_module et_d4_element et_pb_image et_pb_image_0\">\n\t\t\t\t\n\t\t\t\t\n\t\t\t\t\n\t\t\t\t\n\t\t\t\t<span class=\"et_pb_image_wrap has-box-shadow-overlay\"><div class=\"box-shadow-overlay\"><\/div><img decoding=\"async\" width=\"1000\" height=\"900\" src=\"https:\/\/rebotherm.de\/wp-content\/uploads\/2021\/11\/Superwall-Daemmplatte-opt.jpg\" alt=\"panneau isolant superwall pour l&#039;isolation des murs froids\" title=\"Panneau isolant Superwall pour l&#039;isolation des murs froids\" srcset=\"https:\/\/rebotherm.de\/wp-content\/uploads\/2021\/11\/Superwall-Daemmplatte-opt.jpg 1000w, https:\/\/rebotherm.de\/wp-content\/uploads\/2021\/11\/Superwall-Daemmplatte-opt-980x882.jpg 980w, https:\/\/rebotherm.de\/wp-content\/uploads\/2021\/11\/Superwall-Daemmplatte-opt-480x432.jpg 480w\" sizes=\"(min-width: 0px) and (max-width: 480px) 480px, (min-width: 481px) and (max-width: 980px) 980px, (min-width: 981px) 1000px, 100vw\" class=\"wp-image-26855\" \/><\/span>\n\t\t\t<\/div>\n\t\t\t<\/div>\n\t\t\t\t\n\t\t\t\t\n\t\t\t\t\n\t\t\t\t\n\t\t\t<\/div>\n\t\t\t\t\n\t\t\t\t<div class=\"et_pb_bottom_inside_divider et-no-transition\"><\/div>\n\t\t\t<\/div><div class=\"et_d4_element et_pb_section et_pb_section_1  et_pb_css_mix_blend_mode et_section_regular et_block_section\" >\n\t\t\t\t\n\t\t\t\t\n\t\t\t\t\n\t\t\t\t\n\t\t\t\t\n\t\t\t\t\n\t\t\t\t<div class=\"et_d4_element et_pb_row et_pb_row_1  et_pb_css_mix_blend_mode et_block_row\">\n\t\t\t\t<div class=\"et_d4_element et_pb_column_4_4 et_pb_column et_pb_column_2  et_pb_css_mix_blend_mode et-last-child et_block_column\">\n\t\t\t\t\n\t\t\t\t\n\t\t\t\t\n\t\t\t\t\n\t\t\t\t<div class=\"et_pb_module et_d4_element et_pb_text et_pb_text_1  et_pb_text_align_left et_pb_bg_layout_light\">\n\t\t\t\t\n\t\t\t\t\n\t\t\t\t\n\t\t\t\t\n\t\t\t\t<div class=\"et_pb_text_inner\"><h2 style=\"text-align: center\">Panneau isolant Superwall - Solution innovante pour une isolation thermique durable et la pr\u00e9vention des moisissures<\/h2><\/div>\n\t\t\t<\/div><div class=\"et_pb_module et_d4_element et_pb_text et_pb_text_2  et_pb_text_align_left et_pb_bg_layout_light\">\n\t\t\t\t\n\t\t\t\t\n\t\t\t\t\n\t\t\t\t\n\t\t\t\t<div class=\"et_pb_text_inner\"><p><span>L'isolation avec Superwall est une solution r\u00e9volutionnaire pour l'isolation \u00e9nerg\u00e9tique des b\u00e2timents. Gr\u00e2ce \u00e0 ses propri\u00e9t\u00e9s exceptionnelles, elle offre non seulement une isolation thermique durable, mais lutte aussi efficacement contre la formation de moisissures et lib\u00e8re des murs froids. En savoir plus sur les avantages uniques et les possibilit\u00e9s d'application de ce panneau isolant unique.<\/span><\/p><\/div>\n\t\t\t<\/div>\n\t\t\t<\/div>\n\t\t\t\t\n\t\t\t\t\n\t\t\t\t\n\t\t\t\t\n\t\t\t<\/div><div class=\"et_d4_element et_pb_row et_pb_row_2  et_pb_css_mix_blend_mode et_block_row\">\n\t\t\t\t<div class=\"et_d4_element et_pb_column_1_2 et_pb_column et_pb_column_3  et_pb_css_mix_blend_mode et_block_column\">\n\t\t\t\t\n\t\t\t\t\n\t\t\t\t\n\t\t\t\t\n\t\t\t\t<div class=\"et_pb_module et_d4_element et_pb_image et_pb_image_1\">\n\t\t\t\t\n\t\t\t\t\n\t\t\t\t\n\t\t\t\t\n\t\t\t\t<span class=\"et_pb_image_wrap has-box-shadow-overlay\"><div class=\"box-shadow-overlay\"><\/div><img decoding=\"async\" width=\"972\" height=\"547\" src=\"https:\/\/rebotherm.de\/wp-content\/uploads\/2024\/05\/Innendaemmplatte-1.jpg\" alt=\"isolation int\u00e9rieure\" title=\"Panneau d&#039;isolation int\u00e9rieure pour une isolation ult\u00e9rieure\" srcset=\"https:\/\/rebotherm.de\/wp-content\/uploads\/2024\/05\/Innendaemmplatte-1.jpg 972w, https:\/\/rebotherm.de\/wp-content\/uploads\/2024\/05\/Innendaemmplatte-1-480x270.jpg 480w\" sizes=\"(min-width: 0px) and (max-width: 480px) 480px, (min-width: 481px) 972px, 100vw\" class=\"wp-image-27485\" \/><\/span>\n\t\t\t<\/div>\n\t\t\t<\/div><div class=\"et_d4_element et_pb_column_1_2 et_pb_column et_pb_column_4  et_pb_css_mix_blend_mode et-last-child et_block_column\">\n\t\t\t\t\n\t\t\t\t\n\t\t\t\t\n\t\t\t\t\n\t\t\t\t<div class=\"et_pb_module et_d4_element et_pb_text et_pb_text_3  et_pb_text_align_left et_pb_bg_layout_light\">\n\t\t\t\t\n\t\t\t\t\n\t\t\t\t\n\t\t\t\t\n\t\t\t\t<div class=\"et_pb_text_inner\"><h2 style=\"text-align: left\">Isolation avec Superwall<\/h2><\/div>\n\t\t\t<\/div><div class=\"et_pb_module et_d4_element et_pb_text et_pb_text_4  et_pb_text_align_left et_pb_bg_layout_light\">\n\t\t\t\t\n\t\t\t\t\n\t\t\t\t\n\t\t\t\t\n\t\t\t\t<div class=\"et_pb_text_inner\"><p>L'isolation int\u00e9rieure des espaces de vie et de travail est une n\u00e9cessit\u00e9 absolue dans un b\u00e2timent mal ou insuffisamment isol\u00e9. Non seulement la perte inutile d'\u00e9nergie, mais aussi le manque de climat int\u00e9rieur confortable et de convivialit\u00e9 sont r\u00e9solus par une bonne isolation !<\/p><\/div>\n\t\t\t<\/div>\n\t\t\t<\/div>\n\t\t\t\t\n\t\t\t\t\n\t\t\t\t\n\t\t\t\t\n\t\t\t<\/div><div class=\"et_d4_element et_pb_row et_pb_row_3  et_pb_css_mix_blend_mode et_block_row\">\n\t\t\t\t<div class=\"et_d4_element et_pb_column_4_4 et_pb_column et_pb_column_5  et_pb_css_mix_blend_mode et-last-child et_block_column\">\n\t\t\t\t\n\t\t\t\t\n\t\t\t\t\n\t\t\t\t\n\t\t\t\t<div class=\"et_pb_module et_d4_element et_pb_text et_pb_text_5  et_pb_text_align_left et_pb_bg_layout_light\">\n\t\t\t\t\n\t\t\t\t\n\t\t\t\t\n\t\t\t\t\n\t\t\t\t<div class=\"et_pb_text_inner\"><p>De tr\u00e8s nombreux logements, bureaux, h\u00f4tels, ateliers et magasins en Allemagne sont mal isol\u00e9s, voire pas isol\u00e9s du tout. Or, une pi\u00e8ce agr\u00e9ablement temp\u00e9r\u00e9e d\u00e9gage une impression de confort et nous nous y sentons bien. Mais si une pi\u00e8ce est mal isol\u00e9e ou m\u00eame sans isolation, les murs ext\u00e9rieurs diffusent le froid dans la pi\u00e8ce. Apr\u00e8s peu de temps, on ressent alors l'air froid sur les jambes ou sur tout le corps et l'on souhaite quitter cet endroit inconfortable le plus rapidement possible.<br \/>Souvent, les murs sont si froids que des <strong>moisissures<\/strong> se forment m\u00eame sur le mur ou dans les coins. C'est au plus tard \u00e0 ce moment-l\u00e0 que des mesures devraient \u00eatre prises pour am\u00e9liorer le climat int\u00e9rieur !<\/p>\n<p>&nbsp;<\/p><\/div>\n\t\t\t<\/div>\n\t\t\t<\/div>\n\t\t\t\t\n\t\t\t\t\n\t\t\t\t\n\t\t\t\t\n\t\t\t<\/div>\n\t\t\t\t\n\t\t\t\t\n\t\t\t<\/div><div class=\"et_d4_element et_pb_section et_pb_section_2 et_pb_with_background  et_pb_css_mix_blend_mode et_section_regular section_has_divider et_pb_bottom_divider et_pb_top_divider et_block_section\" >\n\t\t\t\t<div class=\"et_pb_top_inside_divider et-no-transition\"><\/div>\n\t\t\t\t\n\t\t\t\t\n\t\t\t\t\n\t\t\t\t\n\t\t\t\t\n\t\t\t\t<div class=\"et_d4_element et_pb_row et_pb_row_4  et_pb_css_mix_blend_mode et_block_row\">\n\t\t\t\t<div class=\"et_d4_element et_pb_column_4_4 et_pb_column et_pb_column_6  et_pb_css_mix_blend_mode et-last-child et_block_column\">\n\t\t\t\t\n\t\t\t\t\n\t\t\t\t\n\t\t\t\t\n\t\t\t\t<div class=\"et_pb_module et_d4_element et_pb_text et_pb_text_6  et_pb_text_align_left et_pb_bg_layout_light\">\n\t\t\t\t\n\t\t\t\t\n\t\t\t\t\n\t\t\t\t\n\t\t\t\t<div class=\"et_pb_text_inner\"><h3 style=\"text-align: center\">Comment l'isolation int\u00e9rieure permet-elle de lutter contre les murs froids ?<\/h3><\/div>\n\t\t\t<\/div><div class=\"et_pb_module et_d4_element et_pb_text et_pb_text_7  et_pb_text_align_left et_pb_bg_layout_light\">\n\t\t\t\t\n\t\t\t\t\n\t\t\t\t\n\t\t\t\t\n\t\t\t\t<div class=\"et_pb_text_inner\"><p>Maintenant, vous pensez certainement \u00e0 une isolation co\u00fbteuse avec d'\u00e9paisses plaques de polystyr\u00e8ne qui, de l'ext\u00e9rieur, modifient la belle fa\u00e7ade de votre maison. Un type d'isolation tr\u00e8s co\u00fbteux, avec des semaines d'\u00e9chafaudage autour de la maison et beaucoup de bruit et de salet\u00e9 !<\/p>\n<p>Mais ce n'est pas n\u00e9cessaire. Notre <strong>isolation int\u00e9rieure Superwall <\/strong>permet d'isoler les murs ext\u00e9rieurs froids par l'<strong>int\u00e9rieur <\/strong>. Les panneaux isolants ont une \u00e9paisseur de seulement 1 cm et peuvent \u00eatre facilement coll\u00e9s sur n'importe quel mur cr\u00e9pi. Seuls les papiers peints existants doivent \u00eatre enlev\u00e9s au pr\u00e9alable, les peintures solides peuvent \u00eatre conserv\u00e9es. Les panneaux d'isolation int\u00e9rieure ont \u00e9t\u00e9 sp\u00e9cialement con\u00e7us pour ce type d'isolation. Nos panneaux sont parfaitement adapt\u00e9s \u00e0 l'utilisation de notre <a href=\"https:\/\/rebotherm.de\/fr\/film-chauffant\/\" target=\"_blank\" rel=\"noopener\">film chauffant en carbone<\/a>.<\/p>\n<h3 style=\"text-align: center\">Innovation avec pare-vapeur int\u00e9gr\u00e9 !<\/h3>\n<p style=\"text-align: center\"><strong>Domaines d'application<\/strong><\/p>\n<p>Le panneau isolant Premium est particuli\u00e8rement con\u00e7u pour l'isolation int\u00e9rieure des murs ext\u00e9rieurs. Dans le cadre de travaux de r\u00e9novation o\u00f9 la fa\u00e7ade doit \u00eatre conserv\u00e9e ou lorsqu'une isolation ext\u00e9rieure n'est pas possible, l'isolation int\u00e9rieure avec le panneau haute performance offre une solution id\u00e9ale. L'isolant peut \u00eatre utilis\u00e9 dans toutes les pi\u00e8ces du logement, y compris la salle de bain, car le pare-vapeur est int\u00e9gr\u00e9 au panneau des deux c\u00f4t\u00e9s.<\/p>\n<p>Dans le cas d'une isolation int\u00e9rieure, il est tr\u00e8s important d'installer un pare-vapeur c\u00f4t\u00e9 pi\u00e8ce. Ce pare-vapeur est int\u00e9gr\u00e9 deux fois dans notre panneau isolant. La structure du panneau est la suivante : Carton non tiss\u00e9 de haute qualit\u00e9 des deux c\u00f4t\u00e9s, feuille d'aluminium des deux c\u00f4t\u00e9s derri\u00e8re le non tiss\u00e9 et, entre les deux, le noyau isolant en polyur\u00e9thane avec une valeur lambda de 0,22 W\/mK. Avec ces valeurs extr\u00eamement basses, il est tr\u00e8s souvent possible d'am\u00e9liorer consid\u00e9rablement l'isolation avec une \u00e9paisseur de panneau de seulement 1 cm. Si les murs sont extr\u00eamement froids, un panneau de 2 cm d'\u00e9paisseur est disponible. Les panneaux mesurent 1250 x 800 mm et ne p\u00e8sent que 1500 gr. l\u00e9ger comme une plume.<\/p><\/div>\n\t\t\t<\/div><div class=\"et_pb_module et_d4_element et_pb_text et_pb_text_8  et_pb_text_align_left et_pb_bg_layout_light\">\n\t\t\t\t\n\t\t\t\t\n\t\t\t\t\n\t\t\t\t\n\t\t\t\t<div class=\"et_pb_text_inner\"><h4 style=\"text-align: center\">Isol\u00e9 avec Superwall et ensuite ?<\/h4><\/div>\n\t\t\t<\/div><div class=\"et_pb_module et_d4_element et_pb_text et_pb_text_9  et_pb_text_align_left et_pb_bg_layout_light\">\n\t\t\t\t\n\t\t\t\t\n\t\t\t\t\n\t\t\t\t\n\t\t\t\t<div class=\"et_pb_text_inner\"><p style=\"text-align: left\">La surface du panneau isolant int\u00e9rieur est constitu\u00e9e de carton blanc non tiss\u00e9 et est parfaitement plane. Seuls les bords sont chanfrein\u00e9s, comme pour les plaques de pl\u00e2tre. Les bords sont liss\u00e9s \u00e0 l'aide d'un enduit fin, puis plus rien n'emp\u00eache de d\u00e9corer le mur de mani\u00e8re cr\u00e9ative. Les panneaux isolants sont faciles \u00e0 coller et leur mise en \u0153uvre peut \u00eatre effectu\u00e9e par tout bricoleur dou\u00e9.<\/p>\n<p>Une fois l'isolation int\u00e9rieure Superwall install\u00e9e avec succ\u00e8s, la surface est ensuite tapiss\u00e9e, carrel\u00e9e, enduite ou peinte. Vos frais de chauffage diminueront consid\u00e9rablement ! Et nous pouvons d\u00e9j\u00e0 vous promettre une chose : Plus jamais de murs froids ou de moisissures pendant toute une vie et toujours un confort absolu !<\/p><\/div>\n\t\t\t<\/div>\n\t\t\t<\/div>\n\t\t\t\t\n\t\t\t\t\n\t\t\t\t\n\t\t\t\t\n\t\t\t<\/div><div class=\"et_d4_element et_pb_row et_pb_row_5  et_pb_css_mix_blend_mode et_block_row\">\n\t\t\t\t<div class=\"et_d4_element et_pb_column_4_4 et_pb_column et_pb_column_7  et_pb_css_mix_blend_mode et-last-child et_block_column\">\n\t\t\t\t\n\t\t\t\t\n\t\t\t\t\n\t\t\t\t\n\t\t\t\t<div class=\"et_pb_button_module_wrapper et_pb_button_1_wrapper et_pb_button_alignment_center et_pb_module \">\n\t\t\t\t<a class=\"et_pb_button et_d4_element et_pb_button_1 et_pb_bg_layout_dark et_block_module\" href=\"\">Vers la boutique<\/a>\n\t\t\t<\/div>\n\t\t\t<\/div>\n\t\t\t\t\n\t\t\t\t\n\t\t\t\t\n\t\t\t\t\n\t\t\t<\/div>\n\t\t\t\t\n\t\t\t\t<div class=\"et_pb_bottom_inside_divider et-no-transition\"><\/div>\n\t\t\t<\/div><div class=\"et_d4_element et_pb_section et_pb_section_3  et_pb_css_mix_blend_mode et_section_regular et_block_section\" >\n\t\t\t\t\n\t\t\t\t\n\t\t\t\t\n\t\t\t\t\n\t\t\t\t\n\t\t\t\t\n\t\t\t\t<div class=\"et_d4_element et_pb_row et_pb_row_6  et_pb_css_mix_blend_mode et_block_row\">\n\t\t\t\t<div class=\"et_d4_element et_pb_column_1_2 et_pb_column et_pb_column_8  et_pb_css_mix_blend_mode et_block_column\">\n\t\t\t\t\n\t\t\t\t\n\t\t\t\t\n\t\t\t\t\n\t\t\t\t<div class=\"et_pb_module et_d4_element et_pb_image et_pb_image_2\">\n\t\t\t\t\n\t\t\t\t\n\t\t\t\t\n\t\t\t\t\n\t\t\t\t<span class=\"et_pb_image_wrap \"><img decoding=\"async\" width=\"821\" height=\"547\" src=\"https:\/\/rebotherm.de\/wp-content\/uploads\/2020\/07\/Superwall.jpg\" alt=\"Isolation int\u00e9rieure\" title=\"Une bonne isolation avec Superwall\" srcset=\"https:\/\/rebotherm.de\/wp-content\/uploads\/2020\/07\/Superwall.jpg 821w, https:\/\/rebotherm.de\/wp-content\/uploads\/2020\/07\/Superwall-480x320.jpg 480w\" sizes=\"(min-width: 0px) and (max-width: 480px) 480px, (min-width: 481px) 821px, 100vw\" class=\"wp-image-25461\" \/><\/span>\n\t\t\t<\/div><div class=\"et_pb_module et_d4_element et_pb_image et_pb_image_3\">\n\t\t\t\t\n\t\t\t\t\n\t\t\t\t\n\t\t\t\t\n\t\t\t\t<span class=\"et_pb_image_wrap \"><img decoding=\"async\" width=\"551\" height=\"300\" src=\"https:\/\/rebotherm.de\/wp-content\/uploads\/2024\/06\/superwall-innendaemmplatte-rebotherm.jpg\" alt=\"Panneau isolant int\u00e9rieur Superwall de rebotherm\" title=\"panneau d&#039;isolation int\u00e9rieure superwall-rebotherm\" srcset=\"https:\/\/rebotherm.de\/wp-content\/uploads\/2024\/06\/superwall-innendaemmplatte-rebotherm.jpg 551w, https:\/\/rebotherm.de\/wp-content\/uploads\/2024\/06\/superwall-innendaemmplatte-rebotherm-480x261.jpg 480w\" sizes=\"(min-width: 0px) and (max-width: 480px) 480px, (min-width: 481px) 551px, 100vw\" class=\"wp-image-29286\" \/><\/span>\n\t\t\t<\/div>\n\t\t\t<\/div><div class=\"et_d4_element et_pb_column_1_2 et_pb_column et_pb_column_9  et_pb_css_mix_blend_mode et-last-child et_block_column\">\n\t\t\t\t\n\t\t\t\t\n\t\t\t\t\n\t\t\t\t\n\t\t\t\t<div class=\"et_pb_module et_d4_element et_pb_text et_pb_text_10  et_pb_text_align_left et_pb_bg_layout_light\">\n\t\t\t\t\n\t\t\t\t\n\t\t\t\t\n\t\t\t\t\n\t\t\t\t<div class=\"et_pb_text_inner\"><h3 style=\"text-align: left\">Le Superwall en d\u00e9tail<\/h3><\/div>\n\t\t\t<\/div><div class=\"et_pb_module et_d4_element et_pb_text et_pb_text_11  et_pb_text_align_left et_pb_bg_layout_light\">\n\t\t\t\t\n\t\t\t\t\n\t\t\t\t\n\t\t\t\t\n\t\t\t\t<div class=\"et_pb_text_inner\"><p>Le panneau isolant se caract\u00e9rise par sa facilit\u00e9 de mise en \u0153uvre, ce qui permet aux bricoleurs de r\u00e9aliser eux-m\u00eames l'isolation int\u00e9rieure sans probl\u00e8me. Avec un noyau isolant en PU (polyur\u00e9thane) de haute qualit\u00e9 et une fine couche d'aluminium sur les deux faces, le panneau assure un pare-vapeur efficace. Cela permet d'\u00e9viter l'accumulation d'humidit\u00e9 entre le panneau et le mur, ce qui emp\u00eache efficacement la formation de moisissures.<\/p>\n<p><strong>Les avantages en un coup d'\u0153il<\/strong><\/p>\n<p><strong>Pr\u00e9vention durable des moisissures :<\/strong><span> <\/span>Le pare-vapeur int\u00e9gr\u00e9 et les mat\u00e9riaux de haute qualit\u00e9 du panneau isolant Superwall en font la solution id\u00e9ale pour combattre et \u00e9viter durablement la formation de moisissures.<span> <\/span><a href=\"https:\/\/www.umweltbundesamt.de\/themen\/gesundheit\/umwelteinfluesse-auf-den-menschen\/schimmel\/haeufige-fragen-bei-schimmelbefall#haufige-fragen-bei-schimmelbefall\" target=\"_blank\" rel=\"noopener\">Vous trouverez des informations sur la pr\u00e9vention des moisissures ici<\/a><\/p>\n<p><strong>\u00c9conomies d'\u00e9nergie et protection de l'environnement :<\/strong><span> <\/span>Gr\u00e2ce \u00e0 ses excellentes performances d'isolation thermique, le panneau isolant contribue \u00e0 r\u00e9duire la consommation d'\u00e9nergie et \u00e0 pr\u00e9server l'environnement.<\/p>\n<p><strong>Facile \u00e0 mettre en \u0153uvre pour les bricoleurs :<\/strong><span> <\/span>La facilit\u00e9 d'installation des panneaux isolants permet aux bricoleurs d'obtenir une isolation optimale en quelques \u00e9tapes. Qu'il s'agisse de murs ext\u00e9rieurs individuels ou de la maison enti\u00e8re, le Superwall s'adapte de mani\u00e8re flexible aux exigences.<\/p><\/div>\n\t\t\t<\/div>\n\t\t\t<\/div>\n\t\t\t\t\n\t\t\t\t\n\t\t\t\t\n\t\t\t\t\n\t\t\t<\/div><div class=\"et_d4_element et_pb_row et_pb_row_7  et_pb_css_mix_blend_mode et_block_row\">\n\t\t\t\t<div class=\"et_d4_element et_pb_column_4_4 et_pb_column et_pb_column_10  et_pb_css_mix_blend_mode et-last-child et_block_column\">\n\t\t\t\t\n\t\t\t\t\n\t\t\t\t\n\t\t\t\t\n\t\t\t\t<div class=\"et_pb_module et_d4_element et_pb_text et_pb_text_12  et_pb_text_align_left et_pb_bg_layout_light\">\n\t\t\t\t\n\t\t\t\t\n\t\t\t\t\n\t\t\t\t\n\t\t\t\t<div class=\"et_pb_text_inner\"><p><strong>Notre service gratuit pour vous :<\/strong><\/p>\n<p>Pour obtenir une isolation optimale pour votre projet, nous serons heureux de vous conseiller gratuitement. <a href=\"https:\/\/rebotherm.de\/fr\/contact\/\">Contactez-nous<\/a> d\u00e8s maintenant.<\/p><\/div>\n\t\t\t<\/div>\n\t\t\t<\/div>\n\t\t\t\t\n\t\t\t\t\n\t\t\t\t\n\t\t\t\t\n\t\t\t<\/div>\n\t\t\t\t\n\t\t\t\t\n\t\t\t<\/div><\/p>\n","protected":false},"excerpt":{"rendered":"","protected":false},"author":1,"featured_media":0,"parent":0,"menu_order":0,"comment_status":"closed","ping_status":"closed","template":"","meta":{"_acf_changed":false,"_et_pb_use_builder":"on","_et_pb_old_content":"","_et_gb_content_width":"","footnotes":""},"class_list":["post-28267","page","type-page","status-publish","hentry"],"acf":[],"_links":{"self":[{"href":"https:\/\/rebotherm.de\/fr\/wp-json\/wp\/v2\/pages\/28267","targetHints":{"allow":["GET"]}}],"collection":[{"href":"https:\/\/rebotherm.de\/fr\/wp-json\/wp\/v2\/pages"}],"about":[{"href":"https:\/\/rebotherm.de\/fr\/wp-json\/wp\/v2\/types\/page"}],"author":[{"embeddable":true,"href":"https:\/\/rebotherm.de\/fr\/wp-json\/wp\/v2\/users\/1"}],"replies":[{"embeddable":true,"href":"https:\/\/rebotherm.de\/fr\/wp-json\/wp\/v2\/comments?post=28267"}],"version-history":[{"count":0,"href":"https:\/\/rebotherm.de\/fr\/wp-json\/wp\/v2\/pages\/28267\/revisions"}],"wp:attachment":[{"href":"https:\/\/rebotherm.de\/fr\/wp-json\/wp\/v2\/media?parent=28267"}],"curies":[{"name":"wp","href":"https:\/\/api.w.org\/{rel}","templated":true}]}}