{"id":28287,"date":"2023-12-03T20:41:14","date_gmt":"2023-12-03T19:41:14","guid":{"rendered":"https:\/\/rebotherm.de\/aerogel\/"},"modified":"2026-05-08T15:51:57","modified_gmt":"2026-05-08T13:51:57","slug":"isolation-aerogel","status":"publish","type":"page","link":"https:\/\/rebotherm.de\/fr\/isolation-aerogel\/","title":{"rendered":"Isolation Aerogel pour l&rsquo;int\u00e9rieur et l&rsquo;ext\u00e9rieur"},"content":{"rendered":"\n<div class=\"et_pb_section_0 et_pb_section et_section_regular et_flex_section\">\n<div class=\"et_pb_row_0 et_pb_row et_flex_row\">\n<div class=\"et_pb_column_0 et_pb_column et-last-child et_flex_column et_pb_css_mix_blend_mode_passthrough et_flex_column_24_24 et_flex_column_24_24_tablet et_flex_column_24_24_phone\">\n<div class=\"et_pb_text_0 et_pb_text et_pb_bg_layout_light et_pb_module et_flex_module\"><div class=\"et_pb_text_inner\"><p><div class=\"et_d4_element et_pb_section et_pb_section_1 et_pb_with_background  et_pb_css_mix_blend_mode et_section_regular section_has_divider et_pb_bottom_divider et_block_section\" >\n\t\t\t\t\n\t\t\t\t\n\t\t\t\t\n\t\t\t\t\n\t\t\t\t\n\t\t\t\t\n\t\t\t\t<div class=\"et_d4_element et_pb_row et_pb_row_1  et_pb_css_mix_blend_mode et_block_row\">\n\t\t\t\t<div class=\"et_d4_element et_pb_column_1_2 et_pb_column et_pb_column_1  et_pb_css_mix_blend_mode et_block_column\">\n\t\t\t\t\n\t\t\t\t\n\t\t\t\t\n\t\t\t\t\n\t\t\t\t<div class=\"et_pb_module et_d4_element et_pb_heading et_pb_heading_0 et_pb_bg_layout_\">\n\t\t\t\t\n\t\t\t\t\n\t\t\t\t\n\t\t\t\t\n\t\t\t\t<div class=\"et_pb_heading_container\"><h1 class=\"et_pb_module_heading\">Isolation Aerogel pour l&#039;int\u00e9rieur et l&#039;ext\u00e9rieur<\/h1><\/div>\n\t\t\t<\/div><div class=\"et_pb_module et_d4_element et_pb_text et_pb_text_1  et_pb_text_align_left et_pb_bg_layout_light\">\n\t\t\t\t\n\t\t\t\t\n\t\t\t\t\n\t\t\t\t\n\t\t\t\t<div class=\"et_pb_text_inner\"><p><span>L'a\u00e9rogel, \u00e9galement connu sous le nom de nanogel, repr\u00e9sente une innovation r\u00e9volutionnaire dans le domaine de l'isolation thermique. Nan<\/span>ogel offre une isolation thermique efficace avec un encombrement minimal, une excellente isolation acoustique et une grande flexibilit\u00e9, ce qui en fait une solution id\u00e9ale pour l'isolation int\u00e9rieure de votre maison.<\/p><\/div>\n\t\t\t<\/div><div class=\"et_pb_button_module_wrapper et_pb_button_0_wrapper et_pb_button_alignment_left et_pb_module \">\n\t\t\t\t<a class=\"et_pb_button et_d4_element et_pb_button_0 et_pb_bg_layout_dark et_block_module\" href=\"https:\/\/rebotherm.de\/fr\/aerogel\/\">Vers la boutique<\/a>\n\t\t\t<\/div>\n\t\t\t<\/div><div class=\"et_d4_element et_pb_column_1_2 et_pb_column et_pb_column_2  et_pb_css_mix_blend_mode et-last-child et_block_column\">\n\t\t\t\t\n\t\t\t\t\n\t\t\t\t\n\t\t\t\t\n\t\t\t\t<div class=\"et_pb_module et_d4_element et_pb_image et_pb_image_0\">\n\t\t\t\t\n\t\t\t\t\n\t\t\t\t\n\t\t\t\t\n\t\t\t\t<span class=\"et_pb_image_wrap has-box-shadow-overlay\"><div class=\"box-shadow-overlay\"><\/div><img decoding=\"async\" width=\"700\" height=\"466\" src=\"https:\/\/rebotherm.de\/wp-content\/uploads\/2023\/12\/Aerogel-Matte.jpg\" alt=\"Tapis Aerogel pour l&#039;isolation des murs et des plafonds\" title=\"Tapis Aerogel\" srcset=\"https:\/\/rebotherm.de\/wp-content\/uploads\/2023\/12\/Aerogel-Matte.jpg 700w, https:\/\/rebotherm.de\/wp-content\/uploads\/2023\/12\/Aerogel-Matte-480x320.jpg 480w\" sizes=\"(min-width: 0px) and (max-width: 480px) 480px, (min-width: 481px) 700px, 100vw\" class=\"wp-image-27267\" \/><\/span>\n\t\t\t<\/div>\n\t\t\t<\/div>\n\t\t\t\t\n\t\t\t\t\n\t\t\t\t\n\t\t\t\t\n\t\t\t<\/div>\n\t\t\t\t\n\t\t\t\t<div class=\"et_pb_bottom_inside_divider et-no-transition\"><\/div>\n\t\t\t<\/div><div class=\"et_d4_element et_pb_section et_pb_section_2  et_pb_css_mix_blend_mode et_section_regular et_block_section\" >\n\t\t\t\t\n\t\t\t\t\n\t\t\t\t\n\t\t\t\t\n\t\t\t\t\n\t\t\t\t\n\t\t\t\t<div class=\"et_d4_element et_pb_row et_pb_row_2  et_pb_css_mix_blend_mode et_block_row\">\n\t\t\t\t<div class=\"et_d4_element et_pb_column_4_4 et_pb_column et_pb_column_3  et_pb_css_mix_blend_mode et-last-child et_block_column\">\n\t\t\t\t\n\t\t\t\t\n\t\t\t\t\n\t\t\t\t\n\t\t\t\t<div class=\"et_pb_module et_d4_element et_pb_code et_pb_code_0\">\n\t\t\t\t\n\t\t\t\t\n\t\t\t\t\n\t\t\t\t\n\t\t\t\t<div class=\"et_pb_code_inner\"><section class=\"aerogel-block block-1\">\n  <div class=\"aerogel-row\">\n    <!-- 1. Block \u2013 links Text, rechts Bild (bis inkl. Button \"Zum Shop\") -->\n    <div class=\"aerogel-col aerogel-text\">\n      <h2>Isolation en a\u00e9rogel \u2013 performance d\u2019isolation maximale avec une \u00e9paisseur minimale<\/h2>\n\n      \n L\u2019a\u00e9rogel est l\u2019un des mat\u00e9riaux d\u2019isolation les plus performants au monde. \n D\u2019excellentes valeurs d\u2019isolation peuvent \u00eatre obtenues avec de tr\u00e8s faibles \u00e9paisseurs de mat\u00e9riau \u2013 \n id\u00e9al pour les r\u00e9novations, les int\u00e9rieurs et partout o\u00f9 l\u2019espace est limit\u00e9.\n      \n\n      \n Qu\u2019il s\u2019agisse d\u2019un b\u00e2timent ancien, d\u2019un b\u00e2timent class\u00e9, d\u2019un mur ext\u00e9rieur froid ou d\u2019un pont thermique :\n l\u2019a\u00e9rogel offre une solution efficace, mince et s\u00fbre.\n      \n\n      <a class=\"aero-btn\" href=\"https:\/\/rebotherm.de\/fr\/boutique\/\">Vers la boutique<\/a>\n    <\/div>\n\n    <div class=\"aerogel-col aerogel-image\">\n      <img decoding=\"async\" src=\"https:\/\/rebotherm.de\/wp-content\/uploads\/2024\/06\/Aerogel-Daemmmatte.jpg\" alt=\"Matelas isolant en a\u00e9rogel\" title=\"\">\n    <\/div>\n  <\/div>\n<\/section>\n\n\n<section class=\"aerogel-block block-2\">\n  <!-- 2. Block \u2013 nur Text (Was ist Aerogel? + Warum Aerogel? inkl. Tabelle) -->\n  <h2>Qu'est-ce que l'a\u00e9rogel ?<\/h2>\n\n  \n L\u2019a\u00e9rogel est un mat\u00e9riau d\u2019isolation min\u00e9ral haute performance avec une structure extr\u00eamement fine,\n qui est en grande partie constitu\u00e9e d\u2019air. L\u2019air est le meilleur isolant thermique naturel \u2013\n et c\u2019est pr\u00e9cis\u00e9ment ce qui rend l\u2019a\u00e9rogel si performant. \n  \n\n  <ul>\n    <li>tr\u00e8s faible conductivit\u00e9 thermique (environ 0,015\u20130,020 W\/mK)<\/li>\n    <li>ouvert \u00e0 la diffusion<\/li>\n    <li>incombustible (A2)<\/li>\n    <li>tr\u00e8s durable et ind\u00e9formable<\/li>\n    <li>sans danger pour la sant\u00e9<\/li>\n  <\/ul>\n\n  <h2>Pourquoi l\u2019a\u00e9rogel plut\u00f4t que l\u2019isolation conventionnelle ?<\/h2>\n\n  \n Les mat\u00e9riaux d\u2019isolation classiques n\u00e9cessitent une grande \u00e9paisseur de mat\u00e9riau pour atteindre de bonnes valeurs d\u2019isolation.\n L\u2019a\u00e9rogel offre les m\u00eames performances \u2013 avec une \u00e9paisseur nettement inf\u00e9rieure.\n  \n\n  <div class=\"aerogel-table-wrapper\">\n    <table class=\"aerogel-table\">\n      <tr>\n        <th>Crit\u00e8re<\/th>\n        <th>A\u00e9rogel<\/th>\n        <th>Isolation conventionnelle<\/th>\n      <\/tr>\n      <tr>\n        <td>Performance d\u2019isolation<\/td>\n        <td>tr\u00e8s \u00e9lev\u00e9e<\/td>\n        <td>moyenne<\/td>\n      <\/tr>\n      <tr>\n        <td>\u00c9paisseur du mat\u00e9riau<\/td>\n        <td>tr\u00e8s faible<\/td>\n        <td>nettement plus \u00e9paisse<\/td>\n      <\/tr>\n      <tr>\n        <td>Risque de moisissure<\/td>\n        <td>faible si la structure est correcte<\/td>\n        <td>souvent critique pour l\u2019isolation int\u00e9rieure<\/td>\n      <\/tr>\n      <tr>\n        <td>Protection incendie<\/td>\n        <td>A2 \u2013 incombustible<\/td>\n        <td>d\u00e9pend du mat\u00e9riau<\/td>\n      <\/tr>\n    <\/table>\n  <\/div>\n<\/section>\n\n\n<section class=\"aerogel-block block-3\">\n  <div class=\"aerogel-row\">\n    <!-- 3. Block \u2013 links Text, rechts Bild (Typische Einsatzbereiche + St\u00e4rke + Produkte inkl. Buttons) -->\n    <div class=\"aerogel-col aerogel-text\">\n      <h2>Domaines d\u2019application typiques de l\u2019a\u00e9rogel<\/h2>\n\n      Nos matelas isolants en a\u00e9rogel sont particuli\u00e8rement adapt\u00e9s pour :\n\n      <ul>\n        <li>Isolation des murs int\u00e9rieurs avec peu d\u2019espace<\/li>\n        <li>Tableaux de fen\u00eatres et de portes<\/li>\n        <li>Ponts thermiques et points de d\u00e9tail critiques<\/li>\n        <li>Pentes de toit et plafonds<\/li>\n        <li>R\u00e9novation de b\u00e2timents anciens et protection des monuments historiques<\/li>\n        <li>Assainissement des murs froids et humides<\/li>\n      <\/ul>\n\n      <h2>Quelle \u00e9paisseur est judicieuse ?<\/h2>\n\n      \n  L\u2019\u00e9paisseur dont vous avez besoin d\u00e9pend de l\u2019\u00e9l\u00e9ment de construction et de l\u2019objectif d\u2019isolation souhait\u00e9.  \n  Les valeurs indicatives suivantes se sont \u00e9tablies dans la pratique :\n      \n\n      <ul>\n        <li><strong>5 mm :<\/strong> Zones de d\u00e9tail, embrasures, raccords<\/li>\n        <li><strong>10 mm :<\/strong> Isolation int\u00e9rieure des surfaces murales probl\u00e9matiques<\/li>\n        <li><strong>20 mm :<\/strong> performance d\u2019isolation plus \u00e9lev\u00e9e avec une faible hauteur de construction<\/li>\n      <\/ul>\n\n      \n  Nous serons heureux de vous conseiller sur votre projet concret et de vous recommander la solution adapt\u00e9e.\n      \n\n      <h2>Matelas isolants en a\u00e9rogel \u2013 nos produits<\/h2>\n\n      \n  Chez nous, vous obtenez de l\u2019a\u00e9rogel sous forme de matelas isolant flexible en diff\u00e9rentes \u00e9paisseurs.\n  Les syst\u00e8mes sont con\u00e7us pour un traitement simple et des r\u00e9sultats fiables.\n      \n\n      <a class=\"aero-btn\" href=\"https:\/\/rebotherm.de\/aerogel-daemmung-10mm-platte-rolle\/\">\n Voir les produits en a\u00e9rogel\n<\/a>\n\n<a class=\"aero-btn secondary\" href=\"https:\/\/rebotherm.de\/aerogel-daemmung-10mm-platte-rolle\/\">\n Acheter de l\u2019a\u00e9rogel maintenant\n<\/a>\n\n    <\/div>\n\n    <div class=\"aerogel-col aerogel-image\">\n      <img decoding=\"async\" src=\"https:\/\/rebotherm.de\/wp-content\/uploads\/2023\/12\/aerogel-rolle-5.jpg\" alt=\"Isolation en a\u00e9rogel sur mur et en application\" title=\"\">\n    <\/div>\n  <\/div>\n<\/section>\n\n\n<section class=\"aerogel-block block-4\">\n  <div class=\"aerogel-row\">\n    <!-- 4. Block \u2013 links Text, rechts Bild (Verarbeitung bis 'dauerhaft sicher und effizient') -->\n    <div class=\"aerogel-col aerogel-text\">\n      <h2>Traitement \u2013 voici comment l\u2019a\u00e9rogel est correctement install\u00e9<\/h2>\n\n      <ul>\n        <li>V\u00e9rifier et pr\u00e9parer le support<\/li>\n        <li>appliquer la colle appropri\u00e9e<\/li>\n        <li>Placer et presser le matelas d\u2019a\u00e9rogel<\/li>\n        <li>Appliquer l\u2019armature<\/li>\n        <li>Appliquer le syst\u00e8me d\u2019enduit ou de surface<\/li>\n      <\/ul>\n\n      \n  Une construction r\u00e9alis\u00e9e dans les r\u00e8gles de l\u2019art est importante \u2013 l\u2019a\u00e9rogel est alors durablement s\u00fbr et efficace.\n      \n    <\/div>\n\n    <div class=\"aerogel-col aerogel-image\">\n      <img decoding=\"async\" src=\"https:\/\/rebotherm.de\/wp-content\/uploads\/2025\/03\/Aerogel-an-der-Wand-e1742989610878.jpg\" alt=\"Traitement et structure de couches de l\u2019isolation en a\u00e9rogel\" title=\"\">\n    <\/div>\n  <\/div>\n<\/section>\n\n\n<section class=\"aerogel-block block-5\">\n  <!-- 5. Block \u2013 nur Text (FAQ + Beratung) -->\n  <h2>Questions fr\u00e9quentes sur l\u2019a\u00e9rogel (FAQ)<\/h2>\n\n  <strong>Puis-je utiliser de l\u2019a\u00e9rogel \u00e0 l\u2019int\u00e9rieur ?<\/strong><br \/>\n  Oui, l\u2019a\u00e9rogel est parfaitement adapt\u00e9 \u00e0 l\u2019isolation int\u00e9rieure, en particulier lorsque l\u2019espace est limit\u00e9.\n\n  <strong>Y a-t-il un risque de moisissure ?<\/strong><br \/>\n  Pas si la planification et l\u2019ex\u00e9cution sont correctes.\n\n  <strong>L\u2019a\u00e9rogel est-il nocif pour la sant\u00e9 ?<\/strong><br \/>\n  Non \u2013 l\u2019a\u00e9rogel est min\u00e9ral et sans danger.\n\n  <strong>Combien de temps dure l\u2019a\u00e9rogel ?<\/strong><br \/>\n  L\u2019a\u00e9rogel est durable, ind\u00e9formable et durablement fonctionnel.\n\n  <h2>Conseil & Offre<\/h2>\n\n  \n  Vous n\u2019\u00eates pas s\u00fbr de l\u2019\u00e9paisseur d\u2019isolation ou du matelas d\u2019a\u00e9rogel adapt\u00e9 \u00e0 votre projet ?\n  Nous vous aidons volontiers dans la planification et la s\u00e9lection des produits.\n  \n\n  <a class=\"aero-btn\" href=\"https:\/\/rebotherm.de\/fr\/contact\/\">Demander un conseil<\/a>\n<\/section>\n\n\n\n  .aerogel-block {\n    margin: 40px 0;\n  }\n\n  .aerogel-row {\n    display: flex;\n    gap: 2.5rem;\n    align-items: flex-start;\n    flex-wrap: nowrap;\n  }\n\n  .aerogel-col {\n    flex: 1;\n  }\n\n  .aerogel-text p {\n    line-height: 1.6;\n  }\n\n  .aerogel-image img {\n    max-width: 100%;\n    height: auto;\n    border-radius: 18px;\n    display: block;\n  }\n\n  .aerogel-table-wrapper {\n    width: 100%;\n    overflow-x: auto;\n    -webkit-overflow-scrolling: touch;\n  }\n\n  .aerogel-table {\n    width: 100%;\n    border-collapse: collapse;\n    margin-top: 15px;\n    min-width: 480px; \/* damit es bei sehr kleinen Screens sauber scrollbar bleibt *\/\n  }\n\n  .aerogel-table th,\n  .aerogel-table td {\n    border: 1px solid #ddd;\n    padding: 10px;\n    text-align: left;\n  }\n\n  .aero-btn {\n    display: inline-block;\n    padding: 12px 24px;\n    background: #009cde;\n    color: #fff;\n    border-radius: 40px;\n    text-decoration: none;\n    margin: 10px 10px 10px 0;\n    font-weight: 600;\n  }\n\n  .aero-btn.secondary {\n    background: #ffffff;\n    color: #009cde;\n    border: 2px solid #009cde;\n  }\n\n  @media (max-width: 980px) {\n    .aerogel-row {\n      flex-direction: column;\n    }\n  }\n\n  @media (max-width: 480px) {\n    .aerogel-table th,\n    .aerogel-table td {\n      font-size: 14px;\n      padding: 6px;\n      white-space: nowrap;\n    }\n  }\n\n<\/div>\n\t\t\t<\/div>\n\t\t\t<\/div>\n\t\t\t\t\n\t\t\t\t\n\t\t\t\t\n\t\t\t\t\n\t\t\t<\/div>\n\t\t\t\t\n\t\t\t\t\n\t\t\t<\/div><\/p>\n<\/div><\/div>\n<\/div>\n<\/div>\n<\/div>\n","protected":false},"excerpt":{"rendered":"","protected":false},"author":1,"featured_media":0,"parent":0,"menu_order":0,"comment_status":"closed","ping_status":"closed","template":"","meta":{"_acf_changed":false,"_et_pb_use_builder":"on","_et_pb_old_content":"","_et_gb_content_width":"","footnotes":""},"class_list":["post-28287","page","type-page","status-publish","hentry"],"acf":[],"_links":{"self":[{"href":"https:\/\/rebotherm.de\/fr\/wp-json\/wp\/v2\/pages\/28287","targetHints":{"allow":["GET"]}}],"collection":[{"href":"https:\/\/rebotherm.de\/fr\/wp-json\/wp\/v2\/pages"}],"about":[{"href":"https:\/\/rebotherm.de\/fr\/wp-json\/wp\/v2\/types\/page"}],"author":[{"embeddable":true,"href":"https:\/\/rebotherm.de\/fr\/wp-json\/wp\/v2\/users\/1"}],"replies":[{"embeddable":true,"href":"https:\/\/rebotherm.de\/fr\/wp-json\/wp\/v2\/comments?post=28287"}],"version-history":[{"count":2,"href":"https:\/\/rebotherm.de\/fr\/wp-json\/wp\/v2\/pages\/28287\/revisions"}],"predecessor-version":[{"id":43956,"href":"https:\/\/rebotherm.de\/fr\/wp-json\/wp\/v2\/pages\/28287\/revisions\/43956"}],"wp:attachment":[{"href":"https:\/\/rebotherm.de\/fr\/wp-json\/wp\/v2\/media?parent=28287"}],"curies":[{"name":"wp","href":"https:\/\/api.w.org\/{rel}","templated":true}]}}