{"id":29113,"date":"2024-06-04T15:37:41","date_gmt":"2024-06-04T13:37:41","guid":{"rendered":"https:\/\/rebotherm.de\/panier-dachat\/"},"modified":"2026-04-19T11:20:23","modified_gmt":"2026-04-19T09:20:23","slug":"panier-dachat","status":"publish","type":"page","link":"https:\/\/rebotherm.de\/fr\/panier-dachat\/","title":{"rendered":"Panier d&rsquo;achat"},"content":{"rendered":"<div class=\"et_pb_section_0 et_pb_section et_section_regular et_block_section section_has_divider et_pb_bottom_divider\">\n<div class=\"et_pb_row_0 et_pb_row et_block_row\">\n<div class=\"et_pb_column_0 et_pb_column et_pb_column_4_4 et-last-child et_block_column et_pb_css_mix_blend_mode_passthrough\">\n<div class=\"et_pb_text_0 et_pb_text et_pb_bg_layout_light et_pb_module et_block_module\"><div class=\"et_pb_text_inner\"><p>Panier d'achat<\/p>\n<\/div><\/div>\n<\/div>\n<\/div>\n<div class=\"et_pb_bottom_inside_divider et-no-transition\"><\/div><\/div>\n\n<div class=\"et_pb_section_1 et_pb_section et_section_regular et_flex_section\">\n<div class=\"et_pb_row_1 et_pb_row et_flex_row\">\n<div class=\"et_pb_column_1 et_pb_column et-last-child et_flex_column et_pb_css_mix_blend_mode_passthrough et_flex_column_24_24 et_flex_column_24_24_tablet et_flex_column_24_24_phone\">\n<div class=\"et_pb_text_1 et_pb_text et_pb_bg_layout_light et_pb_module et_flex_module\"><div class=\"et_pb_text_inner\"><div style=\"margin-top: 20px; max-width: 900px;\">\n<p>Vous avez s\u00e9lectionn\u00e9 des produits pour votre projet parmi notre gamme de <strong>syst\u00e8mes de chauffage carbone<\/strong> et de <strong>mat\u00e9riaux d\u2019isolation<\/strong> pour un chauffage efficace et durable.<\/p>\n<p>\u2713 Syst\u00e8mes complets de chauffage et d\u2019isolation aupr\u00e8s d\u2019un seul fournisseur<br \/>\n\u2713 Chaleur efficace gr\u00e2ce \u00e0 la technologie carbone moderne<\/p>\n<\/div>\n<div style=\"margin-top: 20px; display: grid; gap: 10px; max-width: 900px;\">\n<\/div><\/div>\n<\/div>\n<\/div>\n<\/div>\n\n<div class=\"et_pb_section_2 et_pb_section et_section_regular et_block_section\">\n<div class=\"et_pb_row_2 et_pb_row et_block_row\">\n<div class=\"et_pb_column_2 et_pb_column et_pb_column_4_4 et-last-child et_block_column et_pb_css_mix_blend_mode_passthrough\">\n<div class=\"et_pb_post_title_0 et_pb_post_title et_pb_bg_layout_light et_pb_module et_block_module\"><div class=\"et_pb_title_container\"><h1 class=\"entry-title\">Panier d\u2019achat<\/h1><\/div><\/div>\n\n<div class=\"et_pb_wc_cart_notice_0 et_pb_wc_cart_notice et_pb_fields_layout_default et_pb_module\"><div class=\"et_pb_module_inner\">\n\t<div class=\"woocommerce-message\" role=\"alert\">\n\t\t&laquo;Adh\u00e9sif polym\u00e8re&raquo; a \u00e9t\u00e9 ajout\u00e9 \u00e0 votre panier. <a href=\"https:\/\/rebotherm.de\/fr\/panier-dachat\/\" class=\"button wc-forward\">Voir le panier<\/a>\t<\/div>\n<\/div><\/div>\n\n<div class=\"et_pb_module et_pb_button_module_wrapper et_pb_button_0_wrapper\"><a class=\"et_pb_button_0 et_pb_button et_pb_bg_layout_light et_pb_module et_block_module\" href=\"https:\/\/rebotherm.de\/shop\/\">Continuer vos achats<\/a><\/div>\n\n<div class=\"et_pb_wc_cart_products_0 et_pb_wc_cart_products woocommerce-cart woocommerce et_pb_wc_cart_empty et_pb_row_layout_default et_pb_module\"><div class=\"et_pb_module_inner\">\n<form class=\"woocommerce-cart-form\" action=\"https:\/\/rebotherm.de\/fr\/panier-dachat\/\" method=\"post\">\n\t\n\t<table class=\"shop_table shop_table_responsive cart woocommerce-cart-form__contents\" cellspacing=\"0\">\n\t\t<thead>\n\t\t\t<tr>\n\t\t\t\t<th class=\"product-remove\">&nbsp;<\/th>\n\t\t\t\t<th class=\"product-thumbnail\">&nbsp;<\/th>\n\t\t\t\t<th class=\"product-name\">Produit<\/th>\n\t\t\t\t<th class=\"product-price\">Prix<\/th>\n\t\t\t\t<th class=\"product-quantity\">Quantit\u00e9<\/th>\n\t\t\t\t<th class=\"product-subtotal\">Sous-total<\/th>\n\t\t\t<\/tr>\n\t\t<\/thead>\n\t\t<tbody>\n\t\t\t\n\t\t\t\t\t\t\t\t<tr class=\"woocommerce-cart-form__cart-item cart_item\">\n\n\t\t\t\t\t\t<td class=\"product-remove\">\n\t\t\t\t\t\t\t<a href=\"https:\/\/rebotherm.de\/fr\/panier-dachat\/?remove_item=b706835de79a2b4e80506f582af3676a&#038;_wpnonce=e210b3d98b\" class=\"remove\" aria-label=\"Remove this item\" data-product_id=\"999\" data-product_sku=\"product-name\">&times;<\/a>\t\t\t\t\t\t<\/td>\n\n\t\t\t\t\t\t<td class=\"product-thumbnail\">\n\t\t\t\t\t\t<a href=\"#\"><img decoding=\"async\" src=\"data:image\/svg+xml;base64,PHN2ZyBpZD0ibXlTdmdFbGVtZW50IiB3aWR0aD0iNTQwIiBoZWlnaHQ9IjU0MCIgdmlld0JveD0iMCAwIDU0MCA1NDAiIHhtbG5zPSJodHRwOi8vd3d3LnczLm9yZy8yMDAwL3N2ZyI+Cgk8Zz4KCQk8cGF0aCBkPSJNMCwwaDU0MHY1NDBIMFYweiIgZmlsbD0iI0VCRUJFQiIvPgoJCTxwYXRoIGQ9Ik00NDUuNiw1NDBoLTk5bC0yMDItMjAyTDAsNDgyLjZ2LTk5bDExNi40LTExNi40YzE1LjYtMTUuNiw0MC45LTE1LjYsNTYuNiwwTDQ0NS42LDU0MEw0NDUuNiw1NDB6IiBmaWxsLW9wYWNpdHk9Ii4xIiBmaWxsPSIjMDAwIiBmaWxsLXJ1bGU9Im5vbnplcm8iLz4KCQk8Y2lyY2xlIGN4PSIzMzEiIGN5PSIxNDgiIHI9IjcwIiBmaWxsLW9wYWNpdHk9Ii4wNSIgZmlsbD0iIzAwMCIvPgoJCTxwb2x5Z29uIHBvaW50cz0iNTQwLDIxNS4yIDIxNS4yLDU0MCAzMjguMyw1NDAgNTQwLDMyOC4zIiBmaWxsLW9wYWNpdHk9Ii4yIiBmaWxsPSIjMDAwIiBmaWxsLXJ1bGU9Im5vbnplcm8iLz4KCTwvZz4KPC9zdmc+\" alt=\"Image du produit\" title=\"\"><\/a>\t\t\t\t\t\t<\/td>\n\n\t\t\t\t\t\t<td class=\"product-name\" data-title=\"Produit\">\n\t\t\t\t\t\t<a href=\"\"><\/a>\t\t\t\t\t\t<\/td>\n\n\t\t\t\t\t\t<td class=\"product-price\" data-title=\"Prix\">\n\t\t\t\t\t\t\t\t\t\t\t\t\t<\/td>\n\n\t\t\t\t\t\t<td class=\"product-quantity\" data-title=\"Quantit\u00e9\">\n\t\t\t\t\t\t\t<div class=\"quantity\">\n\t\t\t\t<label class=\"screen-reader-text\" for=\"quantity_69fd9ad37586e\">quantit\u00e9 de Produit 1<\/label>\n\t\t<input\n\t\t\ttype=\"number\"\n\t\t\tid=\"quantity_69fd9ad37586e\"\n\t\t\tclass=\"input-text qty text\"\n\t\t\tstep=\"1\"\n\t\t\tmin=\"0\"\n\t\t\tmax=\"50\"\n\t\t\tname=\"cart[b706835de79a2b4e80506f582af3676a][qty]\"\n\t\t\tvalue=\"3\"\n\t\t\ttitle=\"Qty\"\n\t\t\tsize=\"4\"\n\t\t\tplaceholder=\"\"\n\t\t\tinputmode=\"numeric\"\n\t\t\/>\n\t\t\t\t\t<\/div>\n\t\t\t\t\t\t\t<\/td>\n\n\t\t\t\t\t\t<td class=\"product-subtotal\" data-title=\"Sous-total\">\n\t\t\t\t\t\t\t\t\t\t\t\t\t<\/td>\n\t\t\t\t\t<\/tr>\n\t\t\t\t\t\t\t\t\t\t<tr class=\"woocommerce-cart-form__cart-item cart_item\">\n\n\t\t\t\t\t\t<td class=\"product-remove\">\n\t\t\t\t\t\t\t<a href=\"https:\/\/rebotherm.de\/fr\/panier-dachat\/?remove_item=a9b7ba70783b617e9998dc4dd82eb3c5&#038;_wpnonce=e210b3d98b\" class=\"remove\" aria-label=\"Remove this item\" data-product_id=\"1000\" data-product_sku=\"product-name\">&times;<\/a>\t\t\t\t\t\t<\/td>\n\n\t\t\t\t\t\t<td class=\"product-thumbnail\">\n\t\t\t\t\t\t<a href=\"#\"><img decoding=\"async\" src=\"data:image\/svg+xml;base64,PHN2ZyBpZD0ibXlTdmdFbGVtZW50IiB3aWR0aD0iNTQwIiBoZWlnaHQ9IjU0MCIgdmlld0JveD0iMCAwIDU0MCA1NDAiIHhtbG5zPSJodHRwOi8vd3d3LnczLm9yZy8yMDAwL3N2ZyI+Cgk8Zz4KCQk8cGF0aCBkPSJNMCwwaDU0MHY1NDBIMFYweiIgZmlsbD0iI0VCRUJFQiIvPgoJCTxwYXRoIGQ9Ik00NDUuNiw1NDBoLTk5bC0yMDItMjAyTDAsNDgyLjZ2LTk5bDExNi40LTExNi40YzE1LjYtMTUuNiw0MC45LTE1LjYsNTYuNiwwTDQ0NS42LDU0MEw0NDUuNiw1NDB6IiBmaWxsLW9wYWNpdHk9Ii4xIiBmaWxsPSIjMDAwIiBmaWxsLXJ1bGU9Im5vbnplcm8iLz4KCQk8Y2lyY2xlIGN4PSIzMzEiIGN5PSIxNDgiIHI9IjcwIiBmaWxsLW9wYWNpdHk9Ii4wNSIgZmlsbD0iIzAwMCIvPgoJCTxwb2x5Z29uIHBvaW50cz0iNTQwLDIxNS4yIDIxNS4yLDU0MCAzMjguMyw1NDAgNTQwLDMyOC4zIiBmaWxsLW9wYWNpdHk9Ii4yIiBmaWxsPSIjMDAwIiBmaWxsLXJ1bGU9Im5vbnplcm8iLz4KCTwvZz4KPC9zdmc+\" alt=\"Image du produit\" title=\"\"><\/a>\t\t\t\t\t\t<\/td>\n\n\t\t\t\t\t\t<td class=\"product-name\" data-title=\"Produit\">\n\t\t\t\t\t\t<a href=\"\"><\/a><dl class=\"variation\">\n\t\t\t<dt class=\"variation-Size\">Size:<\/dt>\n\t\t<dd class=\"variation-Size\"><p>Large<\/p>\n<\/dd>\n\t<\/dl>\n\t\t\t\t\t\t<\/td>\n\n\t\t\t\t\t\t<td class=\"product-price\" data-title=\"Prix\">\n\t\t\t\t\t\t\t\t\t\t\t\t\t<\/td>\n\n\t\t\t\t\t\t<td class=\"product-quantity\" data-title=\"Quantit\u00e9\">\n\t\t\t\t\t\t\t<div class=\"quantity\">\n\t\t\t\t<label class=\"screen-reader-text\" for=\"quantity_69fd9ad3774b6\">quantit\u00e9 de Produit 2<\/label>\n\t\t<input\n\t\t\ttype=\"number\"\n\t\t\tid=\"quantity_69fd9ad3774b6\"\n\t\t\tclass=\"input-text qty text\"\n\t\t\tstep=\"1\"\n\t\t\tmin=\"0\"\n\t\t\tmax=\"50\"\n\t\t\tname=\"cart[a9b7ba70783b617e9998dc4dd82eb3c5][qty]\"\n\t\t\tvalue=\"1\"\n\t\t\ttitle=\"Qty\"\n\t\t\tsize=\"4\"\n\t\t\tplaceholder=\"\"\n\t\t\tinputmode=\"numeric\"\n\t\t\/>\n\t\t\t\t\t<\/div>\n\t\t\t\t\t\t\t<\/td>\n\n\t\t\t\t\t\t<td class=\"product-subtotal\" data-title=\"Sous-total\">\n\t\t\t\t\t\t\t\t\t\t\t\t\t<\/td>\n\t\t\t\t\t<\/tr>\n\t\t\t\t\t\t\t\t\t\t<tr class=\"woocommerce-cart-form__cart-item cart_item\">\n\n\t\t\t\t\t\t<td class=\"product-remove\">\n\t\t\t\t\t\t\t<a href=\"https:\/\/rebotherm.de\/fr\/panier-dachat\/?remove_item=b8c37e33defde51cf91e1e03e51657da&#038;_wpnonce=e210b3d98b\" class=\"remove\" aria-label=\"Remove this item\" data-product_id=\"1001\" data-product_sku=\"product-name\">&times;<\/a>\t\t\t\t\t\t<\/td>\n\n\t\t\t\t\t\t<td class=\"product-thumbnail\">\n\t\t\t\t\t\t<a href=\"#\"><img decoding=\"async\" src=\"data:image\/svg+xml;base64,PHN2ZyBpZD0ibXlTdmdFbGVtZW50IiB3aWR0aD0iNTQwIiBoZWlnaHQ9IjU0MCIgdmlld0JveD0iMCAwIDU0MCA1NDAiIHhtbG5zPSJodHRwOi8vd3d3LnczLm9yZy8yMDAwL3N2ZyI+Cgk8Zz4KCQk8cGF0aCBkPSJNMCwwaDU0MHY1NDBIMFYweiIgZmlsbD0iI0VCRUJFQiIvPgoJCTxwYXRoIGQ9Ik00NDUuNiw1NDBoLTk5bC0yMDItMjAyTDAsNDgyLjZ2LTk5bDExNi40LTExNi40YzE1LjYtMTUuNiw0MC45LTE1LjYsNTYuNiwwTDQ0NS42LDU0MEw0NDUuNiw1NDB6IiBmaWxsLW9wYWNpdHk9Ii4xIiBmaWxsPSIjMDAwIiBmaWxsLXJ1bGU9Im5vbnplcm8iLz4KCQk8Y2lyY2xlIGN4PSIzMzEiIGN5PSIxNDgiIHI9IjcwIiBmaWxsLW9wYWNpdHk9Ii4wNSIgZmlsbD0iIzAwMCIvPgoJCTxwb2x5Z29uIHBvaW50cz0iNTQwLDIxNS4yIDIxNS4yLDU0MCAzMjguMyw1NDAgNTQwLDMyOC4zIiBmaWxsLW9wYWNpdHk9Ii4yIiBmaWxsPSIjMDAwIiBmaWxsLXJ1bGU9Im5vbnplcm8iLz4KCTwvZz4KPC9zdmc+\" alt=\"Image du produit\" title=\"\"><\/a>\t\t\t\t\t\t<\/td>\n\n\t\t\t\t\t\t<td class=\"product-name\" data-title=\"Produit\">\n\t\t\t\t\t\t<a href=\"\"><\/a><dl class=\"variation\">\n\t\t\t<dt class=\"variation-Color\">Color:<\/dt>\n\t\t<dd class=\"variation-Color\"><p>Black<\/p>\n<\/dd>\n\t<\/dl>\n\t\t\t\t\t\t<\/td>\n\n\t\t\t\t\t\t<td class=\"product-price\" data-title=\"Prix\">\n\t\t\t\t\t\t\t\t\t\t\t\t\t<\/td>\n\n\t\t\t\t\t\t<td class=\"product-quantity\" data-title=\"Quantit\u00e9\">\n\t\t\t\t\t\t\t<div class=\"quantity\">\n\t\t\t\t<label class=\"screen-reader-text\" for=\"quantity_69fd9ad378a0e\">quantit\u00e9 de Produit 3<\/label>\n\t\t<input\n\t\t\ttype=\"number\"\n\t\t\tid=\"quantity_69fd9ad378a0e\"\n\t\t\tclass=\"input-text qty text\"\n\t\t\tstep=\"1\"\n\t\t\tmin=\"0\"\n\t\t\tmax=\"50\"\n\t\t\tname=\"cart[b8c37e33defde51cf91e1e03e51657da][qty]\"\n\t\t\tvalue=\"2\"\n\t\t\ttitle=\"Qty\"\n\t\t\tsize=\"4\"\n\t\t\tplaceholder=\"\"\n\t\t\tinputmode=\"numeric\"\n\t\t\/>\n\t\t\t\t\t<\/div>\n\t\t\t\t\t\t\t<\/td>\n\n\t\t\t\t\t\t<td class=\"product-subtotal\" data-title=\"Sous-total\">\n\t\t\t\t\t\t\t\t\t\t\t\t\t<\/td>\n\t\t\t\t\t<\/tr>\n\t\t\t\t\t\n\t\t\t\n\t\t\t<tr>\n\t\t\t\t<td colspan=\"6\" class=\"actions\">\n\n\t\t\t\t\t\n\t\t\t\t\t<button type=\"submit\" class=\"button\" name=\"update_cart\" value=\"Mettre \u00e0 jour le panier\" disabled=\"disabled\">Mettre \u00e0 jour le panier<\/button>\n\n\t\t\t\t\t\n\t\t\t\t\t<input type=\"hidden\" id=\"woocommerce-cart-nonce\" name=\"woocommerce-cart-nonce\" value=\"e210b3d98b\" \/><input type=\"hidden\" name=\"_wp_http_referer\" value=\"\/fr\/wp-json\/wp\/v2\/pages\/29113\" \/>\t\t\t\t<\/td>\n\t\t\t<\/tr>\n\n\t\t\t\t\t<\/tbody>\n\t<\/table>\n\t<\/form>\n\n\n<div class=\"cart-collaterals\">\n\t<\/div>\n\n<\/div><\/div>\n<\/div>\n<\/div>\n\n<div class=\"et_pb_row_3 et_pb_row et_block_row\">\n<div class=\"et_pb_column_3 et_pb_column et_pb_column_1_2 et_block_column et_pb_css_mix_blend_mode_passthrough\">\n<div class=\"et_pb_text_2 et_pb_text et_pb_bg_layout_light et_pb_module et_flex_module\"><div class=\"et_pb_text_inner\"><h3>Commande s\u00fbre et fiable avec Rebotherm<\/h3>\n<ul>\n<li>\u2713 Paiement s\u00e9curis\u00e9 (SSL & PayPal)<\/li>\n<li>\u2713 Exp\u00e9dition rapide depuis l\u2019Allemagne<\/li>\n<li>\u2713 Composants de haute qualit\u00e9<\/li>\n<li>\u2713 Support personnalis\u00e9 pour votre projet<\/li>\n<\/ul>\n<p>Directement depuis Rebotherm \u2013 avec un interlocuteur d\u00e9di\u00e9 pour votre projet.<\/p>\n<\/div><\/div>\n\n<div class=\"et_pb_text_3 et_pb_text et_pb_bg_layout_light et_pb_module et_flex_module\"><div class=\"et_pb_text_inner\"><h3>Que se passe-t-il apr\u00e8s votre commande<\/h3>\n<ol>\n<li>Vous recevez imm\u00e9diatement une confirmation de commande<\/li>\n<li>Votre commande est v\u00e9rifi\u00e9e par notre \u00e9quipe<\/li>\n<li>Exp\u00e9dition rapide depuis l\u2019Allemagne<\/li>\n<li>Si n\u00e9cessaire, nous vous accompagnons lors de l\u2019installation<\/li>\n<\/ol>\n<p><strong>Contact direct \u2013 pas de hotline, pas d\u2019interm\u00e9diaires.<\/strong><\/p>\n<p style=\"margin-top:15px;\">\n<\/div><\/div>\n<\/div>\n\n<div class=\"et_pb_column_4 et_pb_column et_pb_column_1_2 et-last-child et_block_column et_pb_css_mix_blend_mode_passthrough\">\n<div class=\"et_pb_text_4 et_pb_text et_pb_bg_layout_light et_pb_module et_flex_module\"><div class=\"et_pb_text_inner\"><p class=\"reb-checkout-headline\">Votre panier<\/p>\n<\/div><\/div>\n\n<div class=\"et_pb_wc_cart_totals_0 et_pb_wc_cart_totals woocommerce-cart et_pb_module\"><div class=\"et_pb_module_inner\"><div class=\"cart_totals \">\n\n\t\n\t<h2>R\u00e9sum\u00e9 de votre syst\u00e8me de chauffage<\/h2>\n\n\t<table cellspacing=\"0\" class=\"shop_table shop_table_responsive\">\n\n\t\t<tr class=\"cart-subtotal\">\n\t\t\t<th>Prix syst\u00e8me<\/th>\n\t\t\t<td data-title=\"Prix syst\u00e8me\"><span class=\"woocommerce-Price-amount amount\"><bdi>187,00&nbsp;<span class=\"woocommerce-Price-currencySymbol\">&euro;<\/span><\/bdi><\/span><\/td>\n\t\t<\/tr>\n\n\t\t\n\t\t\t<tr class=\"shipping\">\n\t\t\t\t<th>Exp\u00e9dition<\/th>\n\t\t\t\t<td data-title=\"Exp\u00e9dition\">\n\t\t\t\t\tSaisissez votre adresse pour voir les options de livraison.\n<form class=\"woocommerce-shipping-calculator\" action=\"https:\/\/rebotherm.de\/fr\/panier-dachat\/\" method=\"post\">\n\n\t<a href=\"#\" class=\"shipping-calculator-button\" aria-expanded=\"false\" aria-controls=\"shipping-calculator-form\" role=\"button\">Calculer les frais d\u2019exp\u00e9dition<\/a>\n\t<section class=\"shipping-calculator-form\" id=\"shipping-calculator-form\" style=\"display:none;\">\n\n\t\t\t\t\t<p class=\"form-row form-row-wide\" id=\"calc_shipping_country_field\">\n\t\t\t\t<label for=\"calc_shipping_country\">Pays\u00a0\/ r\u00e9gion<\/label>\n\t\t\t\t<select name=\"calc_shipping_country\" id=\"calc_shipping_country\" class=\"country_to_state country_select\" rel=\"calc_shipping_state\">\n\t\t\t\t\t<option value=\"default\">S\u00e9lectionner un pays\/r\u00e9gion\u2026<\/option>\n\t\t\t\t\t<option value=\"AT\">Autriche<\/option><option value=\"BE\">Belgique<\/option><option value=\"BG\">Bulgarie<\/option><option value=\"CY\">Chypre<\/option><option value=\"CZ\">R\u00e9publique Tch\u00e8que<\/option><option value=\"DE\">Allemagne<\/option><option value=\"DK\">Danemark<\/option><option value=\"EE\">Estonie<\/option><option value=\"ES\">Espagne<\/option><option value=\"FI\">Finlande<\/option><option value=\"FR\">France<\/option><option value=\"GR\">Gr\u00e8ce<\/option><option value=\"HR\">Croatie<\/option><option value=\"HU\">Hongrie<\/option><option value=\"IE\">Irlande<\/option><option value=\"IT\">Italie<\/option><option value=\"LT\">Lituanie<\/option><option value=\"LU\">Luxembourg<\/option><option value=\"LV\">Lettonie<\/option><option value=\"MT\">Malte<\/option><option value=\"NL\">Pays-Bas<\/option><option value=\"PL\">Pologne<\/option><option value=\"PT\">Portugal<\/option><option value=\"RO\">Roumanie<\/option><option value=\"SE\">Su\u00e8de<\/option><option value=\"SI\">Slov\u00e9nie<\/option><option value=\"SK\">Slovaquie<\/option>\t\t\t\t<\/select>\n\t\t\t<\/p>\n\t\t\n\t\t\t\t\t<p class=\"form-row form-row-wide\" id=\"calc_shipping_state_field\">\n\t\t\t\t\t\t\t\t\t<label for=\"calc_shipping_state\">R\u00e9gion\u00a0\/\u00a0D\u00e9partement<\/label>\n\t\t\t\t\t<input type=\"text\" class=\"input-text\" value=\"\" name=\"calc_shipping_state\" id=\"calc_shipping_state\" \/>\n\t\t\t\t\t\t\t\t<\/p>\n\t\t\n\t\t\t\t\t<p class=\"form-row form-row-wide\" id=\"calc_shipping_city_field\">\n\t\t\t\t<label for=\"calc_shipping_city\">Ville\u00a0:<\/label>\n\t\t\t\t<input type=\"text\" class=\"input-text\" value=\"\" name=\"calc_shipping_city\" id=\"calc_shipping_city\" \/>\n\t\t\t<\/p>\n\t\t\n\t\t\t\t\t<p class=\"form-row form-row-wide\" id=\"calc_shipping_postcode_field\">\n\t\t\t\t<label for=\"calc_shipping_postcode\">Code postal<\/label>\n\t\t\t\t<input type=\"text\" class=\"input-text\" value=\"\" name=\"calc_shipping_postcode\" id=\"calc_shipping_postcode\" \/>\n\t\t\t<\/p>\n\t\t\n\t\t<p><button type=\"submit\" name=\"calc_shipping\" value=\"1\" class=\"button\">Mettre \u00e0 jour<\/button><\/p>\n\t\t<input type=\"hidden\" id=\"woocommerce-shipping-calculator-nonce\" name=\"woocommerce-shipping-calculator-nonce\" value=\"ef93433c67\" \/><input type=\"hidden\" name=\"_wp_http_referer\" value=\"\/fr\/wp-json\/wp\/v2\/pages\/29113\" \/>\t<\/section>\n<\/form>\n\n\t\t\t\t<\/td>\n\t\t\t<\/tr>\n\n\t\t\n\t\t\n\t\t\n\t\t<tr class=\"order-total\">\n\t\t\t<th>Prix total de votre syst\u00e8me de chauffage<\/th>\n\t\t\t<td data-title=\"Prix total de votre syst\u00e8me de chauffage\"><strong><span class=\"woocommerce-Price-amount amount\"><bdi>187,00&nbsp;<span class=\"woocommerce-Price-currencySymbol\">&euro;<\/span><\/bdi><\/span><\/strong><\/td>\n\t\t<\/tr>\n\n\t\t\n\t<\/table>\n\n\t<div class=\"wc-proceed-to-checkout\">\n\t\t\n<a href=\"https:\/\/rebotherm.de\/fr\/caisse\/\" class=\"checkout-button button alt wc-forward\">\n\tValider la commande<\/a>\n<wc-order-attribution-inputs><\/wc-order-attribution-inputs><div class=\"wc-ppcp-cart-payments__container below\" style=\"display: none\">\n    <ul class=\"wc-ppcp-cart-payment__methods\">\n                    <li class=\"wc-ppcp-cart-payment-method or\">\n                <p class=\"wc-ppcp-cart-or\">\n                    &mdash;&nbsp;ou&nbsp;&mdash;\n                <\/p>\n            <\/li>\n                    <li class=\"wc-ppcp-cart-payment-method payment_method_ppcp\">\n                <input type=\"hidden\" class=\"wc-ppcp-payment-method-data\" data-payment-method-data=\"[]\"\/><input type=\"hidden\" id=\"ppcp_paypal_order_id\" name=\"ppcp_paypal_order_id\"\/><div id=\"wc-ppcp-cart-button-container\" class=\"wc-ppcp-cart-button-container\"><\/div>\n            <\/li>\n                    <\/ul>\n<\/div>\n\t<\/div>\n\n\t\n<\/div>\n<\/div><\/div>\n<\/div>\n<\/div>\n<\/div>","protected":false},"excerpt":{"rendered":"","protected":false},"author":1,"featured_media":0,"parent":0,"menu_order":0,"comment_status":"closed","ping_status":"closed","template":"","meta":{"_acf_changed":false,"footnotes":""},"class_list":["post-29113","page","type-page","status-publish","hentry"],"acf":[],"_links":{"self":[{"href":"https:\/\/rebotherm.de\/fr\/wp-json\/wp\/v2\/pages\/29113","targetHints":{"allow":["GET"]}}],"collection":[{"href":"https:\/\/rebotherm.de\/fr\/wp-json\/wp\/v2\/pages"}],"about":[{"href":"https:\/\/rebotherm.de\/fr\/wp-json\/wp\/v2\/types\/page"}],"author":[{"embeddable":true,"href":"https:\/\/rebotherm.de\/fr\/wp-json\/wp\/v2\/users\/1"}],"replies":[{"embeddable":true,"href":"https:\/\/rebotherm.de\/fr\/wp-json\/wp\/v2\/comments?post=29113"}],"version-history":[{"count":19,"href":"https:\/\/rebotherm.de\/fr\/wp-json\/wp\/v2\/pages\/29113\/revisions"}],"predecessor-version":[{"id":43283,"href":"https:\/\/rebotherm.de\/fr\/wp-json\/wp\/v2\/pages\/29113\/revisions\/43283"}],"wp:attachment":[{"href":"https:\/\/rebotherm.de\/fr\/wp-json\/wp\/v2\/media?parent=29113"}],"curies":[{"name":"wp","href":"https:\/\/api.w.org\/{rel}","templated":true}]}}