{"id":29243,"date":"2024-06-05T21:43:51","date_gmt":"2024-06-05T19:43:51","guid":{"rendered":"https:\/\/rebotherm.de\/demande-de-projet\/"},"modified":"2026-03-01T17:51:47","modified_gmt":"2026-03-01T16:51:47","slug":"demande-de-projet","status":"publish","type":"page","link":"https:\/\/rebotherm.de\/fr\/demande-de-projet\/","title":{"rendered":"Planification du projet"},"content":{"rendered":"<p><div class=\"et_d4_element et_pb_section et_pb_section_0  et_pb_css_mix_blend_mode et_section_regular section_has_divider et_pb_bottom_divider et_block_section\" >\n\t\t\t\t\n\t\t\t\t\n\t\t\t\t\n\t\t\t\t\n\t\t\t\t\n\t\t\t\t\n\t\t\t\t<div class=\"et_d4_element et_pb_row et_pb_row_0  et_pb_css_mix_blend_mode et_block_row\">\n\t\t\t\t<div class=\"et_d4_element et_pb_column_4_4 et_pb_column et_pb_column_0  et_pb_css_mix_blend_mode et-last-child et_block_column\">\n\t\t\t\t\n\t\t\t\t\n\t\t\t\t\n\t\t\t\t\n\t\t\t\t<div class=\"et_pb_module et_d4_element et_pb_text et_pb_text_0  et_pb_text_align_left et_pb_bg_layout_light\">\n\t\t\t\t\n\t\t\t\t\n\t\t\t\t\n\t\t\t\t\n\t\t\t\t<div class=\"et_pb_text_inner\"><h1 style=\"text-align: center;\">Planification du projet<\/h1><\/div>\n\t\t\t<\/div>\n\t\t\t<\/div>\n\t\t\t\t\n\t\t\t\t\n\t\t\t\t\n\t\t\t\t\n\t\t\t<\/div>\n\t\t\t\t\n\t\t\t\t<div class=\"et_pb_bottom_inside_divider et-no-transition\"><\/div>\n\t\t\t<\/div><div class=\"et_d4_element et_pb_section et_pb_section_1 et_pb_with_background  et_pb_css_mix_blend_mode et_section_regular et_block_section\" >\n\t\t\t\t\n\t\t\t\t\n\t\t\t\t\n\t\t\t\t\n\t\t\t\t\n\t\t\t\t\n\t\t\t\t<div id=\"kontakt\" class=\"et_d4_element et_pb_row et_pb_row_1  et_pb_css_mix_blend_mode et_block_row\">\n\t\t\t\t<div class=\"et_d4_element et_pb_column_4_4 et_pb_column et_pb_column_1  et_pb_css_mix_blend_mode et-last-child et_block_column\">\n\t\t\t\t\n\t\t\t\t\n\t\t\t\t\n\t\t\t\t\n\t\t\t\t<div class=\"et_pb_module et_d4_element et_pb_text et_pb_text_1  et_pb_text_align_left et_pb_bg_layout_light\">\n\t\t\t\t\n\t\t\t\t\n\t\t\t\t\n\t\t\t\t\n\t\t\t\t<div class=\"et_pb_text_inner\"><p style=\"text-align: left;\">Nous sommes toujours \u00e0 votre disposition pour vous conseiller et vous aider \u00e0 planifier votre projet. Appelez-nous, envoyez-nous un e-mail ou envoyez-nous un message via le formulaire de contact en nous d\u00e9crivant votre probl\u00e8me.<\/p>\n<p style=\"text-align: left;\">Nous nous ferons un plaisir de vous aider \u00e0 obtenir un devis gratuit.<\/p><\/div>\n\t\t\t<\/div>\n\t\t\t<\/div>\n\t\t\t\t\n\t\t\t\t\n\t\t\t\t\n\t\t\t\t\n\t\t\t<\/div><div class=\"et_d4_element et_pb_row et_pb_row_2  et_pb_css_mix_blend_mode et_block_row\">\n\t\t\t\t<div class=\"et_d4_element et_pb_column_3_5 et_pb_column et_pb_column_2  et_pb_css_mix_blend_mode et_block_column\">\n\t\t\t\t\n\t\t\t\t\n\t\t\t\t\n\t\t\t\t\n\t\t\t\t<div class=\"et_pb_module et_d4_element et_pb_code et_pb_code_0\">\n\t\t\t\t\n\t\t\t\t\n\t\t\t\t\n\t\t\t\t\n\t\t\t\t<div class=\"et_pb_code_inner\"><div id=\"form-container\">\n  <form id=\"multistep-form\" enctype=\"multipart\/form-data\">\n    <!-- Seite 1 -->\n    <div class=\"form-page\" id=\"page-1\">\n      <label for=\"object-type\">S\u00e9lectionnez le type d'objet \u00e0 chauffer :<\/label>\n      <select id=\"object-type\" name=\"object-type\" required=\"\">\n<option value=\"\">Veuillez s\u00e9lectionner...<\/option>\n<option value=\"Haus\">Maison<\/option>\n<option value=\"Gartenhaus\">Abri de jardin<\/option>\n<option value=\"Tinyhouse\">Tinyhouse<\/option>\n<option value=\"Wohnmobil\">Camping-car<\/option>\n<option value=\"Sonstiges\">Autres<\/option>\n      <\/select>\n      <label for=\"construction-year\">Ann\u00e9e de construction de l'objet :<\/label>\n      <input type=\"text\" id=\"construction-year\" name=\"construction-year\" required=\"\">\n      <button type=\"button\" class=\"next-button\">Continuer<\/button>\n    <\/div>\n\n    <!-- Seite 2 -->\n    <div class=\"form-page\" id=\"page-2\">\n      <label for=\"energy-certificate\">Certificat \u00e9nerg\u00e9tique disponible ?<\/label>\n      <select id=\"energy-certificate\" name=\"energy-certificate\" required=\"\">\n<option value=\"\">Veuillez s\u00e9lectionner...<\/option>\n<option value=\"Ja\">Oui<\/option>\n<option value=\"Nein\">Non<\/option>\n      <\/select>\n      <label for=\"energy-need\">Besoin en \u00e9nergie de l'objet en kWh :<\/label>\n      <input type=\"text\" id=\"energy-need\" name=\"energy-need\" required=\"\">\n      <label for=\"primary-energy-need\">Besoin en \u00e9nergie primaire du b\u00e2timent en kWh :<\/label>\n      <input type=\"text\" id=\"primary-energy-need\" name=\"primary-energy-need\" required=\"\">\n      <button type=\"button\" class=\"prev-button\">Retour<\/button>\n      <button type=\"button\" class=\"next-button\">Suivant<\/button>\n    <\/div>\n\n    <!-- Seite 3 -->\n    <div class=\"form-page\" id=\"page-3\">\n      <label for=\"heating-use\">Mode d'utilisation du syst\u00e8me de chauffage \u00e9lectrique souhait\u00e9 :<\/label>\n      <select id=\"heating-use\" name=\"heating-use\" required=\"\">\n<option value=\"\">Veuillez s\u00e9lectionner...<\/option>\n<option value=\"als alleinige Heizung\">comme chauffage unique<\/option>\n<option value=\"als Zusatzheizung\">comme chauffage d'appoint<\/option>\n<option value=\"zur Schimmelpr\u00e4vention\">pour la pr\u00e9vention des moisissures<\/option>\n<option value=\"Zur Wand- bzw. Kellertrocknung\">Pour l'ass\u00e8chement des murs ou des caves<\/option>\n<option value=\"Sonstiges\">Autres<\/option>\n      <\/select>\n      <label for=\"additional-heat-sources\">Y a-t-il d'autres sources de chaleur dans la pi\u00e8ce ?<\/label>\n      <select id=\"additional-heat-sources\" name=\"additional-heat-sources\" required=\"\">\n<option value=\"\">Veuillez s\u00e9lectionner...<\/option>\n<option value=\"Ja\">Oui<\/option>\n<option value=\"Nein\">Non<\/option>\n      <\/select>\n      <label for=\"mounting-type\">Type de montage :<\/label>\n      <select id=\"mounting-type\" name=\"mounting-type\" required=\"\">\n<option value=\"\">Veuillez s\u00e9lectionner...<\/option>\n<option value=\"Fu\u00dfbodenheizung\">Chauffage au sol<\/option>\n<option value=\"Wandmontage unter Putz\">Montage mural encastr\u00e9<\/option>\n<option value=\"Fermacell-Heizpaneele an der Wand\">Panneaux chauffants Fermacell sur le mur<\/option>\n<option value=\"Fermacell-Heizpaneele an der Decke\">Panneaux chauffants Fermacell au plafond<\/option>\n<option value=\"Heizfolie an der Wand oder Decke verklebt\">Film chauffant coll\u00e9 au mur ou au plafond<\/option>\n      <\/select>\n      <button type=\"button\" class=\"prev-button\">Retour<\/button>\n      <button type=\"button\" class=\"next-button\">Suivant<\/button>\n    <\/div>\n\n    <!-- Seite 4 -->\n    <div class=\"form-page\" id=\"page-4\">\n      <h3>T\u00e9l\u00e9charger des fichiers :<\/h3>\n      Veuillez nous transmettre un croquis, un dessin cot\u00e9 ou un plan montrant les dimensions de la pi\u00e8ce. Marquez-y tous les meubles\/objets fixes et enti\u00e8rement pos\u00e9s.\n      <label for=\"file-upload\">T\u00e9l\u00e9charger des fichiers :<\/label>\n      <input type=\"file\" id=\"file-upload\" name=\"file-upload[]\" accept=\".jpg,.jpeg,.png,.pdf\" multiple>\n      <button type=\"button\" class=\"prev-button\">Retour<\/button>\n      <button type=\"button\" class=\"next-button\">Suivant<\/button>\n    <\/div>\n\n    <!-- Seite 5 -->\n    <div class=\"form-page\" id=\"page-5\">\n      <label for=\"project-description\">D\u00e9crivez ici le projet que vous souhaitez r\u00e9aliser ou laissez des informations suppl\u00e9mentaires :<\/label>\n      <textarea id=\"project-description\" name=\"project-description\" rows=\"4\"><\/textarea>\n      <button type=\"button\" class=\"prev-button\">Retour<\/button>\n      <button type=\"button\" class=\"next-button\">Suivant<\/button>\n    <\/div>\n\n    <!-- Seite 6 -->\n    <div class=\"form-page\" id=\"page-6\">\n      <h3>Vos coordonn\u00e9es :<\/h3>\n      <label for=\"name\">Nom :<\/label>\n      <input type=\"text\" id=\"name\" name=\"name\" required=\"\">\n      <label for=\"email\">Email :<\/label>\n      <input type=\"email\" id=\"email\" name=\"email\" required=\"\">\n      <label for=\"street\">Rue et num\u00e9ro :<\/label>\n      <input type=\"text\" id=\"street\" name=\"street\" required=\"\">\n      <label for=\"city\">Lieu :<\/label>\n      <input type=\"text\" id=\"city\" name=\"city\" required=\"\">\n      <label for=\"zip\">CODE POSTAL :<\/label>\n      <input type=\"text\" id=\"zip\" name=\"zip\" required=\"\">\n      <label for=\"country\">Pays :<\/label>\n      <input type=\"text\" id=\"country\" name=\"country\" required=\"\">\n      <label for=\"phone\">T\u00e9l\u00e9phone :<\/label>\n      <input type=\"text\" id=\"phone\" name=\"phone\" required=\"\" pattern=\"[\\+0-9\\s]+\" title=\"Veuillez saisir un num\u00e9ro de t\u00e9l\u00e9phone valide. Les chiffres, les espaces et le signe plus sont autoris\u00e9s.\">\n      <label for=\"company\">Soci\u00e9t\u00e9 (facultatif) :<\/label>\n      <input type=\"text\" id=\"company\" name=\"company\">\n      <label for=\"vat-id\">Num\u00e9ro de TVA (facultatif) :<\/label>\n      <input type=\"text\" id=\"vat-id\" name=\"vat-id\">\n      <button type=\"button\" class=\"prev-button\">Retour<\/button>\n      <button type=\"submit\" class=\"submit-button\">Envoyer<\/button>\n      <div id=\"loading\"><\/div>\n    <\/div>\n  <\/form>\n<\/div>\n<\/div>\n\t\t\t<\/div>\n\t\t\t<\/div><div class=\"et_d4_element et_pb_column_2_5 et_pb_column et_pb_column_3  et_pb_css_mix_blend_mode et-last-child et_block_column\">\n\t\t\t\t\n\t\t\t\t\n\t\t\t\t\n\t\t\t\t\n\t\t\t\t<div class=\"et_pb_module et_d4_element et_pb_blurb et_pb_blurb_0 et_clickable  et_pb_text_align_left  et_pb_blurb_position_left et_block_module et_pb_bg_layout_light\">\n\t\t\t\t\n\t\t\t\t\n\t\t\t\t\n\t\t\t\t\n\t\t\t\t<div class=\"et_pb_blurb_content\">\n\t\t\t\t\t<div class=\"et_pb_main_blurb_image et_pb_css_mix_blend_mode\"><a href=\"mailto:info@rebotherm.de\"><span class=\"et_pb_image_wrap\"><span class=\"et-waypoint et_pb_animation_top et_pb_animation_top_tablet et_pb_animation_top_phone et-pb-icon\">\uf0e0<\/span><\/span><\/a><\/div>\n\t\t\t\t\t<div class=\"et_pb_blurb_container\">\n\t\t\t\t\t\t<h4 class=\"et_pb_module_header\"><a href=\"mailto:info@rebotherm.de\">Adresse \u00e9lectronique<\/a><\/h4>\n\t\t\t\t\t\t<div class=\"et_pb_blurb_description\"><p>udo@rebotherm.de<\/p><\/div>\n\t\t\t\t\t<\/div>\n\t\t\t\t<\/div>\n\t\t\t<\/div><div class=\"et_pb_module et_d4_element et_pb_blurb et_pb_blurb_1 et_clickable  et_pb_text_align_left  et_pb_blurb_position_left et_block_module et_pb_bg_layout_light\">\n\t\t\t\t\n\t\t\t\t\n\t\t\t\t\n\t\t\t\t\n\t\t\t\t<div class=\"et_pb_blurb_content\">\n\t\t\t\t\t<div class=\"et_pb_main_blurb_image et_pb_css_mix_blend_mode\"><a href=\"tel:+49-40-35777282\"><span class=\"et_pb_image_wrap\"><span class=\"et-waypoint et_pb_animation_top et_pb_animation_top_tablet et_pb_animation_top_phone et-pb-icon\">\uf879<\/span><\/span><\/a><\/div>\n\t\t\t\t\t<div class=\"et_pb_blurb_container\">\n\t\t\t\t\t\t<h4 class=\"et_pb_module_header\"><a href=\"tel:+49-40-35777282\">T\u00e9l\u00e9phone<\/a><\/h4>\n\t\t\t\t\t\t<div class=\"et_pb_blurb_description\"><p>+49-1590 353 9466<\/p><\/div>\n\t\t\t\t\t<\/div>\n\t\t\t\t<\/div>\n\t\t\t<\/div><div class=\"et_pb_module et_d4_element et_pb_blurb et_pb_blurb_2  et_pb_text_align_left  et_pb_blurb_position_left et_block_module et_pb_bg_layout_light\">\n\t\t\t\t\n\t\t\t\t\n\t\t\t\t\n\t\t\t\t\n\t\t\t\t<div class=\"et_pb_blurb_content\">\n\t\t\t\t\t<div class=\"et_pb_main_blurb_image et_pb_css_mix_blend_mode\"><span class=\"et_pb_image_wrap\"><span class=\"et-waypoint et_pb_animation_top et_pb_animation_top_tablet et_pb_animation_top_phone et-pb-icon\">\uf0e0<\/span><\/span><\/div>\n\t\t\t\t\t<div class=\"et_pb_blurb_container\">\n\t\t\t\t\t\t<h4 class=\"et_pb_module_header\"><span>Adresse<\/span><\/h4>\n\t\t\t\t\t\t<div class=\"et_pb_blurb_description\"><p>Ballindamm 3<br \/>20095 Hambourg<\/p>\n<p>&nbsp;<\/p><\/div>\n\t\t\t\t\t<\/div>\n\t\t\t\t<\/div>\n\t\t\t<\/div>\n\t\t\t<\/div>\n\t\t\t\t\n\t\t\t\t\n\t\t\t\t\n\t\t\t\t\n\t\t\t<\/div>\n\t\t\t\t\n\t\t\t\t\n\t\t\t<\/div><\/p>\n","protected":false},"excerpt":{"rendered":"","protected":false},"author":5,"featured_media":0,"parent":0,"menu_order":0,"comment_status":"closed","ping_status":"closed","template":"","meta":{"_acf_changed":false,"_et_pb_use_builder":"on","_et_pb_old_content":"","_et_gb_content_width":"","footnotes":""},"class_list":["post-29243","page","type-page","status-publish","hentry"],"acf":[],"_links":{"self":[{"href":"https:\/\/rebotherm.de\/fr\/wp-json\/wp\/v2\/pages\/29243","targetHints":{"allow":["GET"]}}],"collection":[{"href":"https:\/\/rebotherm.de\/fr\/wp-json\/wp\/v2\/pages"}],"about":[{"href":"https:\/\/rebotherm.de\/fr\/wp-json\/wp\/v2\/types\/page"}],"author":[{"embeddable":true,"href":"https:\/\/rebotherm.de\/fr\/wp-json\/wp\/v2\/users\/5"}],"replies":[{"embeddable":true,"href":"https:\/\/rebotherm.de\/fr\/wp-json\/wp\/v2\/comments?post=29243"}],"version-history":[{"count":0,"href":"https:\/\/rebotherm.de\/fr\/wp-json\/wp\/v2\/pages\/29243\/revisions"}],"wp:attachment":[{"href":"https:\/\/rebotherm.de\/fr\/wp-json\/wp\/v2\/media?parent=29243"}],"curies":[{"name":"wp","href":"https:\/\/api.w.org\/{rel}","templated":true}]}}