{"id":29414,"date":"2024-06-06T14:12:20","date_gmt":"2024-06-06T12:12:20","guid":{"rendered":"https:\/\/rebotherm.de\/telechargements\/"},"modified":"2025-10-24T01:00:27","modified_gmt":"2025-10-23T23:00:27","slug":"telechargements","status":"publish","type":"page","link":"https:\/\/rebotherm.de\/fr\/telechargements\/","title":{"rendered":"T\u00e9l\u00e9chargements"},"content":{"rendered":"<p><div class=\"et_d4_element et_pb_section et_pb_section_0  et_pb_css_mix_blend_mode et_section_regular section_has_divider et_pb_bottom_divider et_block_section\" >\n\t\t\t\t\n\t\t\t\t\n\t\t\t\t\n\t\t\t\t\n\t\t\t\t\n\t\t\t\t\n\t\t\t\t<div class=\"et_d4_element et_pb_row et_pb_row_0  et_pb_css_mix_blend_mode et_block_row\">\n\t\t\t\t<div class=\"et_d4_element et_pb_column_4_4 et_pb_column et_pb_column_0  et_pb_css_mix_blend_mode et-last-child et_block_column\">\n\t\t\t\t\n\t\t\t\t\n\t\t\t\t\n\t\t\t\t\n\t\t\t\t<div class=\"et_pb_module et_d4_element et_pb_text et_pb_text_0  et_pb_text_align_left et_pb_bg_layout_light\">\n\t\t\t\t\n\t\t\t\t\n\t\t\t\t\n\t\t\t\t\n\t\t\t\t<div class=\"et_pb_text_inner\"><h1 style=\"text-align: center;\">T\u00e9l\u00e9chargements Rebotherm<\/h1><\/div>\n\t\t\t<\/div>\n\t\t\t<\/div>\n\t\t\t\t\n\t\t\t\t\n\t\t\t\t\n\t\t\t\t\n\t\t\t<\/div>\n\t\t\t\t\n\t\t\t\t<div class=\"et_pb_bottom_inside_divider et-no-transition\"><\/div>\n\t\t\t<\/div><div class=\"et_d4_element et_pb_section et_pb_section_1 et_pb_with_background  et_pb_css_mix_blend_mode et_section_regular et_block_section\" >\n\t\t\t\t\n\t\t\t\t\n\t\t\t\t\n\t\t\t\t\n\t\t\t\t\n\t\t\t\t\n\t\t\t\t<div class=\"et_d4_element et_pb_row et_pb_row_1 et_pb_equal_columns  et_pb_css_mix_blend_mode et_block_row\">\n\t\t\t\t<div class=\"et_d4_element et_pb_column_1_3 et_pb_column et_pb_column_1  et_pb_css_mix_blend_mode et_block_column\">\n\t\t\t\t\n\t\t\t\t\n\t\t\t\t\n\t\t\t\t\n\t\t\t\t<div class=\"et_pb_module et_d4_element et_pb_image et_pb_image_0\">\n\t\t\t\t\n\t\t\t\t\n\t\t\t\t\n\t\t\t\t\n\t\t\t\t<span class=\"et_pb_image_wrap \"><img decoding=\"async\" width=\"1280\" height=\"720\" src=\"https:\/\/rebotherm.de\/wp-content\/uploads\/2024\/06\/rebotherm-anleitung-aerogel-matten.jpg\" alt=\"Instructions pour la mise en \u0153uvre des matelas a\u00e9rogels rebotherm\" title=\"rebotherm-instruction-aerogel-mats\" srcset=\"https:\/\/rebotherm.de\/wp-content\/uploads\/2024\/06\/rebotherm-anleitung-aerogel-matten.jpg 1280w, https:\/\/rebotherm.de\/wp-content\/uploads\/2024\/06\/rebotherm-anleitung-aerogel-matten-980x551.jpg 980w, https:\/\/rebotherm.de\/wp-content\/uploads\/2024\/06\/rebotherm-anleitung-aerogel-matten-480x270.jpg 480w\" sizes=\"(min-width: 0px) and (max-width: 480px) 480px, (min-width: 481px) and (max-width: 980px) 980px, (min-width: 981px) 1280px, 100vw\" class=\"wp-image-29494\" \/><\/span>\n\t\t\t<\/div><div class=\"et_pb_module et_d4_element et_pb_text et_pb_text_1  et_pb_text_align_left et_pb_bg_layout_light\">\n\t\t\t\t\n\t\t\t\t\n\t\t\t\t\n\t\t\t\t\n\t\t\t\t<div class=\"et_pb_text_inner\"><h2>Traitement des tapis d'a\u00e9rogel<\/h2><\/div>\n\t\t\t<\/div><div class=\"et_pb_button_module_wrapper et_pb_button_0_wrapper et_pb_button_alignment_left et_pb_module \">\n\t\t\t\t<a class=\"et_pb_button et_d4_element et_pb_button_0 et_pb_bg_layout_light et_block_module\" href=\"https:\/\/rebotherm.de\/wp-content\/uploads\/2025\/06\/Verarbeitung-Rebotherm-Aerogelmatten.pdf\" target=\"_blank\">T\u00e9l\u00e9charger<\/a>\n\t\t\t<\/div>\n\t\t\t<\/div><div class=\"et_d4_element et_pb_column_1_3 et_pb_column et_pb_column_2  et_pb_css_mix_blend_mode et_block_column\">\n\t\t\t\t\n\t\t\t\t\n\t\t\t\t\n\t\t\t\t\n\t\t\t\t<div class=\"et_pb_module et_d4_element et_pb_image et_pb_image_1\">\n\t\t\t\t\n\t\t\t\t\n\t\t\t\t\n\t\t\t\t\n\t\t\t\t<span class=\"et_pb_image_wrap \"><img decoding=\"async\" width=\"1280\" height=\"720\" src=\"https:\/\/rebotherm.de\/wp-content\/uploads\/2024\/06\/rebotherm-anleitung-superwall-verarbeitung.jpg\" alt=\"Instructions pour la mise en \u0153uvre des panneaux isolants rebotherm Superwall\" title=\"rebotherm-guide-traitement-superwall\" srcset=\"https:\/\/rebotherm.de\/wp-content\/uploads\/2024\/06\/rebotherm-anleitung-superwall-verarbeitung.jpg 1280w, https:\/\/rebotherm.de\/wp-content\/uploads\/2024\/06\/rebotherm-anleitung-superwall-verarbeitung-980x551.jpg 980w, https:\/\/rebotherm.de\/wp-content\/uploads\/2024\/06\/rebotherm-anleitung-superwall-verarbeitung-480x270.jpg 480w\" sizes=\"(min-width: 0px) and (max-width: 480px) 480px, (min-width: 481px) and (max-width: 980px) 980px, (min-width: 981px) 1280px, 100vw\" class=\"wp-image-29499\" \/><\/span>\n\t\t\t<\/div><div class=\"et_pb_module et_d4_element et_pb_text et_pb_text_2  et_pb_text_align_left et_pb_bg_layout_light\">\n\t\t\t\t\n\t\t\t\t\n\t\t\t\t\n\t\t\t\t\n\t\t\t\t<div class=\"et_pb_text_inner\"><h2>Mise en \u0153uvre de l'isolation Superwall<\/h2><\/div>\n\t\t\t<\/div><div class=\"et_pb_button_module_wrapper et_pb_button_1_wrapper et_pb_button_alignment_left et_pb_module \">\n\t\t\t\t<a class=\"et_pb_button et_d4_element et_pb_button_1 et_pb_bg_layout_light et_block_module\" href=\"https:\/\/rebotherm.de\/wp-content\/uploads\/2024\/06\/Superwall-Verarbeitung.pdf\" target=\"_blank\">T\u00e9l\u00e9charger<\/a>\n\t\t\t<\/div>\n\t\t\t<\/div><div class=\"et_d4_element et_pb_column_1_3 et_pb_column et_pb_column_3  et_pb_css_mix_blend_mode et-last-child et_block_column\">\n\t\t\t\t\n\t\t\t\t\n\t\t\t\t\n\t\t\t\t\n\t\t\t\t<div class=\"et_pb_module et_d4_element et_pb_image et_pb_image_2\">\n\t\t\t\t\n\t\t\t\t\n\t\t\t\t\n\t\t\t\t\n\t\t\t\t<span class=\"et_pb_image_wrap \"><img decoding=\"async\" width=\"1280\" height=\"720\" src=\"https:\/\/rebotherm.de\/wp-content\/uploads\/2024\/06\/rebotherm-superwall-technisches-Datenblatt.jpg\" alt=\"Fiche technique du panneau isolant Superwall de rebotherm\" title=\"rebotherm-superwall-fiche technique\" srcset=\"https:\/\/rebotherm.de\/wp-content\/uploads\/2024\/06\/rebotherm-superwall-technisches-Datenblatt.jpg 1280w, https:\/\/rebotherm.de\/wp-content\/uploads\/2024\/06\/rebotherm-superwall-technisches-Datenblatt-980x551.jpg 980w, https:\/\/rebotherm.de\/wp-content\/uploads\/2024\/06\/rebotherm-superwall-technisches-Datenblatt-480x270.jpg 480w\" sizes=\"(min-width: 0px) and (max-width: 480px) 480px, (min-width: 481px) and (max-width: 980px) 980px, (min-width: 981px) 1280px, 100vw\" class=\"wp-image-29524\" \/><\/span>\n\t\t\t<\/div><div class=\"et_pb_module et_d4_element et_pb_text et_pb_text_3  et_pb_text_align_left et_pb_bg_layout_light\">\n\t\t\t\t\n\t\t\t\t\n\t\t\t\t\n\t\t\t\t\n\t\t\t\t<div class=\"et_pb_text_inner\"><h2>Fiche technique Superwall<\/h2><\/div>\n\t\t\t<\/div><div class=\"et_pb_button_module_wrapper et_pb_button_2_wrapper et_pb_button_alignment_left et_pb_module \">\n\t\t\t\t<a class=\"et_pb_button et_d4_element et_pb_button_2 et_pb_bg_layout_light et_block_module\" href=\"https:\/\/rebotherm.de\/wp-content\/uploads\/2024\/06\/Superwall-Technisches-Datenblatt.pdf\" target=\"_blank\">T\u00e9l\u00e9charger<\/a>\n\t\t\t<\/div>\n\t\t\t<\/div>\n\t\t\t\t\n\t\t\t\t\n\t\t\t\t\n\t\t\t\t\n\t\t\t<\/div><div class=\"et_d4_element et_pb_row et_pb_row_2 et_pb_equal_columns  et_pb_css_mix_blend_mode et_block_row\">\n\t\t\t\t<div class=\"et_d4_element et_pb_column_1_3 et_pb_column et_pb_column_4  et_pb_css_mix_blend_mode et_block_column\">\n\t\t\t\t\n\t\t\t\t\n\t\t\t\t\n\t\t\t\t\n\t\t\t\t<div class=\"et_pb_module et_d4_element et_pb_image et_pb_image_3\">\n\t\t\t\t\n\t\t\t\t\n\t\t\t\t\n\t\t\t\t\n\t\t\t\t<span class=\"et_pb_image_wrap \"><img decoding=\"async\" width=\"1280\" height=\"720\" src=\"https:\/\/rebotherm.de\/wp-content\/uploads\/2024\/06\/rebotherm-heizfolie-datenblatt.jpg\" alt=\"Donn\u00e9es techniques du film chauffant rebotherm\" title=\"feuille chauffante rebotherm-fiche technique\" srcset=\"https:\/\/rebotherm.de\/wp-content\/uploads\/2024\/06\/rebotherm-heizfolie-datenblatt.jpg 1280w, https:\/\/rebotherm.de\/wp-content\/uploads\/2024\/06\/rebotherm-heizfolie-datenblatt-980x551.jpg 980w, https:\/\/rebotherm.de\/wp-content\/uploads\/2024\/06\/rebotherm-heizfolie-datenblatt-480x270.jpg 480w\" sizes=\"(min-width: 0px) and (max-width: 480px) 480px, (min-width: 481px) and (max-width: 980px) 980px, (min-width: 981px) 1280px, 100vw\" class=\"wp-image-29514\" \/><\/span>\n\t\t\t<\/div><div class=\"et_pb_module et_d4_element et_pb_text et_pb_text_4  et_pb_text_align_left et_pb_bg_layout_light\">\n\t\t\t\t\n\t\t\t\t\n\t\t\t\t\n\t\t\t\t\n\t\t\t\t<div class=\"et_pb_text_inner\"><h2>Film chauffant Fiche technique<\/h2><\/div>\n\t\t\t<\/div><div class=\"et_pb_button_module_wrapper et_pb_button_3_wrapper et_pb_button_alignment_left et_pb_module \">\n\t\t\t\t<a class=\"et_pb_button et_d4_element et_pb_button_3 et_pb_bg_layout_light et_block_module\" href=\"https:\/\/rebotherm.de\/wp-content\/uploads\/2024\/06\/Reboheat-Heizfolie-Datenblatt.pdf\" target=\"_blank\">T\u00e9l\u00e9charger<\/a>\n\t\t\t<\/div>\n\t\t\t<\/div><div class=\"et_d4_element et_pb_column_1_3 et_pb_column et_pb_column_5  et_pb_css_mix_blend_mode et_block_column\">\n\t\t\t\t\n\t\t\t\t\n\t\t\t\t\n\t\t\t\t\n\t\t\t\t<div class=\"et_pb_module et_d4_element et_pb_image et_pb_image_4\">\n\t\t\t\t\n\t\t\t\t\n\t\t\t\t\n\t\t\t\t\n\t\t\t\t<span class=\"et_pb_image_wrap \"><img decoding=\"async\" width=\"1280\" height=\"720\" src=\"https:\/\/rebotherm.de\/wp-content\/uploads\/2024\/06\/rebotherm-heizfolie-aufbauempfehlung-montageanleitung.jpg\" alt=\"Instructions de montage du film chauffant rebotherm\" title=\"feuille chauffante rebotherm-recommandation de montage-instruction de montage\" srcset=\"https:\/\/rebotherm.de\/wp-content\/uploads\/2024\/06\/rebotherm-heizfolie-aufbauempfehlung-montageanleitung.jpg 1280w, https:\/\/rebotherm.de\/wp-content\/uploads\/2024\/06\/rebotherm-heizfolie-aufbauempfehlung-montageanleitung-980x551.jpg 980w, https:\/\/rebotherm.de\/wp-content\/uploads\/2024\/06\/rebotherm-heizfolie-aufbauempfehlung-montageanleitung-480x270.jpg 480w\" sizes=\"(min-width: 0px) and (max-width: 480px) 480px, (min-width: 481px) and (max-width: 980px) 980px, (min-width: 981px) 1280px, 100vw\" class=\"wp-image-29509\" \/><\/span>\n\t\t\t<\/div><div class=\"et_pb_module et_d4_element et_pb_text et_pb_text_5  et_pb_text_align_left et_pb_bg_layout_light\">\n\t\t\t\t\n\t\t\t\t\n\t\t\t\t\n\t\t\t\t\n\t\t\t\t<div class=\"et_pb_text_inner\"><h2>Traitement du film chauffant - sol<\/h2><\/div>\n\t\t\t<\/div><div class=\"et_pb_button_module_wrapper et_pb_button_4_wrapper et_pb_button_alignment_left et_pb_module \">\n\t\t\t\t<a class=\"et_pb_button et_d4_element et_pb_button_4 et_pb_bg_layout_light et_block_module\" href=\"https:\/\/rebotherm.de\/wp-content\/uploads\/2025\/01\/Verarbeitungsanleitung-fuer-Carbon-Heizung-Fussboden.pdf\" target=\"_blank\">T\u00e9l\u00e9charger<\/a>\n\t\t\t<\/div>\n\t\t\t<\/div><div class=\"et_d4_element et_pb_column_1_3 et_pb_column et_pb_column_6  et_pb_css_mix_blend_mode et-last-child et_block_column\">\n\t\t\t\t\n\t\t\t\t\n\t\t\t\t\n\t\t\t\t\n\t\t\t\t<div class=\"et_pb_module et_d4_element et_pb_image et_pb_image_5\">\n\t\t\t\t\n\t\t\t\t\n\t\t\t\t\n\t\t\t\t\n\t\t\t\t<span class=\"et_pb_image_wrap \"><img decoding=\"async\" width=\"1280\" height=\"720\" src=\"https:\/\/rebotherm.de\/wp-content\/uploads\/2024\/06\/rebotherm-heizfolie-aufbauempfehlung-mapei.jpg\" alt=\"Mapei Instructions film chauffant\" title=\"feuille chauffante rebotherm-recommandation de montage-mapei\" srcset=\"https:\/\/rebotherm.de\/wp-content\/uploads\/2024\/06\/rebotherm-heizfolie-aufbauempfehlung-mapei.jpg 1280w, https:\/\/rebotherm.de\/wp-content\/uploads\/2024\/06\/rebotherm-heizfolie-aufbauempfehlung-mapei-980x551.jpg 980w, https:\/\/rebotherm.de\/wp-content\/uploads\/2024\/06\/rebotherm-heizfolie-aufbauempfehlung-mapei-480x270.jpg 480w\" sizes=\"(min-width: 0px) and (max-width: 480px) 480px, (min-width: 481px) and (max-width: 980px) 980px, (min-width: 981px) 1280px, 100vw\" class=\"wp-image-29504\" \/><\/span>\n\t\t\t<\/div><div class=\"et_pb_module et_d4_element et_pb_text et_pb_text_6  et_pb_text_align_left et_pb_bg_layout_light\">\n\t\t\t\t\n\t\t\t\t\n\t\t\t\t\n\t\t\t\t\n\t\t\t\t<div class=\"et_pb_text_inner\"><h2>Traitement du film chauffant au plafond et au mur<\/h2><\/div>\n\t\t\t<\/div><div class=\"et_pb_button_module_wrapper et_pb_button_5_wrapper et_pb_button_alignment_left et_pb_module \">\n\t\t\t\t<a class=\"et_pb_button et_d4_element et_pb_button_5 et_pb_bg_layout_light et_block_module\" href=\"https:\/\/rebotherm.de\/wp-content\/uploads\/2025\/07\/Verarbeitungsanleitung-fuer-Carbon-Wand-u.-Deckenheizung.pdf\" target=\"_blank\">T\u00e9l\u00e9charger<\/a>\n\t\t\t<\/div>\n\t\t\t<\/div>\n\t\t\t\t\n\t\t\t\t\n\t\t\t\t\n\t\t\t\t\n\t\t\t<\/div><div class=\"et_d4_element et_pb_row et_pb_row_3 et_pb_equal_columns  et_pb_css_mix_blend_mode et_block_row\">\n\t\t\t\t<div class=\"et_d4_element et_pb_column_1_3 et_pb_column et_pb_column_7  et_pb_css_mix_blend_mode et_block_column\">\n\t\t\t\t\n\t\t\t\t\n\t\t\t\t\n\t\t\t\t\n\t\t\t\t<div class=\"et_pb_module et_d4_element et_pb_image et_pb_image_6\">\n\t\t\t\t\n\t\t\t\t\n\t\t\t\t\n\t\t\t\t\n\t\t\t\t<span class=\"et_pb_image_wrap \"><img decoding=\"async\" width=\"1280\" height=\"720\" src=\"https:\/\/rebotherm.de\/wp-content\/uploads\/2024\/06\/forschungsbericht-infrarot-thermografie.jpg\" alt=\"Rapport de recherche sur la thermographie infrarouge\" title=\"rapport de recherche-thermographie infrarouge\" srcset=\"https:\/\/rebotherm.de\/wp-content\/uploads\/2024\/06\/forschungsbericht-infrarot-thermografie.jpg 1280w, https:\/\/rebotherm.de\/wp-content\/uploads\/2024\/06\/forschungsbericht-infrarot-thermografie-980x551.jpg 980w, https:\/\/rebotherm.de\/wp-content\/uploads\/2024\/06\/forschungsbericht-infrarot-thermografie-480x270.jpg 480w\" sizes=\"(min-width: 0px) and (max-width: 480px) 480px, (min-width: 481px) and (max-width: 980px) 980px, (min-width: 981px) 1280px, 100vw\" class=\"wp-image-29484\" \/><\/span>\n\t\t\t<\/div><div class=\"et_pb_module et_d4_element et_pb_text et_pb_text_7  et_pb_text_align_left et_pb_bg_layout_light\">\n\t\t\t\t\n\t\t\t\t\n\t\t\t\t\n\t\t\t\t\n\t\t\t\t<div class=\"et_pb_text_inner\"><h2>Rapport de recherche sur la thermographie infrarouge<\/h2><\/div>\n\t\t\t<\/div><div class=\"et_pb_button_module_wrapper et_pb_button_6_wrapper et_pb_button_alignment_left et_pb_module \">\n\t\t\t\t<a class=\"et_pb_button et_d4_element et_pb_button_6 et_pb_bg_layout_light et_block_module\" href=\"https:\/\/rebotherm.de\/wp-content\/uploads\/2024\/06\/Lab_Project_II_Voelker_Fynn_Gerlach_Tim_Homogeneous_Heating_Techniques_for_Detecting_Laminar_Turbulent_Transitions_using_Infrared_Thermography.pdf\" target=\"_blank\">T\u00e9l\u00e9charger<\/a>\n\t\t\t<\/div>\n\t\t\t<\/div><div class=\"et_d4_element et_pb_column_1_3 et_pb_column et_pb_column_8  et_pb_css_mix_blend_mode et_block_column\">\n\t\t\t\t\n\t\t\t\t\n\t\t\t\t\n\t\t\t\t\n\t\t\t\t<div class=\"et_pb_module et_d4_element et_pb_image et_pb_image_7\">\n\t\t\t\t\n\t\t\t\t\n\t\t\t\t\n\t\t\t\t\n\t\t\t\t<span class=\"et_pb_image_wrap \"><img decoding=\"async\" width=\"1280\" height=\"720\" src=\"https:\/\/rebotherm.de\/wp-content\/uploads\/2024\/06\/rebotherm-heizsysteme-heizfarbe.jpg\" alt=\"Peinture chauffante Certificat Comportement au feu\" title=\"rebotherm-syst\u00e8mes de chauffage-peinture chauffante\" srcset=\"https:\/\/rebotherm.de\/wp-content\/uploads\/2024\/06\/rebotherm-heizsysteme-heizfarbe.jpg 1280w, https:\/\/rebotherm.de\/wp-content\/uploads\/2024\/06\/rebotherm-heizsysteme-heizfarbe-980x551.jpg 980w, https:\/\/rebotherm.de\/wp-content\/uploads\/2024\/06\/rebotherm-heizsysteme-heizfarbe-480x270.jpg 480w\" sizes=\"(min-width: 0px) and (max-width: 480px) 480px, (min-width: 481px) and (max-width: 980px) 980px, (min-width: 981px) 1280px, 100vw\" class=\"wp-image-29519\" \/><\/span>\n\t\t\t<\/div><div class=\"et_pb_module et_d4_element et_pb_text et_pb_text_8  et_pb_text_align_left et_pb_bg_layout_light\">\n\t\t\t\t\n\t\t\t\t\n\t\t\t\t\n\t\t\t\t\n\t\t\t\t<div class=\"et_pb_text_inner\"><h2>Peinture chauffante Certificat Comportement au feu<\/h2><\/div>\n\t\t\t<\/div><div class=\"et_pb_button_module_wrapper et_pb_button_7_wrapper et_pb_button_alignment_left et_pb_module \">\n\t\t\t\t<a class=\"et_pb_button et_d4_element et_pb_button_7 et_pb_bg_layout_light et_block_module\" href=\"https:\/\/rebotherm.de\/wp-content\/uploads\/2024\/06\/Heizfarbe-Zertifikat-Brandverhalten.pdf\" target=\"_blank\">T\u00e9l\u00e9charger<\/a>\n\t\t\t<\/div>\n\t\t\t<\/div><div class=\"et_d4_element et_pb_column_1_3 et_pb_column et_pb_column_9  et_pb_css_mix_blend_mode et-last-child et_block_column\">\n\t\t\t\t\n\t\t\t\t\n\t\t\t\t\n\t\t\t\t\n\t\t\t\t<div class=\"et_pb_module et_d4_element et_pb_image et_pb_image_8\">\n\t\t\t\t\n\t\t\t\t\n\t\t\t\t\n\t\t\t\t\n\t\t\t\t<span class=\"et_pb_image_wrap \"><img decoding=\"async\" width=\"1280\" height=\"720\" src=\"https:\/\/rebotherm.de\/wp-content\/uploads\/2024\/06\/rebotherm-thermostat-bedienungsanleitung.jpg\" alt=\"Instructions thermostat rebotherm\" title=\"manuel d&#039;utilisation du rebotherm-thermostat\" srcset=\"https:\/\/rebotherm.de\/wp-content\/uploads\/2024\/06\/rebotherm-thermostat-bedienungsanleitung.jpg 1280w, https:\/\/rebotherm.de\/wp-content\/uploads\/2024\/06\/rebotherm-thermostat-bedienungsanleitung-980x551.jpg 980w, https:\/\/rebotherm.de\/wp-content\/uploads\/2024\/06\/rebotherm-thermostat-bedienungsanleitung-480x270.jpg 480w\" sizes=\"(min-width: 0px) and (max-width: 480px) 480px, (min-width: 481px) and (max-width: 980px) 980px, (min-width: 981px) 1280px, 100vw\" class=\"wp-image-29529\" \/><\/span>\n\t\t\t<\/div><div class=\"et_pb_module et_d4_element et_pb_text et_pb_text_9  et_pb_text_align_left et_pb_bg_layout_light\">\n\t\t\t\t\n\t\t\t\t\n\t\t\t\t\n\t\t\t\t\n\t\t\t\t<div class=\"et_pb_text_inner\"><h2>Instructions relatives au thermostat<\/h2><\/div>\n\t\t\t<\/div><div class=\"et_pb_button_module_wrapper et_pb_button_8_wrapper et_pb_button_alignment_left et_pb_module \">\n\t\t\t\t<a class=\"et_pb_button et_d4_element et_pb_button_8 et_pb_bg_layout_light et_block_module\" href=\"https:\/\/rebotherm.de\/wp-content\/uploads\/2024\/06\/CK-002-Thermostat-Bedienungsanleitung.pdf\" target=\"_blank\">T\u00e9l\u00e9charger<\/a>\n\t\t\t<\/div>\n\t\t\t<\/div>\n\t\t\t\t\n\t\t\t\t\n\t\t\t\t\n\t\t\t\t\n\t\t\t<\/div><div class=\"et_d4_element et_pb_row et_pb_row_4 et_pb_equal_columns  et_pb_css_mix_blend_mode et_block_row\">\n\t\t\t\t<div class=\"et_d4_element et_pb_column_1_3 et_pb_column et_pb_column_10  et_pb_css_mix_blend_mode et_block_column\">\n\t\t\t\t\n\t\t\t\t\n\t\t\t\t\n\t\t\t\t\n\t\t\t\t<div class=\"et_pb_module et_d4_element et_pb_image et_pb_image_9\">\n\t\t\t\t\n\t\t\t\t\n\t\t\t\t\n\t\t\t\t\n\t\t\t\t<span class=\"et_pb_image_wrap \"><img decoding=\"async\" width=\"1280\" height=\"720\" src=\"https:\/\/rebotherm.de\/wp-content\/uploads\/2024\/06\/rebotherm-aerogel-technisches-datenblatt.jpg\" alt=\"Donn\u00e9es techniques pour rebotherm Aerogel Mattes\" title=\"rebotherm-aerogel-fiche technique\" srcset=\"https:\/\/rebotherm.de\/wp-content\/uploads\/2024\/06\/rebotherm-aerogel-technisches-datenblatt.jpg 1280w, https:\/\/rebotherm.de\/wp-content\/uploads\/2024\/06\/rebotherm-aerogel-technisches-datenblatt-980x551.jpg 980w, https:\/\/rebotherm.de\/wp-content\/uploads\/2024\/06\/rebotherm-aerogel-technisches-datenblatt-480x270.jpg 480w\" sizes=\"(min-width: 0px) and (max-width: 480px) 480px, (min-width: 481px) and (max-width: 980px) 980px, (min-width: 981px) 1280px, 100vw\" class=\"wp-image-29489\" \/><\/span>\n\t\t\t<\/div><div class=\"et_pb_module et_d4_element et_pb_text et_pb_text_10  et_pb_text_align_left et_pb_bg_layout_light\">\n\t\t\t\t\n\t\t\t\t\n\t\t\t\t\n\t\t\t\t\n\t\t\t\t<div class=\"et_pb_text_inner\"><h2>Fiche technique Aerogel<\/h2><\/div>\n\t\t\t<\/div><div class=\"et_pb_button_module_wrapper et_pb_button_9_wrapper et_pb_button_alignment_left et_pb_module \">\n\t\t\t\t<a class=\"et_pb_button et_d4_element et_pb_button_9 et_pb_bg_layout_light et_block_module\" href=\"https:\/\/rebotherm.de\/wp-content\/uploads\/2025\/06\/Aerogel-Datenblatt.pdf\" target=\"_blank\">T\u00e9l\u00e9charger<\/a>\n\t\t\t<\/div>\n\t\t\t<\/div><div class=\"et_d4_element et_pb_column_1_3 et_pb_column et_pb_column_11  et_pb_css_mix_blend_mode et_block_column\">\n\t\t\t\t\n\t\t\t\t\n\t\t\t\t\n\t\t\t\t\n\t\t\t\t<div class=\"et_pb_module et_d4_element et_pb_image et_pb_image_10\">\n\t\t\t\t\n\t\t\t\t\n\t\t\t\t\n\t\t\t\t\n\t\t\t\t<span class=\"et_pb_image_wrap \"><img decoding=\"async\" width=\"1280\" height=\"720\" src=\"https:\/\/rebotherm.de\/wp-content\/uploads\/2024\/06\/forschungsbericht-infrarot-thermografie-2.jpg\" alt=\"Rapport final du projet de recherche IR-Bau sur le th\u00e8me &quot;Potentiel des syst\u00e8mes de chauffage infrarouge pour les b\u00e2timents r\u00e9sidentiels \u00e0 haut rendement&quot;\" title=\"rapport de recherche en thermographie infrarouge (2)\" srcset=\"https:\/\/rebotherm.de\/wp-content\/uploads\/2024\/06\/forschungsbericht-infrarot-thermografie-2.jpg 1280w, https:\/\/rebotherm.de\/wp-content\/uploads\/2024\/06\/forschungsbericht-infrarot-thermografie-2-980x551.jpg 980w, https:\/\/rebotherm.de\/wp-content\/uploads\/2024\/06\/forschungsbericht-infrarot-thermografie-2-480x270.jpg 480w\" sizes=\"(min-width: 0px) and (max-width: 480px) 480px, (min-width: 481px) and (max-width: 980px) 980px, (min-width: 981px) 1280px, 100vw\" class=\"wp-image-29479\" \/><\/span>\n\t\t\t<\/div><div class=\"et_pb_module et_d4_element et_pb_text et_pb_text_11  et_pb_text_align_left et_pb_bg_layout_light\">\n\t\t\t\t\n\t\t\t\t\n\t\t\t\t\n\t\t\t\t\n\t\t\t\t<div class=\"et_pb_text_inner\"><h2>Rapport de recherche sur l'efficacit\u00e9 de l'infrarouge<\/h2><\/div>\n\t\t\t<\/div><div class=\"et_pb_button_module_wrapper et_pb_button_10_wrapper et_pb_button_alignment_left et_pb_module \">\n\t\t\t\t<a class=\"et_pb_button et_d4_element et_pb_button_10 et_pb_bg_layout_light et_block_module\" href=\"https:\/\/rebotherm.de\/wp-content\/uploads\/2024\/06\/Abschlussbericht_Forschungsprojekt_IR-Bau.pdf\" target=\"_blank\">T\u00e9l\u00e9charger<\/a>\n\t\t\t<\/div>\n\t\t\t<\/div><div class=\"et_d4_element et_pb_column_1_3 et_pb_column et_pb_column_12  et_pb_css_mix_blend_mode et-last-child et_block_column et_pb_column_empty\">\n\t\t\t\t\n\t\t\t\t\n\t\t\t\t\n\t\t\t\t\n\t\t\t\t\n\t\t\t<\/div>\n\t\t\t\t\n\t\t\t\t\n\t\t\t\t\n\t\t\t\t\n\t\t\t<\/div>\n\t\t\t\t\n\t\t\t\t\n\t\t\t<\/div><\/p>\n","protected":false},"excerpt":{"rendered":"","protected":false},"author":5,"featured_media":0,"parent":0,"menu_order":0,"comment_status":"closed","ping_status":"closed","template":"","meta":{"_acf_changed":false,"_et_pb_use_builder":"on","_et_pb_old_content":"","_et_gb_content_width":"","footnotes":""},"class_list":["post-29414","page","type-page","status-publish","hentry"],"acf":[],"_links":{"self":[{"href":"https:\/\/rebotherm.de\/fr\/wp-json\/wp\/v2\/pages\/29414","targetHints":{"allow":["GET"]}}],"collection":[{"href":"https:\/\/rebotherm.de\/fr\/wp-json\/wp\/v2\/pages"}],"about":[{"href":"https:\/\/rebotherm.de\/fr\/wp-json\/wp\/v2\/types\/page"}],"author":[{"embeddable":true,"href":"https:\/\/rebotherm.de\/fr\/wp-json\/wp\/v2\/users\/5"}],"replies":[{"embeddable":true,"href":"https:\/\/rebotherm.de\/fr\/wp-json\/wp\/v2\/comments?post=29414"}],"version-history":[{"count":6,"href":"https:\/\/rebotherm.de\/fr\/wp-json\/wp\/v2\/pages\/29414\/revisions"}],"predecessor-version":[{"id":38520,"href":"https:\/\/rebotherm.de\/fr\/wp-json\/wp\/v2\/pages\/29414\/revisions\/38520"}],"wp:attachment":[{"href":"https:\/\/rebotherm.de\/fr\/wp-json\/wp\/v2\/media?parent=29414"}],"curies":[{"name":"wp","href":"https:\/\/api.w.org\/{rel}","templated":true}]}}