{"id":29563,"date":"2024-06-06T15:15:21","date_gmt":"2024-06-06T13:15:21","guid":{"rendered":"https:\/\/rebotherm.de\/protection-thermique-avec-auratherm-contre-les-moisissures-et-les-murs-froids\/"},"modified":"2026-04-07T19:46:47","modified_gmt":"2026-04-07T17:46:47","slug":"protection-thermique-avec-auratherm-contre-les-moisissures-et-les-murs-froids","status":"publish","type":"page","link":"https:\/\/rebotherm.de\/fr\/protection-thermique-avec-auratherm-contre-les-moisissures-et-les-murs-froids\/","title":{"rendered":"Protection thermique avec Auratherm \u2013 contre les moisissures et les murs froids"},"content":{"rendered":"<div class=\"et_pb_section_0 et_pb_section et_section_regular et_block_section section_has_divider et_pb_bottom_divider\">\n<div class=\"et_pb_row_0 et_pb_row et_block_row\">\n<div class=\"et_pb_column_0 et_pb_column et_pb_column_1_2 et_block_column et_pb_css_mix_blend_mode_passthrough\">\n<div class=\"et_pb_text_0 et_pb_text et_pb_bg_layout_light et_pb_module et_block_module\"><div class=\"et_pb_text_inner\"><h1 style=\"font-size:32px; line-height:1.15; margin-bottom:18px; color:#222;\">\n  Auratherm Thermopaste - moins de moisissures, plus de confort de vie<br \/>\n<\/h1>\n<\/div><\/div>\n\n<div class=\"et_pb_text_1 et_pb_text et_pb_bg_layout_light et_pb_module et_block_module\"><div class=\"et_pb_text_inner\"><p style=\"font-size:16px; line-height:1.6; color:#444; margin-bottom:0;\">\n  Le rev\u00eatement intelligent contre les murs froids et la condensation - id\u00e9al pour les b\u00e2timents anciens, les zones \u00e0 probl\u00e8mes et les int\u00e9rieurs avec un taux d'humidit\u00e9 \u00e9lev\u00e9.<\/p>\n<\/div><\/div>\n\n<div class=\"et_pb_module et_pb_button_module_wrapper et_pb_button_0_wrapper\"><a class=\"et_pb_button_0 et_pb_button et_pb_bg_layout_dark et_pb_module et_block_module\" href=\"https:\/\/rebotherm.de\/thermopaste-auratherm\/\">Vers la boutique<\/a><\/div>\n<\/div>\n\n<div class=\"et_pb_column_1 et_pb_column et_pb_column_1_2 et-last-child et_block_column et_pb_css_mix_blend_mode_passthrough\">\n<div class=\"et_pb_image_0 et_pb_image et_pb_module et_block_module\"><span class=\"et_pb_image_wrap\"><img decoding=\"async\" src=\"https:\/\/rebotherm.de\/wp-content\/uploads\/2024\/06\/thermoschutz-farbe-auratherm.png\" width=\"500\" height=\"500\" srcset=\"https:\/\/rebotherm.de\/wp-content\/uploads\/2024\/06\/thermoschutz-farbe-auratherm.png 500w, https:\/\/rebotherm.de\/wp-content\/uploads\/2024\/06\/thermoschutz-farbe-auratherm-480x480.png 480w\" sizes=\"(min-width: 0px) and (max-width: 480px) 480px, (min-width: 481px) 500px, 100vw\" class=\"wp-image-29581\" title=\"peinture de protection thermique-auratherm\" alt=\"Peinture de protection thermique Auratherm\" \/><\/span><\/div>\n<\/div>\n<\/div>\n<div class=\"et_pb_bottom_inside_divider et-no-transition\"><\/div><\/div>\n\n<div class=\"et_pb_section_1 et_pb_section et_section_regular et_block_section section_has_divider et_pb_bottom_divider\">\n<div class=\"et_pb_row_1 et_pb_row et_block_row\">\n<div class=\"et_pb_column_2 et_pb_column et_pb_column_1_2 et_block_column et_pb_css_mix_blend_mode_passthrough\">\n<div class=\"et_pb_image_1 et_pb_image et_pb_module et_block_module\"><span class=\"et_pb_image_wrap\"><img decoding=\"async\" src=\"https:\/\/rebotherm.de\/wp-content\/uploads\/2024\/06\/thermoschutz-paste-auratherm.png\" width=\"500\" height=\"500\" srcset=\"https:\/\/rebotherm.de\/wp-content\/uploads\/2024\/06\/thermoschutz-paste-auratherm.png 500w, https:\/\/rebotherm.de\/wp-content\/uploads\/2024\/06\/thermoschutz-paste-auratherm-480x480.png 480w\" sizes=\"(min-width: 0px) and (max-width: 480px) 480px, (min-width: 481px) 500px, 100vw\" class=\"wp-image-29586\" title=\"p\u00e2te de protection thermique-auratherm\" alt=\"P\u00e2te de protection thermique Auratherm\" \/><\/span><\/div>\n<\/div>\n\n<div class=\"et_pb_column_3 et_pb_column et_pb_column_1_2 et-last-child et_block_column et_pb_css_mix_blend_mode_passthrough\">\n<div class=\"et_pb_text_2 et_pb_text et_pb_bg_layout_light et_pb_module et_block_module\"><div class=\"et_pb_text_inner\"><h2 style=\"font-size:40px; line-height:1.2; margin-bottom:25px; color:#222;\">\n  Pourquoi Auratherm ?<br \/>\n<\/h2>\n<\/div><\/div>\n\n<div class=\"et_pb_text_3 et_pb_text et_pb_bg_layout_light et_pb_module et_block_module\"><div class=\"et_pb_text_inner\"><p style=\"font-size: 18px; line-height: 1.75; color: #444; margin-bottom: 18px;\">Les murs ext\u00e9rieurs froids, l'humidit\u00e9 et les moisissures apparaissent g\u00e9n\u00e9ralement l\u00e0 o\u00f9 la temp\u00e9rature de surface est trop basse.<br \/> Auratherm<strong>intervient pr\u00e9cis\u00e9ment \u00e0 ce niveau :<\/strong><\/p>\n<ul style=\"font-size: 18px; line-height: 1.9; color: #444; margin: 0 0 22px 20px; padding: 0;\">\n<li>augmente la temp\u00e9rature de surface du mur<\/li>\n<li>r\u00e9duit la condensation<\/li>\n<li>am\u00e9liore sensiblement le climat int\u00e9rieur<\/li>\n<\/ul>\n<p style=\"font-size: 18px; line-height: 1.75; color: #444; margin-bottom: 0;\">Particuli\u00e8rement utile dans les <strong>b\u00e2timents anciens sans isolation suffisante<\/strong>, les <strong>ponts thermiques<\/strong> ainsi que dans les <strong>salles de bains, cuisines et autres espaces int\u00e9rieurs sensibles<\/strong>.<\/p>\n<\/div><\/div>\n<\/div>\n<\/div>\n\n<div class=\"et_pb_row_2 et_pb_row et_block_row\">\n<div class=\"et_pb_column_4 et_pb_column et_pb_column_4_4 et-last-child et_block_column et_pb_css_mix_blend_mode_passthrough\">\n<div class=\"et_pb_module et_pb_button_module_wrapper et_pb_button_1_wrapper\"><a class=\"et_pb_button_1 et_pb_button et_pb_bg_layout_dark et_pb_module et_block_module\" href=\"https:\/\/rebotherm.de\/thermopaste-auratherm\/\">Vers la boutique<\/a><\/div>\n<\/div>\n<\/div>\n\n<div class=\"et_pb_row_3 et_pb_row et_pb_equal_columns et_pb_gutters4 et_block_row\">\n<div class=\"et_pb_column_5 et_pb_column et_pb_column_1_2 et_block_column et_pb_css_mix_blend_mode_passthrough\">\n<div class=\"et_pb_text_4 et_pb_text et_pb_bg_layout_light et_pb_module et_block_module\"><div class=\"et_pb_text_inner\"><h2 style=\"font-size:40px; line-height:1.2; margin-bottom:25px; color:#222;\">\n  Comment fonctionne Auratherm ?<br \/>\n<\/h2>\n<p style=\"font-size:18px; line-height:1.75; color:#444; margin-bottom:18px;\">\n  Auratherm contient <strong>des micro-cavit\u00e9s c\u00e9ramiques<\/strong> sp\u00e9ciales qui influencent positivement la chaleur \u00e9mise par la surface du mur.\n<\/p>\n<p style=\"font-size:18px; line-height:1.75; color:#444; margin-bottom:18px;\">\n  Il en r\u00e9sulte des conditions de surface plus favorables du point de vue de la physique du b\u00e2timent :\n<\/p>\n<ul style=\"font-size:18px; line-height:1.9; color:#444; margin:0 0 22px 20px; padding:0;\">\n<li>temp\u00e9rature de surface plus \u00e9lev\u00e9e<\/li>\n<li>diff\u00e9rence de temp\u00e9rature plus faible avec l'air ambiant<\/li>\n<li>moins de condensation aux endroits critiques<\/li>\n<\/ul>\n<p style=\"font-size:18px; line-height:1.75; color:#444; margin-bottom:0;\">\n  Il en r\u00e9sulte un <strong>climat int\u00e9rieur plus agr\u00e9able<\/strong>, un <strong>risque de moisissure r\u00e9duit<\/strong> et un meilleur confort de vie - en particulier dans les zones o\u00f9 les murs sont froids et o\u00f9 l'humidit\u00e9 est pr\u00e9sente.<\/p>\n<\/div><\/div>\n<\/div>\n\n<div class=\"et_pb_column_6 et_pb_column et_pb_column_1_2 et-last-child et_block_column et_pb_css_mix_blend_mode_passthrough\">\n<div class=\"et_pb_image_2 et_pb_image et_pb_module et_block_module\"><span class=\"et_pb_image_wrap\"><img decoding=\"async\" src=\"https:\/\/rebotherm.de\/wp-content\/uploads\/2024\/06\/auratherm-thermoschutz-von-rebotherm.jpg\" width=\"600\" height=\"400\" srcset=\"https:\/\/rebotherm.de\/wp-content\/uploads\/2024\/06\/auratherm-thermoschutz-von-rebotherm.jpg 600w, https:\/\/rebotherm.de\/wp-content\/uploads\/2024\/06\/auratherm-thermoschutz-von-rebotherm-480x320.jpg 480w\" sizes=\"(min-width: 0px) and (max-width: 480px) 480px, (min-width: 481px) 600px, 100vw\" class=\"wp-image-29592\" title=\"auratherm-thermo-protection-de-rebotherm\" alt=\"Protection thermique Auratherm de rebotherm\" \/><\/span><\/div>\n<\/div>\n<\/div>\n<div class=\"et_pb_bottom_inside_divider et-no-transition\"><\/div><\/div>\n\n<div class=\"et_pb_section_2 et_pb_section et_section_regular et_flex_section\">\n<div class=\"et_pb_row_4 et_pb_row et_flex_row\">\n<div class=\"et_pb_column_7 et_pb_column et-last-child et_flex_column et_pb_css_mix_blend_mode_passthrough et_flex_column_24_24 et_flex_column_24_24_tablet et_flex_column_24_24_phone\">\n<div class=\"et_pb_text_5 et_pb_text et_pb_bg_layout_light et_pb_module et_flex_module\"><div class=\"et_pb_text_inner\"><h2 style=\"font-size:40px; line-height:1.2; margin-bottom:25px; color:#222;\">\n  Remarque importante<br \/>\n<\/h2>\n<p style=\"font-size:18px; line-height:1.75; color:#444; margin-bottom:18px;\">\n  Auratherm ne remplace pas une isolation thermique classique, mais agit directement \u00e0 la surface du mur.\n<\/p>\n<p style=\"font-size:18px; line-height:1.75; color:#444; margin-bottom:18px;\">\n  Les avantages sont notamment\n<\/p>\n<ul style=\"font-size:18px; line-height:1.9; color:#444; margin:0 0 22px 20px; padding:0;\">\n<li>la r\u00e9duction des risques de condensation<\/li>\n<li>l'am\u00e9lioration de la distribution de la chaleur<\/li>\n<li>l'am\u00e9lioration du confort thermique<\/li>\n<\/ul>\n<p style=\"font-size:18px; line-height:1.75; color:#444; margin-bottom:0;\">\n  Auratherm est donc particuli\u00e8rement int\u00e9ressant dans les cas o\u00f9 les mesures d'isolation classiques ne sont pas possibles, pas souhait\u00e9es ou ne peuvent \u00eatre mises en \u0153uvre qu'\u00e0 grands frais.<\/p>\n<\/div><\/div>\n<\/div>\n<\/div>\n<\/div>\n\n<div class=\"et_pb_section_3 et_pb_section et_section_regular et_flex_section\">\n<div class=\"et_pb_row_5 et_pb_row et_flex_row\">\n<div class=\"et_pb_column_8 et_pb_column et-last-child et_flex_column et_pb_css_mix_blend_mode_passthrough et_flex_column_24_24 et_flex_column_24_24_tablet et_flex_column_24_24_phone\">\n<div class=\"et_pb_text_6 et_pb_text et_pb_bg_layout_light et_pb_module et_flex_module\"><div class=\"et_pb_text_inner\"><h2 style=\"font-size:40px; line-height:1.2; margin-bottom:25px; color:#222;\">\n  Vos avantages en un coup d'\u0153il<br \/>\n<\/h2>\n<ul style=\"font-size:18px; line-height:1.95; color:#444; margin:0 0 0 20px; padding:0;\">\n<li>r\u00e9duit le risque de condensation et de moisissures<\/li>\n<li>am\u00e9liore sensiblement le confort de vie<\/li>\n<li>id\u00e9al pour les b\u00e2timents anciens, les zones \u00e0 probl\u00e8mes et les int\u00e9rieurs sensibles<\/li>\n<li>ouvert \u00e0 la diffusion et pouvant \u00eatre peint<\/li>\n<li>bon pouvoir couvrant et haut pouvoir garnissant<\/li>\n<li>application facile au pinceau, au rouleau ou par pulv\u00e9risation<\/li>\n<li>aucune mesure de construction co\u00fbteuse n'est n\u00e9cessaire<\/li>\n<\/ul>\n<\/div><\/div>\n<\/div>\n<\/div>\n<\/div>\n\n<div class=\"et_pb_section_4 et_pb_section et_section_regular et_block_section\">\n<div class=\"et_pb_row_6 et_pb_row et_block_row\">\n<div class=\"et_pb_column_9 et_pb_column et_pb_column_4_4 et-last-child et_block_column et_pb_css_mix_blend_mode_passthrough\">\n<div class=\"et_pb_text_7 et_pb_text et_pb_bg_layout_light et_pb_module et_flex_module\"><div class=\"et_pb_text_inner\"><h2 style=\"font-size:40px; line-height:1.2; margin-bottom:25px; color:#222; text-align:center;\">\n  Solution pour les murs froids et les probl\u00e8mes de moisissure<br \/>\n<\/h2>\n<p style=\"font-size:18px; line-height:1.75; color:#444; margin:0 auto; max-width:900px; text-align:center;\">\n  Vous avez de l'humidit\u00e9, des surfaces murales froides ou des probl\u00e8mes de moisissures r\u00e9currents ?<br \/>\n  Auratherm peut \u00eatre une solution judicieuse pour les zones int\u00e9rieures critiques - en particulier dans les b\u00e2timents anciens et dans les zones probl\u00e9matiques du point de vue de la physique du b\u00e2timent.<\/p>\n<\/div><\/div>\n<\/div>\n<\/div>\n\n<div class=\"et_pb_row_7 et_pb_row et_block_row\">\n<div class=\"et_pb_column_10 et_pb_column et_pb_column_4_4 et-last-child et_block_column et_pb_css_mix_blend_mode_passthrough\">\n<div class=\"et_pb_module et_pb_button_module_wrapper et_pb_button_2_wrapper\"><a class=\"et_pb_button_2 et_pb_button et_pb_bg_layout_dark et_pb_module et_block_module\" href=\"https:\/\/rebotherm.de\/thermopaste-auratherm\/\">Vers la boutique<\/a><\/div>\n<\/div>\n<\/div>\n<\/div>","protected":false},"excerpt":{"rendered":"","protected":false},"author":5,"featured_media":0,"parent":0,"menu_order":0,"comment_status":"closed","ping_status":"closed","template":"","meta":{"_acf_changed":false,"footnotes":""},"class_list":["post-29563","page","type-page","status-publish","hentry"],"acf":[],"_links":{"self":[{"href":"https:\/\/rebotherm.de\/fr\/wp-json\/wp\/v2\/pages\/29563","targetHints":{"allow":["GET"]}}],"collection":[{"href":"https:\/\/rebotherm.de\/fr\/wp-json\/wp\/v2\/pages"}],"about":[{"href":"https:\/\/rebotherm.de\/fr\/wp-json\/wp\/v2\/types\/page"}],"author":[{"embeddable":true,"href":"https:\/\/rebotherm.de\/fr\/wp-json\/wp\/v2\/users\/5"}],"replies":[{"embeddable":true,"href":"https:\/\/rebotherm.de\/fr\/wp-json\/wp\/v2\/comments?post=29563"}],"version-history":[{"count":2,"href":"https:\/\/rebotherm.de\/fr\/wp-json\/wp\/v2\/pages\/29563\/revisions"}],"predecessor-version":[{"id":42709,"href":"https:\/\/rebotherm.de\/fr\/wp-json\/wp\/v2\/pages\/29563\/revisions\/42709"}],"wp:attachment":[{"href":"https:\/\/rebotherm.de\/fr\/wp-json\/wp\/v2\/media?parent=29563"}],"curies":[{"name":"wp","href":"https:\/\/api.w.org\/{rel}","templated":true}]}}