{"id":30228,"date":"2024-06-13T17:06:27","date_gmt":"2024-06-13T15:06:27","guid":{"rendered":"https:\/\/rebotherm.de\/expedition-livraison\/"},"modified":"2024-07-04T17:19:31","modified_gmt":"2024-07-04T15:19:31","slug":"expedition-livraison","status":"publish","type":"page","link":"https:\/\/rebotherm.de\/fr\/expedition-livraison\/","title":{"rendered":"Exp\u00e9dition &amp; livraison"},"content":{"rendered":"<p><div class=\"et_d4_element et_pb_section et_pb_section_0  et_pb_css_mix_blend_mode et_section_regular section_has_divider et_pb_bottom_divider et_block_section\" >\n\t\t\t\t\n\t\t\t\t\n\t\t\t\t\n\t\t\t\t\n\t\t\t\t\n\t\t\t\t\n\t\t\t\t<div class=\"et_d4_element et_pb_row et_pb_row_0  et_pb_css_mix_blend_mode et_block_row\">\n\t\t\t\t<div class=\"et_d4_element et_pb_column_4_4 et_pb_column et_pb_column_0  et_pb_css_mix_blend_mode et-last-child et_block_column\">\n\t\t\t\t\n\t\t\t\t\n\t\t\t\t\n\t\t\t\t\n\t\t\t\t<div class=\"et_pb_module et_d4_element et_pb_text et_pb_text_0  et_pb_text_align_left et_pb_bg_layout_light\">\n\t\t\t\t\n\t\t\t\t\n\t\t\t\t\n\t\t\t\t\n\t\t\t\t<div class=\"et_pb_text_inner\"><h1 style=\"text-align: center;\">Exp\u00e9dition &amp; livraisons<\/h1><\/div>\n\t\t\t<\/div>\n\t\t\t<\/div>\n\t\t\t\t\n\t\t\t\t\n\t\t\t\t\n\t\t\t\t\n\t\t\t<\/div>\n\t\t\t\t\n\t\t\t\t<div class=\"et_pb_bottom_inside_divider et-no-transition\"><\/div>\n\t\t\t<\/div><div class=\"et_d4_element et_pb_section et_pb_section_1 et_pb_with_background  et_pb_css_mix_blend_mode et_section_regular et_block_section\" >\n\t\t\t\t\n\t\t\t\t\n\t\t\t\t\n\t\t\t\t\n\t\t\t\t\n\t\t\t\t\n\t\t\t\t<div id=\"kontakt\" class=\"et_d4_element et_pb_row et_pb_row_1  et_pb_css_mix_blend_mode et_block_row\">\n\t\t\t\t<div class=\"et_d4_element et_pb_column_4_4 et_pb_column et_pb_column_1  et_pb_css_mix_blend_mode et-last-child et_block_column\">\n\t\t\t\t\n\t\t\t\t\n\t\t\t\t\n\t\t\t\t\n\t\t\t\t<div class=\"et_pb_module et_d4_element et_pb_text et_pb_text_1  et_pb_text_align_left et_pb_bg_layout_light\">\n\t\t\t\t\n\t\t\t\t\n\t\t\t\t\n\t\t\t\t\n\t\t\t\t<div class=\"et_pb_text_inner\"><p style=\"text-align: left;\">En principe, nous vous proposons deux options d'exp\u00e9dition. Pour les petites livraisons, nous utilisons DHL. Pour les livraisons plus importantes, nous utilisons le service d'exp\u00e9dition <a href=\"https:\/\/cargoboard.com\/de\" target=\"_blank\" rel=\"noopener\">cargoboard.<\/a> Sur cette page, vous trouverez toutes les informations pertinentes sur tous les types de livraisons que vous recevrez de notre part.<\/p><\/div>\n\t\t\t<\/div>\n\t\t\t<\/div>\n\t\t\t\t\n\t\t\t\t\n\t\t\t\t\n\t\t\t\t\n\t\t\t<\/div><div id=\"kontakt\" class=\"et_d4_element et_pb_row et_pb_row_2  et_pb_css_mix_blend_mode et_block_row\">\n\t\t\t\t<div class=\"et_d4_element et_pb_column_3_4 et_pb_column et_pb_column_2  et_pb_css_mix_blend_mode et_block_column\">\n\t\t\t\t\n\t\t\t\t\n\t\t\t\t\n\t\t\t\t\n\t\t\t\t<div class=\"et_pb_module et_d4_element et_pb_text et_pb_text_2  et_pb_text_align_left et_pb_bg_layout_light\">\n\t\t\t\t\n\t\t\t\t\n\t\t\t\t\n\t\t\t\t\n\t\t\t\t<div class=\"et_pb_text_inner\"><p><strong>Option 1 : Envoi par DHL<\/strong><\/p><\/div>\n\t\t\t<\/div><div class=\"et_pb_module et_d4_element et_pb_text et_pb_text_3  et_pb_text_align_left et_pb_bg_layout_light\">\n\t\t\t\t\n\t\t\t\t\n\t\t\t\t\n\t\t\t\t\n\t\t\t\t<div class=\"et_pb_text_inner\"><p>Pour les petites livraisons, nous utilisons DHL pour exp\u00e9dier vos marchandises. L'exp\u00e9dition par DHL co\u00fbte un montant forfaitaire de 8,49 \u20ac pour toutes les commandes qui peuvent \u00eatre envoy\u00e9es en colis. Toutefois, si le produit que vous avez command\u00e9 est consid\u00e9r\u00e9 comme un colis encombrant en raison de ses dimensions, le prix passe forfaitairement \u00e0 28\u20ac pour le transport de colis encombrants via DHL (par exemple pour le <a href=\"https:\/\/rebotherm.de\/fr\/isolation-interieure\/\">Superwall<\/a>). Le d\u00e9lai d'exp\u00e9dition est g\u00e9n\u00e9ralement de 3 \u00e0 5 jours ouvrables.<\/p><\/div>\n\t\t\t<\/div>\n\t\t\t<\/div><div class=\"et_d4_element et_pb_column_1_4 et_pb_column et_pb_column_3  et_pb_css_mix_blend_mode et-last-child et_block_column\">\n\t\t\t\t\n\t\t\t\t\n\t\t\t\t\n\t\t\t\t\n\t\t\t\t<div class=\"et_pb_module et_d4_element et_pb_image et_pb_image_0\">\n\t\t\t\t\n\t\t\t\t\n\t\t\t\t\n\t\t\t\t\n\t\t\t\t<span class=\"et_pb_image_wrap \"><img decoding=\"async\" width=\"120\" height=\"40\" src=\"https:\/\/rebotherm.de\/wp-content\/uploads\/2024\/06\/DHL-Versandmethode-rebotherm-shop.png\" alt=\"DHL comme m\u00e9thode d&amp;apos;exp\u00e9dition de rebotherm\" title=\"M\u00e9thode d&amp;apos;exp\u00e9dition DHL-rebotherm-shop\" class=\"wp-image-29685\" \/><\/span>\n\t\t\t<\/div>\n\t\t\t<\/div>\n\t\t\t\t\n\t\t\t\t\n\t\t\t\t\n\t\t\t\t\n\t\t\t<\/div><div id=\"kontakt\" class=\"et_d4_element et_pb_row et_pb_row_3  et_pb_css_mix_blend_mode et_block_row\">\n\t\t\t\t<div class=\"et_d4_element et_pb_column_1_2 et_pb_column et_pb_column_4  et_pb_css_mix_blend_mode et_block_column\">\n\t\t\t\t\n\t\t\t\t\n\t\t\t\t\n\t\t\t\t\n\t\t\t\t<div class=\"et_pb_module et_d4_element et_pb_text et_pb_text_4  et_pb_text_align_left et_pb_bg_layout_light\">\n\t\t\t\t\n\t\t\t\t\n\t\t\t\t\n\t\t\t\t\n\t\t\t\t<div class=\"et_pb_text_inner\"><p><strong>Option 2 : Exp\u00e9dition par transporteur (cargoboard)<\/strong><\/p><\/div>\n\t\t\t<\/div><div class=\"et_pb_module et_d4_element et_pb_text et_pb_text_5  et_pb_text_align_left et_pb_bg_layout_light\">\n\t\t\t\t\n\t\t\t\t\n\t\t\t\t\n\t\t\t\t\n\t\t\t\t<div class=\"et_pb_text_inner\"><p>Si les marchandises que vous avez command\u00e9es doivent \u00eatre envoy\u00e9es par une entreprise de transport, les frais s'\u00e9l\u00e8vent \u00e0 un montant forfaitaire de 98 \u20ac.<\/p><\/div>\n\t\t\t<\/div><div class=\"et_pb_module et_d4_element et_pb_text et_pb_text_6  et_pb_text_align_left et_pb_bg_layout_light\">\n\t\t\t\t\n\t\t\t\t\n\t\t\t\t\n\t\t\t\t\n\t\t\t\t<div class=\"et_pb_text_inner\"><p><strong>D\u00e9roulement de l'exp\u00e9dition<br \/><span style=\"font-weight: 400;\">Les articles consid\u00e9r\u00e9s comme encombrants en raison de leur taille ou de leur poids sont envoy\u00e9s par le transporteur <\/span><a href=\"https:\/\/cargoboard.com\/de\" target=\"_blank\" rel=\"noopener\"><br \/>\n  <span style=\"font-weight: 400;\">Cargoboard<\/span><br \/>\n<\/a><span style=\"font-weight: 400;\"> \u00e0 l'endroit de votre choix. Le d\u00e9lai de livraison pour l'exp\u00e9dition par transporteur d\u00e9pend du lieu de livraison.<\/p>\n<p>Aper\u00e7u de la proc\u00e9dure :<\/span><\/strong><\/p>\n<ol>\n<li> <span style=\"font-weight: 400;\"> Une fois votre commande pass\u00e9e, l'ordre d'enl\u00e8vement est transmis \u00e0 la soci\u00e9t\u00e9 de transport <\/span><a href=\"https:\/\/cargoboard.com\/de\" target=\"_blank\" rel=\"noopener\"><br \/>\n  <span style=\"font-weight: 400;\">Cargoboard<\/span><br \/>\n<\/a><span style=\"font-weight: 400;\"> est enregistr\u00e9 et les marchandises sont enlev\u00e9es.<\/span><span style=\"font-weight: 400;\"><\/p>\n<p><\/span><\/li>\n<li><span style=\"font-weight: 400;\">  Vous recevrez un num\u00e9ro d'exp\u00e9dition de Cargoboard et pourrez suivre facilement votre envoi.  <\/span><span style=\"font-weight: 400;\">\n<p><\/span><\/li>\n<li><span style=\"font-weight: 400;\">  Apr\u00e8s l'arriv\u00e9e dans la r\u00e9gion de destination, Cargoboard vous informe en temps utile de la date de livraison par e-mail.<\/span><\/li>\n<\/ol>\n<p><strong><span style=\"font-weight: 400;\"><\/span><br \/><\/strong><\/p><\/div>\n\t\t\t<\/div>\n\t\t\t<\/div><div class=\"et_d4_element et_pb_column_1_2 et_pb_column et_pb_column_5  et_pb_css_mix_blend_mode et-last-child et_block_column\">\n\t\t\t\t\n\t\t\t\t\n\t\t\t\t\n\t\t\t\t\n\t\t\t\t<div class=\"et_pb_module et_d4_element et_pb_image et_pb_image_1\">\n\t\t\t\t\n\t\t\t\t\n\t\t\t\t\n\t\t\t\t\n\t\t\t\t<span class=\"et_pb_image_wrap \"><img decoding=\"async\" width=\"500\" height=\"500\" src=\"https:\/\/rebotherm.de\/wp-content\/uploads\/2024\/06\/versanddauer-speditionsversand-mit-cargoboard.png\" alt=\"Dur\u00e9e de l&amp;apos;exp\u00e9dition Sepditionsversand mit Cargoboard\" title=\"dur\u00e9e-exp\u00e9dition-exp\u00e9dition-avec-cargoboard\" srcset=\"https:\/\/rebotherm.de\/wp-content\/uploads\/2024\/06\/versanddauer-speditionsversand-mit-cargoboard.png 500w, https:\/\/rebotherm.de\/wp-content\/uploads\/2024\/06\/versanddauer-speditionsversand-mit-cargoboard-480x480.png 480w\" sizes=\"(min-width: 0px) and (max-width: 480px) 480px, (min-width: 481px) 500px, 100vw\" class=\"wp-image-30235\" \/><\/span>\n\t\t\t<\/div>\n\t\t\t<\/div>\n\t\t\t\t\n\t\t\t\t\n\t\t\t\t\n\t\t\t\t\n\t\t\t<\/div><div id=\"kontakt\" class=\"et_d4_element et_pb_row et_pb_row_4  et_pb_css_mix_blend_mode et_block_row\">\n\t\t\t\t<div class=\"et_d4_element et_pb_column_4_4 et_pb_column et_pb_column_6  et_pb_css_mix_blend_mode et-last-child et_block_column\">\n\t\t\t\t\n\t\t\t\t\n\t\t\t\t\n\t\t\t\t\n\t\t\t\t<div class=\"et_pb_module et_d4_element et_pb_text et_pb_text_7  et_pb_text_align_left et_pb_bg_layout_light\">\n\t\t\t\t\n\t\t\t\t\n\t\t\t\t\n\t\t\t\t\n\t\t\t\t<div class=\"et_pb_text_inner\"><p><strong>Foire aux questions sur l'exp\u00e9dition avec cargoboard<\/strong><\/p><\/div>\n\t\t\t<\/div><div class=\"et_pb_module et_d4_element et_pb_text et_pb_text_8  et_pb_text_align_left et_pb_bg_layout_light\">\n\t\t\t\t\n\t\t\t\t\n\t\t\t\t\n\t\t\t\t\n\t\t\t\t<div class=\"et_pb_text_inner\"><p><strong>Existe-t-il un suivi des envois ?<\/strong><\/p>\n<p><span style=\"font-weight: 400;\">Pour acc\u00e9der au suivi des envois de Cargoboard, il vous suffit de visiter la page <\/span><a href=\"https:\/\/my.cargoboard.com\/de\/tracking\" target=\"_blank\" rel=\"noopener\"><br \/>\n  <span style=\"font-weight: 400;\">https:\/\/my.cargoboard.com\/de\/tracking<\/span><br \/>\n<\/a><span style=\"font-weight: 400;\">. Ici, vous pouvez consulter le statut de votre envoi apr\u00e8s avoir saisi le code postal et le num\u00e9ro d'envoi. Vous recevrez le num\u00e9ro d'envoi par e-mail, et nous vous le fournirons volontiers sur demande.<\/span><\/p>\n<p><strong>Que puis-je faire si je ne suis pas chez moi au moment de la livraison ?<\/strong><\/p>\n<p><span style=\"font-weight: 400;\">Il est possible d'accorder \u00e0 Cargoboard une autorisation de stationnement. Si n\u00e9cessaire, ce service suppl\u00e9mentaire peut \u00eatre r\u00e9serv\u00e9 par notre interm\u00e9diaire. Vous aussi, en tant que b\u00e9n\u00e9ficiaire, pouvez utiliser ce service aupr\u00e8s du  <\/span><a href=\"https:\/\/cargoboard.com\/de\/kontakt\/kundenservice\" target=\"_blank\" rel=\"noopener\"><br \/>\n  <span style=\"font-weight: 400;\">\u00c9quipe de service Cargoboard<\/span><br \/>\n<\/a><span style=\"font-weight: 400;\"> pour r\u00e9server.<\/span><\/p>\n<p><strong>Puis-je prendre rendez-vous pour la livraison par t\u00e9l\u00e9phone ?<\/strong><\/p>\n<p><span style=\"font-weight: 400;\">Oui, Cargoboard offre la possibilit\u00e9 de convenir d'une date de livraison par t\u00e9l\u00e9phone en prenant rendez-vous. Ce service n'est toutefois disponible que s'il a \u00e9t\u00e9 r\u00e9serv\u00e9 en plus aupr\u00e8s de Cargoboard. Si ce n'est pas le cas, il est possible de r\u00e9server ce service par notre interm\u00e9diaire apr\u00e8s coup. Cet ajout ult\u00e9rieur doit \u00eatre signal\u00e9 au plus tard un jour avant la livraison.<\/span><\/p>\n<p><strong>J'ai une question sur l'\u00e9mission, \u00e0 qui puis-je m'adresser ?  <\/strong><\/p>\n<p><span style=\"font-weight: 400;\">Utilisez simplement le chat en direct sur le <\/span><a href=\"https:\/\/cargoboard.com\/de\" target=\"_blank\" rel=\"noopener\"><br \/>\n  <span style=\"font-weight: 400;\">sur le site<\/span><br \/>\n<\/a><span style=\"font-weight: 400;\"> - Vous pouvez \u00e9galement contacter le service Cargoboard par e-mail (service@cargoboard.com) et par t\u00e9l\u00e9phone. <\/span><a href=\"https:\/\/cargoboard.com\/de\/kontakt\/kundenservice\" target=\"_blank\" rel=\"noopener\"><br \/>\n  <span style=\"font-weight: 400;\">t\u00e9l\u00e9phone<\/span><br \/>\n<\/a><span style=\"font-weight: 400;\"> ou par t\u00e9l\u00e9phone.<\/span><\/p>\n<p><strong>La livraison s'effectue-t-elle franco bord de trottoir ?<\/strong><\/p>\n<p><span style=\"font-weight: 400;\">La livraison standard s'effectue franco bord de trottoir. Cela signifie que la livraison est effectu\u00e9e \u00e0 l'adresse souhait\u00e9e, mais seulement jusqu'au bord du trottoir.<\/span><\/p><\/div>\n\t\t\t<\/div>\n\t\t\t<\/div>\n\t\t\t\t\n\t\t\t\t\n\t\t\t\t\n\t\t\t\t\n\t\t\t<\/div>\n\t\t\t\t\n\t\t\t\t\n\t\t\t<\/div><\/p>\n","protected":false},"excerpt":{"rendered":"","protected":false},"author":5,"featured_media":0,"parent":0,"menu_order":0,"comment_status":"closed","ping_status":"closed","template":"","meta":{"_acf_changed":false,"_et_pb_use_builder":"on","_et_pb_old_content":"","_et_gb_content_width":"","footnotes":""},"class_list":["post-30228","page","type-page","status-publish","hentry"],"acf":[],"_links":{"self":[{"href":"https:\/\/rebotherm.de\/fr\/wp-json\/wp\/v2\/pages\/30228","targetHints":{"allow":["GET"]}}],"collection":[{"href":"https:\/\/rebotherm.de\/fr\/wp-json\/wp\/v2\/pages"}],"about":[{"href":"https:\/\/rebotherm.de\/fr\/wp-json\/wp\/v2\/types\/page"}],"author":[{"embeddable":true,"href":"https:\/\/rebotherm.de\/fr\/wp-json\/wp\/v2\/users\/5"}],"replies":[{"embeddable":true,"href":"https:\/\/rebotherm.de\/fr\/wp-json\/wp\/v2\/comments?post=30228"}],"version-history":[{"count":0,"href":"https:\/\/rebotherm.de\/fr\/wp-json\/wp\/v2\/pages\/30228\/revisions"}],"wp:attachment":[{"href":"https:\/\/rebotherm.de\/fr\/wp-json\/wp\/v2\/media?parent=30228"}],"curies":[{"name":"wp","href":"https:\/\/api.w.org\/{rel}","templated":true}]}}