{"id":39317,"date":"2025-12-02T22:22:10","date_gmt":"2025-12-02T21:22:10","guid":{"rendered":"https:\/\/rebotherm.de\/structure-de-plancher-en-aerogel\/"},"modified":"2025-12-02T22:27:09","modified_gmt":"2025-12-02T21:27:09","slug":"structure-de-plancher-en-aerogel","status":"publish","type":"page","link":"https:\/\/rebotherm.de\/fr\/structure-de-plancher-en-aerogel\/","title":{"rendered":"Structure de plancher en a\u00e9rogel"},"content":{"rendered":"<p>[et_pb_section fb_built=\u00a0\u00bb1&Prime; _builder_version=\u00a0\u00bb4.27.4&Prime; _module_preset=\u00a0\u00bbdefault\u00a0\u00bb global_colors_info=\u00a0\u00bb{}\u00a0\u00bb][et_pb_row _builder_version=\u00a0\u00bb4.27.4&Prime; _module_preset=\u00a0\u00bbdefault\u00a0\u00bb global_colors_info=\u00a0\u00bb{}\u00a0\u00bb][et_pb_column type=\u00a0\u00bb4_4&Prime; _builder_version=\u00a0\u00bb4.27.4&Prime; _module_preset=\u00a0\u00bbdefault\u00a0\u00bb global_colors_info=\u00a0\u00bb{}\u00a0\u00bb][et_pb_text _builder_version=\u00a0\u00bb4.27.4&Prime; _module_preset=\u00a0\u00bbdefault\u00a0\u00bb global_colors_info=\u00a0\u00bb{}\u00a0\u00bb]<\/p>\n<h1>Structure de plancher en a\u00e9rogel \u2013 performance d&rsquo;isolation maximale pour une hauteur minimale<\/h1>\n<p>Une <strong>structure de plancher en a\u00e9rogel<\/strong> offre l&rsquo;une des fa\u00e7ons les plus efficaces d&rsquo;obtenir une excellente performance d&rsquo;isolation avec une hauteur de construction minimale. Une structure de plancher en a\u00e9rogel est particuli\u00e8rement adapt\u00e9e aux r\u00e9novations, aux b\u00e2timents anciens et aux modernisations avec un espace limit\u00e9, car l&rsquo;a\u00e9rogel permet une isolation thermique exceptionnelle malgr\u00e9 une \u00e9paisseur de mat\u00e9riau extr\u00eamement faible. En combinaison avec un chauffage au sol moderne dans un syst\u00e8me sec, on obtient une structure de plancher \u00e9co\u00e9nerg\u00e9tique, durable et stable.  <\/p>\n<p>[\/et_pb_text][\/et_pb_column][\/et_pb_row][et_pb_row _builder_version=\u00a0\u00bb4.27.4&Prime; _module_preset=\u00a0\u00bbdefault\u00a0\u00bb global_colors_info=\u00a0\u00bb{}\u00a0\u00bb][et_pb_column type=\u00a0\u00bb4_4&Prime; _builder_version=\u00a0\u00bb4.27.4&Prime; _module_preset=\u00a0\u00bbdefault\u00a0\u00bb global_colors_info=\u00a0\u00bb{}\u00a0\u00bb][et_pb_text _builder_version=\u00a0\u00bb4.27.4&Prime; _module_preset=\u00a0\u00bbdefault\u00a0\u00bb global_colors_info=\u00a0\u00bb{}\u00a0\u00bb]<\/p>\n<h2>Qu&rsquo;est-ce que l&rsquo;isolation en a\u00e9rogel et pourquoi est-elle id\u00e9ale pour le plancher ?<\/h2>\n<p>L&rsquo;a\u00e9rogel est l&rsquo;un des mat\u00e9riaux d&rsquo;isolation les plus modernes et les plus performants au monde. En raison de sa tr\u00e8s faible conductivit\u00e9 thermique (\u03bb \u2248 0,014\u20130,018 W\/mK), il est parfait pour les <g id=\"gid_0\">structures de plancher avec une faible hauteur de construction<\/g>. Les nattes d&rsquo;isolation sont flexibles, tr\u00e8s efficaces et hydrofuges \u2013 id\u00e9ales pour les r\u00e9novations, les b\u00e2timents anciens et les modernisations \u00e9nerg\u00e9tiques.  <\/p>\n<ul>\n<li>performance d&rsquo;isolation extr\u00eamement \u00e9lev\u00e9e<\/li>\n<li>id\u00e9al pour les faibles hauteurs de construction<\/li>\n<li>hydrophobe (n&rsquo;absorbe pas l&rsquo;humidit\u00e9)<\/li>\n<li>facile \u00e0 mettre en \u0153uvre<\/li>\n<li>compl\u00e9ment optimal aux chauffages au sol \u00e0 syst\u00e8me sec<\/li>\n<\/ul>\n<p>[\/et_pb_text][\/et_pb_column][\/et_pb_row][et_pb_row _builder_version=\u00a0\u00bb4.27.4&Prime; _module_preset=\u00a0\u00bbdefault\u00a0\u00bb global_colors_info=\u00a0\u00bb{}\u00a0\u00bb][et_pb_column type=\u00a0\u00bb4_4&Prime; _builder_version=\u00a0\u00bb4.27.4&Prime; _module_preset=\u00a0\u00bbdefault\u00a0\u00bb global_colors_info=\u00a0\u00bb{}\u00a0\u00bb][et_pb_text _builder_version=\u00a0\u00bb4.27.4&Prime; _module_preset=\u00a0\u00bbdefault\u00a0\u00bb global_colors_info=\u00a0\u00bb{}\u00a0\u00bb]<\/p>\n<h2>L&rsquo;isolation en a\u00e9rogel n&rsquo;est pas r\u00e9sistante \u00e0 la pression \u2013 pourquoi c&rsquo;est important<\/h2>\n<p>Pour une utilisation sous un chauffage au sol, il est essentiel que <strong>l&rsquo;a\u00e9rogel ne soit pas r\u00e9sistant \u00e0 la pression<\/strong>. Il assume exclusivement la fonction d&rsquo;isolation. Pour que le sol reste stable \u00e0 long terme, une <strong>couche de r\u00e9partition de la charge, r\u00e9sistante \u00e0 la pression<\/strong>, doit toujours \u00eatre install\u00e9e au-dessus de l&rsquo;a\u00e9rogel.  <\/p>\n<p>Les couches appropri\u00e9es sont par exemple :<\/p>\n<ul>\n<li>Panneaux de chape s\u00e8che (par ex. Fermacell)<\/li>\n<li>Panneaux OSB<\/li>\n<li>panneaux de syst\u00e8me sec propres au syst\u00e8me du chauffage au sol<\/li>\n<\/ul>\n<p>C&rsquo;est la seule fa\u00e7on de r\u00e9partir la charge uniform\u00e9ment et de garantir que le sol reste durablement r\u00e9sistant.<\/p>\n<p>[\/et_pb_text][\/et_pb_column][\/et_pb_row][et_pb_row _builder_version=\u00a0\u00bb4.27.4&Prime; _module_preset=\u00a0\u00bbdefault\u00a0\u00bb global_colors_info=\u00a0\u00bb{}\u00a0\u00bb][et_pb_column type=\u00a0\u00bb4_4&Prime; _builder_version=\u00a0\u00bb4.27.4&Prime; _module_preset=\u00a0\u00bbdefault\u00a0\u00bb global_colors_info=\u00a0\u00bb{}\u00a0\u00bb][et_pb_text _builder_version=\u00a0\u00bb4.27.4&Prime; _module_preset=\u00a0\u00bbdefault\u00a0\u00bb global_colors_info=\u00a0\u00bb{}\u00a0\u00bb]<\/p>\n<h2>Structure de couche en d\u00e9tail : voici \u00e0 quoi ressemble une structure de plancher en a\u00e9rogel moderne<\/h2>\n<p>[\/et_pb_text][\/et_pb_column][\/et_pb_row][et_pb_row column_structure=\u00a0\u00bb1_2,1_2&Prime; _builder_version=\u00a0\u00bb4.27.4&Prime; _module_preset=\u00a0\u00bbdefault\u00a0\u00bb min_height=\u00a0\u00bb469px\u00a0\u00bb custom_margin=\u00a0\u00bb10px||0px||false|false\u00a0\u00bb custom_padding=\u00a0\u00bb0px||0px||false|false\u00a0\u00bb global_colors_info=\u00a0\u00bb{}\u00a0\u00bb][et_pb_column type=\u00a0\u00bb1_2&Prime; _builder_version=\u00a0\u00bb4.27.4&Prime; _module_preset=\u00a0\u00bbdefault\u00a0\u00bb global_colors_info=\u00a0\u00bb{}\u00a0\u00bb][et_pb_text _builder_version=\u00a0\u00bb4.27.4&Prime; _module_preset=\u00a0\u00bbdefault\u00a0\u00bb hover_enabled=\u00a0\u00bb0&Prime; global_colors_info=\u00a0\u00bb{}\u00a0\u00bb sticky_enabled=\u00a0\u00bb0&Prime; text_font_size=\u00a0\u00bb16px\u00a0\u00bb text_line_height=\u00a0\u00bb1.1em\u00a0\u00bb text_font=\u00a0\u00bb||||||||\u00a0\u00bb]<\/p>\n<h2><\/h2>\n<p>Pour une utilisation sous un syst\u00e8me sec, nous recommandons la structure suivante :<\/p>\n<h2 data-start=\"491\" data-end=\"572\"><strong data-start=\"491\" data-end=\"530\">Rev\u00eatement de sol<\/strong> (vinyle, parquet, carrelage)<\/h2>\n<h2 data-start=\"573\" data-end=\"634\"><strong data-start=\"573\" data-end=\"592\">Masse d&rsquo;\u00e9galisation<\/strong><\/h2>\n<h2 data-start=\"635\" data-end=\"715\"><strong data-start=\"635\" data-end=\"673\">Film chauffant en carbone<\/strong> (chauffage infrarouge)<\/h2>\n<h2 data-start=\"716\" data-end=\"789\"><strong data-start=\"716\" data-end=\"747\">Couche d&rsquo;adh\u00e9sif \/ enduit<\/strong><\/h2>\n<h2 data-start=\"790\" data-end=\"882\"><strong data-start=\"790\" data-end=\"840\">Couche de r\u00e9partition de la charge<\/strong> (OSB \/ chape s\u00e8che)<\/h2>\n<h2 data-start=\"883\" data-end=\"966\"><strong data-start=\"883\" data-end=\"924\">Isolation en a\u00e9rogel<\/strong> (une ou deux couches)<\/h2>\n<p data-start=\"967\" data-end=\"992\"><strong data-start=\"967\" data-end=\"992\">Plafond brut \/ support<\/strong><\/p>\n<p data-start=\"967\" data-end=\"992\"><strong data-start=\"967\" data-end=\"992\"><br \/><\/strong>Cette structure assure une efficacit\u00e9 \u00e9nerg\u00e9tique \u00e9lev\u00e9e, une stabilit\u00e9 et une durabilit\u00e9 \u2013 m\u00eame avec une hauteur de construction extr\u00eamement limit\u00e9e. Les excellentes valeurs d&rsquo;isolation emp\u00eachent une dissipation thermique ind\u00e9sirable vers le bas, tandis que la couche de chape s\u00e8che ou d&rsquo;OSB r\u00e9partit la charge de mani\u00e8re fiable et prot\u00e8ge de mani\u00e8re optimale le film chauffant en carbone. <\/p>\n<p>&nbsp;<\/p>\n<p>&nbsp;<\/p>\n<p>[\/et_pb_text][\/et_pb_column][et_pb_column type=\u00a0\u00bb1_2&Prime; _builder_version=\u00a0\u00bb4.27.4&Prime; _module_preset=\u00a0\u00bbdefault\u00a0\u00bb global_colors_info=\u00a0\u00bb{}\u00a0\u00bb][et_pb_code _builder_version=\u00a0\u00bb4.27.4&Prime; _module_preset=\u00a0\u00bbdefault\u00a0\u00bb custom_margin=\u00a0\u00bb|0px||0px|false|false\u00a0\u00bb custom_padding=\u00a0\u00bb|0px||0px|false|false\u00a0\u00bb hover_enabled=\u00a0\u00bb0&Prime; global_colors_info=\u00a0\u00bb{}\u00a0\u00bb sticky_enabled=\u00a0\u00bb0&Prime;]<svg  role=\"img\"  aria-label=\"Aerogel Fu\u00dfbodenaufbau \u2013 schematische Darstellung der Bodenschichten\"  xmlns=\"http:\/\/www.w3.org\/2000\/svg\"  viewBox=\"0 0 800 900\"  width=\"100%\"  preserveAspectRatio=\"xMidYMid meet\"  style=\"display:block; width:100%; height:auto; margin:0 auto;\"><!-- [et_pb_line_break_holder] -->  <\/p>\n<style><!-- [et_pb_line_break_holder] -->    text {<!-- [et_pb_line_break_holder] -->      font-family: Arial, system-ui, -apple-system, BlinkMacSystemFont, sans-serif;<!-- [et_pb_line_break_holder] -->      font-size: 20px;<!-- [et_pb_line_break_holder] -->      fill: #222;<!-- [et_pb_line_break_holder] -->    }<!-- [et_pb_line_break_holder] -->  <\/style>\n<p><!-- [et_pb_line_break_holder] --><!-- [et_pb_line_break_holder] -->  <!-- Bodenbelag --><!-- [et_pb_line_break_holder] -->  <rect x=\"50\" y=\"40\" width=\"700\" height=\"90\" rx=\"12\" ry=\"12\" fill=\"#f5f5f5\" stroke=\"#bdbdbd\" stroke-width=\"2\"><\/rect><!-- [et_pb_line_break_holder] -->  <text x=\"70\" y=\"95\">Rev\u00eatement de sol (vinyle, parquet, carrelage)<\/text><!-- [et_pb_line_break_holder] --><!-- [et_pb_line_break_holder] -->  <!-- Ausgleichsmasse --><!-- [et_pb_line_break_holder] -->  <rect x=\"50\" y=\"160\" width=\"700\" height=\"90\" rx=\"12\" ry=\"12\" fill=\"#eeeeee\" stroke=\"#bdbdbd\" stroke-width=\"2\"><\/rect><!-- [et_pb_line_break_holder] -->  <text x=\"70\" y=\"215\">Masse d&rsquo;\u00e9galisation<\/text><!-- [et_pb_line_break_holder] --><!-- [et_pb_line_break_holder] -->  <!-- Carbon-Heizfolie --><!-- [et_pb_line_break_holder] -->  <rect x=\"50\" y=\"280\" width=\"700\" height=\"90\" rx=\"12\" ry=\"12\" fill=\"#ffe0b2\" stroke=\"#ffb74d\" stroke-width=\"2\"><\/rect><!-- [et_pb_line_break_holder] -->  <text x=\"70\" y=\"335\">Film chauffant en carbone (chauffage infrarouge)<\/text><!-- [et_pb_line_break_holder] --><!-- [et_pb_line_break_holder] -->  <!-- Kleberschicht \/ Spachtelung --><!-- [et_pb_line_break_holder] -->  <rect x=\"50\" y=\"400\" width=\"700\" height=\"90\" rx=\"12\" ry=\"12\" fill=\"#e8f5e9\" stroke=\"#a5d6a7\" stroke-width=\"2\"><\/rect><!-- [et_pb_line_break_holder] -->  <text x=\"70\" y=\"455\">Couche d&rsquo;adh\u00e9sif \/ enduit<\/text><!-- [et_pb_line_break_holder] --><!-- [et_pb_line_break_holder] -->  <!-- Lastverteilende Schicht --><!-- [et_pb_line_break_holder] -->  <rect x=\"50\" y=\"520\" width=\"700\" height=\"90\" rx=\"12\" ry=\"12\" fill=\"#e3f2fd\" stroke=\"#90caf9\" stroke-width=\"2\"><\/rect><!-- [et_pb_line_break_holder] -->  <text x=\"70\" y=\"575\">Couche de r\u00e9partition de la charge (OSB \/ chape s\u00e8che)<\/text><!-- [et_pb_line_break_holder] --><!-- [et_pb_line_break_holder] -->  <!-- Aerogel-D\u00e4mmung --><!-- [et_pb_line_break_holder] -->  <rect x=\"50\" y=\"640\" width=\"700\" height=\"90\" rx=\"12\" ry=\"12\" fill=\"#ede7f6\" stroke=\"#b39ddb\" stroke-width=\"2\"><\/rect><!-- [et_pb_line_break_holder] -->  <text x=\"70\" y=\"695\">Isolation en a\u00e9rogel (1\u20132 couches)<\/text><!-- [et_pb_line_break_holder] --><!-- [et_pb_line_break_holder] -->  <!-- Rohdecke \/ Untergrund --><!-- [et_pb_line_break_holder] -->  <rect x=\"50\" y=\"760\" width=\"700\" height=\"90\" rx=\"12\" ry=\"12\" fill=\"#e0e0e0\" stroke=\"#9e9e9e\" stroke-width=\"2\"><\/rect><!-- [et_pb_line_break_holder] -->  <text x=\"70\" y=\"815\">Plafond brut \/ support<\/text><!-- [et_pb_line_break_holder] --><\/svg><!-- [et_pb_line_break_holder] -->[\/et_pb_code][\/et_pb_column][\/et_pb_row][et_pb_row _builder_version=\u00a0\u00bb4.27.4&Prime; _module_preset=\u00a0\u00bbdefault\u00a0\u00bb global_colors_info=\u00a0\u00bb{}\u00a0\u00bb][et_pb_column type=\u00a0\u00bb4_4&Prime; _builder_version=\u00a0\u00bb4.27.4&Prime; _module_preset=\u00a0\u00bbdefault\u00a0\u00bb global_colors_info=\u00a0\u00bb{}\u00a0\u00bb][et_pb_text _builder_version=\u00a0\u00bb4.27.4&Prime; _module_preset=\u00a0\u00bbdefault\u00a0\u00bb global_colors_info=\u00a0\u00bb{}\u00a0\u00bb]<\/p>\n<h2>Double isolation en a\u00e9rogel \u2013 plus de performance d&rsquo;isolation dans un espace r\u00e9duit<\/h2>\n<p>Une <strong>isolation en a\u00e9rogel \u00e0 deux couches<\/strong> augmente consid\u00e9rablement l&rsquo;effet isolant sans modifier massivement la hauteur du sol. La r\u00e9sistance \u00e0 la pression reste inchang\u00e9e, c&rsquo;est pourquoi la <strong>couche de r\u00e9partition de la charge reste absolument n\u00e9cessaire<\/strong>. <\/p>\n<p>Si des valeurs d&rsquo;isolation tr\u00e8s \u00e9lev\u00e9es doivent \u00eatre atteintes, l&rsquo;utilisation de deux couches d&rsquo;a\u00e9rogel est souvent une solution id\u00e9ale \u2013 en particulier pour les r\u00e9novations \u00e9nerg\u00e9tiques et les projets avec des exigences strictes. <a href=\"https:\/\/de.wikipedia.org\/wiki\/Aerogel\" target=\"_blank\" rel=\"nofollow noopener\">Plus d&rsquo;informations sur l&rsquo;a\u00e9rogel<\/a>[\/et_pb_text][\/et_pb_column][\/et_pb_row][et_pb_row _builder_version=\u00a0\u00bb4.27.4&Prime; _module_preset=\u00a0\u00bbdefault\u00a0\u00bb global_colors_info=\u00a0\u00bb{}\u00a0\u00bb][et_pb_column type=\u00a0\u00bb4_4&Prime; _builder_version=\u00a0\u00bb4.27.4&Prime; _module_preset=\u00a0\u00bbdefault\u00a0\u00bb global_colors_info=\u00a0\u00bb{}\u00a0\u00bb][et_pb_text _builder_version=\u00a0\u00bb4.27.4&Prime; _module_preset=\u00a0\u00bbdefault\u00a0\u00bb global_colors_info=\u00a0\u00bb{}\u00a0\u00bb]<\/p>\n<h2>L&rsquo;isolation en a\u00e9rogel est-elle compatible avec les chauffages au sol \u00e0 syst\u00e8me sec ?<\/h2>\n<p>Dans la plupart des cas, la <strong>structure de plancher en a\u00e9rogel<\/strong> peut \u00eatre combin\u00e9e avec les chauffages au sol \u00e0 syst\u00e8me sec courants. Il est important que les panneaux du syst\u00e8me : <\/p>\n<ul>\n<li>soient r\u00e9sistants \u00e0 la pression et autoportants<\/li>\n<li>r\u00e9partissent la charge sur toute la surface<\/li>\n<li>recouvrent compl\u00e8tement l&rsquo;isolation en a\u00e9rogel<\/li>\n<\/ul>\n<p>Nous serons heureux de v\u00e9rifier si le syst\u00e8me que vous avez pr\u00e9vu ou qui existe d\u00e9j\u00e0 peut \u00eatre combin\u00e9 de mani\u00e8re optimale avec l&rsquo;a\u00e9rogel.<\/p>\n<p>[\/et_pb_text][\/et_pb_column][\/et_pb_row][et_pb_row _builder_version=\u00a0\u00bb4.27.4&Prime; _module_preset=\u00a0\u00bbdefault\u00a0\u00bb global_colors_info=\u00a0\u00bb{}\u00a0\u00bb][et_pb_column type=\u00a0\u00bb4_4&Prime; _builder_version=\u00a0\u00bb4.27.4&Prime; _module_preset=\u00a0\u00bbdefault\u00a0\u00bb global_colors_info=\u00a0\u00bb{}\u00a0\u00bb][et_pb_text _builder_version=\u00a0\u00bb4.27.4&Prime; _module_preset=\u00a0\u00bbdefault\u00a0\u00bb header_2_text_align=\u00a0\u00bbcenter\u00a0\u00bb global_colors_info=\u00a0\u00bb{}\u00a0\u00bb]<\/p>\n<h2>Vos avantages avec l&rsquo;a\u00e9rogel dans la structure du plancher<\/h2>\n<p>[\/et_pb_text][\/et_pb_column][\/et_pb_row][et_pb_row column_structure=\u00a0\u00bb1_2,1_2&Prime; _builder_version=\u00a0\u00bb4.27.4&Prime; _module_preset=\u00a0\u00bbdefault\u00a0\u00bb global_colors_info=\u00a0\u00bb{}\u00a0\u00bb][et_pb_column type=\u00a0\u00bb1_2&Prime; _builder_version=\u00a0\u00bb4.27.4&Prime; _module_preset=\u00a0\u00bbdefault\u00a0\u00bb global_colors_info=\u00a0\u00bb{}\u00a0\u00bb][et_pb_text _builder_version=\u00a0\u00bb4.27.4&Prime; _module_preset=\u00a0\u00bbdefault\u00a0\u00bb global_colors_info=\u00a0\u00bb{}\u00a0\u00bb]<\/p>\n<ul>\n<li>\u2714 excellentes valeurs d&rsquo;isolation malgr\u00e9 une faible hauteur de construction<\/li>\n<li>\u2714 id\u00e9al pour les r\u00e9novations et les modernisations<\/li>\n<li>\u2714 parfait pour les b\u00e2timents anciens avec peu d&rsquo;espace<\/li>\n<\/ul>\n<p>[\/et_pb_text][\/et_pb_column][et_pb_column type=\u00a0\u00bb1_2&Prime; _builder_version=\u00a0\u00bb4.27.4&Prime; _module_preset=\u00a0\u00bbdefault\u00a0\u00bb global_colors_info=\u00a0\u00bb{}\u00a0\u00bb][et_pb_text _builder_version=\u00a0\u00bb4.27.4&Prime; _module_preset=\u00a0\u00bbdefault\u00a0\u00bb global_colors_info=\u00a0\u00bb{}\u00a0\u00bb]<\/p>\n<ul>\n<li>\u2714 compatible avec les syst\u00e8mes secs modernes<\/li>\n<li>\u2714 durable, hydrophobe et \u00e9co\u00e9nerg\u00e9tique<\/li>\n<li>\u2714 id\u00e9al pour les syst\u00e8mes de chauffage avec une basse temp\u00e9rature de d\u00e9part<\/li>\n<\/ul>\n<p>[\/et_pb_text][\/et_pb_column][\/et_pb_row][et_pb_row _builder_version=\u00a0\u00bb4.27.4&Prime; _module_preset=\u00a0\u00bbdefault\u00a0\u00bb global_colors_info=\u00a0\u00bb{}\u00a0\u00bb][et_pb_column type=\u00a0\u00bb4_4&Prime; _builder_version=\u00a0\u00bb4.27.4&Prime; _module_preset=\u00a0\u00bbdefault\u00a0\u00bb global_colors_info=\u00a0\u00bb{}\u00a0\u00bb][et_pb_text _builder_version=\u00a0\u00bb4.27.4&Prime; _module_preset=\u00a0\u00bbdefault\u00a0\u00bb global_colors_info=\u00a0\u00bb{}\u00a0\u00bb]<\/p>\n<h2>Conclusion : l&rsquo;isolation en a\u00e9rogel est la meilleure solution pour les structures de plancher minces<\/h2>\n<p><strong>La structure de plancher en a\u00e9rogel<\/strong> offre une combinaison unique de performance d&rsquo;isolation extr\u00eame, de faible \u00e9paisseur et de haute compatibilit\u00e9 avec les syst\u00e8mes de chauffage au sol modernes. Pour les r\u00e9novations, les modernisations et les projets avec une hauteur limit\u00e9e, l&rsquo;a\u00e9rogel est la solution id\u00e9ale \u2013 efficace, s\u00fbre et p\u00e9renne. <\/p>\n<p>Nous serons heureux de vous conseiller personnellement et de cr\u00e9er la structure de plancher adapt\u00e9e \u00e0 votre projet.<\/p>\n<p>[\/et_pb_text][et_pb_button button_url=\u00a0\u00bbhttps:\/\/rebotherm.de\/fr\/contact\/\u00a0\u00bb button_text=\u00a0\u00bbDemander conseil maintenant\u00a0\u00bb button_alignment=\u00a0\u00bbcenter\u00a0\u00bb _builder_version=\u00a0\u00bb4.27.4&Prime; _module_preset=\u00a0\u00bbdefault\u00a0\u00bb custom_button=\u00a0\u00bbon\u00a0\u00bb button_border_radius=\u00a0\u00bb16px\u00a0\u00bb global_colors_info=\u00a0\u00bb{}\u00a0\u00bb][\/et_pb_button][\/et_pb_column][\/et_pb_row][et_pb_row _builder_version=\u00a0\u00bb4.27.4&Prime; _module_preset=\u00a0\u00bbdefault\u00a0\u00bb global_colors_info=\u00a0\u00bb{}\u00a0\u00bb][et_pb_column type=\u00a0\u00bb4_4&Prime; _builder_version=\u00a0\u00bb4.27.4&Prime; _module_preset=\u00a0\u00bbdefault\u00a0\u00bb global_colors_info=\u00a0\u00bb{}\u00a0\u00bb][et_pb_text _builder_version=\u00a0\u00bb4.27.4&Prime; _module_preset=\u00a0\u00bbdefault\u00a0\u00bb global_colors_info=\u00a0\u00bb{}\u00a0\u00bb]<\/p>\n<h2>FAQ \u2013 Questions fr\u00e9quentes sur la structure de plancher en a\u00e9rogel<\/h2>\n<h3>Puis-je poser l&rsquo;a\u00e9rogel directement sous le rev\u00eatement de sol ?<\/h3>\n<p>Non. <strong>L&rsquo;a\u00e9rogel ne doit jamais \u00eatre charg\u00e9 directement<\/strong>. Il assume exclusivement la fonction d&rsquo;isolation et doit toujours \u00eatre prot\u00e9g\u00e9 par une <strong>couche de r\u00e9partition de la charge, r\u00e9sistante \u00e0 la pression<\/strong> (par ex. chape s\u00e8che ou OSB). Ce n&rsquo;est qu&rsquo;au-dessus que suivent le syst\u00e8me sec, le chauffage au sol et le rev\u00eatement de sol.  <\/p>\n<h3>L&rsquo;isolation en a\u00e9rogel convient-elle aux r\u00e9novations avec une faible hauteur de construction ?<\/h3>\n<p>Oui, c&rsquo;est pr\u00e9cis\u00e9ment pour cela que l&rsquo;a\u00e9rogel est id\u00e9al. Gr\u00e2ce \u00e0 la tr\u00e8s faible conductivit\u00e9 thermique, vous obtenez une tr\u00e8s haute performance d&rsquo;isolation avec une \u00e9paisseur minimale. En particulier pour les r\u00e9novations dans l&rsquo;existant, o\u00f9 les portes, les escaliers ou les hauteurs de pi\u00e8ce sont limit\u00e9es, <strong>l&rsquo;isolation en a\u00e9rogel dans la structure du plancher<\/strong> est une solution parfaite.  <\/p>\n<h3>Puis-je poser une isolation en a\u00e9rogel en double couche sous un chauffage au sol ?<\/h3>\n<p>Oui, une double couche est possible et augmente consid\u00e9rablement l&rsquo;effet isolant. Cependant, il est important de noter que la r\u00e9sistance \u00e0 la pression n&rsquo;augmente pas. La <strong>couche de r\u00e9partition de la charge reste absolument n\u00e9cessaire<\/strong> pour que la structure du plancher reste durablement stable.  <\/p>\n<h3>L&rsquo;isolation en a\u00e9rogel fonctionne-t-elle avec n&rsquo;importe quel syst\u00e8me sec pour chauffage au sol ?<\/h3>\n<p>En r\u00e8gle g\u00e9n\u00e9rale, l&rsquo;a\u00e9rogel peut \u00eatre combin\u00e9 avec la plupart des syst\u00e8mes secs, \u00e0 condition que les panneaux du syst\u00e8me soient r\u00e9sistants \u00e0 la pression et r\u00e9partissent la charge sur toute la surface. Nous vous recommandons de v\u00e9rifier bri\u00e8vement la compatibilit\u00e9 \u2013 nous serons heureux de vous aider et d&rsquo;\u00e9valuer votre structure de plancher concr\u00e8te. <\/p>\n<h3>L&rsquo;isolation en a\u00e9rogel est-elle sensible \u00e0 l&rsquo;humidit\u00e9 ?<\/h3>\n<p>Non. L&rsquo;a\u00e9rogel est hydrophobe et n&rsquo;absorbe pas l&rsquo;humidit\u00e9. N\u00e9anmoins, l&rsquo;isolation doit \u00eatre install\u00e9e correctement et prot\u00e9g\u00e9e contre les contraintes m\u00e9caniques. Dans les structures de plancher courantes, l&rsquo;a\u00e9rogel est compl\u00e8tement entour\u00e9 d&rsquo;autres couches.   <\/p>\n<h3>Puis-je \u00e9conomiser de l&rsquo;\u00e9nergie et des co\u00fbts de chauffage avec l&rsquo;isolation en a\u00e9rogel ?<\/h3>\n<p>Oui. Gr\u00e2ce \u00e0 la haute performance d&rsquo;isolation, une <strong>isolation en a\u00e9rogel dans la structure du plancher<\/strong> r\u00e9duit consid\u00e9rablement les pertes de chaleur. En combinaison avec un chauffage au sol dans un syst\u00e8me sec, la temp\u00e9rature de d\u00e9part peut souvent \u00eatre abaiss\u00e9e, ce qui conduit \u00e0 long terme \u00e0 des co\u00fbts de chauffage plus faibles et \u00e0 une efficacit\u00e9 accrue.  <\/p>\n<h3>Pour quels projets l&rsquo;isolation en a\u00e9rogel est-elle particuli\u00e8rement adapt\u00e9e ?<\/h3>\n<p>L&rsquo;a\u00e9rogel est particuli\u00e8rement adapt\u00e9 aux <strong>r\u00e9novations, aux b\u00e2timents anciens et aux projets avec une faible hauteur de construction<\/strong>, par exemple lors de la modernisation d&rsquo;appartements, de maisons individuelles, de combles ou de surfaces \u00e0 usage commercial, o\u00f9 chaque millim\u00e8tre de hauteur de plancher compte.<\/p>\n<p>[\/et_pb_text][\/et_pb_column][\/et_pb_row][\/et_pb_section]<\/p>\n","protected":false},"excerpt":{"rendered":"<p>Structure de plancher en a\u00e9rogel \u2013 performance d&rsquo;isolation maximale pour une hauteur minimale Une structure de plancher en a\u00e9rogel offre l&rsquo;une des fa\u00e7ons les plus efficaces d&rsquo;obtenir une excellente performance d&rsquo;isolation avec une hauteur de construction minimale. Une structure de plancher en a\u00e9rogel est particuli\u00e8rement adapt\u00e9e aux r\u00e9novations, aux b\u00e2timents anciens et aux modernisations avec un espace limit\u00e9, car l&rsquo;a\u00e9rogel permet une isolation thermique exceptionnelle malgr\u00e9 une \u00e9paisseur de mat\u00e9riau extr\u00eamement faible. En combinaison avec un chauffage au sol moderne dans un syst\u00e8me sec, on obtient une structure de plancher \u00e9co\u00e9nerg\u00e9tique, durable et stable. Qu&rsquo;est-ce que l&rsquo;isolation en a\u00e9rogel et pourquoi est-elle id\u00e9ale pour le plancher ? L&rsquo;a\u00e9rogel est l&rsquo;un des mat\u00e9riaux d&rsquo;isolation les plus modernes et les plus performants au monde. En raison de sa tr\u00e8s faible conductivit\u00e9 thermique (\u03bb \u2248 0,014\u20130,018 W\/mK), il est parfait pour les structures de plancher avec une faible hauteur de construction. Les nattes d&rsquo;isolation sont flexibles, tr\u00e8s efficaces et hydrofuges \u2013 id\u00e9ales pour les r\u00e9novations, les b\u00e2timents anciens et les modernisations \u00e9nerg\u00e9tiques. performance d&rsquo;isolation extr\u00eamement \u00e9lev\u00e9e id\u00e9al pour les faibles hauteurs de construction hydrophobe (n&rsquo;absorbe pas l&rsquo;humidit\u00e9) facile \u00e0 mettre en \u0153uvre compl\u00e9ment optimal aux chauffages au sol \u00e0 syst\u00e8me sec L&rsquo;isolation en [&hellip;]<\/p>\n","protected":false},"author":1,"featured_media":0,"parent":0,"menu_order":0,"comment_status":"closed","ping_status":"closed","template":"","meta":{"_et_pb_use_builder":"on","_et_pb_old_content":"","_et_gb_content_width":"","footnotes":""},"class_list":["post-39317","page","type-page","status-publish","hentry"],"_links":{"self":[{"href":"https:\/\/rebotherm.de\/fr\/wp-json\/wp\/v2\/pages\/39317","targetHints":{"allow":["GET"]}}],"collection":[{"href":"https:\/\/rebotherm.de\/fr\/wp-json\/wp\/v2\/pages"}],"about":[{"href":"https:\/\/rebotherm.de\/fr\/wp-json\/wp\/v2\/types\/page"}],"author":[{"embeddable":true,"href":"https:\/\/rebotherm.de\/fr\/wp-json\/wp\/v2\/users\/1"}],"replies":[{"embeddable":true,"href":"https:\/\/rebotherm.de\/fr\/wp-json\/wp\/v2\/comments?post=39317"}],"version-history":[{"count":4,"href":"https:\/\/rebotherm.de\/fr\/wp-json\/wp\/v2\/pages\/39317\/revisions"}],"predecessor-version":[{"id":39333,"href":"https:\/\/rebotherm.de\/fr\/wp-json\/wp\/v2\/pages\/39317\/revisions\/39333"}],"wp:attachment":[{"href":"https:\/\/rebotherm.de\/fr\/wp-json\/wp\/v2\/media?parent=39317"}],"curies":[{"name":"wp","href":"https:\/\/api.w.org\/{rel}","templated":true}]}}