{"id":41581,"date":"2026-03-15T19:09:41","date_gmt":"2026-03-15T18:09:41","guid":{"rendered":"https:\/\/rebotherm.de\/isolation-interieure-sans-moisissure\/"},"modified":"2026-04-04T13:27:21","modified_gmt":"2026-04-04T11:27:21","slug":"isolation-interieure-sans-moisissure","status":"publish","type":"page","link":"https:\/\/rebotherm.de\/fr\/isolation-interieure-sans-moisissure\/","title":{"rendered":"Isolation int\u00e9rieure sans moisissure"},"content":{"rendered":"<p>[et_pb_section fb_built=\u00a0\u00bb1&Prime; _builder_version=\u00a0\u00bb4.27.6&Prime; _module_preset=\u00a0\u00bbdefault\u00a0\u00bb global_colors_info=\u00a0\u00bb{}\u00a0\u00bb][et_pb_row _builder_version=\u00a0\u00bb4.27.6&Prime; _module_preset=\u00a0\u00bbdefault\u00a0\u00bb global_colors_info=\u00a0\u00bb{}\u00a0\u00bb][et_pb_column type=\u00a0\u00bb4_4&Prime; _builder_version=\u00a0\u00bb4.27.6&Prime; _module_preset=\u00a0\u00bbdefault\u00a0\u00bb global_colors_info=\u00a0\u00bb{}\u00a0\u00bb][et_pb_code _builder_version=\u00a0\u00bb4.27.6&Prime; _module_preset=\u00a0\u00bbdefault\u00a0\u00bb global_colors_info=\u00a0\u00bb{}\u00a0\u00bb]<\/p>\n<section style=\"max-width:1100px;margin:0 auto;padding:30px 20px;font-family:Arial,sans-serif;line-height:1.7;color:#222;\"><!-- [et_pb_line_break_holder] --><!-- [et_pb_line_break_holder] -->  <\/p>\n<header style=\"margin-bottom:28px;\"><!-- [et_pb_line_break_holder] -->    <\/p>\n<h1 style=\"margin:0 0 14px;line-height:1.15;\">Isolation int\u00e9rieure sans moisissure \u2013 comment l&rsquo;a\u00e9rogel et le chauffage par surface carbone fonctionnent ensemble dans l&rsquo;ancien<\/h1>\n<p><!-- [et_pb_line_break_holder] --><!-- [et_pb_line_break_holder] -->    <pee style=\"font-size:18px;line-height:1.75;margin:0 0 12px;\"><!-- [et_pb_line_break_holder] -->      <strong>L&rsquo;isolation int\u00e9rieure sans moisissure<\/strong> est un sujet central pour de nombreux propri\u00e9taires de b\u00e2timents anciens.<!-- [et_pb_line_break_holder] --> Notamment lorsque la fa\u00e7ade ne peut pas \u00eatre modifi\u00e9e ou qu&rsquo;une isolation ext\u00e9rieure est exclue pour des raisons constructives,<!-- [et_pb_line_break_holder] --> esth\u00e9tiques ou de protection du patrimoine, l&rsquo;isolation int\u00e9rieure devient la solution d\u00e9cisive.<!-- [et_pb_line_break_holder] --> Parall\u00e8lement, il existe souvent la crainte qu&rsquo;une isolation ult\u00e9rieure \u00e0 l&rsquo;int\u00e9rieur n&#8217;emprisonne l&rsquo;humidit\u00e9<!-- [et_pb_line_break_holder] --> et ne provoque ensuite des moisissures.<!-- [et_pb_line_break_holder] -->    <\/pee><!-- [et_pb_line_break_holder] --><!-- [et_pb_line_break_holder] -->    <pee style=\"font-size:18px;line-height:1.75;margin:0;\"><!-- [et_pb_line_break_holder] --> C\u2019est pr\u00e9cis\u00e9ment pourquoi cela ne d\u00e9pend pas seulement de l\u2019isolant, mais de l\u2019ensemble de la structure du mur, <!-- [et_pb_line_break_holder] --> des temp\u00e9ratures de surface, de l\u2019ex\u00e9cution des raccords et de la strat\u00e9gie de chauffage. <!-- [et_pb_line_break_holder] --> Dans ce contexte, la combinaison d\u2019une <strong>isolation en a\u00e9rogel<\/strong> et d\u2019un <!-- [et_pb_line_break_holder] --> <strong>chauffage de surface au carbone<\/strong> est particuli\u00e8rement int\u00e9ressante. Elle peut constituer une solution tr\u00e8s mince, pertinente d\u2019un point de vue physique du b\u00e2timent <!-- [et_pb_line_break_holder] --> et confortable pour les b\u00e2timents anciens \u2013 \u00e0 condition que la construction soit planifi\u00e9e de mani\u00e8re professionnelle.<!-- [et_pb_line_break_holder] -->    <\/pee><!-- [et_pb_line_break_holder] -->  <\/header>\n<p>[\/et_pb_code][et_pb_image src=\u00a0\u00bbhttps:\/\/rebotherm.de\/wp-content\/uploads\/2026\/03\/Innendaemmung-ohne-Schimmel.jpg\u00a0\u00bb alt=\u00a0\u00bbIsolation int\u00e9rieure sans moisissure avec isolation en a\u00e9rogel dans l&#039;ancien\u00a0\u00bb title_text=\u00a0\u00bbIsolation int\u00e9rieure sans moisissure\u00a0\u00bb _builder_version=\u00a0\u00bb4.27.6&Prime; _module_preset=\u00a0\u00bbdefault\u00a0\u00bb global_colors_info=\u00a0\u00bb{}\u00a0\u00bb][\/et_pb_image][et_pb_code _builder_version=\u00a0\u00bb4.27.6&Prime; _module_preset=\u00a0\u00bbdefault\u00a0\u00bb global_colors_info=\u00a0\u00bb{}\u00a0\u00bb]  <\/p>\n<h2>Pourquoi l&rsquo;isolation int\u00e9rieure sans moisissure dans l&rsquo;ancien est particuli\u00e8rement sensible<\/h2>\n<p><!-- [et_pb_line_break_holder] --><!-- [et_pb_line_break_holder] -->  <pee><!-- [et_pb_line_break_holder] --> L&rsquo;isolation int\u00e9rieure modifie la r\u00e9partition de la temp\u00e9rature au sein du mur ext\u00e9rieur. <!-- [et_pb_line_break_holder] --> La surface int\u00e9rieure devient plus chaude, tandis que le point de ros\u00e9e se d\u00e9place \u00e0 l&rsquo;int\u00e9rieur de l&rsquo;\u00e9l\u00e9ment de construction. <!-- [et_pb_line_break_holder] --> Cela cr\u00e9e de nouvelles exigences en mati\u00e8re de planification et d\u2019ex\u00e9cution. Les points critiques sont avant tout les endroits <!-- [et_pb_line_break_holder] --> o\u00f9 des ponts thermiques se forment ou l\u00e0 o\u00f9 les surfaces froides subsistent \u2013 comme les embrasures de fen\u00eatres, <!-- [et_pb_line_break_holder] --> les raccords de murs int\u00e9rieurs, les raccords de plafonds ou au niveau du socle.<!-- [et_pb_line_break_holder] -->  <\/pee><!-- [et_pb_line_break_holder] --><!-- [et_pb_line_break_holder] -->  <pee><!-- [et_pb_line_break_holder] --> La moisissure ne provient pas simplement de l\u2019isolation, mais d\u2019une humidit\u00e9 trop \u00e9lev\u00e9e combin\u00e9e <!-- [et_pb_line_break_holder] --> \u00e0 des surfaces trop froides. C\u2019est pourquoi une <strong>isolation int\u00e9rieure sans moisissure<\/strong> doit toujours \u00eatre planifi\u00e9e de mani\u00e8re <!-- [et_pb_line_break_holder] --> \u00e0 augmenter les temp\u00e9ratures de surface, \u00e0 r\u00e9soudre proprement les raccords critiques et \u00e0 \u00e9viter les pics d\u2019humidit\u00e9.<!-- [et_pb_line_break_holder] -->  <\/pee><!-- [et_pb_line_break_holder] --><!-- [et_pb_line_break_holder] -->  <\/p>\n<ul style=\"list-style:none;padding-left:0;margin-top:12px;\"><!-- [et_pb_line_break_holder] -->    <\/p>\n<li><span style=\"color:#2E9E44;font-weight:bold;\">\u2714<\/span> des surfaces plus chaudes r\u00e9duisent le risque de condensation<\/li>\n<p><!-- [et_pb_line_break_holder] -->    <\/p>\n<li><span style=\"color:#2E9E44;font-weight:bold;\">\u2714<\/span> des d\u00e9tails d&#8217;embrasures et de raccordements soign\u00e9s sont d\u00e9terminants<\/li>\n<p><!-- [et_pb_line_break_holder] -->    <\/p>\n<li><span style=\"color:#2E9E44;font-weight:bold;\">\u2714<\/span> le chauffage et l&rsquo;isolation doivent \u00eatre pens\u00e9s ensemble<\/li>\n<p><!-- [et_pb_line_break_holder] -->    <\/p>\n<li><span style=\"color:#2E9E44;font-weight:bold;\">\u2714<\/span> les isolants minces et performants sont souvent avantageux dans l&rsquo;ancien<\/li>\n<p><!-- [et_pb_line_break_holder] -->  <\/ul>\n<p><!-- [et_pb_line_break_holder] --><!-- [et_pb_line_break_holder] -->  <\/p>\n<h2>Isolation int\u00e9rieure sans moisissure avec a\u00e9rogel \u2013 pourquoi ce mat\u00e9riau est si int\u00e9ressant dans l&rsquo;ancien<\/h2>\n<p><!-- [et_pb_line_break_holder] --><!-- [et_pb_line_break_holder] -->  <pee><!-- [et_pb_line_break_holder] --> Les isolants en a\u00e9rogel sont particuli\u00e8rement int\u00e9ressants pour les b\u00e2timents anciens car ils peuvent atteindre un pouvoir isolant tr\u00e8s \u00e9lev\u00e9 <!-- [et_pb_line_break_holder] --> m\u00eame avec une faible \u00e9paisseur de mat\u00e9riau. C\u2019est un avantage partout o\u00f9 l\u2019espace est limit\u00e9 : <!-- [et_pb_line_break_holder] --> au niveau des embrasures de fen\u00eatres, dans les couloirs \u00e9troits, pour les int\u00e9rieurs historiques ou partout o\u00f9 la perte d\u2019espace doit rester la plus <!-- [et_pb_line_break_holder] --> faible possible.<!-- [et_pb_line_break_holder] -->  <\/pee><!-- [et_pb_line_break_holder] --><!-- [et_pb_line_break_holder] -->  <pee><!-- [et_pb_line_break_holder] --> Par rapport \u00e0 des structures isolantes plus \u00e9paisses, l\u2019a\u00e9rogel peut aider \u00e0 r\u00e9soudre les d\u00e9tails plus proprement et \u00e0 mieux ma\u00eetriser les points faibles <!-- [et_pb_line_break_holder] --> g\u00e9om\u00e9triques. C\u2019est pr\u00e9cis\u00e9ment ce qui est d\u00e9cisif pour une <strong>isolation int\u00e9rieure sans moisissure<\/strong>, <!-- [et_pb_line_break_holder] --> car de nombreux probl\u00e8mes ne surviennent pas sur la grande surface murale, mais au niveau des transitions et des raccords.<!-- [et_pb_line_break_holder] -->  <\/pee><!-- [et_pb_line_break_holder] --><!-- [et_pb_line_break_holder] -->  <\/p>\n<table style=\"width:100%;border-collapse:collapse;margin:22px 0;\"><!-- [et_pb_line_break_holder] -->    <\/p>\n<tr style=\"background:#f5f5f5;\"><!-- [et_pb_line_break_holder] -->      <\/p>\n<th style=\"padding:12px;border:1px solid #ddd;text-align:left;\">Propri\u00e9t\u00e9<\/th>\n<p><!-- [et_pb_line_break_holder] -->      <\/p>\n<th style=\"padding:12px;border:1px solid #ddd;text-align:left;\">Avantage dans l&rsquo;ancien<\/th>\n<p><!-- [et_pb_line_break_holder] -->    <\/tr>\n<p><!-- [et_pb_line_break_holder] -->    <\/p>\n<tr><!-- [et_pb_line_break_holder] -->      <\/p>\n<td style=\"padding:12px;border:1px solid #ddd;\">faible \u00e9paisseur de construction<\/td>\n<p><!-- [et_pb_line_break_holder] -->      <\/p>\n<td style=\"padding:12px;border:1px solid #ddd;\">moins de perte d&rsquo;espace, meilleure int\u00e9gration dans les d\u00e9tails existants<\/td>\n<p><!-- [et_pb_line_break_holder] -->    <\/tr>\n<p><!-- [et_pb_line_break_holder] -->    <\/p>\n<tr><!-- [et_pb_line_break_holder] -->      <\/p>\n<td style=\"padding:12px;border:1px solid #ddd;\">haute performance d&rsquo;isolation<\/td>\n<p><!-- [et_pb_line_break_holder] -->      <\/p>\n<td style=\"padding:12px;border:1px solid #ddd;\">temp\u00e9ratures de surface plus \u00e9lev\u00e9es malgr\u00e9 une structure mince<\/td>\n<p><!-- [et_pb_line_break_holder] -->    <\/tr>\n<p><!-- [et_pb_line_break_holder] -->    <\/p>\n<tr><!-- [et_pb_line_break_holder] -->      <\/p>\n<td style=\"padding:12px;border:1px solid #ddd;\">adapt\u00e9 aux zones sensibles<\/td>\n<p><!-- [et_pb_line_break_holder] -->      <\/p>\n<td style=\"padding:12px;border:1px solid #ddd;\">utile pour les embrasures, les raccordements et les solutions proches du patrimoine<\/td>\n<p><!-- [et_pb_line_break_holder] -->    <\/tr>\n<p><!-- [et_pb_line_break_holder] -->  <\/table>\n<p>[\/et_pb_code][et_pb_image src=\u00a0\u00bbhttps:\/\/rebotherm.de\/wp-content\/uploads\/2026\/03\/Innendaemmung-ohne-Schimmel-1.jpg\u00a0\u00bb alt=\u00a0\u00bbIsolation en a\u00e9rogel et chauffage par surface carbone comme structure murale dans l&#039;ancien\u00a0\u00bb title_text=\u00a0\u00bbIsolation en a\u00e9rogel et chauffage par surface carbone comme structure murale dans l&#039;ancien\u00a0\u00bb _builder_version=\u00a0\u00bb4.27.6&Prime; _module_preset=\u00a0\u00bbdefault\u00a0\u00bb global_colors_info=\u00a0\u00bb{}\u00a0\u00bb][\/et_pb_image][et_pb_code _builder_version=\u00a0\u00bb4.27.6&Prime; _module_preset=\u00a0\u00bbdefault\u00a0\u00bb global_colors_info=\u00a0\u00bb{}\u00a0\u00bb]  <\/p>\n<h2>Pourquoi le chauffage par surface carbone peut compl\u00e9ter judicieusement une isolation int\u00e9rieure sans moisissure<\/h2>\n<p><!-- [et_pb_line_break_holder] --><!-- [et_pb_line_break_holder] -->  <pee><!-- [et_pb_line_break_holder] --> Dans un b\u00e2timent ancien, un chauffage de surface au carbone ne fait pas seulement office de syst\u00e8me de chauffage, mais aussi d\u2019outil pour am\u00e9liorer <!-- [et_pb_line_break_holder] --> le confort thermique. Gr\u00e2ce \u00e0 la chaleur rayonnante sur une grande surface, les temp\u00e9ratures de surface augmentent sur le <!-- [et_pb_line_break_holder] --> mur int\u00e9rieur, ce qui a un effet positif sur la sensation d\u2019espace et peut att\u00e9nuer les zones froides critiques.<!-- [et_pb_line_break_holder] -->  <\/pee><!-- [et_pb_line_break_holder] --><!-- [et_pb_line_break_holder] -->  <pee><!-- [et_pb_line_break_holder] --> Pr\u00e9cis\u00e9ment en combinaison avec l&rsquo;isolation en a\u00e9rogel, cela cr\u00e9e une solution syst\u00e8me int\u00e9ressante :<!-- [et_pb_line_break_holder] --> l&rsquo;isolation r\u00e9duit la perte de chaleur vers l&rsquo;ext\u00e9rieur, tandis que le chauffage par surface temp\u00e8re uniform\u00e9ment la surface int\u00e9rieure.<!-- [et_pb_line_break_holder] --> La face int\u00e9rieure du mur devient ainsi plus chaude et plus agr\u00e9able \u2013 un point essentiel pour une<!-- [et_pb_line_break_holder] -->    <strong>isolation int\u00e9rieure sans moisissure<\/strong> et pour des pi\u00e8ces confortables dans l&rsquo;ancien.<!-- [et_pb_line_break_holder] -->  <\/pee><!-- [et_pb_line_break_holder] --><!-- [et_pb_line_break_holder] -->  <\/p>\n<h3>Isolation int\u00e9rieure sans moisissure et chauffage par surface carbone \u2013 le point technique important<\/h3>\n<p><!-- [et_pb_line_break_holder] --><!-- [et_pb_line_break_holder] -->  <pee><!-- [et_pb_line_break_holder] --> Lors de la planification, un aspect est particuli\u00e8rement important : un chauffage de surface au carbone diffuse par principe de la chaleur <!-- [et_pb_line_break_holder] --> <strong>des deux c\u00f4t\u00e9s<\/strong>. C\u2019est pr\u00e9cis\u00e9ment pourquoi il doit \u00eatre <strong>s\u00e9par\u00e9 thermiquement<\/strong> dans la structure du mur, du plafond ou du sol <!-- [et_pb_line_break_holder] -->. Si cette s\u00e9paration thermique n\u2019est pas prise en compte, <!-- [et_pb_line_break_holder] --> une partie de l\u2019\u00e9nergie de chauffage circule dans la mauvaise direction \u2013 c\u2019est-\u00e0-dire vers le support, dans les \u00e9l\u00e9ments de construction adjacents <!-- [et_pb_line_break_holder] --> ou dans le mur existant \u2013 au lieu de se diffuser dans la pi\u00e8ce. <!-- [et_pb_line_break_holder] -->  <\/pee><!-- [et_pb_line_break_holder] --><!-- [et_pb_line_break_holder] -->  <pee><!-- [et_pb_line_break_holder] --> En pratique, cela signifie qu\u2019une succession de couches pertinente d\u2019un point de vue physique du b\u00e2timent doit \u00eatre pr\u00e9vue derri\u00e8re le chauffage de surface au carbone, <!-- [et_pb_line_break_holder] --> afin que la chaleur soit diffus\u00e9e de pr\u00e9f\u00e9rence c\u00f4t\u00e9 pi\u00e8ce. Surtout pour les chauffages muraux dans le cadre d\u2019une isolation int\u00e9rieure, ce <!-- [et_pb_line_break_holder] --> d\u00e9couplage thermique est un sujet central de planification.<!-- [et_pb_line_break_holder] -->  <\/pee><!-- [et_pb_line_break_holder] --><!-- [et_pb_line_break_holder] -->  <\/p>\n<ul style=\"list-style:none;padding-left:0;margin-top:12px;\"><!-- [et_pb_line_break_holder] -->    <\/p>\n<li><span style=\"color:#2E9E44;font-weight:bold;\">\u2714<\/span> le chauffage par surface carbone g\u00e9n\u00e8re une chaleur rayonnante agr\u00e9able<\/li>\n<p><!-- [et_pb_line_break_holder] -->    <\/p>\n<li><span style=\"color:#2E9E44;font-weight:bold;\">\u2714<\/span> l&rsquo;a\u00e9rogel r\u00e9duit les pertes de chaleur avec une faible \u00e9paisseur<\/li>\n<p><!-- [et_pb_line_break_holder] -->    <\/p>\n<li><span style=\"color:#2E9E44;font-weight:bold;\">\u2714<\/span> la s\u00e9paration thermique dirige la chaleur vers la pi\u00e8ce<\/li>\n<p><!-- [et_pb_line_break_holder] -->    <\/p>\n<li><span style=\"color:#2E9E44;font-weight:bold;\">\u2714<\/span> la combinaison am\u00e9liore le confort et la qualit\u00e9 des d\u00e9tails dans l&rsquo;ancien<\/li>\n<p><!-- [et_pb_line_break_holder] -->  <\/ul>\n<p><!-- [et_pb_line_break_holder] --><!-- [et_pb_line_break_holder] -->  <\/p>\n<h2>Isolation int\u00e9rieure sans moisissure : o\u00f9 une planification particuli\u00e8rement pr\u00e9cise est n\u00e9cessaire<\/h2>\n<p><!-- [et_pb_line_break_holder] --><!-- [et_pb_line_break_holder] -->  <pee><!-- [et_pb_line_break_holder] --> M\u00eame avec des mat\u00e9riaux de haute qualit\u00e9, l\u2019ex\u00e9cution reste d\u00e9terminante. Les points particuli\u00e8rement sensibles sont :<!-- [et_pb_line_break_holder] -->  <\/pee><!-- [et_pb_line_break_holder] --><!-- [et_pb_line_break_holder] -->  <\/p>\n<ul style=\"line-height:1.8;\"><!-- [et_pb_line_break_holder] -->    <\/p>\n<li>Embrasures de fen\u00eatres<\/li>\n<p><!-- [et_pb_line_break_holder] -->    <\/p>\n<li>Raccordements de plafonds<\/li>\n<p><!-- [et_pb_line_break_holder] -->    <\/p>\n<li>Raccordements de murs int\u00e9rieurs<\/li>\n<p><!-- [et_pb_line_break_holder] -->    <\/p>\n<li>Raccordements de soubassement et de sol<\/li>\n<p><!-- [et_pb_line_break_holder] -->    <\/p>\n<li>\u00c9l\u00e9ments encastr\u00e9s, niches et irr\u00e9gularit\u00e9s murales historiques<\/li>\n<p><!-- [et_pb_line_break_holder] -->  <\/ul>\n<p><!-- [et_pb_line_break_holder] --><!-- [et_pb_line_break_holder] -->  <pee><!-- [et_pb_line_break_holder] --> C&rsquo;est pr\u00e9cis\u00e9ment \u00e0 ces endroits que se d\u00e9cide souvent si une <strong>isolation int\u00e9rieure sans moisissure<\/strong> fonctionne \u00e0 long terme.<!-- [et_pb_line_break_holder] --> C&rsquo;est pourquoi la planification ne doit pas seulement se concentrer sur la grande surface murale, mais surtout sur les transitions.<!-- [et_pb_line_break_holder] -->  <\/pee><!-- [et_pb_line_break_holder] --><!-- [et_pb_line_break_holder] -->  <pee><!-- [et_pb_line_break_holder] --> Une source d&rsquo;information neutre et solide sur le th\u00e8me de la moisissure, de l&rsquo;humidit\u00e9 et des d\u00e9tails critiques d&rsquo;isolation int\u00e9rieure<!-- [et_pb_line_break_holder] --> est le <a href=\"https:\/\/www.umweltbundesamt.de\/bild\/schimmel-liebt-feuchtigkeit\" target=\"_blank\" rel=\"noopener\">guide sur les moisissures de l&rsquo;Agence f\u00e9d\u00e9rale pour l&rsquo;environnement<\/a>.<!-- [et_pb_line_break_holder] -->  <\/pee>[\/et_pb_code][et_pb_image src=\u00a0\u00bbhttps:\/\/rebotherm.de\/wp-content\/uploads\/2026\/03\/Innendaemmung-mit-Aerogel.jpg\u00a0\u00bb alt=\u00a0\u00bbChaleur rayonnante d&#039;un chauffage par surface carbone dans l&#039;ancien\u00a0\u00bb title_text=\u00a0\u00bbChaleur rayonnante d&#039;un chauffage par surface carbone dans l&#039;ancien\u00a0\u00bb _builder_version=\u00a0\u00bb4.27.6&Prime; _module_preset=\u00a0\u00bbdefault\u00a0\u00bb global_colors_info=\u00a0\u00bb{}\u00a0\u00bb][\/et_pb_image][et_pb_code _builder_version=\u00a0\u00bb4.27.6&Prime; _module_preset=\u00a0\u00bbdefault\u00a0\u00bb hover_enabled=\u00a0\u00bb0&Prime; global_colors_info=\u00a0\u00bb{}\u00a0\u00bb sticky_enabled=\u00a0\u00bb0&Prime;]<\/p>\n<section style=\"background:#f7f7f7;border:1px solid #e5e5e5;border-radius:14px;padding:20px;margin-top:28px;\"><!-- [et_pb_line_break_holder] --><!-- [et_pb_line_break_holder] --><pee style=\"margin:0;font-size:16px;line-height:1.7;\"><!-- [et_pb_line_break_holder] -->Cette page fait partie de notre guide sur le  <!-- [et_pb_line_break_holder] --><a href=\"https:\/\/rebotherm.de\/fr\/chauffage-de-batiment-ancien-sans-radiateurs\/\" style=\"color:#009DDF;font-weight:600;text-decoration:none;\"><!-- [et_pb_line_break_holder] -->chauffage de b\u00e2timent ancien sans radiateurs<!-- [et_pb_line_break_holder] --><\/a>. <!-- [et_pb_line_break_holder] -->Nous y expliquons comment l&rsquo;isolation, les syst\u00e8mes de chauffage et la structure du b\u00e2timent interagissent dans l&rsquo;ancien<!-- [et_pb_line_break_holder] --> \u2013 par exemple lors de la combinaison d&rsquo;isolation int\u00e9rieure, d&rsquo;a\u00e9rogel<!-- [et_pb_line_break_holder] --> et de chauffages par surface modernes.<!-- [et_pb_line_break_holder] --><\/pee><!-- [et_pb_line_break_holder] --><!-- [et_pb_line_break_holder] --><\/section>\n<p>[\/et_pb_code][et_pb_code _builder_version=\u00a0\u00bb4.27.6&Prime; _module_preset=\u00a0\u00bbdefault\u00a0\u00bb global_colors_info=\u00a0\u00bb{}\u00a0\u00bb]  <\/p>\n<h2>Conclusion : l&rsquo;isolation int\u00e9rieure sans moisissure ne fonctionne que comme solution syst\u00e8me<\/h2>\n<p><!-- [et_pb_line_break_holder] --><!-- [et_pb_line_break_holder] -->  <pee><!-- [et_pb_line_break_holder] --> Quiconque souhaite isoler par l\u2019int\u00e9rieur dans un b\u00e2timent ancien ne devrait pas seulement chercher un isolant, mais une <!-- [et_pb_line_break_holder] --> structure globale fonctionnelle. L\u2019isolation en a\u00e9rogel offre de grands avantages l\u00e0 o\u00f9 l\u2019espace est limit\u00e9 et o\u00f9 les d\u00e9tails critiques doivent \u00eatre r\u00e9solus <!-- [et_pb_line_break_holder] --> proprement. En combinaison avec un chauffage de surface au carbone correctement s\u00e9par\u00e9 thermiquement, il peut en r\u00e9sulter une solution <!-- [et_pb_line_break_holder] --> convaincante tant sur le plan \u00e9nerg\u00e9tique que sur celui de la physique du b\u00e2timent. <!-- [et_pb_line_break_holder] -->  <\/pee><!-- [et_pb_line_break_holder] --><!-- [et_pb_line_break_holder] -->  <pee><!-- [et_pb_line_break_holder] --> L\u2019\u00e9l\u00e9ment d\u00e9cisif n\u2019est pas le composant individuel, mais l\u2019interaction entre la structure du mur, les d\u00e9tails de raccordement, <!-- [et_pb_line_break_holder] --> la temp\u00e9rature de surface et la strat\u00e9gie de chauffage. C\u2019est pr\u00e9cis\u00e9ment ainsi qu\u2019une situation d\u00e9licate de b\u00e2timent ancien se transforme en une <!-- [et_pb_line_break_holder] --> <strong>isolation int\u00e9rieure sans moisissure<\/strong> qui fonctionne durablement.<!-- [et_pb_line_break_holder] -->  <\/pee><!-- [et_pb_line_break_holder] --><!-- [et_pb_line_break_holder] -->  <\/p>\n<div style=\"background:#f7f7f7;border:1px solid #e5e5e5;border-radius:14px;padding:22px;margin-top:28px;text-align:center;\"><!-- [et_pb_line_break_holder] -->    <\/p>\n<h3 style=\"margin-top:0;\">Question sur l&rsquo;isolation int\u00e9rieure sans moisissure ?<\/h3>\n<p><!-- [et_pb_line_break_holder] -->    <pee><!-- [et_pb_line_break_holder] --> Si vous souhaitez savoir si l&rsquo;isolation en a\u00e9rogel et le chauffage par surface carbone peuvent \u00eatre combin\u00e9s judicieusement dans votre b\u00e2timent ancien,<!-- [et_pb_line_break_holder] --> n&rsquo;h\u00e9sitez pas \u00e0 nous envoyer une br\u00e8ve demande.<!-- [et_pb_line_break_holder] -->    <\/pee><!-- [et_pb_line_break_holder] -->    <a href=\"https:\/\/rebotherm.de\/fr\/contact\/\" style=\"display:inline-block;background:#009DDF;color:#fff;padding:16px 30px;border-radius:10px;text-decoration:none;font-weight:700;margin-top:20px;\"><!-- [et_pb_line_break_holder] -->Demander un conseil sans engagement<!-- [et_pb_line_break_holder] --><\/a><!-- [et_pb_line_break_holder] -->  <\/div>\n<p><!-- [et_pb_line_break_holder] --><!-- [et_pb_line_break_holder] -->  <\/p>\n<section style=\"margin-top:36px;\"><!-- [et_pb_line_break_holder] -->    <\/p>\n<h2>FAQ : Isolation int\u00e9rieure sans moisissure<\/h2>\n<p><!-- [et_pb_line_break_holder] --><!-- [et_pb_line_break_holder] -->    <\/p>\n<h3>L&rsquo;isolation int\u00e9rieure sans moisissure dans l&rsquo;ancien est-elle vraiment possible ?<\/h3>\n<p><!-- [et_pb_line_break_holder] -->    <pee><!-- [et_pb_line_break_holder] --> Oui, si la structure est planifi\u00e9e proprement selon la physique du b\u00e2timent. Les ponts thermiques, les raccords, <!-- [et_pb_line_break_holder] --> les temp\u00e9ratures de surface et une gestion appropri\u00e9e de l\u2019humidit\u00e9 sont les \u00e9l\u00e9ments d\u00e9cisifs.<!-- [et_pb_line_break_holder] -->    <\/pee><!-- [et_pb_line_break_holder] --><!-- [et_pb_line_break_holder] -->    <\/p>\n<h3>Pourquoi l&rsquo;a\u00e9rogel est-il int\u00e9ressant pour l&rsquo;isolation int\u00e9rieure sans moisissure ?<\/h3>\n<p><!-- [et_pb_line_break_holder] -->    <pee><!-- [et_pb_line_break_holder] --> L\u2019a\u00e9rogel atteint un pouvoir isolant \u00e9lev\u00e9 avec une faible \u00e9paisseur. Cela aide surtout l\u00e0 o\u00f9 l\u2019espace est limit\u00e9 <!-- [et_pb_line_break_holder] --> et o\u00f9 les d\u00e9tails tels que les embrasures ou les raccords doivent \u00eatre r\u00e9solus de mani\u00e8re aussi mince que possible.<!-- [et_pb_line_break_holder] -->    <\/pee><!-- [et_pb_line_break_holder] --><!-- [et_pb_line_break_holder] -->    <\/p>\n<h3>Peut-on poser un chauffage par surface carbone directement sur n&rsquo;importe quel mur ?<\/h3>\n<p><!-- [et_pb_line_break_holder] -->    <pee><!-- [et_pb_line_break_holder] --> Pas sans planification. Les chauffages de surface au carbone diffusent de la chaleur des deux c\u00f4t\u00e9s et doivent donc \u00eatre s\u00e9par\u00e9s thermiquement <!-- [et_pb_line_break_holder] --> afin que l\u2019\u00e9nergie soit diffus\u00e9e dans la pi\u00e8ce et non dans le support.<!-- [et_pb_line_break_holder] -->    <\/pee><!-- [et_pb_line_break_holder] --><!-- [et_pb_line_break_holder] -->    <\/p>\n<h3>Quelle est la principale source d&rsquo;erreur dans l&rsquo;isolation int\u00e9rieure sans moisissure ?<\/h3>\n<p><!-- [et_pb_line_break_holder] -->    <pee><!-- [et_pb_line_break_holder] --> Ce ne sont g\u00e9n\u00e9ralement pas les grandes surfaces murales, mais les d\u00e9tails de raccordement : embrasures de fen\u00eatres, raccordements de plafonds,<!-- [et_pb_line_break_holder] --> murs int\u00e9rieurs ou zones de soubassement.<!-- [et_pb_line_break_holder] -->    <\/pee><!-- [et_pb_line_break_holder] -->  <\/section>\n<p><!-- [et_pb_line_break_holder] --><!-- [et_pb_line_break_holder] --><\/section>\n<p>[\/et_pb_code][et_pb_code _builder_version=\u00a0\u00bb4.27.6&Prime; _module_preset=\u00a0\u00bbdefault\u00a0\u00bb global_colors_info=\u00a0\u00bb{}\u00a0\u00bb][\/et_pb_code][\/et_pb_column][\/et_pb_row][\/et_pb_section]<\/p>\n","protected":false},"excerpt":{"rendered":"","protected":false},"author":1,"featured_media":0,"parent":0,"menu_order":0,"comment_status":"closed","ping_status":"closed","template":"","meta":{"_et_pb_use_builder":"on","_et_pb_old_content":"","_et_gb_content_width":"","footnotes":""},"class_list":["post-41581","page","type-page","status-publish","hentry"],"_links":{"self":[{"href":"https:\/\/rebotherm.de\/fr\/wp-json\/wp\/v2\/pages\/41581","targetHints":{"allow":["GET"]}}],"collection":[{"href":"https:\/\/rebotherm.de\/fr\/wp-json\/wp\/v2\/pages"}],"about":[{"href":"https:\/\/rebotherm.de\/fr\/wp-json\/wp\/v2\/types\/page"}],"author":[{"embeddable":true,"href":"https:\/\/rebotherm.de\/fr\/wp-json\/wp\/v2\/users\/1"}],"replies":[{"embeddable":true,"href":"https:\/\/rebotherm.de\/fr\/wp-json\/wp\/v2\/comments?post=41581"}],"version-history":[{"count":3,"href":"https:\/\/rebotherm.de\/fr\/wp-json\/wp\/v2\/pages\/41581\/revisions"}],"predecessor-version":[{"id":42622,"href":"https:\/\/rebotherm.de\/fr\/wp-json\/wp\/v2\/pages\/41581\/revisions\/42622"}],"wp:attachment":[{"href":"https:\/\/rebotherm.de\/fr\/wp-json\/wp\/v2\/media?parent=41581"}],"curies":[{"name":"wp","href":"https:\/\/api.w.org\/{rel}","templated":true}]}}