{"id":41583,"date":"2026-03-15T19:08:18","date_gmt":"2026-03-15T18:08:18","guid":{"rendered":"https:\/\/rebotherm.de\/chauffage-dans-une-maison-classee-monument-historique\/"},"modified":"2026-04-10T17:43:28","modified_gmt":"2026-04-10T15:43:28","slug":"chauffage-dans-une-maison-classee-monument-historique","status":"publish","type":"page","link":"https:\/\/rebotherm.de\/fr\/chauffage-dans-une-maison-classee-monument-historique\/","title":{"rendered":"Chauffage dans une maison class\u00e9e monument historique"},"content":{"rendered":"<div class=\"et_pb_section_0 et_pb_section et_section_regular et_block_section section_has_divider et_pb_bottom_divider\">\n<div class=\"et_pb_row_0 et_pb_row et_block_row\">\n<div class=\"et_pb_column_0 et_pb_column et_pb_column_4_4 et-last-child et_block_column et_pb_css_mix_blend_mode_passthrough\">\n<div class=\"et_pb_text_0 et_pb_text et_pb_bg_layout_light et_pb_module et_block_module\"><div class=\"et_pb_text_inner\"><h1>Chauffage dans une maison class\u00e9e monument historique ? Quelles sont les possibilit\u00e9s ? <\/h1>\n<\/div><\/div>\n<\/div>\n<\/div>\n<div class=\"et_pb_bottom_inside_divider et-no-transition\"><\/div><\/div>\n\n<div class=\"et_pb_section_1 et_pb_section et_section_regular et_block_section\">\n<div class=\"et_pb_row_1 et_pb_row et_block_row\">\n<div class=\"et_pb_column_1 et_pb_column et_pb_column_4_4 et-last-child et_block_column et_pb_css_mix_blend_mode_passthrough\">\n<div class=\"et_pb_code_0 et_pb_code et_pb_module\"><div class=\"et_pb_code_inner\"><section style=\"max-width:1100px;margin:0 auto;padding:1px 20px;font-family:Arial,sans-serif;line-height:1.7;color:#222;\">\n\n<header style=\"margin-bottom:26px;\">\n\n  <p style=\"font-size:16px;\">\nUn chauffage dans une maison class\u00e9e monument historique ainsi que la modernisation du chauffage dans un b\u00e2timent class\u00e9 monument historique posent souvent des d\u00e9fis particuliers aux propri\u00e9taires. \nAlors que dans les nouvelles constructions, de nombreuses options techniques peuvent \u00eatre planifi\u00e9es librement, dans les b\u00e2timents historiques, il faut tenir compte des directives \nde la protection des monuments. Les modifications de la fa\u00e7ade, de la structure du b\u00e2timent ou de l'espace \nsont souvent limit\u00e9es. En m\u00eame temps, la technique de chauffage doit fonctionner de mani\u00e8re fiable et am\u00e9liorer le confort de vie \n.  \n<\/p>\n\n<p style=\"font-size:18px;\">\nLa question centrale est donc g\u00e9n\u00e9ralement : <strong>Quel type de chauffage est autoris\u00e9 et judicieux dans une maison class\u00e9e monument historique ?<\/strong> \nLa r\u00e9ponse d\u00e9pend fortement de l\u2019\u00e9tat du b\u00e2timent, de la technologie de chauffage existante et des possibilit\u00e9s d\u2019int\u00e9gration structurelle. \nUn concept qui tient compte \u00e0 la fois des exigences de la protection du patrimoine et des exigences techniques \ndes syst\u00e8mes de chauffage modernes est crucial.\n<\/p>\n\n<\/header>\n\n\n\n\n\n<\/div><\/div>\n\n<div class=\"et_pb_image_0 et_pb_image et_pb_module et_block_module\"><span class=\"et_pb_image_wrap\"><img decoding=\"async\" src=\"https:\/\/rebotherm.de\/wp-content\/uploads\/2026\/03\/Heizung-denkmalgeschuetztes-Haus.jpg\" width=\"1536\" height=\"1024\" srcset=\"https:\/\/rebotherm.de\/wp-content\/uploads\/2026\/03\/Heizung-denkmalgeschuetztes-Haus.jpg 1536w, https:\/\/rebotherm.de\/wp-content\/uploads\/2026\/03\/Heizung-denkmalgeschuetztes-Haus-1280x853.jpg 1280w, https:\/\/rebotherm.de\/wp-content\/uploads\/2026\/03\/Heizung-denkmalgeschuetztes-Haus-980x653.jpg 980w, https:\/\/rebotherm.de\/wp-content\/uploads\/2026\/03\/Heizung-denkmalgeschuetztes-Haus-480x320.jpg 480w\" sizes=\"(min-width: 0px) and (max-width: 480px) 480px, (min-width: 481px) and (max-width: 980px) 980px, (min-width: 981px) and (max-width: 1280px) 1280px, (min-width: 1281px) 1536px, 100vw\" class=\"wp-image-41449\" title=\"Chauffage dans une maison class\u00e9e monument historique\" alt=\"chauffage dans une maison class\u00e9e monument historique\" \/><\/span><\/div>\n\n<div class=\"et_pb_code_1 et_pb_code et_pb_module\"><div class=\"et_pb_code_inner\">Infographie sur les avantages d\u2019un syst\u00e8me de chauffage de surface au carbone dans une maison class\u00e9e monument historique. Le graphique montre comment le syst\u00e8me de chauffage peut \u00eatre int\u00e9gr\u00e9 en douceur dans la structure historique du b\u00e2timent, rester invisible derri\u00e8re l\u2019enduit mural et assurer une r\u00e9partition uniforme et sans courants d\u2019air de la chaleur par rayonnement. <\/div><\/div>\n\n<div class=\"et_pb_code_2 et_pb_code et_pb_module\"><div class=\"et_pb_code_inner\"><h2>Chauffage dans une maison class\u00e9e monument historique. Les syst\u00e8mes de chauffage dans les b\u00e2timents class\u00e9s doivent \u00eatre planifi\u00e9s avec un soin particulier. <\/h2>\n\n<p>\nDans les b\u00e2timents class\u00e9s, la pr\u00e9servation de la substance historique est primordiale. \nCela signifie que les modifications techniques ne sont souvent possibles que de mani\u00e8re limit\u00e9e. \nLes nouvelles conduites, les unit\u00e9s ext\u00e9rieures ou les interventions majeures sur la structure du b\u00e2timent doivent \ndans de nombreux cas \u00eatre coordonn\u00e9es avec l\u2019autorit\u00e9 de protection du patrimoine comp\u00e9tente.\n<\/p>\n\n<ul style=\"list-style:none;padding-left:0;margin-top:10px;\">\n<li><span style=\"color:#2E9E44;font-weight:bold;\">\u2714<\/span> Les fa\u00e7ades historiques ne peuvent souvent pas \u00eatre modifi\u00e9es<\/li>\n<li><span style=\"color:#2E9E44;font-weight:bold;\">\u2714<\/span> La technique visible \u00e0 l\u2019ext\u00e9rieur n\u2019est souvent pas autoris\u00e9e<\/li>\n<li><span style=\"color:#2E9E44;font-weight:bold;\">\u2714<\/span> Les interventions sur la substance originale du b\u00e2timent doivent \u00eatre minimis\u00e9es<\/li>\n<li><span style=\"color:#2E9E44;font-weight:bold;\">\u2714<\/span> La structure des pi\u00e8ces des b\u00e2timents historiques doit \u00eatre pr\u00e9serv\u00e9e<\/li>\n<\/ul>\n\n<p>\nC\u2019est pr\u00e9cis\u00e9ment pourquoi des solutions de chauffage qui peuvent \u00eatre int\u00e9gr\u00e9es au b\u00e2timent de la mani\u00e8re la plus discr\u00e8te possible \net fonctionner sans modifications structurelles majeures sont recherch\u00e9es.\n<\/p>\n\n\n<h2>Exigences typiques pour un syst\u00e8me de chauffage dans une maison class\u00e9e monument historique<\/h2>\n\n<p>\nPour qu\u2019une solution de chauffage fonctionne \u00e0 long terme dans un b\u00e2timent class\u00e9, elle doit r\u00e9pondre \u00e0 plusieurs exigences. \nOutre l\u2019efficacit\u00e9 technique, l\u2019int\u00e9gration dans la structure existante du b\u00e2timent joue un r\u00f4le particuli\u00e8rement important.\n<\/p>\n\n\n<table style=\"width:100%;border-collapse:collapse;margin:20px 0;\">\n<tr style=\"background:#f5f5f5;\">\n<th style=\"padding:12px;border:1px solid #ddd;text-align:left;\">Exigence<\/th>\n<th style=\"padding:12px;border:1px solid #ddd;text-align:left;\">Pourquoi c\u2019est important<\/th>\n<\/tr>\n\n<tr>\n<td style=\"padding:12px;border:1px solid #ddd;\">Interventions minimales sur la structure du b\u00e2timent<\/td>\n<td style=\"padding:12px;border:1px solid #ddd;\">Les mat\u00e9riaux et constructions historiques doivent \u00eatre pr\u00e9serv\u00e9s.<\/td>\n<\/tr>\n\n<tr>\n<td style=\"padding:12px;border:1px solid #ddd;\">Int\u00e9gration discr\u00e8te<\/td>\n<td style=\"padding:12px;border:1px solid #ddd;\">La technique ne doit pas alt\u00e9rer l\u2019apparence du b\u00e2timent.<\/td>\n<\/tr>\n\n<tr>\n<td style=\"padding:12px;border:1px solid #ddd;\">R\u00e9novation flexible<\/td>\n<td style=\"padding:12px;border:1px solid #ddd;\">De nombreux b\u00e2timents ne peuvent \u00eatre modernis\u00e9s que progressivement.<\/td>\n<\/tr>\n\n<tr>\n<td style=\"padding:12px;border:1px solid #ddd;\">Bonne r\u00e9partition de la chaleur<\/td>\n<td style=\"padding:12px;border:1px solid #ddd;\">Les b\u00e2timents historiques ont souvent des g\u00e9om\u00e9tries de pi\u00e8ces diff\u00e9rentes.<\/td>\n<\/tr>\n\n<\/table>\n\n\n<h2>Quelles solutions de chauffage sont envisageables dans une maison class\u00e9e monument historique<\/h2>\n\n<h3>Chauffages de surface dans les murs ou les plafonds<\/h3>\n\n<p>\nUne option pour chauffer les b\u00e2timents historiques est d\u2019utiliser des syst\u00e8mes de chauffage de grande surface int\u00e9gr\u00e9s dans les murs ou les plafonds. \nIls peuvent se passer de radiateurs visibles et n\u00e9cessitent souvent moins d\u2019espace dans la pi\u00e8ce. \nCela permet de pr\u00e9server les pi\u00e8ces historiques sans en modifier fortement l\u2019am\u00e9nagement.\n<\/p>\n\n\n<h3>Modernisation douce des syst\u00e8mes de chauffage existants<\/h3>\n\n<p>\nDans certains b\u00e2timents, une modernisation du syst\u00e8me de chauffage existant peut \u00e9galement \u00eatre judicieuse. \nDes composants individuels sont alors remplac\u00e9s ou optimis\u00e9s sans modifier l\u2019ensemble du syst\u00e8me. \nCette approche peut \u00eatre particuli\u00e8rement pertinente si la technologie existante est fondamentalement \nbien int\u00e9gr\u00e9e au b\u00e2timent.\n<\/p>\n\n\n<h3>Combinaison avec une isolation int\u00e9rieure<\/h3>\n\n<p>\nDans les b\u00e2timents historiques, l\u2019enveloppe du b\u00e2timent joue souvent un r\u00f4le important. \nSi les pertes de chaleur sont r\u00e9duites, l\u2019ensemble de la strat\u00e9gie de chauffage peut changer. \nUne isolation int\u00e9rieure soigneusement planifi\u00e9e peut aider \u00e0 r\u00e9duire les besoins en \u00e9nergie, \nsans modifier l\u2019apparence ext\u00e9rieure du b\u00e2timent.\n<\/p><\/div><\/div>\n\n<div class=\"et_pb_image_1 et_pb_image et_pb_module et_block_module\"><span class=\"et_pb_image_wrap\"><img decoding=\"async\" src=\"https:\/\/rebotherm.de\/wp-content\/uploads\/2026\/03\/Wandheizung-und-Strahlungswaerme-im-Raum.jpg\" width=\"1536\" height=\"1024\" srcset=\"https:\/\/rebotherm.de\/wp-content\/uploads\/2026\/03\/Wandheizung-und-Strahlungswaerme-im-Raum.jpg 1536w, https:\/\/rebotherm.de\/wp-content\/uploads\/2026\/03\/Wandheizung-und-Strahlungswaerme-im-Raum-1280x853.jpg 1280w, https:\/\/rebotherm.de\/wp-content\/uploads\/2026\/03\/Wandheizung-und-Strahlungswaerme-im-Raum-980x653.jpg 980w, https:\/\/rebotherm.de\/wp-content\/uploads\/2026\/03\/Wandheizung-und-Strahlungswaerme-im-Raum-480x320.jpg 480w\" sizes=\"(min-width: 0px) and (max-width: 480px) 480px, (min-width: 481px) and (max-width: 980px) 980px, (min-width: 981px) and (max-width: 1280px) 1280px, (min-width: 1281px) 1536px, 100vw\" class=\"wp-image-41451\" title=\"Chauffage mural et chaleur radiante dans la pi\u00e8ce\" alt=\"chauffage mural et chaleur radiante dans la pi\u00e8ce\" \/><\/span><\/div>\n\n<div class=\"et_pb_code_3 et_pb_code et_pb_module\"><div class=\"et_pb_code_inner\"><h2>Protection du patrimoine et r\u00e9novation \u00e9nerg\u00e9tique<\/h2>\n\n<p>\nLa modernisation \u00e9nerg\u00e9tique gagne \u00e9galement en importance dans la protection du patrimoine. \nCependant, il s\u2019agit moins d\u2019une transformation compl\u00e8te du b\u00e2timent \nque d\u2019une am\u00e9lioration sensible de l\u2019efficacit\u00e9 \u00e9nerg\u00e9tique.\n<\/p>\n\n<p>\nUn bon aper\u00e7u des possibilit\u00e9s de r\u00e9novation \u00e9nerg\u00e9tique des b\u00e2timents existants \nest par exemple disponible sur le<a href=\"https:\/\/www.denkmalschutz.de\/ueber-uns\/die-deutsche-stiftung-denkmalschutz\/nachhaltigkeit\/warum-denkmalschutz-ein-synonym-fuer-nachhaltigkeit-ist.html\" target=\"_blank\" rel=\"noopener\">site \n\n Deutsche Stiftung Denkmalschutz\n<\/a>. \nElle montre quelles mesures peuvent \u00eatre utiles pour les b\u00e2timents existants \net comment les propri\u00e9taires peuvent \u00eatre aid\u00e9s dans leur planification.\n<\/p>\n<\/div><\/div>\n\n<div class=\"et_pb_image_2 et_pb_image et_pb_module et_block_module\"><span class=\"et_pb_image_wrap\"><img decoding=\"async\" src=\"https:\/\/rebotherm.de\/wp-content\/uploads\/2026\/03\/3-Vorteile-einer-Carbon-Flaechenheizung-im-Denkmalschutz.jpg\" width=\"1536\" height=\"1024\" srcset=\"https:\/\/rebotherm.de\/wp-content\/uploads\/2026\/03\/3-Vorteile-einer-Carbon-Flaechenheizung-im-Denkmalschutz.jpg 1536w, https:\/\/rebotherm.de\/wp-content\/uploads\/2026\/03\/3-Vorteile-einer-Carbon-Flaechenheizung-im-Denkmalschutz-1280x853.jpg 1280w, https:\/\/rebotherm.de\/wp-content\/uploads\/2026\/03\/3-Vorteile-einer-Carbon-Flaechenheizung-im-Denkmalschutz-980x653.jpg 980w, https:\/\/rebotherm.de\/wp-content\/uploads\/2026\/03\/3-Vorteile-einer-Carbon-Flaechenheizung-im-Denkmalschutz-480x320.jpg 480w\" sizes=\"(min-width: 0px) and (max-width: 480px) 480px, (min-width: 481px) and (max-width: 980px) 980px, (min-width: 981px) and (max-width: 1280px) 1280px, (min-width: 1281px) 1536px, 100vw\" class=\"wp-image-41452\" title=\"3 avantages d\u2019un chauffage de surface au carbone dans la protection du patrimoine\" alt=\"3-avantages-d\u2019un-chauffage-de-surface-au-carbone-dans-la-protection-du-patrimoine\" \/><\/span><\/div>\n\n<div class=\"et_pb_code_4 et_pb_code et_pb_module\"><div class=\"et_pb_code_inner\"><section style=\"background:#f7f7f7;border:1px solid #e5e5e5;border-radius:14px;padding:20px;margin-top:28px;\">\n\n<p style=\"margin:0;font-size:16px;line-height:1.7;\">\nCette page fait partie de notre rubrique \n<a href=\"https:\/\/rebotherm.de\/fr\/chauffage-de-batiment-ancien-sans-radiateurs\/\" style=\"color:#009DDF;font-weight:600;text-decoration:none;\">\nChauffage de b\u00e2timents anciens sans radiateurs\n<\/a>. \nNous y pr\u00e9sentons diff\u00e9rentes solutions de chauffage pour les b\u00e2timents existants - \n\u00e9galement pour les b\u00e2timents sensibles tels que les maisons class\u00e9es, \no\u00f9 il faut intervenir le moins possible sur la substance historique du b\u00e2timent.\n<\/p>\n\n<\/section><\/div><\/div>\n\n<div class=\"et_pb_code_5 et_pb_code et_pb_module\"><div class=\"et_pb_code_inner\"><h2>Conclusion : Chaque syst\u00e8me de chauffage dans un b\u00e2timent class\u00e9 n\u00e9cessite une solution individuelle<\/h2>\n\n<p>\nIl n\u2019existe pas de solution de chauffage universelle pour les b\u00e2timents class\u00e9s monuments historiques. \nChaque objet a ses propres conditions-cadres structurelles, techniques et l\u00e9gales. \nIl est donc particuli\u00e8rement important d\u2019analyser pr\u00e9cis\u00e9ment la structure existante \net de d\u00e9velopper une strat\u00e9gie de chauffage adapt\u00e9e au b\u00e2timent.\n<\/p>\n\n<p>\nUne planification minutieuse aide \u00e0 concilier la protection du patrimoine et \nle d\u00e9sir d\u2019une technologie de chauffage moderne.\n<\/p>\n\n\n\n<div style=\"background:#f7f7f7;border:1px solid #e5e5e5;border-radius:14px;padding:22px;margin-top:28px;text-align:center;\">\n\n<h3 style=\"margin-top:0;\">Une question sur le chauffage dans une maison class\u00e9e monument historique ?<\/h3>\n\n<p>\nSi vous n\u2019\u00eates pas s\u00fbr de la solution de chauffage possible dans votre b\u00e2timent, \nn\u2019h\u00e9sitez pas \u00e0 nous envoyer une br\u00e8ve demande.\n<\/p>\n\n<a href=\"https:\/\/rebotherm.de\/fr\/contact\/\" style=\"display:inline-block;background:#009DDF;color:#fff;padding:14px 26px;border-radius:10px;text-decoration:none;font-weight:700;\">\nDemander un conseil sans engagement\n<\/a>\n\n<\/div>\n\n\n\n<h2 style=\"margin-top:40px;\">Questions fr\u00e9quentes sur le chauffage dans une maison class\u00e9e monument historique<\/h2>\n\n\n<h3>Un nouveau syst\u00e8me de chauffage est-il autoris\u00e9 dans un b\u00e2timent class\u00e9 monument historique ?<\/h3>\n\n<p>\nEn principe, oui. Cependant, les modifications doivent souvent \u00eatre coordonn\u00e9es avec l\u2019autorit\u00e9 de protection du patrimoine, \nsurtout si elles affectent l\u2019apparence ext\u00e9rieure du b\u00e2timent. \n<\/p>\n\n\n<h3>Quels syst\u00e8mes de chauffage sont particuli\u00e8rement adapt\u00e9s aux b\u00e2timents historiques ?<\/h3>\n\n<p>\nSouvent, les solutions qui s\u2019int\u00e8grent discr\u00e8tement au b\u00e2timent \net ne n\u00e9cessitent pas de modifications structurelles majeures sont judicieuses.\n<\/p>\n\n\n<h3>Une maison class\u00e9e monument historique peut-elle \u00eatre modernis\u00e9e \u00e9nerg\u00e9tiquement ?<\/h3>\n\n<p>\nOui, mais g\u00e9n\u00e9ralement de mani\u00e8re progressive et avec un respect particulier de la substance historique. \nLa planification doit donc toujours \u00eatre effectu\u00e9e en collaboration avec des experts.\n<\/p>\n\n<\/div><\/div>\n<\/div>\n<\/div>\n<\/div>","protected":false},"excerpt":{"rendered":"","protected":false},"author":1,"featured_media":0,"parent":0,"menu_order":0,"comment_status":"closed","ping_status":"closed","template":"","meta":{"_acf_changed":false,"footnotes":""},"class_list":["post-41583","page","type-page","status-publish","hentry"],"acf":[],"_links":{"self":[{"href":"https:\/\/rebotherm.de\/fr\/wp-json\/wp\/v2\/pages\/41583","targetHints":{"allow":["GET"]}}],"collection":[{"href":"https:\/\/rebotherm.de\/fr\/wp-json\/wp\/v2\/pages"}],"about":[{"href":"https:\/\/rebotherm.de\/fr\/wp-json\/wp\/v2\/types\/page"}],"author":[{"embeddable":true,"href":"https:\/\/rebotherm.de\/fr\/wp-json\/wp\/v2\/users\/1"}],"replies":[{"embeddable":true,"href":"https:\/\/rebotherm.de\/fr\/wp-json\/wp\/v2\/comments?post=41583"}],"version-history":[{"count":7,"href":"https:\/\/rebotherm.de\/fr\/wp-json\/wp\/v2\/pages\/41583\/revisions"}],"predecessor-version":[{"id":42979,"href":"https:\/\/rebotherm.de\/fr\/wp-json\/wp\/v2\/pages\/41583\/revisions\/42979"}],"wp:attachment":[{"href":"https:\/\/rebotherm.de\/fr\/wp-json\/wp\/v2\/media?parent=41583"}],"curies":[{"name":"wp","href":"https:\/\/api.w.org\/{rel}","templated":true}]}}