{"id":42869,"date":"2026-04-09T20:49:45","date_gmt":"2026-04-09T18:49:45","guid":{"rendered":"https:\/\/rebotherm.de\/calculer-le-chauffage-commander-et-faire-livrer\/"},"modified":"2026-04-12T20:46:13","modified_gmt":"2026-04-12T18:46:13","slug":"calculer-le-chauffage-commander-et-faire-livrer","status":"publish","type":"page","link":"https:\/\/rebotherm.de\/fr\/calculer-le-chauffage-commander-et-faire-livrer\/","title":{"rendered":"Calculer le chauffage, commander et faire livrer"},"content":{"rendered":"<div class=\"et_pb_section_0 et_pb_section et_section_regular et_flex_section section_has_divider et_pb_bottom_divider\">\n<div class=\"et_pb_row_0 et_pb_row et_flex_row\">\n<div class=\"et_pb_column_0 et_pb_column et-last-child et_flex_column et_pb_css_mix_blend_mode_passthrough et_flex_column_24_24 et_flex_column_24_24_tablet et_flex_column_24_24_phone\">\n<div class=\"et_pb_text_0 et_pb_text et_pb_bg_layout_dark et_pb_module et_flex_module\"><div class=\"et_pb_text_inner\"><h1 style=\"text-align: center;\">Calculer le chauffage, commander &amp; recevoir directement<\/h1>\n<\/div><\/div>\n<\/div>\n<\/div>\n<div class=\"et_pb_bottom_inside_divider et-no-transition\"><\/div><\/div>\n\n<div class=\"et_pb_section_1 et_pb_section et_section_regular et_flex_section\">\n<div class=\"et_pb_row_1 et_pb_row et_flex_row\">\n<div class=\"et_pb_column_1 et_pb_column et-last-child et_flex_column et_pb_css_mix_blend_mode_passthrough et_flex_column_24_24 et_flex_column_24_24_tablet et_flex_column_24_24_phone\">\n<div class=\"et_pb_text_1 et_pb_text et_pb_bg_layout_light et_pb_module et_flex_module\"><div class=\"et_pb_text_inner\"><p style=\"font-size: 20px; line-height: 1.6; margin-top: 12px;\">Syst\u00e8me de chauffage personnalis\u00e9 pour votre pi\u00e8ce - calcul\u00e9 automatiquement et pouvant \u00eatre command\u00e9 imm\u00e9diatement pr\u00eat \u00e0 l'emploi.<\/p>\n<p>\u2714 Syst\u00e8me de chauffage adapt\u00e9 calcul\u00e9 en quelques \u00e9tapes<br \/>\u2714 Accessoires et bo\u00eetier \u00e9lectrique automatiquement inclus<br \/>\u2714 Commande imm\u00e9diate - pas de planification n\u00e9cessaire<\/p>\n<\/div><\/div>\n\n<div class=\"et_pb_module et_pb_button_module_wrapper et_pb_button_0_wrapper\"><a class=\"et_pb_button_0 et_pb_button et_pb_bg_layout_light et_pb_module et_flex_module\" href=\"https:\/\/rebotherm.de\/fr\/boutique\/#heizungsrechner\">Calculez maintenant le chauffage qui vous convient<\/a><\/div>\n<\/div>\n<\/div>\n\n<div class=\"et_pb_row_2 et_pb_row et_flex_row\">\n<div class=\"et_pb_column_2 et_pb_column et-last-child et_flex_column et_pb_css_mix_blend_mode_passthrough et_flex_column_24_24 et_flex_column_24_24_tablet et_flex_column_24_24_phone\">\n<div class=\"et_pb_text_2 et_pb_text et_pb_bg_layout_light et_pb_module et_flex_module\"><div class=\"et_pb_text_inner\"><p style=\"font-size: 14px; color: #6b7280; margin-top: 10px;\">Prend moins de 60 secondes - Aucun enregistrement requis<\/p>\n<\/div><\/div>\n<\/div>\n<\/div>\n<\/div>\n\n<div class=\"et_pb_section_2 et_pb_section et_section_regular et_flex_section\">\n<div class=\"et_pb_row_3 et_pb_row et_flex_row\">\n<div class=\"et_pb_column_3 et_pb_column et-last-child et_flex_column et_pb_css_mix_blend_mode_passthrough et_flex_column_24_24 et_flex_column_24_24_tablet et_flex_column_24_24_phone\">\n<div class=\"et_pb_text_3 et_pb_text et_pb_bg_layout_light et_pb_module et_flex_module\"><div class=\"et_pb_text_inner\"><h2>\u00c0 qui s'adresse cette calculatrice ?<\/h2>\n<p>\nLe calculateur est id\u00e9al pour les pi\u00e8ces individuelles et les projets de taille raisonnable. Il vous suffit d'indiquer la taille de la pi\u00e8ce, le niveau d'isolation et le type de chauffage souhait\u00e9. Le syst\u00e8me compose automatiquement un kit de chauffage adapt\u00e9 \u00e0 partir de ces informations.\n<\/p>\n<ul>\n<li>Salle de bain<\/li>\n<li>Salles de s\u00e9jour<\/li>\n<li>Chambre \u00e0 coucher<\/li>\n<li>Bureaux<\/li>\n<li>Surfaces individuelles de murs, plafonds ou sols<\/li>\n<\/ul>\n<p>\nPour les maisons compl\u00e8tes ou les projets de grande envergure, veuillez continuer \u00e0 utiliser notre grand calculateur de chauffage.<\/p>\n<\/div><\/div>\n<\/div>\n<\/div>\n<\/div>\n\n<div class=\"et_pb_section_3 et_pb_section et_section_regular et_flex_section\">\n<div class=\"et_pb_row_4 et_pb_row et_flex_row\">\n<div class=\"et_pb_column_4 et_pb_column et_flex_column et_pb_css_mix_blend_mode_passthrough et_flex_column_8_24 et_flex_column_8_24_tablet et_flex_column_24_24_phone\">\n<div class=\"et_pb_text_4 et_pb_text et_pb_bg_layout_light et_pb_module et_flex_module\"><div class=\"et_pb_text_inner\"><h3>Calculer facilement<\/h3>\n<p>\nPas de planification compliqu\u00e9e ni de recherche de composants individuels. Le calculateur vous indique directement le syst\u00e8me de chauffage adapt\u00e9 \u00e0 votre pi\u00e8ce.<\/p>\n<\/div><\/div>\n<\/div>\n\n<div class=\"et_pb_column_5 et_pb_column et_flex_column et_pb_css_mix_blend_mode_passthrough et_flex_column_8_24 et_flex_column_8_24_tablet et_flex_column_24_24_phone\">\n<div class=\"et_pb_text_5 et_pb_text et_pb_bg_layout_light et_pb_module et_flex_module\"><div class=\"et_pb_text_inner\"><h3>Automatiquement parfait<\/h3>\n<p>Le tableau \u00e9lectrique, les accessoires, l'isolation et le mat\u00e9riel de raccordement n\u00e9cessaire sont automatiquement pris en compte en fonction de la configuration choisie.<\/p>\n<\/div><\/div>\n<\/div>\n\n<div class=\"et_pb_column_6 et_pb_column et-last-child et_flex_column et_pb_css_mix_blend_mode_passthrough et_flex_column_8_24 et_flex_column_8_24_tablet et_flex_column_24_24_phone\">\n<div class=\"et_pb_text_6 et_pb_text et_pb_bg_layout_light et_pb_module et_flex_module\"><div class=\"et_pb_text_inner\"><h3>Commande directe<\/h3>\n<p>Une fois le calcul effectu\u00e9, vous placez votre syst\u00e8me de chauffage complet dans le panier d'un simple clic, sans autre \u00e9tape de planification ou de calcul.<\/p>\n<\/div><\/div>\n<\/div>\n<\/div>\n<\/div>\n\n<div class=\"et_pb_section_4 et_pb_section et_section_regular et_flex_section\">\n<div class=\"et_pb_row_5 et_pb_row et_flex_row\">\n<div class=\"et_pb_column_7 et_pb_column et-last-child et_flex_column et_pb_css_mix_blend_mode_passthrough et_flex_column_24_24 et_flex_column_24_24_tablet et_flex_column_24_24_phone\">\n<div class=\"et_pb_text_7 et_pb_text et_pb_bg_layout_light et_pb_module et_flex_module\"><div class=\"et_pb_text_inner\"><h2>Ce que le calculateur prend en compte pour vous<\/h2>\n<ul>\n<li>Niveau d'isolation de la pi\u00e8ce<\/li>\n<li>Suppl\u00e9ment de salle de bain pour une demande de chaleur plus \u00e9lev\u00e9e<\/li>\n<li>Chauffage par le sol, les murs ou le plafond<\/li>\n<li>Feuille ou plaque chauffante autocollante<\/li>\n<li>Bo\u00eetier \u00e9lectrique adapt\u00e9 jusqu'\u00e0 1000 W ou 2000 W<\/li>\n<li>Accessoires et mat\u00e9riel de connexion n\u00e9cessaires<\/li>\n<\/ul>\n<p>\nAinsi, vous ne recevez pas une liste de mat\u00e9riaux en vrac, mais un syst\u00e8me de chauffage adapt\u00e9 \u00e0 votre espace.<\/p>\n<\/div><\/div>\n<\/div>\n<\/div>\n<\/div>\n\n<div class=\"et_pb_section_5 et_pb_section et_section_regular et_flex_section\">\n<div class=\"et_pb_row_6 et_pb_row et_flex_row\">\n<div class=\"et_pb_column_8 et_pb_column et-last-child et_flex_column et_pb_css_mix_blend_mode_passthrough et_flex_column_12_24 et_flex_column_12_24_tablet et_flex_column_24_24_phone\">\n<div class=\"et_pb_module et_pb_button_module_wrapper et_pb_button_1_wrapper\"><a class=\"et_pb_button_1 et_pb_button et_pb_bg_layout_light et_pb_module et_flex_module\" href=\"https:\/\/rebotherm.de\/fr\/boutique\/#heizungsrechner\">Vers le calculateur de chauffage dans la boutique<\/a><\/div>\n<\/div>\n<\/div>\n<\/div>\n\n<div class=\"et_pb_section_6 et_pb_section et_section_regular et_flex_section\">\n<div class=\"et_pb_row_7 et_pb_row et_flex_row\">\n<div class=\"et_pb_column_9 et_pb_column et-last-child et_flex_column et_pb_css_mix_blend_mode_passthrough et_flex_column_24_24 et_flex_column_24_24_tablet et_flex_column_24_24_phone\">\n<div class=\"et_pb_text_8 et_pb_text et_pb_bg_layout_light et_pb_module et_flex_module\"><div class=\"et_pb_text_inner\"><h2>Pourquoi Rebotherm ?<\/h2>\n<p>\nRebotherm est synonyme de syst\u00e8mes de chauffage \u00e9lectrique de surface bien pens\u00e9s, avec une logique de syst\u00e8me claire. Au lieu de solutions individuelles confuses, vous obtenez un syst\u00e8me de chauffage adapt\u00e9 \u00e0 votre espace et \u00e0 votre situation d'installation.\n<\/p>\n<ul>\n<li>Syst\u00e8mes de chauffage au carbone 48V<\/li>\n<li>Film chauffant autocollant sans adh\u00e9sif suppl\u00e9mentaire<\/li>\n<li>Panneaux chauffants adapt\u00e9s \u00e0 la construction s\u00e8che<\/li>\n<li>Isolation et accessoires pris en compte en fonction du syst\u00e8me<\/li>\n<\/ul>\n<\/div><\/div>\n\n<div class=\"et_pb_text_9 et_pb_text et_pb_bg_layout_light et_pb_module et_flex_module\"><div class=\"et_pb_text_inner\"><h2>Vous n'avez rien \u00e0 assembler vous-m\u00eame<\/h2>\n<p>\nLe calculateur se charge de la logique de base pour vous. Au lieu de s\u00e9lectionner individuellement le film chauffant, le bo\u00eetier \u00e9lectrique, l'isolation et les accessoires, vous obtenez directement un syst\u00e8me judicieusement compos\u00e9.\n<\/p>\n<p>\nCela permet de gagner du temps, de r\u00e9duire les erreurs et de rendre la commande beaucoup plus s\u00fbre.<\/p>\n<\/div><\/div>\n\n<div class=\"et_pb_text_10 et_pb_text et_pb_bg_layout_light et_pb_module et_flex_module\"><div class=\"et_pb_text_inner\"><h2>Calculez votre syst\u00e8me de chauffage et commandez directement<\/h2>\n<p>\nUtilisez le calculateur de la boutique pour composer automatiquement votre syst\u00e8me de chauffage.<\/p>\n<\/div><\/div>\n\n<div class=\"et_pb_module et_pb_button_module_wrapper et_pb_button_2_wrapper\"><a class=\"et_pb_button_2 et_pb_button et_pb_bg_layout_light et_pb_module et_flex_module\" href=\"https:\/\/rebotherm.de\/fr\/boutique\/#heizungsrechner\">Acc\u00e9der maintenant \u00e0 la calculatrice<\/a><\/div>\n<\/div>\n<\/div>\n<\/div>","protected":false},"excerpt":{"rendered":"","protected":false},"author":1,"featured_media":0,"parent":0,"menu_order":0,"comment_status":"closed","ping_status":"closed","template":"","meta":{"_acf_changed":false,"footnotes":""},"class_list":["post-42869","page","type-page","status-publish","hentry"],"acf":[],"_links":{"self":[{"href":"https:\/\/rebotherm.de\/fr\/wp-json\/wp\/v2\/pages\/42869","targetHints":{"allow":["GET"]}}],"collection":[{"href":"https:\/\/rebotherm.de\/fr\/wp-json\/wp\/v2\/pages"}],"about":[{"href":"https:\/\/rebotherm.de\/fr\/wp-json\/wp\/v2\/types\/page"}],"author":[{"embeddable":true,"href":"https:\/\/rebotherm.de\/fr\/wp-json\/wp\/v2\/users\/1"}],"replies":[{"embeddable":true,"href":"https:\/\/rebotherm.de\/fr\/wp-json\/wp\/v2\/comments?post=42869"}],"version-history":[{"count":27,"href":"https:\/\/rebotherm.de\/fr\/wp-json\/wp\/v2\/pages\/42869\/revisions"}],"predecessor-version":[{"id":43206,"href":"https:\/\/rebotherm.de\/fr\/wp-json\/wp\/v2\/pages\/42869\/revisions\/43206"}],"wp:attachment":[{"href":"https:\/\/rebotherm.de\/fr\/wp-json\/wp\/v2\/media?parent=42869"}],"curies":[{"name":"wp","href":"https:\/\/api.w.org\/{rel}","templated":true}]}}