{"id":44027,"date":"2026-05-09T17:13:26","date_gmt":"2026-05-09T15:13:26","guid":{"rendered":"https:\/\/rebotherm.de\/daemmung-neu\/"},"modified":"2026-05-09T20:40:13","modified_gmt":"2026-05-09T18:40:13","slug":"daemmung-neu","status":"publish","type":"page","link":"https:\/\/rebotherm.de\/fr\/daemmung-neu\/","title":{"rendered":"Isolation"},"content":{"rendered":"<div class=\"et_pb_section_0 et_pb_section et_section_regular et_block_section section_has_divider et_pb_bottom_divider\">\n<div class=\"et_pb_row_0 et_pb_row et_block_row\">\n<div class=\"et_pb_column_0 et_pb_column et_pb_column_4_4 et-last-child et_block_column et_pb_css_mix_blend_mode_passthrough\">\n<div class=\"et_pb_text_0 et_pb_text et_pb_bg_layout_light et_pb_module et_block_module\"><div class=\"et_pb_text_inner\"><h1 style=\"text-align: center;\">Isolation Rebotherm pour l'int\u00e9rieur et l'ext\u00e9rieur<\/h1>\n<p style=\"text-align: center;\">Solutions d'isolation fines et performantes pour b\u00e2timents anciens, r\u00e9novation et modernisation.<\/p>\n<\/div><\/div>\n<\/div>\n<\/div>\n<div class=\"et_pb_bottom_inside_divider et-no-transition\"><\/div><\/div>\n\n<div class=\"et_pb_section_1 et_pb_section et_section_regular et_flex_section\">\n<div class=\"et_pb_row_1 et_pb_row et_flex_row\">\n<div class=\"et_pb_column_1 et_pb_column et-last-child et_flex_column et_pb_css_mix_blend_mode_passthrough et_flex_column_24_24 et_flex_column_24_24_tablet et_flex_column_24_24_phone\">\n<div class=\"et_pb_text_1 et_pb_text et_pb_bg_layout_light et_pb_module et_flex_module\"><div class=\"et_pb_text_inner\"><h2>Isolation \u00e0 faible \u00e9paisseur \u2013 id\u00e9ale pour la r\u00e9novation et les b\u00e2timents anciens<\/h2>\n<p>Une bonne isolation r\u00e9duit les d\u00e9perditions thermiques, am\u00e9liore le confort de vie et peut diminuer consid\u00e9rablement les co\u00fbts de chauffage. Toutefois, dans les b\u00e2timents existants, les constructions anciennes ou les espaces int\u00e9rieurs restreints, les isolants classiques sont souvent trop \u00e9pais ou difficiles \u00e0 mettre en \u0153uvre.<br \/>REBOTHERM propose des solutions d'isolation modernes pour l'int\u00e9rieur et l'ext\u00e9rieur, qui allient haute performance isolante et faible \u00e9paisseur. Selon l'application, on utilise l'isolation en a\u00e9rogel, les panneaux isolants Superwall ou des solutions de protection thermique sp\u00e9cifiques. Il en r\u00e9sulte des syst\u00e8mes flexibles pour murs, sols, plafonds, canalisations et situations de r\u00e9novation complexes.   <\/p>\n<\/div><\/div>\n<\/div>\n<\/div>\n<\/div>\n\n<div class=\"et_pb_section_2 et_pb_section et_section_regular et_block_section\">\n<div class=\"et_pb_row_2 et_pb_row et_pb_equal_columns et_block_row\">\n<div class=\"et_pb_column_2 et_pb_column et_pb_column_1_2 et_block_column et_pb_css_mix_blend_mode_passthrough\">\n<div class=\"et_pb_image_0 et_pb_image et_pb_module et_block_module\"><a href=\"https:\/\/rebotherm.de\/superwall-daemmplatte-10mm\/\"><span class=\"et_pb_image_wrap\"><img decoding=\"async\" src=\"https:\/\/rebotherm.de\/wp-content\/uploads\/2024\/05\/rebotherm-daemmungen-innendaemmung-superwall.jpg\" width=\"1280\" height=\"720\" srcset=\"https:\/\/rebotherm.de\/wp-content\/uploads\/2024\/05\/rebotherm-daemmungen-innendaemmung-superwall.jpg 1280w, https:\/\/rebotherm.de\/wp-content\/uploads\/2024\/05\/rebotherm-daemmungen-innendaemmung-superwall-980x551.jpg 980w, https:\/\/rebotherm.de\/wp-content\/uploads\/2024\/05\/rebotherm-daemmungen-innendaemmung-superwall-480x270.jpg 480w\" sizes=\"(min-width: 0px) and (max-width: 480px) 480px, (min-width: 481px) and (max-width: 980px) 980px, (min-width: 981px) 1280px, 100vw\" class=\"wp-image-27580\" title=\"rebotherm-isolations-isolation-int\u00e9rieure-superwall\" alt=\"rebotherm Isolation int\u00e9rieure avec Superwall\" \/><\/span><\/a><\/div>\n\n<div class=\"et_pb_text_2 et_pb_text et_pb_bg_layout_light et_pb_module et_block_module\"><div class=\"et_pb_text_inner\"><h2>Panneau isolant Superwall<\/h2>\n<p>Le panneau isolant Superwall convient particuli\u00e8rement \u00e0 l'isolation int\u00e9rieure ult\u00e9rieure des murs et plafonds. Avec une faible \u00e9paisseur, il am\u00e9liore la protection thermique et favorise un climat int\u00e9rieur plus agr\u00e9able \u2013 id\u00e9al pour la r\u00e9novation, les b\u00e2timents anciens et les pi\u00e8ces aux murs int\u00e9rieurs froids. <\/p>\n<\/div><\/div>\n\n<div class=\"et_pb_module et_pb_button_module_wrapper et_pb_button_0_wrapper\"><a class=\"et_pb_button_0 et_pb_button et_pb_bg_layout_light et_pb_module et_block_module\" href=\"https:\/\/rebotherm.de\/superwall-daemmplatte-10mm\/\">En savoir plus !<\/a><\/div>\n<\/div>\n\n<div class=\"et_pb_column_3 et_pb_column et_pb_column_1_2 et-last-child et_block_column et_pb_css_mix_blend_mode_passthrough\">\n<div class=\"et_pb_image_1 et_pb_image et_pb_module et_block_module\"><a href=\"https:\/\/rebotherm.de\/aerogel-daemmung\/\"><span class=\"et_pb_image_wrap\"><img decoding=\"async\" src=\"https:\/\/rebotherm.de\/wp-content\/uploads\/2024\/05\/rebotherm-daemmungen-aerogel.jpg\" width=\"1280\" height=\"720\" srcset=\"https:\/\/rebotherm.de\/wp-content\/uploads\/2024\/05\/rebotherm-daemmungen-aerogel.jpg 1280w, https:\/\/rebotherm.de\/wp-content\/uploads\/2024\/05\/rebotherm-daemmungen-aerogel-980x551.jpg 980w, https:\/\/rebotherm.de\/wp-content\/uploads\/2024\/05\/rebotherm-daemmungen-aerogel-480x270.jpg 480w\" sizes=\"(min-width: 0px) and (max-width: 480px) 480px, (min-width: 481px) and (max-width: 980px) 980px, (min-width: 981px) 1280px, 100vw\" class=\"wp-image-27579\" title=\"rebotherm-isolations-aerogel\" alt=\"rebotherm Isolations avec a\u00e9rogel\" \/><\/span><\/a><\/div>\n\n<div class=\"et_pb_text_3 et_pb_text et_pb_bg_layout_light et_pb_module et_block_module\"><div class=\"et_pb_text_inner\"><h2>Isolation en a\u00e9rogel<\/h2>\n<p>L'a\u00e9rogel est une isolation haute performance \u00e0 tr\u00e8s faible conductivit\u00e9 thermique. Il convient particuli\u00e8rement aux espaces restreints n\u00e9cessitant un fort pouvoir isolant \u2013 par exemple pour l'isolation int\u00e9rieure, les chapes de sol, l'isolation de canalisations ou les r\u00e9novations exigeantes. <\/p>\n<\/div><\/div>\n\n<div class=\"et_pb_module et_pb_button_module_wrapper et_pb_button_1_wrapper\"><a class=\"et_pb_button_1 et_pb_button et_pb_bg_layout_light et_pb_module et_block_module\" href=\"https:\/\/rebotherm.de\/aerogel-daemmung\/\">En savoir plus !<\/a><\/div>\n<\/div>\n<\/div>\n<\/div>\n\n<div class=\"et_pb_section_3 et_pb_section et_section_regular et_flex_section\">\n<div class=\"et_pb_row_3 et_pb_row et_flex_row\">\n<div class=\"et_pb_column_4 et_pb_column et_flex_column et_pb_css_mix_blend_mode_passthrough et_flex_column_6_24 et_flex_column_12_24_tablet et_flex_column_24_24_phone\">\n<div class=\"et_pb_blurb_0 et_pb_blurb et_pb_bg_layout_light et_pb_blurb_position_top et_pb_module et_flex_module\"><div class=\"et_pb_blurb_content et_flex_module\"><div class=\"et_pb_main_blurb_image\"><span class=\"et_pb_image_wrap\"><span class=\"et-pb-icon\">\ue065<\/span><\/span><\/div><div class=\"et_pb_blurb_container\"><h4 class=\"et_pb_module_header\">Faible \u00e9paisseur de construction<\/h4><div class=\"et_pb_blurb_description\"><p>Id\u00e9al pour les b\u00e2timents anciens et la r\u00e9novation avec peu d'espace.<\/p>\n<\/div><\/div><\/div><\/div>\n<\/div>\n\n<div class=\"et_pb_column_5 et_pb_column et_flex_column et_pb_css_mix_blend_mode_passthrough et_flex_column_6_24 et_flex_column_12_24_tablet et_flex_column_24_24_phone\">\n<div class=\"et_pb_blurb_1 et_pb_blurb et_pb_bg_layout_light et_pb_blurb_position_top et_pb_module et_flex_module\"><div class=\"et_pb_blurb_content et_flex_module\"><div class=\"et_pb_main_blurb_image\"><span class=\"et_pb_image_wrap\"><span class=\"et-pb-icon\">\uf2ca<\/span><\/span><\/div><div class=\"et_pb_blurb_container\"><h4 class=\"et_pb_module_header\">Haute performance d'isolation<\/h4><div class=\"et_pb_blurb_description\"><p data-start=\"1321\" data-end=\"1380\">Isolation thermique efficace pour l'int\u00e9rieur et l'ext\u00e9rieur.<\/p>\n<\/div><\/div><\/div><\/div>\n<\/div>\n\n<div class=\"et_pb_column_6 et_pb_column et_flex_column et_pb_css_mix_blend_mode_passthrough et_flex_column_6_24 et_flex_column_12_24_tablet et_flex_column_24_24_phone\">\n<div class=\"et_pb_blurb_2 et_pb_blurb et_pb_bg_layout_light et_pb_blurb_position_top et_pb_module et_flex_module\"><div class=\"et_pb_blurb_content et_flex_module\"><div class=\"et_pb_main_blurb_image\"><span class=\"et_pb_image_wrap\"><span class=\"et-pb-icon\">\uf6e3<\/span><\/span><\/div><div class=\"et_pb_blurb_container\"><h4 class=\"et_pb_module_header\">Montage simple<\/h4><div class=\"et_pb_blurb_description\"><p data-start=\"1463\" data-end=\"1517\">Adapt\u00e9 aux b\u00e2timents existants et \u00e0 la modernisation<\/p>\n<\/div><\/div><\/div><\/div>\n<\/div>\n\n<div class=\"et_pb_column_7 et_pb_column et-last-child et_flex_column et_pb_css_mix_blend_mode_passthrough et_flex_column_6_24 et_flex_column_12_24_tablet et_flex_column_24_24_phone\">\n<div class=\"et_pb_blurb_3 et_pb_blurb et_pb_bg_layout_light et_pb_blurb_position_top et_pb_module et_flex_module\"><div class=\"et_pb_blurb_content et_flex_module\"><div class=\"et_pb_main_blurb_image\"><span class=\"et_pb_image_wrap\"><span class=\"et-pb-icon\">\uf06c<\/span><\/span><\/div><div class=\"et_pb_blurb_container\"><h4 class=\"et_pb_module_header\">\u00c9conome en \u00e9nergie<\/h4><div class=\"et_pb_blurb_description\"><p>Faible d\u00e9perdition thermique et besoins \u00e9nerg\u00e9tiques r\u00e9duits.<\/p>\n<\/div><\/div><\/div><\/div>\n<\/div>\n<\/div>\n<\/div>\n\n<div class=\"et_pb_section_4 et_pb_section et_section_regular et_flex_section\">\n<div class=\"et_pb_row_4 et_pb_row et_flex_row\">\n<div class=\"et_pb_column_8 et_pb_column et-last-child et_flex_column et_pb_css_mix_blend_mode_passthrough et_flex_column_24_24 et_flex_column_24_24_tablet et_flex_column_24_24_phone\">\n<div class=\"et_pb_text_4 et_pb_text et_pb_bg_layout_light et_pb_module et_flex_module\"><div class=\"et_pb_text_inner\"><h2>Pour quelles applications l\u2019isolation REBOTHERM est-elle adapt\u00e9e ?<\/h2>\n<p>Nos solutions d\u2019isolation peuvent \u00eatre utilis\u00e9es dans de nombreux domaines \u2013 de l\u2019isolation int\u00e9rieure classique \u00e0 l\u2019isolation technique des tuyaux, des sols ou de projets sp\u00e9cifiques.<\/p>\n<\/div><\/div>\n<\/div>\n<\/div>\n\n<div class=\"et_pb_row_5 et_pb_row et_flex_row\">\n<div class=\"et_pb_column_9 et_pb_column et_flex_column et_pb_css_mix_blend_mode_passthrough et_flex_column_12_24 et_flex_column_12_24_tablet et_flex_column_24_24_phone\">\n<div class=\"et_pb_text_5 et_pb_text et_pb_bg_layout_light et_pb_module et_flex_module\"><div class=\"et_pb_text_inner\"><ul>\n<li data-section-id=\"1dwsp5p\" data-start=\"3925\" data-end=\"3951\">Isolation int\u00e9rieure dans l\u2019ancien<\/li>\n<li data-section-id=\"2fp2cz\" data-start=\"3952\" data-end=\"3986\">Isolation contre les murs int\u00e9rieurs froids<\/li>\n<li data-section-id=\"1bqsp62\" data-start=\"3987\" data-end=\"4022\">Isolation avec faible hauteur de construction<\/li>\n<li data-section-id=\"1xrc8jl\" data-start=\"4023\" data-end=\"4047\">Isolation de sol en a\u00e9rogel<\/li>\n<\/ul>\n<\/div><\/div>\n<\/div>\n\n<div class=\"et_pb_column_10 et_pb_column et-last-child et_flex_column et_pb_css_mix_blend_mode_passthrough et_flex_column_12_24 et_flex_column_12_24_tablet et_flex_column_24_24_phone\">\n<div class=\"et_pb_text_6 et_pb_text et_pb_bg_layout_light et_pb_module et_flex_module\"><div class=\"et_pb_text_inner\"><ul>\n<li data-section-id=\"8uy7zr\" data-start=\"4048\" data-end=\"4089\">Isolation des tuyaux et isolation technique<\/li>\n<li data-section-id=\"ee7aaj\" data-start=\"4090\" data-end=\"4129\">Compl\u00e9ment au chauffage de surface au carbone<\/li>\n<li data-section-id=\"1vaj8nw\" data-start=\"4130\" data-end=\"4173\">R\u00e9novation sans gros travaux<\/li>\n<li data-section-id=\"1y1ifby\" data-start=\"4174\" data-end=\"4219\">Isolation en cas de risque de moisissures et de ponts thermiques<\/li>\n<\/ul>\n<\/div><\/div>\n<\/div>\n<\/div>\n\n<div class=\"et_pb_row_6 et_pb_row et_flex_row\">\n<div class=\"et_pb_column_11 et_pb_column et-last-child et_flex_column et_pb_css_mix_blend_mode_passthrough et_flex_column_24_24 et_flex_column_24_24_tablet et_flex_column_24_24_phone\">\n<div class=\"et_pb_text_7 et_pb_text et_pb_bg_layout_light et_pb_module et_flex_module\"><div class=\"et_pb_text_inner\"><h2>Isolation et chauffage comme syst\u00e8me global efficace<\/h2>\n<p data-start=\"4324\" data-end=\"4652\">Une bonne isolation est la base de faibles co\u00fbts de chauffage. Moins la chaleur se perd par les murs, le sol ou le plafond, plus un chauffage \u00e9lectrique de surface fonctionne efficacement. C\u2019est pourquoi les isolations REBOTHERM se combinent id\u00e9alement avec un film chauffant au carbone, des panneaux chauffants ou d\u2019autres syst\u00e8mes de chauffage basse tension.  <\/p>\n<p data-start=\"4654\" data-end=\"4825\">Surtout dans l\u2019ancien, cette combinaison peut constituer une alternative int\u00e9ressante lorsque des radiateurs \u00e0 eau, un chauffage au sol ou une pompe \u00e0 chaleur sont difficiles \u00e0 mettre en \u0153uvre sur le plan structurel.<\/p>\n<\/div><\/div>\n<\/div>\n<\/div>\n\n<div class=\"et_pb_row_7 et_pb_row et_flex_row\">\n<div class=\"et_pb_column_12 et_pb_column et-last-child et_flex_column et_pb_css_mix_blend_mode_passthrough et_flex_column_24_24 et_flex_column_24_24_tablet et_flex_column_24_24_phone\">\n<div class=\"et_pb_module et_pb_button_module_wrapper et_pb_button_2_wrapper\"><a class=\"et_pb_button_2 et_pb_button et_pb_bg_layout_light et_pb_module et_flex_module\" href=\"https:\/\/rebotherm.de\/fr\/chauffages\/\">D\u00e9couvrir le chauffage au carbone<\/a><\/div>\n<\/div>\n<\/div>\n\n<div class=\"et_pb_row_8 et_pb_row et_flex_row\">\n<div class=\"et_pb_column_13 et_pb_column et-last-child et_flex_column et_pb_css_mix_blend_mode_passthrough et_flex_column_24_24 et_flex_column_24_24_tablet et_flex_column_24_24_phone\">\n<div class=\"et_pb_text_8 et_pb_text et_pb_bg_layout_light et_pb_module et_flex_module\"><div class=\"et_pb_text_inner\"><h2>Questions fr\u00e9quentes sur l\u2019isolation<\/h2>\n<p><strong data-start=\"4962\" data-end=\"5008\">Quelle isolation convient aux murs int\u00e9rieurs ?<\/strong><br data-start=\"5008\" data-end=\"5011\">Pour les murs int\u00e9rieurs, des panneaux isolants minces ou des isolations en a\u00e9rogel conviennent lorsqu\u2019il y a peu de place. Il est important que la structure, le support et la situation d\u2019humidit\u00e9 soient compatibles. <\/p>\n<p><strong data-start=\"5204\" data-end=\"5248\">Quel est l\u2019avantage de l\u2019isolation en a\u00e9rogel ?<\/strong><br data-start=\"5248\" data-end=\"5251\">L\u2019a\u00e9rogel offre une tr\u00e8s haute performance d\u2019isolation pour une faible \u00e9paisseur de mat\u00e9riau. C\u2019est pourquoi il est souvent utilis\u00e9 l\u00e0 o\u00f9 les isolants classiques seraient trop \u00e9pais. <\/p>\n<p data-start=\"5401\" data-end=\"5649\"><strong data-start=\"5414\" data-end=\"5452\">L\u2019isolation int\u00e9rieure aide-t-elle contre les moisissures ?<\/strong><br data-start=\"5452\" data-end=\"5455\">Une isolation int\u00e9rieure planifi\u00e9e de mani\u00e8re professionnelle peut r\u00e9duire les surfaces froides et ainsi diminuer le risque de condensation et de moisissures. Le choix des mat\u00e9riaux, la mise en \u0153uvre et la protection contre l\u2019humidit\u00e9 sont d\u00e9terminants. <\/p>\n<p data-start=\"5651\" data-end=\"5868\"><strong data-start=\"5664\" data-end=\"5724\">L\u2019isolation peut-elle \u00eatre combin\u00e9e avec un chauffage au carbone ?<\/strong><br data-start=\"5724\" data-end=\"5727\">Oui. L\u2019isolation et le chauffage de surface au carbone se compl\u00e8tent tr\u00e8s bien, car moins de chaleur se perd et la puissance de chauffage est utilis\u00e9e plus efficacement. <\/p>\n<h2 data-start=\"5651\" data-end=\"5868\">Quelle isolation convient \u00e0 votre projet ?<\/h2>\n<p>Qu\u2019il s\u2019agisse d\u2019un b\u00e2timent ancien, d\u2019un mur int\u00e9rieur, d\u2019une structure de sol ou d\u2019une isolation technique \u2013 nous vous aidons \u00e0 choisir la solution adapt\u00e9e.<\/p>\n<\/div><\/div>\n\n<div class=\"et_pb_module et_pb_button_module_wrapper et_pb_button_3_wrapper\"><a class=\"et_pb_button_3 et_pb_button et_pb_bg_layout_light et_pb_module et_flex_module\" href=\"https:\/\/rebotherm.de\/fr\/contact\/\">Demander un conseil<\/a><\/div>\n<\/div>\n<\/div>\n<\/div>","protected":false},"excerpt":{"rendered":"","protected":false},"author":1,"featured_media":0,"parent":0,"menu_order":0,"comment_status":"closed","ping_status":"closed","template":"","meta":{"_acf_changed":false,"footnotes":""},"class_list":["post-44027","page","type-page","status-publish","hentry"],"acf":[],"_links":{"self":[{"href":"https:\/\/rebotherm.de\/fr\/wp-json\/wp\/v2\/pages\/44027","targetHints":{"allow":["GET"]}}],"collection":[{"href":"https:\/\/rebotherm.de\/fr\/wp-json\/wp\/v2\/pages"}],"about":[{"href":"https:\/\/rebotherm.de\/fr\/wp-json\/wp\/v2\/types\/page"}],"author":[{"embeddable":true,"href":"https:\/\/rebotherm.de\/fr\/wp-json\/wp\/v2\/users\/1"}],"replies":[{"embeddable":true,"href":"https:\/\/rebotherm.de\/fr\/wp-json\/wp\/v2\/comments?post=44027"}],"version-history":[{"count":4,"href":"https:\/\/rebotherm.de\/fr\/wp-json\/wp\/v2\/pages\/44027\/revisions"}],"predecessor-version":[{"id":44055,"href":"https:\/\/rebotherm.de\/fr\/wp-json\/wp\/v2\/pages\/44027\/revisions\/44055"}],"wp:attachment":[{"href":"https:\/\/rebotherm.de\/fr\/wp-json\/wp\/v2\/media?parent=44027"}],"curies":[{"name":"wp","href":"https:\/\/api.w.org\/{rel}","templated":true}]}}