{"id":29842,"date":"2022-12-11T13:53:34","date_gmt":"2022-12-11T12:53:34","guid":{"rendered":"https:\/\/rebotherm.de\/produkt\/thermostat\/"},"modified":"2026-04-12T23:10:27","modified_gmt":"2026-04-12T21:10:27","slug":"thermostat","status":"publish","type":"product","link":"https:\/\/rebotherm.de\/fr\/thermostat\/","title":{"rendered":"Thermostat 230V num\u00e9rique"},"content":{"rendered":"<h2>Thermostat 230V num\u00e9rique<\/h2>\n<p>Avec ce r\u00e9gulateur de temp\u00e9rature de classe confort, vous contr\u00f4lez votre chauffage \u00e9lectrique efficacement et toujours \u00e0 la temp\u00e9rature ambiante parfaite ! Gr\u00e2ce \u00e0 la commande APP moderne, vous pouvez contr\u00f4ler et programmer votre chauffage confortablement depuis votre smartphone, o\u00f9 que vous soyez. Ce thermostat programmable vous permet de b\u00e9n\u00e9ficier d&rsquo;une maison confortable et chaude \u00e0 tout moment.<\/p>\n<p><strong>Sp\u00e9cification du produit<\/strong><\/p>\n<p class=\"p\">Alimentation \u00e9lectrique : 110 240 VAC, 50 60 Hz<\/p>\n<p class=\"p\">Courant admissible : 16A<\/p>\n<p class=\"p\">Capteur : NTC3950, 10K<\/p>\n<p class=\"p\">Pr\u00e9cision : \u00b1 0,5 \u2103<\/p>\n<p class=\"p\">Plage de temp\u00e9rature : 0-40 \u2103<\/p>\n<p class=\"p\">Capteur interne : NTCB = 3380 10K \u00e0 25\u2103, plage de mesure du capteur : 0-40\u2103<\/p>\n<p class=\"p\">Sonde externe : NTCB = 3380 10K \u00e0 25 \u2103, longueur = 3 m, plage de mesure : 0-99\u2103, plage de r\u00e9glage : 5-90\u2103 (r\u00e9glages par d\u00e9faut : protection contre la surchauffe 55\u2103)<\/p>\n<p class=\"p\">Plage de temp\u00e9rature . : -5\u00b0C \u2013 45\u2103<\/p>\n<p class=\"p\">Consommation \u00e9lectrique : &lt;1,5 W<\/p>\n<p class=\"p\">\u00c9cart : &lt;1%<\/p>\n<p class=\"p\">Mat\u00e9riau du bo\u00eetier : PC + ABS (r\u00e9sistant au feu)<\/p>\n<p class=\"p\">Installation de la bo\u00eete d&rsquo;encastrement : carr\u00e9 de 86x86mm ou bo\u00eete ronde de 60mm<\/p>\n<p class=\"p\">Bornes \u00e0 torons : Fil 2 x 1,5 mm2 ou 1 x 2,5 mm2<\/p>\n<p class=\"p\">Classe de protection : IP20<\/p>\n<p class=\"p\"><b><span class=\"15\">Contenu du paquet :<\/span><\/b><\/p>\n<p class=\"p\">1x thermom\u00e8tre<\/p>\n<p class=\"p\">1x c\u00e2ble de capteur de temp\u00e9rature<\/p>\n<p class=\"p\">2x vis de fixation<\/p>\n<p class=\"p\">1x manuel d&rsquo;utilisation<\/p>\n<p>&nbsp;<\/p>\n","protected":false},"excerpt":{"rendered":"<h1>Thermostat avec contr\u00f4le par application<\/h1>\n<ul>\n<li>Prise en charge APP : prend en charge le contr\u00f4le mobile APP-WEBACK. Contr\u00f4ler facilement la temp\u00e9rature ambiante avec un smartphone.<\/li>\n<li>Thermostat programmable : le r\u00e9gulateur de temp\u00e9rature peut \u00e9galement \u00eatre utilis\u00e9 avec Amazon Echo et Google Home.<\/li>\n<li>Sp\u00e9cifications du produit : alimentation secteur 240 VAC, 60 Hz, consommation \u00e9lectrique : &lt;1,5 W.<\/li>\n<li>\u00c9cran LCD\uff1a\u00c9cran LCD avec r\u00e9tro\u00e9clairage.<\/li>\n<li>Capteur : NTC3950, 10K ; pr\u00e9cision : \u00b1 0,5 \u2103 ; temp\u00e9rature r\u00e9glable.<\/li>\n<\/ul>\n<ul>\n<li>Le contr\u00f4leur WiFi pour la maison et le bureau dispose d&rsquo;un \u00e9cran enti\u00e8rement programmable.<\/li>\n<li>7 jours avec 6 circuits individuels par jour.<\/li>\n<\/ul>\n","protected":false},"featured_media":29843,"comment_status":"closed","ping_status":"closed","template":"","meta":{"_acf_changed":false},"product_brand":[],"product_cat":[1011],"product_tag":[],"class_list":{"0":"post-29842","1":"product","2":"type-product","3":"status-publish","4":"has-post-thumbnail","6":"product_cat-composants","7":"product_shipping_class-paquet-pour-849","9":"first","10":"instock","11":"taxable","12":"shipping-taxable","13":"purchasable","14":"product-type-simple"},"acf":[],"_links":{"self":[{"href":"https:\/\/rebotherm.de\/fr\/wp-json\/wp\/v2\/product\/29842","targetHints":{"allow":["GET"]}}],"collection":[{"href":"https:\/\/rebotherm.de\/fr\/wp-json\/wp\/v2\/product"}],"about":[{"href":"https:\/\/rebotherm.de\/fr\/wp-json\/wp\/v2\/types\/product"}],"replies":[{"embeddable":true,"href":"https:\/\/rebotherm.de\/fr\/wp-json\/wp\/v2\/comments?post=29842"}],"wp:featuredmedia":[{"embeddable":true,"href":"https:\/\/rebotherm.de\/fr\/wp-json\/wp\/v2\/media\/29843"}],"wp:attachment":[{"href":"https:\/\/rebotherm.de\/fr\/wp-json\/wp\/v2\/media?parent=29842"}],"wp:term":[{"taxonomy":"product_brand","embeddable":true,"href":"https:\/\/rebotherm.de\/fr\/wp-json\/wp\/v2\/product_brand?post=29842"},{"taxonomy":"product_cat","embeddable":true,"href":"https:\/\/rebotherm.de\/fr\/wp-json\/wp\/v2\/product_cat?post=29842"},{"taxonomy":"product_tag","embeddable":true,"href":"https:\/\/rebotherm.de\/fr\/wp-json\/wp\/v2\/product_tag?post=29842"}],"curies":[{"name":"wp","href":"https:\/\/api.w.org\/{rel}","templated":true}]}}