{"id":29987,"date":"2020-03-01T17:57:50","date_gmt":"2020-03-01T16:57:50","guid":{"rendered":"https:\/\/rebotherm.de\/produkt\/chauffage-de-tapis-avec-non-tisse-chauffant-en-carbone\/"},"modified":"2025-10-24T00:57:04","modified_gmt":"2025-10-23T22:57:04","slug":"chauffage-de-tapis-avec-non-tisse-chauffant-en-carbone","status":"publish","type":"product","link":"https:\/\/rebotherm.de\/fr\/chauffage-de-tapis-avec-non-tisse-chauffant-en-carbone\/","title":{"rendered":"Chauffage de tapis avec non-tiss\u00e9 chauffant en carbone"},"content":{"rendered":"<h3>Chauffage de tapis avec non-tiss\u00e9 chauffant au carbone contre les pieds froids !<\/h3>\n<p>C&rsquo;est le retour de la saison inconfortable avec la pluie et le froid d\u00e9sagr\u00e9able ! La nuit tombe \u00e0 nouveau t\u00f4t et tout le monde est heureux de pouvoir se retrouver dans le confort de sa maison. Quoi de plus agr\u00e9able que de s&rsquo;asseoir dans un fauteuil et de lire le journal, ou de regarder un film passionnant \u00e0 la t\u00e9l\u00e9vision. Mais tr\u00e8s souvent, le confort est perturb\u00e9 par des pieds froids ! Et rien n&rsquo;est plus inconfortable que le froid provenant du sol. C&rsquo;est l\u00e0 que beaucoup souhaitent un chauffage par le sol avec un tissu chauffant en carbone Reboheat sous les pieds.<\/p>\n<p>A votre place pr\u00e9f\u00e9r\u00e9e, vous avez toujours <strong>froid aux pieds<\/strong>, m\u00eame si vous avez d\u00e9j\u00e0 pos\u00e9 un beau tapis sur le sol pour lutter contre le froid ? Un tapis seul ne parvient pas \u00e0 isoler si le sol n&rsquo;est pas correctement isol\u00e9 du froid. L&rsquo;une des causes les plus fr\u00e9quentes du sol froid est le chauffage install\u00e9 dans la pi\u00e8ce. La chaleur qui monte du radiateur r\u00e9chauffe l&rsquo;air de la pi\u00e8ce et l&rsquo;air initialement chaud balaye le mur et le plafond froids en se refroidissant. L&rsquo;air, d\u00e9sormais assez froid, est ensuite dirig\u00e9 vers l&rsquo;air chaud du radiateur en passant par le sol, et le cycle recommence. Le flux d&rsquo;air froid constant provoque alors le refroidissement des pieds et des jambes.<\/p>\n<h4>Le chauffage par le sol avec le film chauffant Reboheat Carbon apporte de la chaleur !<\/h4>\n<p>C&rsquo;est l\u00e0 que tout le monde souhaite avoir un chauffage au sol. Mais l&rsquo;installation ult\u00e9rieure d&rsquo;un chauffage par le sol n&rsquo;est pas seulement tr\u00e8s co\u00fbteuse. L&rsquo;effort est \u00e9norme et toujours accompagn\u00e9 de beaucoup de bruit, de salet\u00e9 et de longues p\u00e9riodes de reconstruction. C&rsquo;est l\u00e0 que notre <strong>chauffage par le sol avec tissu chauffant en carbone <\/strong>vous permet de rem\u00e9dier imm\u00e9diatement \u00e0 vos pieds froids, sans travaux de construction fastidieux ! Des pieds chauds en quelques secondes, en un tour de main ! Vous roulez le tapis de c\u00f4t\u00e9 et placez notre film isolant sp\u00e9cial (seulement 2 mm d&rsquo;\u00e9paisseur), face alu vers le haut, \u00e0 l&rsquo;endroit souhait\u00e9. Fixez le film isolant avec des bandes adh\u00e9sives pour \u00e9viter qu&rsquo;il ne glisse. Placez ensuite notre tissu chauffant par-dessus, fixez-le pour qu&rsquo;il ne glisse pas, puis remettez le tapis par-dessus. Il ne vous reste plus qu&rsquo;\u00e0 connecter le c\u00e2ble \u00e0 l&rsquo;adaptateur secteur, \u00e0 brancher la fiche dans la prise de courant et \u00e0 allumer la t\u00e9l\u00e9commande !<\/p>\n<p>Vous pouvez utiliser le chauffage confortable avec le tissu chauffant en carbone Reboheat comme chauffage au sol partout o\u00f9 le sol \u00e9met un froid d\u00e9sagr\u00e9able. Que ce soit sous le bureau, dans l&rsquo;atelier, dans la salle de bain, dans la salle de loisirs ou m\u00eame dans la caravane, le chauffage de tapis en carbone vous aide \u00e0 lutter rapidement et efficacement contre les pieds froids ! En quelques minutes, vous ressentez une temp\u00e9rature agr\u00e9able pouvant atteindre 42 \u00b0C et vous oubliez vos pieds froids.<\/p>\n<p>S&rsquo;il n&rsquo;y a pas de tapis \u00e0 votre endroit pr\u00e9f\u00e9r\u00e9, vous pouvez trouver des tapis de taille appropri\u00e9e chez les marchands de tapis ou sur Internet. Un aspect non n\u00e9gligeable doit \u00eatre mentionn\u00e9 ici : le film chauffant n&rsquo;a aucun c\u00e2ble chauffant \u00e9lectrique, seul le <strong>carbone<\/strong> chauffe le film. Le film de 1,5 m de long et 90 cm de large est aliment\u00e9 par une basse tension de 48 volts (d&rsquo;o\u00f9 l&rsquo;adaptateur secteur) et est extr\u00eamement \u00e9conomique. Le tissu chauffant Reboheat Carbon ne n\u00e9cessite que 320 watts d&rsquo;\u00e9lectricit\u00e9 par heure, pour un co\u00fbt inf\u00e9rieur \u00e0 10 centimes. Vous pouvez facilement allumer et \u00e9teindre le chauffage depuis n&rsquo;importe quel endroit \u00e0 l&rsquo;aide de la t\u00e9l\u00e9commande.<\/p>\n<h3>Le film chauffant contre les pieds froids !<\/h3>\n<p>Le film chauffant, \u00e9galement appel\u00e9 film chauffant en carbone, est la variante la plus fine des sources de chaleur \u00e9lectriques. Il se compose de deux bandes de cuivre qui alimentent un rev\u00eatement de carbone conducteur d&rsquo;\u00e9lectricit\u00e9 sur un mat\u00e9riau de support. La quasi-totalit\u00e9 de la surface \u00e0 l&rsquo;int\u00e9rieur du film chauffant se r\u00e9chauffe alors uniform\u00e9ment et assure ainsi une diffusion agr\u00e9able de la chaleur sur la surface pos\u00e9e. Par rapport \u00e0 d&rsquo;autres syst\u00e8mes de chauffage \u00e9lectrique, l&rsquo;\u00e9nergie utilis\u00e9e est convertie en rayons infrarouges pratiquement sans perte, ce qui rend le film chauffant infrarouge si efficace. Et un aspect tr\u00e8s important est l&rsquo;absence de danger. Aucun courant ne circule \u00e0 la surface. La surface est prot\u00e9g\u00e9e par une couche isolante. Mais m\u00eame si, par exemple, une paire de ciseaux tombe de la table et se plante dans le film chauffant, il ne se passe <strong style=\"color: #666666; font-size: 14px;\">rien.<\/strong><span style=\"color: #666666; font-size: 14px;\"> Il n&rsquo;y a pas de c\u00e2bles \u00e9lectriques qui pourraient \u00eatre endommag\u00e9s !<\/span><\/p>\n<p><strong>Caract\u00e9ristiques :<\/strong><\/p>\n<ul>\n<li>Aucune installation requise \u2013 il suffit de d\u00e9rouler, de brancher et de chauffer<\/li>\n<li>Chauffage rapide et uniforme jusqu&rsquo;\u00e0 42 \u00b0C maximum<\/li>\n<li>Application par exemple dans le bureau \u00e0 domicile ou le bureau sous le bureau, le salon devant le canap\u00e9, chauffe-sol parfait dans la chambre d&rsquo;enfant, la chambre \u00e0 coucher, dans la cuisine sous la table \u00e0 manger, etc.<\/li>\n<li>Super solution pour les appartements en location \u2013 en compl\u00e9ment du chauffage central<\/li>\n<li>Mat\u00e9riau de surface de haute qualit\u00e9 en fibre textile<\/li>\n<\/ul>\n<p><a href=\"https:\/\/rebotherm.de\/fr\/film-chauffant\/\" target=\"_blank\" rel=\"noopener\" data-schema-attribute=\"about\">Pour savoir comment fonctionne le film chauffant , cliquez ici<\/a><\/p>\n","protected":false},"excerpt":{"rendered":"<h2>Chauffage de tapis avec non-tiss\u00e9 chauffant au carbone contre les pieds froids<\/h2>\n<p>Avec le tissu chauffant en carbone, vous n&rsquo;aurez plus jamais froid aux pieds !<\/p>\n<p>Un sol chaud et douillet pour seulement 10 centimes par heure<\/p>\n<p>Contenu de la livraison :<br \/>\n1,50 m de film isolant 100 cm de large et 2 mm d&rsquo;\u00e9paisseur<br \/>\n1,5 m de film chauffant en carbone 0,90 m de large, 0,4 mm d&rsquo;\u00e9paisseur y compris 2,5 m de c\u00e2ble de raccordement<br \/>\n1 x t\u00e9l\u00e9commande avec prise de passage,<br \/>\n1 x bloc d&rsquo;alimentation avec c\u00e2ble et fiche secteur<br \/>\nProfitez d&rsquo;une agr\u00e9able chaleur des pieds de 34\u00b0 \u00e0 42 \u00b0C <\/p>\n<p>&nbsp;<\/p>\n","protected":false},"featured_media":32564,"comment_status":"closed","ping_status":"closed","template":"","meta":{"_acf_changed":false},"product_brand":[],"product_cat":[227],"product_tag":[],"class_list":{"0":"post-29987","1":"product","2":"type-product","3":"status-publish","4":"has-post-thumbnail","6":"product_cat-chauffage","7":"product_shipping_class-paquet-pour-849","9":"first","10":"instock","11":"taxable","12":"shipping-taxable","13":"purchasable","14":"product-type-simple"},"acf":[],"_links":{"self":[{"href":"https:\/\/rebotherm.de\/fr\/wp-json\/wp\/v2\/product\/29987","targetHints":{"allow":["GET"]}}],"collection":[{"href":"https:\/\/rebotherm.de\/fr\/wp-json\/wp\/v2\/product"}],"about":[{"href":"https:\/\/rebotherm.de\/fr\/wp-json\/wp\/v2\/types\/product"}],"replies":[{"embeddable":true,"href":"https:\/\/rebotherm.de\/fr\/wp-json\/wp\/v2\/comments?post=29987"}],"wp:featuredmedia":[{"embeddable":true,"href":"https:\/\/rebotherm.de\/fr\/wp-json\/wp\/v2\/media\/32564"}],"wp:attachment":[{"href":"https:\/\/rebotherm.de\/fr\/wp-json\/wp\/v2\/media?parent=29987"}],"wp:term":[{"taxonomy":"product_brand","embeddable":true,"href":"https:\/\/rebotherm.de\/fr\/wp-json\/wp\/v2\/product_brand?post=29987"},{"taxonomy":"product_cat","embeddable":true,"href":"https:\/\/rebotherm.de\/fr\/wp-json\/wp\/v2\/product_cat?post=29987"},{"taxonomy":"product_tag","embeddable":true,"href":"https:\/\/rebotherm.de\/fr\/wp-json\/wp\/v2\/product_tag?post=29987"}],"curies":[{"name":"wp","href":"https:\/\/api.w.org\/{rel}","templated":true}]}}