{"id":30015,"date":"2020-01-17T15:52:58","date_gmt":"2020-01-17T14:52:58","guid":{"rendered":"https:\/\/rebotherm.de\/produkt\/aerogel\/"},"modified":"2026-03-22T22:10:56","modified_gmt":"2026-03-22T21:10:56","slug":"aerogel","status":"publish","type":"product","link":"https:\/\/rebotherm.de\/fr\/aerogel\/","title":{"rendered":"Isolation en a\u00e9rogel 10 mm | Matelas et rouleau | Efficacit\u00e9 maximale"},"content":{"rendered":"<p>[et_pb_section fb_built=\u00a0\u00bb1&Prime; _builder_version=\u00a0\u00bb4.16&Prime; custom_padding=\u00a0\u00bb0px||||false|false\u00a0\u00bb global_colors_info=\u00a0\u00bb{}\u00a0\u00bb][et_pb_row _builder_version=\u00a0\u00bb4.16&Prime; background_size=\u00a0\u00bbinitial\u00a0\u00bb background_position=\u00a0\u00bbtop_left\u00a0\u00bb background_repeat=\u00a0\u00bbrepeat\u00a0\u00bb width=\u00a0\u00bb100%\u00a0\u00bb custom_padding=\u00a0\u00bb0px||0px||false|false\u00a0\u00bb global_colors_info=\u00a0\u00bb{}\u00a0\u00bb][et_pb_column type=\u00a0\u00bb4_4&Prime; _builder_version=\u00a0\u00bb4.16&Prime; custom_padding=\u00a0\u00bb|||\u00a0\u00bb global_colors_info=\u00a0\u00bb{}\u00a0\u00bb custom_padding__hover=\u00a0\u00bb|||\u00a0\u00bb][et_pb_wc_breadcrumb _builder_version=\u00a0\u00bb4.16&Prime; global_colors_info=\u00a0\u00bb{}\u00a0\u00bb][\/et_pb_wc_breadcrumb][et_pb_wc_cart_notice _builder_version=\u00a0\u00bb4.16&Prime; global_colors_info=\u00a0\u00bb{}\u00a0\u00bb][\/et_pb_wc_cart_notice][\/et_pb_column][\/et_pb_row][et_pb_row column_structure=\u00a0\u00bb1_2,1_2&Prime; _builder_version=\u00a0\u00bb4.16&Prime; background_size=\u00a0\u00bbinitial\u00a0\u00bb background_position=\u00a0\u00bbtop_left\u00a0\u00bb background_repeat=\u00a0\u00bbrepeat\u00a0\u00bb width=\u00a0\u00bb100%\u00a0\u00bb custom_padding=\u00a0\u00bb0px||||false|false\u00a0\u00bb global_colors_info=\u00a0\u00bb{}\u00a0\u00bb][et_pb_column type=\u00a0\u00bb1_2&Prime; _builder_version=\u00a0\u00bb4.16&Prime; custom_padding=\u00a0\u00bb|||\u00a0\u00bb global_colors_info=\u00a0\u00bb{}\u00a0\u00bb custom_padding__hover=\u00a0\u00bb|||\u00a0\u00bb][et_pb_wc_images _builder_version=\u00a0\u00bb4.16&Prime; global_colors_info=\u00a0\u00bb{}\u00a0\u00bb][\/et_pb_wc_images][\/et_pb_column][et_pb_column type=\u00a0\u00bb1_2&Prime; _builder_version=\u00a0\u00bb4.16&Prime; custom_padding=\u00a0\u00bb|||\u00a0\u00bb global_colors_info=\u00a0\u00bb{}\u00a0\u00bb custom_padding__hover=\u00a0\u00bb|||\u00a0\u00bb][et_pb_wc_title _builder_version=\u00a0\u00bb4.27.5&Prime; global_colors_info=\u00a0\u00bb{}\u00a0\u00bb][\/et_pb_wc_title][et_pb_wc_rating _builder_version=\u00a0\u00bb4.16&Prime; global_colors_info=\u00a0\u00bb{}\u00a0\u00bb][\/et_pb_wc_rating][et_pb_wc_price _builder_version=\u00a0\u00bb4.16&Prime; global_colors_info=\u00a0\u00bb{}\u00a0\u00bb][\/et_pb_wc_price][et_pb_wc_description _builder_version=\u00a0\u00bb4.27.5&Prime; global_colors_info=\u00a0\u00bb{}\u00a0\u00bb][\/et_pb_wc_description][et_pb_wc_add_to_cart _builder_version=\u00a0\u00bb4.16&Prime; global_colors_info=\u00a0\u00bb{}\u00a0\u00bb][\/et_pb_wc_add_to_cart][et_pb_wc_meta _builder_version=\u00a0\u00bb4.16&Prime; global_colors_info=\u00a0\u00bb{}\u00a0\u00bb][\/et_pb_wc_meta][\/et_pb_column][\/et_pb_row][et_pb_row _builder_version=\u00a0\u00bb4.16&Prime; background_size=\u00a0\u00bbinitial\u00a0\u00bb background_position=\u00a0\u00bbtop_left\u00a0\u00bb background_repeat=\u00a0\u00bbrepeat\u00a0\u00bb width=\u00a0\u00bb100%\u00a0\u00bb global_colors_info=\u00a0\u00bb{}\u00a0\u00bb][et_pb_column type=\u00a0\u00bb4_4&Prime; _builder_version=\u00a0\u00bb4.16&Prime; custom_padding=\u00a0\u00bb|||\u00a0\u00bb global_colors_info=\u00a0\u00bb{}\u00a0\u00bb custom_padding__hover=\u00a0\u00bb|||\u00a0\u00bb][et_pb_wc_tabs _builder_version=\u00a0\u00bb4.16&Prime; global_colors_info=\u00a0\u00bb{}\u00a0\u00bb]\t\t\t\t\t[\/et_pb_wc_tabs][et_pb_wc_upsells _builder_version=\u00a0\u00bb4.16&Prime; global_colors_info=\u00a0\u00bb{}\u00a0\u00bb][\/et_pb_wc_upsells][et_pb_wc_related_products _builder_version=\u00a0\u00bb4.16&Prime; global_colors_info=\u00a0\u00bb{}\u00a0\u00bb][\/et_pb_wc_related_products][\/et_pb_column][\/et_pb_row][\/et_pb_section]<\/p>\n","protected":false},"excerpt":{"rendered":"<p>\n<strong>Isolation en a\u00e9rogel 10 mm<\/strong> \u2013 <strong>isolation haute performance ultra-fine pour l\u2019int\u00e9rieur et l\u2019ext\u00e9rieur<\/strong>.<br \/>\nId\u00e9ale pour la <strong>r\u00e9novation, l\u2019ancien et les b\u00e2timents class\u00e9s<\/strong>, lorsque l\u2019on recherche une performance maximale avec une \u00e9paisseur minimale.\n<\/p>\n<ul>\n<li><strong>Matelas :<\/strong> 750 \u00d7 1200 mm<\/li>\n<li><strong>Rouleau :<\/strong> 1500 mm \u00d7 25 m (37,5 m\u00b2)<\/li>\n<\/ul>\n<p>\nAvec une conductivit\u00e9 thermique de <strong>0,013\u20130,016 W\/(m\u00b7K)<\/strong>, l\u2019a\u00e9rogel offre jusqu\u2019\u00e0 <strong>4\u00d7 meilleures performances d\u2019isolation<\/strong> que les isolants classiques \u2013 parfait pour les espaces r\u00e9duits et les applications exigeantes.<\/p>\n","protected":false},"featured_media":28029,"comment_status":"closed","ping_status":"closed","template":"","meta":{"_et_pb_use_builder":"on","_et_pb_old_content":"<div class=\"aerogel-product\">\n\n<h2>Isolation en a\u00e9rogel 10 mm \u2013 isolant haute performance pour lisolation int\u00e9rieure  ext\u00e9rieure<\/h2>\n\n<p>\nLe <strong>matelas isolant en a\u00e9rogel 10 mm<\/strong> est un <strong>isolant haute performance<\/strong> innovant, offrant une isolation thermique maximale pour une \u00e9paisseur minimale. \nId\u00e9al pour la <strong>r\u00e9novation, l\u2019ancien, le neuf et les b\u00e2timents class\u00e9s<\/strong> \u2013 partout o\u00f9 les isolants classiques sont trop \u00e9pais.\n<\/p>\n\n<!-- TRUST + QUICK BENEFITS -->\n<div style=\"background:#f8fafc;padding:20px;border-radius:8px;margin:20px 0\">\n<strong>\u2714 Avantages imm\u00e9diats :<\/strong>\n<ul>\n<li>Ultra-fin : seulement 10 mm<\/li>\n<li>Jusqu\u00e0 4\u00d7 meilleures performances disolation<\/li>\n<li>Parfait pour lisolation int\u00e9rieure  ext\u00e9rieure<\/li>\n<li>Rapide  facile \u00e0 mettre en \u0153uvre<\/li>\n<\/ul>\n<\/div>\n\n<h2>Pourquoi lisolation en a\u00e9rogel ?<\/h2>\n\n<p>\nAvec une conductivit\u00e9 thermique de <strong>\u03bb = 0,015 W\/(m\u00b7K)<\/strong>, l\u2019a\u00e9rogel fait partie des isolants les plus efficaces au monde. \nVous obtenez une performance d\u2019isolation maximale avec un encombrement minimal \u2013 id\u00e9al pour les situations de chantier complexes.\n<\/p>\n\n<!-- U-WERT -->\n<div style=\"background:#eef6ff;padding:15px;border-radius:8px;margin:20px 0\">\n<strong>Exemple de valeur U (a\u00e9rogel 10 mm) :<\/strong><br>U = 0,015 \/ 0,01 = <strong>1,5 W\/m\u00b2K<\/strong><br><br>Avec des couches suppl\u00e9mentaires, des valeurs globales jusqu\u2019\u00e0 env. \n<strong>0,29 W\/m\u00b2K<\/strong> sont possibles.\n<\/div>\n\n<h2>Domaines dapplication \u2013 flexibilit\u00e9 maximale<\/h2>\n\n<ul>\n<li>Isolation int\u00e9rieure (b\u00e2ti ancien  b\u00e2timents class\u00e9s)<\/li>\n<li><strong>Isolation ext\u00e9rieure avec faible \u00e9paisseur<\/strong><\/li>\n<li>Fa\u00e7ades  embrasures de fen\u00eatres<\/li>\n<li>Ponts thermiques  zones probl\u00e9matiques<\/li>\n<li>Sous chape<\/li>\n<li>Isolation de toiture  entre chevrons<\/li>\n<li>Canalisations  gaines<\/li>\n<\/ul>\n\n<p>\n<strong>Particuli\u00e8rement adapt\u00e9 pour :<\/strong> r\u00e9novations \u00e9nerg\u00e9tiques, b\u00e2timents existants et raccords de d\u00e9tail complexes.\n<\/p>\n\n<h2>Parfait pour lisolation ext\u00e9rieure quand lespace est limit\u00e9<\/h2>\n\n<p>\nL\u2019isolation en a\u00e9rogel convient parfaitement aux <strong>isolations ext\u00e9rieures fines<\/strong>, \np. ex. sur les fa\u00e7ades, les raccords ou les zones \u00e0 \u00e9paisseur disponible limit\u00e9e.\n<\/p>\n\n<p>\n\u27a1 Solution pour les cas o\u00f9 les isolants classiques (EPS, laine min\u00e9rale) ne peuvent pas \u00eatre utilis\u00e9s.\n<\/p>\n\n<h2>Donn\u00e9es techniques<\/h2>\n\n<ul>\n<li>\u00c9paisseur : 5 mm \/ 10 mm<\/li>\n<li>Conductivit\u00e9 thermique : 0,015 W\/(m\u00b7K)<\/li>\n<li>Densit\u00e9 : env. 150 kg\/m\u00b3<\/li>\n<li>Classe de mat\u00e9riau : A2, s1, d0 (incombustible)<\/li>\n<li>Temp\u00e9rature max. : 200 \u00b0C <\/li>\n<li>Hydrophobe  perm\u00e9able \u00e0 la diffusion<\/li>\n<\/ul>\n\n<h2>Mise en \u0153uvre facile<\/h2>\n\n<p>\nLe matelas isolant se d\u00e9coupe et se pose facilement :\n<\/p>\n\n<ul>\n<li>D\u00e9coupe au cutter ou aux ciseaux<\/li>\n<li>Coller, cheviller ou visser<\/li>\n<li>Enduisable avec treillis darmature<\/li>\n<\/ul>\n\n<h2>Avantage par rapport \u00e0 lisolation sous vide<\/h2>\n\n<p>\nAucune structure fragile \u2013 la performance disolation reste intacte m\u00eame lors de la mise en \u0153uvre. \nDe plus, la\u00e9rogel est nettement plus flexible et plus pratique au quotidien.\n<\/p>\n\n<!-- SOCIAL PROOF -->\n<div style=\"background:#f4f6f8;padding:20px;border-radius:8px;margin:25px 0\">\n<strong>Pourquoi les pros misent sur la\u00e9rogel :<\/strong>\n<ul>\n<li>Id\u00e9al pour les r\u00e9novations complexes<\/li>\n<li>Parfait en cas de manque de place<\/li>\n<li>Performance disolation fiable<\/li>\n<\/ul>\n<\/div>\n","_et_gb_content_width":""},"product_brand":[],"product_cat":[257],"product_tag":[],"class_list":{"0":"post-30015","1":"product","2":"type-product","3":"status-publish","4":"has-post-thumbnail","6":"product_cat-isolation","7":"product_shipping_class-aerogel-fr","8":"pa_aerogel-platte-10-mm-750x1200-mm","9":"pa_aerogel-rouleau-10-mm-150-cm-x-25m","10":"pa_aerogel-matelas-5-mm-750x1200-mm","11":"pa_aerogel-rouleau-5-mm-150-cm-x-25-m","13":"first","14":"instock","15":"taxable","16":"shipping-taxable","17":"purchasable","18":"product-type-variable","19":"has-default-attributes"},"_links":{"self":[{"href":"https:\/\/rebotherm.de\/fr\/wp-json\/wp\/v2\/product\/30015","targetHints":{"allow":["GET"]}}],"collection":[{"href":"https:\/\/rebotherm.de\/fr\/wp-json\/wp\/v2\/product"}],"about":[{"href":"https:\/\/rebotherm.de\/fr\/wp-json\/wp\/v2\/types\/product"}],"replies":[{"embeddable":true,"href":"https:\/\/rebotherm.de\/fr\/wp-json\/wp\/v2\/comments?post=30015"}],"wp:featuredmedia":[{"embeddable":true,"href":"https:\/\/rebotherm.de\/fr\/wp-json\/wp\/v2\/media\/28029"}],"wp:attachment":[{"href":"https:\/\/rebotherm.de\/fr\/wp-json\/wp\/v2\/media?parent=30015"}],"wp:term":[{"taxonomy":"product_brand","embeddable":true,"href":"https:\/\/rebotherm.de\/fr\/wp-json\/wp\/v2\/product_brand?post=30015"},{"taxonomy":"product_cat","embeddable":true,"href":"https:\/\/rebotherm.de\/fr\/wp-json\/wp\/v2\/product_cat?post=30015"},{"taxonomy":"product_tag","embeddable":true,"href":"https:\/\/rebotherm.de\/fr\/wp-json\/wp\/v2\/product_tag?post=30015"}],"curies":[{"name":"wp","href":"https:\/\/api.w.org\/{rel}","templated":true}]}}