{"id":30031,"date":"2020-01-14T15:26:50","date_gmt":"2020-01-14T14:26:50","guid":{"rendered":"https:\/\/rebotherm.de\/produkt\/pate-thermique-auratherm\/"},"modified":"2026-04-04T13:39:19","modified_gmt":"2026-04-04T11:39:19","slug":"pate-thermique-auratherm","status":"publish","type":"product","link":"https:\/\/rebotherm.de\/fr\/pate-thermique-auratherm\/","title":{"rendered":"P\u00e2te thermique contre la moisissure et les murs froids"},"content":{"rendered":"<h2>La p\u00e2te thermique AURATHERM contre les moisissures et les murs froids !<\/h2>\n<p>Appliquez tout simplement Auratherm sur la surface froide de l&rsquo;int\u00e9rieur \u00e0 l&rsquo;aide d&rsquo;un rouleau \u00e0 peinture ou d&rsquo;un pinceau.<\/p>\n<p>1 litre de p\u00e2te thermique suffit pour 3 \u00e0 4 m\u00b2.<\/p>\n<p>Thermopaste Auratherm offre une solution efficace pour am\u00e9liorer le climat int\u00e9rieur et augmenter le confort thermique.<\/p>\n<p>Confort gr\u00e2ce \u00e0 l&rsquo;isolation et \u00e0 la r\u00e9flexion de la chaleur dans la pi\u00e8ce. Plus jamais de moisissures !<\/p>\n<p>Facile \u00e0 mettre en \u0153uvre.<\/p>\n<h2>Qu&rsquo;est-ce qui rend la p\u00e2te thermique Auratherm si sp\u00e9ciale ?<\/h2>\n<p>Bas\u00e9 sur la r\u00e9flexion de la chaleur, le rev\u00eatement c\u00e9ramique cr\u00e9e une chaleur rayonnante dans les pi\u00e8ces d&rsquo;habitation, les cages d&rsquo;escalier, les b\u00e2timents commerciaux, les caves, les garages et tous les autres espaces mal isol\u00e9s. La <strong>peinture thermique<\/strong> r\u00e9duit ainsi efficacement les effets n\u00e9gatifs de ce que l&rsquo;on appelle le \u00ab\u00a0rouleau chauffant\u00a0\u00bb (la mont\u00e9e de l&rsquo;air chaud du radiateur et son refroidissement lent sur le mur oppos\u00e9). Gr\u00e2ce au nombre \u00e9lev\u00e9 de microbilles de verre creux thermo-isolantes, la chaleur est stock\u00e9e par les parois rev\u00eatues et renvoy\u00e9e \u00e0 l&rsquo;int\u00e9rieur. Gr\u00e2ce \u00e0 ces propri\u00e9t\u00e9s, l&rsquo;humidit\u00e9 ne se forme pas sur les surfaces et la formation de moisissures est durablement \u00e9vit\u00e9e.<\/p>\n<h3>Les caract\u00e9ristiques du produit<\/h3>\n<p>\u2705 Rev\u00eatement climatique \u00e9conomisant l&rsquo;\u00e9nergie (isolation et couleur en m\u00eame temps)<br \/>\n\u2705 thermo-isolant gr\u00e2ce aux microbilles de verre creuses<br \/>\n\u2705 \u00c9conomie d&rsquo;\u00e9nergie gr\u00e2ce \u00e0 la forte r\u00e9flexion du rayonnement thermique<br \/>\n\u2705 \u00e9conomise l&rsquo;\u00e9nergie et les co\u00fbts de chauffage en optimisant l&rsquo;effet de chauffage<br \/>\n\u2705 d\u00e9shumidification permanente \u2013 donc murs secs qui isolent bien<br \/>\n\u2705 r\u00e9duit fortement la formation de moisissures<br \/>\n\u2705 am\u00e9liore le climat int\u00e9rieur<br \/>\n\u2705 respirant \/ ouvert \u00e0 la diffusion<br \/>\n\u2705 respectueux de l&rsquo;environnement<\/p>\n<h3>Comment utiliser la p\u00e2te thermique Auratherm ?<\/h3>\n<p>La surface doit \u00eatre s\u00e8che, propre, solide et exempte de moisissures. Les papiers peints doivent \u00eatre retir\u00e9s avant l&rsquo;application. Traiter les murs tr\u00e8s absorbants au pr\u00e9alable avec une couche de fond. Remuez l&rsquo;Auratherm <strong>sans faire de grumeaux<\/strong> dans le bidon avant de l&rsquo;utiliser. L&rsquo;application se fait avec un rouleau \u00e0 peinture Nylon max. 12 mm de poils ou un pinceau. Pour obtenir une r\u00e9action thermique optimale, il est n\u00e9cessaire d&rsquo;appliquer deux couches de peinture. La temp\u00e9rature minimale d&rsquo;application de la surface doit \u00eatre d&rsquo;au moins 8\u00b0C. Le temps de s\u00e9chage pour la premi\u00e8re couche est d&rsquo;environ 3 \u00e0 5 heures \u00e0 une temp\u00e9rature ambiante de 20\u00b0C et une humidit\u00e9 de 65%. Couvrir ou retirer les aliments ouverts pendant le traitement et la phase de s\u00e9chage. La p\u00e2te de protection thermique Auratherm peut \u00eatre recouverte sans probl\u00e8me par d&rsquo;autres peintures.<\/p>\n","protected":false},"excerpt":{"rendered":"<h1>La p\u00e2te thermique AURATHERM lib\u00e8re de :<\/h1>\n<ul>\n<li>murs ext\u00e9rieurs froids<\/li>\n<li>des sols froids<\/li>\n<li>Pertes de chaleur<\/li>\n<li>Moisissure<\/li>\n<li>surfaces froides dans la maison<\/li>\n<li><a href=\"https:\/\/rebotherm.de\/fr\/protection-thermique-avec-auratherm-contre-les-moisissures-et-les-murs-froids\/\">Plus d&rsquo;infos ici<\/a><\/li>\n<\/ul>\n<h2>P\u00e2te thermique Auratherm contre les moisissures<\/h2>\n<p>Avec deux couches de peinture, chaque appartement ou maison est prot\u00e9g\u00e9 de mani\u00e8re fiable contre les moisissures. La combinaison particuli\u00e8re de microbilles de verre creuses et d&rsquo;a\u00e9rogel rend notre p\u00e2te thermique <strong>Auratherm <\/strong>si efficace. L&rsquo;application est aussi simple que de peindre un mur.<\/p>\n","protected":false},"featured_media":29579,"comment_status":"closed","ping_status":"closed","template":"","meta":{"_acf_changed":false},"product_brand":[],"product_cat":[257],"product_tag":[],"class_list":{"0":"post-30031","1":"product","2":"type-product","3":"status-publish","4":"has-post-thumbnail","6":"product_cat-isolation","7":"product_shipping_class-paquet-pour-849","8":"pa_liter-20-litres","9":"pa_liter-5-litres","10":"pa_liter-10-litres","12":"first","13":"instock","14":"featured","15":"taxable","16":"shipping-taxable","17":"purchasable","18":"product-type-variable","19":"has-default-attributes"},"acf":[],"_links":{"self":[{"href":"https:\/\/rebotherm.de\/fr\/wp-json\/wp\/v2\/product\/30031","targetHints":{"allow":["GET"]}}],"collection":[{"href":"https:\/\/rebotherm.de\/fr\/wp-json\/wp\/v2\/product"}],"about":[{"href":"https:\/\/rebotherm.de\/fr\/wp-json\/wp\/v2\/types\/product"}],"replies":[{"embeddable":true,"href":"https:\/\/rebotherm.de\/fr\/wp-json\/wp\/v2\/comments?post=30031"}],"wp:featuredmedia":[{"embeddable":true,"href":"https:\/\/rebotherm.de\/fr\/wp-json\/wp\/v2\/media\/29579"}],"wp:attachment":[{"href":"https:\/\/rebotherm.de\/fr\/wp-json\/wp\/v2\/media?parent=30031"}],"wp:term":[{"taxonomy":"product_brand","embeddable":true,"href":"https:\/\/rebotherm.de\/fr\/wp-json\/wp\/v2\/product_brand?post=30031"},{"taxonomy":"product_cat","embeddable":true,"href":"https:\/\/rebotherm.de\/fr\/wp-json\/wp\/v2\/product_cat?post=30031"},{"taxonomy":"product_tag","embeddable":true,"href":"https:\/\/rebotherm.de\/fr\/wp-json\/wp\/v2\/product_tag?post=30031"}],"curies":[{"name":"wp","href":"https:\/\/api.w.org\/{rel}","templated":true}]}}