{"id":37145,"date":"2025-04-21T12:00:52","date_gmt":"2025-04-21T10:00:52","guid":{"rendered":"https:\/\/rebotherm.de\/?post_type=product&#038;p=37145"},"modified":"2026-04-03T17:05:17","modified_gmt":"2026-04-03T15:05:17","slug":"panneau-superwall-10mm-pour-lisolation-interieure-kopie","status":"publish","type":"product","link":"https:\/\/rebotherm.de\/fr\/panneau-superwall-10mm-pour-lisolation-interieure-kopie\/","title":{"rendered":"Panneau Superwall 10mm pour l&rsquo;isolation int\u00e9rieure"},"content":{"rendered":"\t\t\t\t\t","protected":false},"excerpt":{"rendered":"<p><strong>Panneau isolant int\u00e9rieur Superwall \u2013 Anti-moisissure et protection thermique en un seul produit<\/strong><\/p>\n<ul style=\"list-style-type: disc; margin: 5px 0; padding-left: 20px;\">\n<li><strong>R\u00e9sistant \u00e0 la pression &amp; super l\u00e9ger :<\/strong> facile \u00e0 mettre en \u0153uvre<\/li>\n<li><strong>Pare-vapeur int\u00e9gr\u00e9 :<\/strong> prot\u00e8ge contre la formation de moisissures<\/li>\n<li><strong>Efficace sur le plan \u00e9nerg\u00e9tique :<\/strong> permet d&rsquo;\u00e9conomiser jusqu&rsquo;\u00e0 45% sur les co\u00fbts de chauffage<\/li>\n<li><strong>Gain de place :<\/strong> seulement 10 mm ou 20 mm d&rsquo;\u00e9paisseur<\/li>\n<li><strong>Post-isolation int\u00e9rieure :<\/strong> id\u00e9ale pour les murs ext\u00e9rieurs humides<\/li>\n<li><strong>Approuv\u00e9 pour la construction<\/strong><\/li>\n<li><strong>Formats de panneaux :<\/strong> 1.250 x 800 x 10 mm &amp; 1.250 x 800 x 20 mm<\/li>\n<\/ul>\n","protected":false},"featured_media":30092,"comment_status":"closed","ping_status":"closed","template":"","meta":{"_acf_changed":false},"product_brand":[],"product_cat":[257],"product_tag":[],"class_list":{"0":"post-37145","1":"product","2":"type-product","3":"status-publish","4":"has-post-thumbnail","6":"product_cat-isolation","7":"product_shipping_class-envoi-darticles-encombrants-dhl-28","9":"first","10":"instock","11":"featured","12":"taxable","13":"shipping-taxable","14":"purchasable","15":"product-type-variable"},"acf":[],"_links":{"self":[{"href":"https:\/\/rebotherm.de\/fr\/wp-json\/wp\/v2\/product\/37145","targetHints":{"allow":["GET"]}}],"collection":[{"href":"https:\/\/rebotherm.de\/fr\/wp-json\/wp\/v2\/product"}],"about":[{"href":"https:\/\/rebotherm.de\/fr\/wp-json\/wp\/v2\/types\/product"}],"replies":[{"embeddable":true,"href":"https:\/\/rebotherm.de\/fr\/wp-json\/wp\/v2\/comments?post=37145"}],"wp:featuredmedia":[{"embeddable":true,"href":"https:\/\/rebotherm.de\/fr\/wp-json\/wp\/v2\/media\/30092"}],"wp:attachment":[{"href":"https:\/\/rebotherm.de\/fr\/wp-json\/wp\/v2\/media?parent=37145"}],"wp:term":[{"taxonomy":"product_brand","embeddable":true,"href":"https:\/\/rebotherm.de\/fr\/wp-json\/wp\/v2\/product_brand?post=37145"},{"taxonomy":"product_cat","embeddable":true,"href":"https:\/\/rebotherm.de\/fr\/wp-json\/wp\/v2\/product_cat?post=37145"},{"taxonomy":"product_tag","embeddable":true,"href":"https:\/\/rebotherm.de\/fr\/wp-json\/wp\/v2\/product_tag?post=37145"}],"curies":[{"name":"wp","href":"https:\/\/api.w.org\/{rel}","templated":true}]}}